{"id":15253,"date":"2026-02-11T11:36:47","date_gmt":"2026-02-11T11:36:47","guid":{"rendered":"https:\/\/widinovations.pt\/?page_id=15253"},"modified":"2026-02-11T11:36:47","modified_gmt":"2026-02-11T11:36:47","slug":"widlaser-s400","status":"publish","type":"page","link":"https:\/\/widinovations.pt\/fr\/equipement\/widlaser\/widlaser-s400\/","title":{"rendered":"Widlaser S400"},"content":{"rendered":"<div class=\"wpb-content-wrapper\"><p>[vc_row css=&#8221;.vc_custom_1746375084807{margin-top: 72px !important;margin-bottom: 100px !important;}&#8221;][vc_column offset=&#8221;vc_col-lg-9 vc_col-md-9&#8243;][vc_single_image image=&#8221;15256&#8243; img_size=&#8221;full&#8221;][vc_custom_heading source=&#8221;post_title&#8221; use_theme_fonts=&#8221;yes&#8221; subtitle=&#8221;D\u00e9coupe et gravure&#8221;][vc_column_text]<\/p>\n<p data-start=\"78\" data-end=\"414\">La <strong>Widlaser S400<\/strong> a \u00e9t\u00e9 d\u00e9velopp\u00e9e pour offrir une solution compacte, pr\u00e9cise et fiable pour la d\u00e9coupe et la gravure laser. Id\u00e9ale pour les espaces restreints, cette machine associe une ing\u00e9nierie robuste \u00e0 une technologie avanc\u00e9e, se positionnant comme une option polyvalente et performante pour les travaux \u00e0 forte exigence technique.<\/p>\n<p data-start=\"416\" data-end=\"844\">Dot\u00e9e d\u2019un design optimis\u00e9 et d\u2019une zone de travail de <strong>508 \u00d7 315 \u00d7 110 mm<\/strong>, la S400 int\u00e8gre un syst\u00e8me de contr\u00f4le num\u00e9rique (DSP) ainsi qu\u2019un laser CO2, permettant la d\u00e9coupe et la gravure sur de multiples mat\u00e9riaux et diff\u00e9rentes \u00e9paisseurs. L\u2019option de <strong>syst\u00e8me optique d\u2019acquisition de position des objets et des contours<\/strong> permet d\u2019atteindre une pr\u00e9cision extr\u00eame pour les applications n\u00e9cessitant une grande rigueur technique.<\/p>\n<p data-start=\"846\" data-end=\"1127\">Elle se distingue par sa <strong>vitesse de gravure \u00e9lev\u00e9e, jusqu\u2019\u00e0 1500 mm\/s<\/strong>, ainsi que par sa <strong>pr\u00e9cision constante de \u00b10,02 mm<\/strong>. Sa conception a \u00e9t\u00e9 pens\u00e9e pour garantir fiabilit\u00e9 et performance continue, avec un faible niveau sonore, offrant une exp\u00e9rience d\u2019utilisation plus confortable.<\/p>\n<p data-start=\"1129\" data-end=\"1291\">Compacte \u00e0 l\u2019ext\u00e9rieur, puissante \u00e0 l\u2019int\u00e9rieur, la <strong>Widlaser S400<\/strong> est le choix id\u00e9al pour ceux qui recherchent des performances sup\u00e9rieures dans un format r\u00e9duit.<\/p>\n<p>[\/vc_column_text][vc_column_text]<\/p>\n<blockquote><p><strong>Dimensions (L x L x H)<\/strong><strong>:<\/strong> 970 x 730 x 490 mm<br \/>\n<strong>Poids<\/strong><strong>:<\/strong> environ 95 kg<br \/>\n<strong>Alimentacion:<\/strong> AC 240v 50\/60Hz<br \/>\n<strong>Type de Laser:<\/strong>\u00a0Tube laser CO2 RF<\/p><\/blockquote>\n<p>[\/vc_column_text][vc_row_inner css=&#8221;.vc_custom_1455886085190{margin-bottom: 10px !important;}&#8221;][vc_column_inner width=&#8221;1\/2&#8243;][stm_icon_box hide_title_line=&#8221;hide_title_line&#8221; enable_hexagon=&#8221;enable&#8221; icon=&#8221;fas fa-magic&#8221; style=&#8221;icon_left&#8221; icon_size=&#8221;18&#8243; icon_width=&#8221;82&#8243; title=&#8221;Les meilleurs lasers du march\u00e9&#8221;]<\/p>\n<p class=\"p1\">Nous disposons d&#8217;une gamme compl\u00e8te de lasers issus de partenariats avec les meilleures marques du march\u00e9.<\/p>\n<p>[\/stm_icon_box][\/vc_column_inner][vc_column_inner width=&#8221;1\/2&#8243;][stm_icon_box hide_title_line=&#8221;hide_title_line&#8221; enable_hexagon=&#8221;enable&#8221; icon=&#8221;fas fa-laptop&#8221; style=&#8221;icon_left&#8221; icon_size=&#8221;18&#8243; icon_width=&#8221;82&#8243; title=&#8221;Logiciel facile \u00e0 utiliser&#8221;]<\/p>\n<p class=\"p1\">Logiciel intuitif dot\u00e9 d&#8217;outils puissants, adapt\u00e9 aux d\u00e9butants comme aux professionnels.<\/p>\n<p>[\/stm_icon_box][\/vc_column_inner][\/vc_row_inner][vc_row_inner css=&#8221;.vc_custom_1455886051719{margin-bottom: 10px !important;}&#8221;][vc_column_inner width=&#8221;1\/2&#8243;][stm_icon_box hide_title_line=&#8221;hide_title_line&#8221; enable_hexagon=&#8221;enable&#8221; icon=&#8221;fas fa-cogs&#8221; style=&#8221;icon_left&#8221; icon_size=&#8221;18&#8243; icon_width=&#8221;82&#8243; title=&#8221;Des applications infinies&#8221;]<\/p>\n<p class=\"p1\">La limite, c&#8217;est toujours l&#8217;imagination !<\/p>\n<p class=\"p1\">D\u00e9coupe et gravure de divers mat\u00e9riaux en un seul processus. Mise au point automatique pour une utilisation facile.<\/p>\n<p>[\/stm_icon_box][\/vc_column_inner][vc_column_inner width=&#8221;1\/2&#8243;][stm_icon_box hide_title_line=&#8221;hide_title_line&#8221; enable_hexagon=&#8221;enable&#8221; icon=&#8221;far fa-gem&#8221; style=&#8221;icon_left&#8221; icon_size=&#8221;18&#8243; icon_width=&#8221;82&#8243; title=&#8221;Mat\u00e9riaux de qualit\u00e9 \u00e9prouv\u00e9e&#8221;]<\/p>\n<p class=\"p1\">Conception et robustesse avec garantie de fiabilit\u00e9 et de pr\u00e9cision.<\/p>\n<p>[\/stm_icon_box][\/vc_column_inner][\/vc_row_inner][vc_separator color=&#8221;custom&#8221; accent_color=&#8221;#dddddd&#8221; css=&#8221;.vc_custom_1453271595991{margin-bottom: 21px !important;}&#8221;][vc_row_inner css=&#8221;.vc_custom_1453271763899{margin-bottom: 33px !important;}&#8221;][vc_column_inner width=&#8221;1\/4&#8243; css=&#8221;.vc_custom_1453272656287{padding-right: 45px !important;}&#8221;][vc_custom_heading text=&#8221;Galerie de photos&#8221; font_container=&#8221;tag:h3|font_size:24px|text_align:right|color:%23222222|line_height:30px&#8221; use_theme_fonts=&#8221;yes&#8221;][\/vc_column_inner][vc_column_inner width=&#8221;3\/4&#8243; css=&#8221;.vc_custom_1453271259318{padding-top: 18px !important;}&#8221;][vc_images_carousel images=&#8221;15292,15288,15284,15280,15276,15272,15268,15264,15260&#8243; img_size=&#8221;full&#8221;][\/vc_column_inner][\/vc_row_inner][vc_separator color=&#8221;custom&#8221; accent_color=&#8221;#dddddd&#8221; css=&#8221;.vc_custom_1453271595991{margin-bottom: 21px !important;}&#8221;][vc_btn title=&#8221;T\u00e9l\u00e9charger la brochure S400&#8243; style=&#8221;custom&#8221; custom_background=&#8221;#002e6d&#8221; custom_text=&#8221;#ffffff&#8221; align=&#8221;center&#8221; button_block=&#8221;true&#8221; link=&#8221;url:https%3A%2F%2Fwidinovations.pt%2Fwp-content%2Fuploads%2F2026%2F02%2FWidlaser_catalogue_A4_S400__FR_V6.0-compactado.pdf|title:T%C3%A9l%C3%A9charger%20la%20brochure%20S400|target:_blank&#8221;][vc_separator color=&#8221;custom&#8221; accent_color=&#8221;#dddddd&#8221; css=&#8221;.vc_custom_1453271595991{margin-bottom: 21px !important;}&#8221;][vc_row_inner css=&#8221;.vc_custom_1453271763899{margin-bottom: 33px !important;}&#8221;][vc_column_inner width=&#8221;1\/4&#8243; css=&#8221;.vc_custom_1453272656287{padding-right: 45px !important;}&#8221;][vc_custom_heading text=&#8221;Caract\u00e9ristiques principales&#8221; font_container=&#8221;tag:h3|font_size:24px|text_align:right|color:%23222222|line_height:30px&#8221; use_theme_fonts=&#8221;yes&#8221;][\/vc_column_inner][vc_column_inner width=&#8221;3\/4&#8243; css=&#8221;.vc_custom_1453271259318{padding-top: 18px !important;}&#8221;][vc_column_text]<\/p>\n<ul>\n<li>Zone de travail: Dimensions : 508 \u00d7 315 \u00d7 110 mm; Isol\u00e9e des autres composants; Luminosit\u00e9 r\u00e9glable<\/li>\n<\/ul>\n<ul>\n<li>Laser CO\u2082 RF 30 W<\/li>\n<li>Contr\u00f4le de puissance : 1 \u00e0 100 %<\/li>\n<li>Vitesse maximale : 1500 mm\/s<\/li>\n<li>R\u00e9solution : jusqu\u2019\u00e0 1000 DPI<\/li>\n<li>Lentille 2\u201d<\/li>\n<li>Cam\u00e9ra CCD pour le cadrage des travaux et l\u2019acquisition des contours<\/li>\n<li>Table \u00e0 nid d\u2019abeille<\/li>\n<li>Autofocus : r\u00e9glage automatique de la hauteur<\/li>\n<li>Tiroir de r\u00e9cup\u00e9ration des pi\u00e8ces \/ r\u00e9sidus<\/li>\n<li>Extraction automatique des fum\u00e9es pour optimisation \u00e9nerg\u00e9tique<\/li>\n<li>Syst\u00e8me automatique \u00e0 double pression d\u2019air<\/li>\n<li>Pointeur de positionnement<\/li>\n<li>Capteur de temp\u00e9rature<\/li>\n<li>Capteur de pression d\u2019air<\/li>\n<li>Capteurs d\u2019acc\u00e8s sur toutes les portes<\/li>\n<li>Logiciel RDWorks V8 personnalis\u00e9<\/li>\n<li>Formats de fichiers : AI, DST, PLT, BMP, DXF<\/li>\n<li>Connectivit\u00e9 : USB et r\u00e9seau<\/li>\n<\/ul>\n<p>[\/vc_column_text][\/vc_column_inner][\/vc_row_inner][vc_separator color=&#8221;custom&#8221; accent_color=&#8221;#dddddd&#8221; css=&#8221;.vc_custom_1468940927480{margin-bottom: 21px !important;}&#8221;][vc_row_inner css=&#8221;.vc_custom_1468940948903{margin-bottom: 33px !important;}&#8221;][vc_column_inner width=&#8221;1\/4&#8243; css=&#8221;.vc_custom_1453270747989{padding-right: 45px !important;}&#8221;][vc_custom_heading text=&#8221;Optionnel&#8221; font_container=&#8221;tag:h3|font_size:24px|text_align:right|color:%23222222|line_height:30px&#8221; use_theme_fonts=&#8221;yes&#8221;][\/vc_column_inner][vc_column_inner width=&#8221;3\/4&#8243; css=&#8221;.vc_custom_1453271259318{padding-top: 18px !important;}&#8221;][vc_column_text]<\/p>\n<ul>\n<li>Adaptateurs pour objets cylindriques<\/li>\n<li>Purificateur d\u2019air<\/li>\n<li>Logiciel laser : Lightburn (convivial)<\/li>\n<li>Lentille 1,5\u201d<\/li>\n<li>Lentille 2,5\u201d<\/li>\n<li>Lentille 4\u201d<\/li>\n<li>Table \u00e0 vide<\/li>\n<\/ul>\n<p>[\/vc_column_text][\/vc_column_inner][\/vc_row_inner][\/vc_column][vc_column width=&#8221;1\/4&#8243;][vc_tta_accordion shape=&#8221;square&#8221; active_section=&#8221;1&#8243; collapsible_all=&#8221;true&#8221;][vc_tta_section title=&#8221;Widlaser&#8221; tab_id=&#8221;1471959714325-c0f30685-b013&#8243;][vc_wp_custommenu nav_menu=&#8221;52&#8243;][\/vc_tta_section][vc_tta_section title=&#8221;Widlaminator&#8221; tab_id=&#8221;1471959714465-24731e69-4285&#8243;][vc_wp_custommenu nav_menu=&#8221;114&#8243;][\/vc_tta_section][vc_tta_section title=&#8221;Widcnc&#8221; tab_id=&#8221;1471959714544-25b421eb-a88b&#8221;][vc_wp_custommenu nav_menu=&#8221;115&#8243;][\/vc_tta_section][\/vc_tta_accordion][stm_sidebar sidebar=&#8221;619&#8243;][\/vc_column][\/vc_row]<\/p>\n<\/div>","protected":false},"excerpt":{"rendered":"<p>[vc_row css=&#8221;.vc_custom_1746375084807{margin-top: 72px !important;margin-bottom: 100px !important;}&#8221;][vc_column offset=&#8221;vc_col-lg-9 vc_col-md-9&#8243;][vc_single_image image=&#8221;15256&#8243; img_size=&#8221;full&#8221;][vc_custom_heading source=&#8221;post_title&#8221; use_theme_fonts=&#8221;yes&#8221; subtitle=&#8221;D\u00e9coupe et gravure&#8221;][vc_column_text] La Widlaser S400 a \u00e9t\u00e9 d\u00e9velopp\u00e9e pour offrir une solution compacte, pr\u00e9cise et fiable pour la d\u00e9coupe et la gravure laser. Id\u00e9ale pour les espaces restreints, cette machine associe une ing\u00e9nierie robuste \u00e0 une technologie avanc\u00e9e, se positionnant comme une<\/p>\n","protected":false},"author":1,"featured_media":15256,"parent":13763,"menu_order":0,"comment_status":"closed","ping_status":"closed","template":"","meta":{"inline_featured_image":false,"cybocfi_hide_featured_image":"","footnotes":""},"categories":[],"tags":[],"class_list":["post-15253","page","type-page","status-publish","has-post-thumbnail","hentry"],"yoast_head":"<!-- This site is optimized with the Yoast SEO plugin v26.5 - https:\/\/yoast.com\/wordpress\/plugins\/seo\/ -->\n<title>Widlaser S400 - widinovations<\/title>\n<meta name=\"robots\" content=\"index, follow, max-snippet:-1, max-image-preview:large, max-video-preview:-1\" \/>\n<link rel=\"canonical\" href=\"https:\/\/widinovations.pt\/fr\/equipement\/widlaser\/widlaser-s400\/\" \/>\n<meta property=\"og:locale\" content=\"fr_FR\" \/>\n<meta property=\"og:type\" content=\"article\" \/>\n<meta property=\"og:title\" content=\"Widlaser S400 - widinovations\" \/>\n<meta property=\"og:description\" content=\"[vc_row css=&#8221;.vc_custom_1746375084807{margin-top: 72px !important;margin-bottom: 100px !important;}&#8221;][vc_column offset=&#8221;vc_col-lg-9 vc_col-md-9&#8243;][vc_single_image image=&#8221;15256&#8243; img_size=&#8221;full&#8221;][vc_custom_heading source=&#8221;post_title&#8221; use_theme_fonts=&#8221;yes&#8221; subtitle=&#8221;D\u00e9coupe et gravure&#8221;][vc_column_text] La Widlaser S400 a \u00e9t\u00e9 d\u00e9velopp\u00e9e pour offrir une solution compacte, pr\u00e9cise et fiable pour la d\u00e9coupe et la gravure laser. Id\u00e9ale pour les espaces restreints, cette machine associe une ing\u00e9nierie robuste \u00e0 une technologie avanc\u00e9e, se positionnant comme une\" \/>\n<meta property=\"og:url\" content=\"https:\/\/widinovations.pt\/fr\/equipement\/widlaser\/widlaser-s400\/\" \/>\n<meta property=\"og:site_name\" content=\"widinovations\" \/>\n<meta property=\"article:publisher\" content=\"https:\/\/www.facebook.com\/widinovations\" \/>\n<meta property=\"og:image\" content=\"https:\/\/widinovations.pt\/wp-content\/uploads\/2025\/12\/Widlaser-S400_net_01.png\" \/>\n\t<meta property=\"og:image:width\" content=\"1200\" \/>\n\t<meta property=\"og:image:height\" content=\"901\" \/>\n\t<meta property=\"og:image:type\" content=\"image\/png\" \/>\n<meta name=\"twitter:card\" content=\"summary_large_image\" \/>\n<meta name=\"twitter:label1\" content=\"Dur\u00e9e de lecture estim\u00e9e\" \/>\n\t<meta name=\"twitter:data1\" content=\"5 minutes\" \/>\n<script type=\"application\/ld+json\" class=\"yoast-schema-graph\">{\"@context\":\"https:\/\/schema.org\",\"@graph\":[{\"@type\":\"WebPage\",\"@id\":\"https:\/\/widinovations.pt\/fr\/equipement\/widlaser\/widlaser-s400\/\",\"url\":\"https:\/\/widinovations.pt\/fr\/equipement\/widlaser\/widlaser-s400\/\",\"name\":\"Widlaser S400 - widinovations\",\"isPartOf\":{\"@id\":\"https:\/\/widinovations.pt\/#website\"},\"primaryImageOfPage\":{\"@id\":\"https:\/\/widinovations.pt\/fr\/equipement\/widlaser\/widlaser-s400\/#primaryimage\"},\"image\":{\"@id\":\"https:\/\/widinovations.pt\/fr\/equipement\/widlaser\/widlaser-s400\/#primaryimage\"},\"thumbnailUrl\":\"https:\/\/widinovations.pt\/wp-content\/uploads\/2025\/12\/Widlaser-S400_net_01.png\",\"datePublished\":\"2026-02-11T11:36:47+00:00\",\"breadcrumb\":{\"@id\":\"https:\/\/widinovations.pt\/fr\/equipement\/widlaser\/widlaser-s400\/#breadcrumb\"},\"inLanguage\":\"fr-FR\",\"potentialAction\":[{\"@type\":\"ReadAction\",\"target\":[\"https:\/\/widinovations.pt\/fr\/equipement\/widlaser\/widlaser-s400\/\"]}]},{\"@type\":\"ImageObject\",\"inLanguage\":\"fr-FR\",\"@id\":\"https:\/\/widinovations.pt\/fr\/equipement\/widlaser\/widlaser-s400\/#primaryimage\",\"url\":\"https:\/\/widinovations.pt\/wp-content\/uploads\/2025\/12\/Widlaser-S400_net_01.png\",\"contentUrl\":\"https:\/\/widinovations.pt\/wp-content\/uploads\/2025\/12\/Widlaser-S400_net_01.png\",\"width\":1200,\"height\":901},{\"@type\":\"BreadcrumbList\",\"@id\":\"https:\/\/widinovations.pt\/fr\/equipement\/widlaser\/widlaser-s400\/#breadcrumb\",\"itemListElement\":[{\"@type\":\"ListItem\",\"position\":1,\"name\":\"Home\",\"item\":\"https:\/\/widinovations.pt\/fr\/home\/\"},{\"@type\":\"ListItem\",\"position\":2,\"name\":\"\u00c9quipement\",\"item\":\"https:\/\/widinovations.pt\/fr\/equipement\/\"},{\"@type\":\"ListItem\",\"position\":3,\"name\":\"Widlaser\",\"item\":\"https:\/\/widinovations.pt\/fr\/equipement\/widlaser\/\"},{\"@type\":\"ListItem\",\"position\":4,\"name\":\"Widlaser S400\"}]},{\"@type\":\"WebSite\",\"@id\":\"https:\/\/widinovations.pt\/#website\",\"url\":\"https:\/\/widinovations.pt\/\",\"name\":\"widinovations\",\"description\":\"Equipamentos de Corte\/Grava\u00e7\u00e3o a Laser, Fresadoras e Laminadoras\/Encapsuladoras\",\"publisher\":{\"@id\":\"https:\/\/widinovations.pt\/#organization\"},\"potentialAction\":[{\"@type\":\"SearchAction\",\"target\":{\"@type\":\"EntryPoint\",\"urlTemplate\":\"https:\/\/widinovations.pt\/?s={search_term_string}\"},\"query-input\":{\"@type\":\"PropertyValueSpecification\",\"valueRequired\":true,\"valueName\":\"search_term_string\"}}],\"inLanguage\":\"fr-FR\"},{\"@type\":\"Organization\",\"@id\":\"https:\/\/widinovations.pt\/#organization\",\"name\":\"Widinovations\",\"url\":\"https:\/\/widinovations.pt\/\",\"logo\":{\"@type\":\"ImageObject\",\"inLanguage\":\"fr-FR\",\"@id\":\"https:\/\/widinovations.pt\/#\/schema\/logo\/image\/\",\"url\":\"https:\/\/widinovations.pt\/wp-content\/uploads\/2016\/10\/wid_logo.svg\",\"contentUrl\":\"https:\/\/widinovations.pt\/wp-content\/uploads\/2016\/10\/wid_logo.svg\",\"width\":1,\"height\":1,\"caption\":\"Widinovations\"},\"image\":{\"@id\":\"https:\/\/widinovations.pt\/#\/schema\/logo\/image\/\"},\"sameAs\":[\"https:\/\/www.facebook.com\/widinovations\",\"https:\/\/www.instagram.com\/widinovations\",\"https:\/\/www.linkedin.com\/company\/widinovations\",\"https:\/\/www.youtube.com\/widinovations\"]}]}<\/script>\n<!-- \/ Yoast SEO plugin. -->","yoast_head_json":{"title":"Widlaser S400 - widinovations","robots":{"index":"index","follow":"follow","max-snippet":"max-snippet:-1","max-image-preview":"max-image-preview:large","max-video-preview":"max-video-preview:-1"},"canonical":"https:\/\/widinovations.pt\/fr\/equipement\/widlaser\/widlaser-s400\/","og_locale":"fr_FR","og_type":"article","og_title":"Widlaser S400 - widinovations","og_description":"[vc_row css=&#8221;.vc_custom_1746375084807{margin-top: 72px !important;margin-bottom: 100px !important;}&#8221;][vc_column offset=&#8221;vc_col-lg-9 vc_col-md-9&#8243;][vc_single_image image=&#8221;15256&#8243; img_size=&#8221;full&#8221;][vc_custom_heading source=&#8221;post_title&#8221; use_theme_fonts=&#8221;yes&#8221; subtitle=&#8221;D\u00e9coupe et gravure&#8221;][vc_column_text] La Widlaser S400 a \u00e9t\u00e9 d\u00e9velopp\u00e9e pour offrir une solution compacte, pr\u00e9cise et fiable pour la d\u00e9coupe et la gravure laser. Id\u00e9ale pour les espaces restreints, cette machine associe une ing\u00e9nierie robuste \u00e0 une technologie avanc\u00e9e, se positionnant comme une","og_url":"https:\/\/widinovations.pt\/fr\/equipement\/widlaser\/widlaser-s400\/","og_site_name":"widinovations","article_publisher":"https:\/\/www.facebook.com\/widinovations","og_image":[{"width":1200,"height":901,"url":"https:\/\/widinovations.pt\/wp-content\/uploads\/2025\/12\/Widlaser-S400_net_01.png","type":"image\/png"}],"twitter_card":"summary_large_image","twitter_misc":{"Dur\u00e9e de lecture estim\u00e9e":"5 minutes"},"schema":{"@context":"https:\/\/schema.org","@graph":[{"@type":"WebPage","@id":"https:\/\/widinovations.pt\/fr\/equipement\/widlaser\/widlaser-s400\/","url":"https:\/\/widinovations.pt\/fr\/equipement\/widlaser\/widlaser-s400\/","name":"Widlaser S400 - widinovations","isPartOf":{"@id":"https:\/\/widinovations.pt\/#website"},"primaryImageOfPage":{"@id":"https:\/\/widinovations.pt\/fr\/equipement\/widlaser\/widlaser-s400\/#primaryimage"},"image":{"@id":"https:\/\/widinovations.pt\/fr\/equipement\/widlaser\/widlaser-s400\/#primaryimage"},"thumbnailUrl":"https:\/\/widinovations.pt\/wp-content\/uploads\/2025\/12\/Widlaser-S400_net_01.png","datePublished":"2026-02-11T11:36:47+00:00","breadcrumb":{"@id":"https:\/\/widinovations.pt\/fr\/equipement\/widlaser\/widlaser-s400\/#breadcrumb"},"inLanguage":"fr-FR","potentialAction":[{"@type":"ReadAction","target":["https:\/\/widinovations.pt\/fr\/equipement\/widlaser\/widlaser-s400\/"]}]},{"@type":"ImageObject","inLanguage":"fr-FR","@id":"https:\/\/widinovations.pt\/fr\/equipement\/widlaser\/widlaser-s400\/#primaryimage","url":"https:\/\/widinovations.pt\/wp-content\/uploads\/2025\/12\/Widlaser-S400_net_01.png","contentUrl":"https:\/\/widinovations.pt\/wp-content\/uploads\/2025\/12\/Widlaser-S400_net_01.png","width":1200,"height":901},{"@type":"BreadcrumbList","@id":"https:\/\/widinovations.pt\/fr\/equipement\/widlaser\/widlaser-s400\/#breadcrumb","itemListElement":[{"@type":"ListItem","position":1,"name":"Home","item":"https:\/\/widinovations.pt\/fr\/home\/"},{"@type":"ListItem","position":2,"name":"\u00c9quipement","item":"https:\/\/widinovations.pt\/fr\/equipement\/"},{"@type":"ListItem","position":3,"name":"Widlaser","item":"https:\/\/widinovations.pt\/fr\/equipement\/widlaser\/"},{"@type":"ListItem","position":4,"name":"Widlaser S400"}]},{"@type":"WebSite","@id":"https:\/\/widinovations.pt\/#website","url":"https:\/\/widinovations.pt\/","name":"widinovations","description":"Equipamentos de Corte\/Grava\u00e7\u00e3o a Laser, Fresadoras e Laminadoras\/Encapsuladoras","publisher":{"@id":"https:\/\/widinovations.pt\/#organization"},"potentialAction":[{"@type":"SearchAction","target":{"@type":"EntryPoint","urlTemplate":"https:\/\/widinovations.pt\/?s={search_term_string}"},"query-input":{"@type":"PropertyValueSpecification","valueRequired":true,"valueName":"search_term_string"}}],"inLanguage":"fr-FR"},{"@type":"Organization","@id":"https:\/\/widinovations.pt\/#organization","name":"Widinovations","url":"https:\/\/widinovations.pt\/","logo":{"@type":"ImageObject","inLanguage":"fr-FR","@id":"https:\/\/widinovations.pt\/#\/schema\/logo\/image\/","url":"https:\/\/widinovations.pt\/wp-content\/uploads\/2016\/10\/wid_logo.svg","contentUrl":"https:\/\/widinovations.pt\/wp-content\/uploads\/2016\/10\/wid_logo.svg","width":1,"height":1,"caption":"Widinovations"},"image":{"@id":"https:\/\/widinovations.pt\/#\/schema\/logo\/image\/"},"sameAs":["https:\/\/www.facebook.com\/widinovations","https:\/\/www.instagram.com\/widinovations","https:\/\/www.linkedin.com\/company\/widinovations","https:\/\/www.youtube.com\/widinovations"]}]}},"_links":{"self":[{"href":"https:\/\/widinovations.pt\/fr\/wp-json\/wp\/v2\/pages\/15253","targetHints":{"allow":["GET"]}}],"collection":[{"href":"https:\/\/widinovations.pt\/fr\/wp-json\/wp\/v2\/pages"}],"about":[{"href":"https:\/\/widinovations.pt\/fr\/wp-json\/wp\/v2\/types\/page"}],"author":[{"embeddable":true,"href":"https:\/\/widinovations.pt\/fr\/wp-json\/wp\/v2\/users\/1"}],"replies":[{"embeddable":true,"href":"https:\/\/widinovations.pt\/fr\/wp-json\/wp\/v2\/comments?post=15253"}],"version-history":[{"count":2,"href":"https:\/\/widinovations.pt\/fr\/wp-json\/wp\/v2\/pages\/15253\/revisions"}],"predecessor-version":[{"id":15468,"href":"https:\/\/widinovations.pt\/fr\/wp-json\/wp\/v2\/pages\/15253\/revisions\/15468"}],"up":[{"embeddable":true,"href":"https:\/\/widinovations.pt\/fr\/wp-json\/wp\/v2\/pages\/13763"}],"wp:featuredmedia":[{"embeddable":true,"href":"https:\/\/widinovations.pt\/fr\/wp-json\/wp\/v2\/media\/15256"}],"wp:attachment":[{"href":"https:\/\/widinovations.pt\/fr\/wp-json\/wp\/v2\/media?parent=15253"}],"wp:term":[{"taxonomy":"category","embeddable":true,"href":"https:\/\/widinovations.pt\/fr\/wp-json\/wp\/v2\/categories?post=15253"},{"taxonomy":"post_tag","embeddable":true,"href":"https:\/\/widinovations.pt\/fr\/wp-json\/wp\/v2\/tags?post=15253"}],"curies":[{"name":"wp","href":"https:\/\/api.w.org\/{rel}","templated":true}]}}