{"id":14389,"date":"2025-05-05T21:30:20","date_gmt":"2025-05-05T21:30:20","guid":{"rendered":"https:\/\/widinovations.pt\/?page_id=14389"},"modified":"2025-05-05T21:37:58","modified_gmt":"2025-05-05T21:37:58","slug":"widlaminator-l300","status":"publish","type":"page","link":"https:\/\/widinovations.pt\/fr\/equipement\/widlaminator\/widlaminator-l300\/","title":{"rendered":"Widlaminator L300"},"content":{"rendered":"<div class=\"wpb-content-wrapper\"><p>[vc_row css=&#8221;.vc_custom_1746480632127{margin-top: 72px !important;margin-bottom: 100px !important;}&#8221;][vc_column offset=&#8221;vc_col-lg-9 vc_col-md-9&#8243;][vc_single_image image=&#8221;5409&#8243; img_size=&#8221;full&#8221;][vc_custom_heading source=&#8221;post_title&#8221; use_theme_fonts=&#8221;yes&#8221; subtitle=&#8221;Laminoir&#8221;][vc_column_text]<\/p>\n<p class=\"p1\">\nLa gamme d&#8217;\u00e9quipements <b>Widlaminator <\/b>a \u00e9t\u00e9 d\u00e9velopp\u00e9e pour apporter <b>une r\u00e9ponse efficace et \u00e9conomique aux besoins du march\u00e9.<\/b> Nous avons d\u00e9velopp\u00e9 une gamme d&#8217;\u00e9quipements robustes, fiables et technologiquement avanc\u00e9s dans des conditions tr\u00e8s favorables.<\/p>\n<p>[\/vc_column_text][vc_column_text]<\/p>\n<blockquote>\n<p><strong>Dimensions (L x L x H)<\/strong>: 2100 x 650 x 1330 mm<br \/>\n<strong>Poids<\/strong>: 210 kg<br \/>\n<strong>Alimentacion<\/strong>: 240v 16A<br \/>\n<strong>Largeur maximale<\/strong>: 1620 mm<\/p>\n<\/blockquote>\n<p>[\/vc_column_text][vc_row_inner css=&#8221;.vc_custom_1455886085190{margin-bottom: 10px !important;}&#8221;][vc_column_inner width=&#8221;1\/2&#8243;][stm_icon_box hide_title_line=&#8221;hide_title_line&#8221; enable_hexagon=&#8221;enable&#8221; icon=&#8221;fas fa-magic&#8221; style=&#8221;icon_left&#8221; icon_size=&#8221;18&#8243; icon_width=&#8221;82&#8243; title=&#8221;Les laminoirs les plus r\u00e9put\u00e9s du march\u00e9&#8221;]<\/p>\n<p class=\"p1\">Nous disposons d&#8217;une gamme compl\u00e8te de laminoirs, fruit de partenariats avec les marques les plus respect\u00e9es du march\u00e9.<\/p>\n<p>[\/stm_icon_box][\/vc_column_inner][vc_column_inner width=&#8221;1\/2&#8243;][stm_icon_box hide_title_line=&#8221;hide_title_line&#8221; enable_hexagon=&#8221;enable&#8221; icon=&#8221;far fa-gem&#8221; style=&#8221;icon_left&#8221; icon_size=&#8221;18&#8243; icon_width=&#8221;82&#8243; title=&#8221;Mat\u00e9riaux de qualit\u00e9 \u00e9prouv\u00e9e&#8221;]<\/p>\n<p class=\"p1\">Conception et robustesse avec garantie de fiabilit\u00e9 et de pr\u00e9cision.<\/p>\n<p>[\/stm_icon_box][\/vc_column_inner][\/vc_row_inner][vc_separator color=&#8221;custom&#8221; accent_color=&#8221;#dddddd&#8221; css=&#8221;.vc_custom_1453271595991{margin-bottom: 21px !important;}&#8221;][vc_row_inner css=&#8221;.vc_custom_1453271763899{margin-bottom: 33px !important;}&#8221;][vc_column_inner width=&#8221;1\/4&#8243; css=&#8221;.vc_custom_1453272656287{padding-right: 45px !important;}&#8221;][vc_custom_heading text=&#8221;Galerie de photos&#8221; font_container=&#8221;tag:h3|font_size:24px|text_align:right|color:%23222222|line_height:30px&#8221; use_theme_fonts=&#8221;yes&#8221;][\/vc_column_inner][vc_column_inner width=&#8221;3\/4&#8243; css=&#8221;.vc_custom_1453271259318{padding-top: 18px !important;}&#8221;][vc_images_carousel images=&#8221;5400,5403,5406,5409,5412,5415&#8243; img_size=&#8221;full&#8221;][\/vc_column_inner][\/vc_row_inner][vc_separator color=&#8221;custom&#8221; accent_color=&#8221;#dddddd&#8221; css=&#8221;.vc_custom_1453271595991{margin-bottom: 21px !important;}&#8221;][vc_btn title=&#8221;T\u00e9l\u00e9charger la brochure L300&#8243; style=&#8221;custom&#8221; custom_background=&#8221;#002e6d&#8221; custom_text=&#8221;#ffffff&#8221; align=&#8221;center&#8221; button_block=&#8221;true&#8221; link=&#8221;url:https%3A%2F%2Fwidinovations.pt%2Fwp-content%2Fuploads%2F2025%2F05%2FWidlaminator_catalogue_A4_L300_V6.0_FR.pdf|title:T%C3%A9l%C3%A9charger%20la%20brochure%20L300|target:_blank&#8221;][vc_separator color=&#8221;custom&#8221; accent_color=&#8221;#dddddd&#8221; css=&#8221;.vc_custom_1453271595991{margin-bottom: 21px !important;}&#8221;][vc_row_inner css=&#8221;.vc_custom_1453271763899{margin-bottom: 33px !important;}&#8221;][vc_column_inner width=&#8221;1\/4&#8243; css=&#8221;.vc_custom_1453272656287{padding-right: 45px !important;}&#8221;][vc_custom_heading text=&#8221;Caract\u00e9ristiques principales<br \/>\n&#8221; font_container=&#8221;tag:h3|font_size:24px|text_align:right|color:%23222222|line_height:30px&#8221; use_theme_fonts=&#8221;yes&#8221;][\/vc_column_inner][vc_column_inner width=&#8221;3\/4&#8243; css=&#8221;.vc_custom_1453271259318{padding-top: 18px !important;}&#8221;][vc_column_text]<\/p>\n<ul>\n<li class=\"li1\">Largeur maximale 1620 mm<\/li>\n<li class=\"li1\">Rouleaux de silicone de 130 mm de diam\u00e8tre<\/li>\n<li class=\"li1\">\u00c9paisseur maximale de 25 mm<\/li>\n<li class=\"li1\">Vitesse jusqu&#8217;\u00e0 7 m\/minute<\/li>\n<li class=\"li1\">Mode de laminage manuel et automatique<\/li>\n<li class=\"li1\">Compresseur silencieux<\/li>\n<li class=\"li1\">Capteur de main<\/li>\n<li class=\"li1\">Lames de coupe verticales incluses<\/li>\n<\/ul>\n<p>[\/vc_column_text][\/vc_column_inner][\/vc_row_inner][vc_separator color=&#8221;custom&#8221; accent_color=&#8221;#dddddd&#8221; css=&#8221;.vc_custom_1453271595991{margin-bottom: 21px !important;}&#8221;][vc_row_inner css=&#8221;.vc_custom_1453271763899{margin-bottom: 33px !important;}&#8221;][vc_column_inner width=&#8221;1\/4&#8243; css=&#8221;.vc_custom_1453272656287{padding-right: 45px !important;}&#8221;][vc_custom_heading text=&#8221;Chauffage&#8221; font_container=&#8221;tag:h3|font_size:24px|text_align:right|color:%23222222|line_height:30px&#8221; use_theme_fonts=&#8221;yes&#8221;][\/vc_column_inner][vc_column_inner width=&#8221;3\/4&#8243; css=&#8221;.vc_custom_1453271259318{padding-top: 18px !important;}&#8221;][vc_column_text]<\/p>\n<div>\n<ul>\n<li>Chauffage du rouleau sup\u00e9rieur jusqu&#8217;\u00e0 60\u00baC<\/li>\n<li>Contr\u00f4le de la temp\u00e9rature par incr\u00e9ments de 1\u00ba.<\/li>\n<li>Temps de chauffe jusqu&#8217;\u00e0 15 minutes<\/li>\n<li>Chauffage par infrarouge<\/li>\n<\/ul>\n<\/div>\n<p>[\/vc_column_text][\/vc_column_inner][\/vc_row_inner][vc_separator color=&#8221;custom&#8221; accent_color=&#8221;#dddddd&#8221; css=&#8221;.vc_custom_1453271595991{margin-bottom: 21px !important;}&#8221;][vc_row_inner css=&#8221;.vc_custom_1453271763899{margin-bottom: 33px !important;}&#8221;][vc_column_inner width=&#8221;1\/4&#8243; css=&#8221;.vc_custom_1453272656287{padding-right: 45px !important;}&#8221;][vc_custom_heading text=&#8221;Fonctionnement&#8221; font_container=&#8221;tag:h3|font_size:24px|text_align:right|color:%23222222|line_height:30px&#8221; use_theme_fonts=&#8221;yes&#8221;][\/vc_column_inner][vc_column_inner width=&#8221;3\/4&#8243; css=&#8221;.vc_custom_1453271259318{padding-top: 18px !important;}&#8221;][vc_column_text]<\/p>\n<div>\n<ul>\n<li>R\u00e9glage ind\u00e9pendant de la tension du support<\/li>\n<li>R\u00e9glage de la pression du rouleau pneumatique<\/li>\n<li>Syst\u00e8me de levage pneumatique des rouleaux<\/li>\n<li>Contr\u00f4le individuel de la tension du rouleau<\/li>\n<li>Syst\u00e8me de serrage rapide des rouleaux<\/li>\n<li>Rouleau de collecte des supports stratifi\u00e9s<\/li>\n<li>Langue en PT, ES et EN<\/li>\n<\/ul>\n<\/div>\n<p>[\/vc_column_text][\/vc_column_inner][\/vc_row_inner][\/vc_column][vc_column width=&#8221;1\/4&#8243;][vc_tta_accordion shape=&#8221;square&#8221; active_section=&#8221;2&#8243; collapsible_all=&#8221;true&#8221;][vc_tta_section title=&#8221;Widlaser&#8221; tab_id=&#8221;1471959714325-c0f30685-b013&#8243;][vc_wp_custommenu nav_menu=&#8221;52&#8243;][\/vc_tta_section][vc_tta_section title=&#8221;Widlaminator&#8221; tab_id=&#8221;1471959714465-24731e69-4285&#8243;][vc_wp_custommenu nav_menu=&#8221;114&#8243;][\/vc_tta_section][vc_tta_section title=&#8221;Widcnc&#8221; tab_id=&#8221;1471959714544-25b421eb-a88b&#8221;][vc_wp_custommenu nav_menu=&#8221;115&#8243;][\/vc_tta_section][\/vc_tta_accordion][stm_sidebar sidebar=&#8221;619&#8243;][\/vc_column][\/vc_row][vc_row][vc_column][vc_column_text][\/vc_column_text][\/vc_column][\/vc_row]<\/p>\n<\/div>","protected":false},"excerpt":{"rendered":"<p>[vc_row css=&#8221;.vc_custom_1746480632127{margin-top: 72px !important;margin-bottom: 100px !important;}&#8221;][vc_column offset=&#8221;vc_col-lg-9 vc_col-md-9&#8243;][vc_single_image image=&#8221;5409&#8243; img_size=&#8221;full&#8221;][vc_custom_heading source=&#8221;post_title&#8221; use_theme_fonts=&#8221;yes&#8221; subtitle=&#8221;Laminoir&#8221;][vc_column_text] La gamme d&#8217;\u00e9quipements Widlaminator a \u00e9t\u00e9 d\u00e9velopp\u00e9e pour apporter une r\u00e9ponse efficace et \u00e9conomique aux besoins du march\u00e9. Nous avons d\u00e9velopp\u00e9 une gamme d&#8217;\u00e9quipements robustes, fiables et technologiquement avanc\u00e9s dans des conditions tr\u00e8s favorables. [\/vc_column_text][vc_column_text] Dimensions (L x L x H): 2100<\/p>\n","protected":false},"author":1,"featured_media":0,"parent":14382,"menu_order":0,"comment_status":"closed","ping_status":"closed","template":"","meta":{"inline_featured_image":false,"cybocfi_hide_featured_image":"","footnotes":""},"categories":[],"tags":[],"class_list":["post-14389","page","type-page","status-publish","hentry"],"yoast_head":"<!-- This site is optimized with the Yoast SEO plugin v26.5 - https:\/\/yoast.com\/wordpress\/plugins\/seo\/ -->\n<title>Widlaminator L300 - widinovations<\/title>\n<meta name=\"robots\" content=\"index, follow, max-snippet:-1, max-image-preview:large, max-video-preview:-1\" \/>\n<link rel=\"canonical\" href=\"https:\/\/widinovations.pt\/fr\/equipement\/widlaminator\/widlaminator-l300\/\" \/>\n<meta property=\"og:locale\" content=\"fr_FR\" \/>\n<meta property=\"og:type\" content=\"article\" \/>\n<meta property=\"og:title\" content=\"Widlaminator L300 - widinovations\" \/>\n<meta property=\"og:description\" content=\"[vc_row css=&#8221;.vc_custom_1746480632127{margin-top: 72px !important;margin-bottom: 100px !important;}&#8221;][vc_column offset=&#8221;vc_col-lg-9 vc_col-md-9&#8243;][vc_single_image image=&#8221;5409&#8243; img_size=&#8221;full&#8221;][vc_custom_heading source=&#8221;post_title&#8221; use_theme_fonts=&#8221;yes&#8221; subtitle=&#8221;Laminoir&#8221;][vc_column_text] La gamme d&#8217;\u00e9quipements Widlaminator a \u00e9t\u00e9 d\u00e9velopp\u00e9e pour apporter une r\u00e9ponse efficace et \u00e9conomique aux besoins du march\u00e9. Nous avons d\u00e9velopp\u00e9 une gamme d&#8217;\u00e9quipements robustes, fiables et technologiquement avanc\u00e9s dans des conditions tr\u00e8s favorables. [\/vc_column_text][vc_column_text] Dimensions (L x L x H): 2100\" \/>\n<meta property=\"og:url\" content=\"https:\/\/widinovations.pt\/fr\/equipement\/widlaminator\/widlaminator-l300\/\" \/>\n<meta property=\"og:site_name\" content=\"widinovations\" \/>\n<meta property=\"article:publisher\" content=\"https:\/\/www.facebook.com\/widinovations\" \/>\n<meta property=\"article:modified_time\" content=\"2025-05-05T21:37:58+00:00\" \/>\n<meta property=\"og:image\" content=\"https:\/\/widinovations.pt\/wp-content\/uploads\/2022\/03\/500x500.jpg\" \/>\n\t<meta property=\"og:image:width\" content=\"500\" \/>\n\t<meta property=\"og:image:height\" content=\"500\" \/>\n\t<meta property=\"og:image:type\" content=\"image\/jpeg\" \/>\n<meta name=\"twitter:card\" content=\"summary_large_image\" \/>\n<meta name=\"twitter:label1\" content=\"Dur\u00e9e de lecture estim\u00e9e\" \/>\n\t<meta name=\"twitter:data1\" content=\"4 minutes\" \/>\n<script type=\"application\/ld+json\" class=\"yoast-schema-graph\">{\"@context\":\"https:\/\/schema.org\",\"@graph\":[{\"@type\":\"WebPage\",\"@id\":\"https:\/\/widinovations.pt\/fr\/equipement\/widlaminator\/widlaminator-l300\/\",\"url\":\"https:\/\/widinovations.pt\/fr\/equipement\/widlaminator\/widlaminator-l300\/\",\"name\":\"Widlaminator L300 - widinovations\",\"isPartOf\":{\"@id\":\"https:\/\/widinovations.pt\/#website\"},\"datePublished\":\"2025-05-05T21:30:20+00:00\",\"dateModified\":\"2025-05-05T21:37:58+00:00\",\"breadcrumb\":{\"@id\":\"https:\/\/widinovations.pt\/fr\/equipement\/widlaminator\/widlaminator-l300\/#breadcrumb\"},\"inLanguage\":\"fr-FR\",\"potentialAction\":[{\"@type\":\"ReadAction\",\"target\":[\"https:\/\/widinovations.pt\/fr\/equipement\/widlaminator\/widlaminator-l300\/\"]}]},{\"@type\":\"BreadcrumbList\",\"@id\":\"https:\/\/widinovations.pt\/fr\/equipement\/widlaminator\/widlaminator-l300\/#breadcrumb\",\"itemListElement\":[{\"@type\":\"ListItem\",\"position\":1,\"name\":\"Home\",\"item\":\"https:\/\/widinovations.pt\/fr\/home\/\"},{\"@type\":\"ListItem\",\"position\":2,\"name\":\"\u00c9quipement\",\"item\":\"https:\/\/widinovations.pt\/fr\/equipement\/\"},{\"@type\":\"ListItem\",\"position\":3,\"name\":\"Widlaminator\",\"item\":\"https:\/\/widinovations.pt\/fr\/equipement\/widlaminator\/\"},{\"@type\":\"ListItem\",\"position\":4,\"name\":\"Widlaminator L300\"}]},{\"@type\":\"WebSite\",\"@id\":\"https:\/\/widinovations.pt\/#website\",\"url\":\"https:\/\/widinovations.pt\/\",\"name\":\"widinovations\",\"description\":\"Equipamentos de Corte\/Grava\u00e7\u00e3o a Laser, Fresadoras e Laminadoras\/Encapsuladoras\",\"publisher\":{\"@id\":\"https:\/\/widinovations.pt\/#organization\"},\"potentialAction\":[{\"@type\":\"SearchAction\",\"target\":{\"@type\":\"EntryPoint\",\"urlTemplate\":\"https:\/\/widinovations.pt\/?s={search_term_string}\"},\"query-input\":{\"@type\":\"PropertyValueSpecification\",\"valueRequired\":true,\"valueName\":\"search_term_string\"}}],\"inLanguage\":\"fr-FR\"},{\"@type\":\"Organization\",\"@id\":\"https:\/\/widinovations.pt\/#organization\",\"name\":\"Widinovations\",\"url\":\"https:\/\/widinovations.pt\/\",\"logo\":{\"@type\":\"ImageObject\",\"inLanguage\":\"fr-FR\",\"@id\":\"https:\/\/widinovations.pt\/#\/schema\/logo\/image\/\",\"url\":\"https:\/\/widinovations.pt\/wp-content\/uploads\/2016\/10\/wid_logo.svg\",\"contentUrl\":\"https:\/\/widinovations.pt\/wp-content\/uploads\/2016\/10\/wid_logo.svg\",\"width\":1,\"height\":1,\"caption\":\"Widinovations\"},\"image\":{\"@id\":\"https:\/\/widinovations.pt\/#\/schema\/logo\/image\/\"},\"sameAs\":[\"https:\/\/www.facebook.com\/widinovations\",\"https:\/\/www.instagram.com\/widinovations\",\"https:\/\/www.linkedin.com\/company\/widinovations\",\"https:\/\/www.youtube.com\/widinovations\"]}]}<\/script>\n<!-- \/ Yoast SEO plugin. -->","yoast_head_json":{"title":"Widlaminator L300 - widinovations","robots":{"index":"index","follow":"follow","max-snippet":"max-snippet:-1","max-image-preview":"max-image-preview:large","max-video-preview":"max-video-preview:-1"},"canonical":"https:\/\/widinovations.pt\/fr\/equipement\/widlaminator\/widlaminator-l300\/","og_locale":"fr_FR","og_type":"article","og_title":"Widlaminator L300 - widinovations","og_description":"[vc_row css=&#8221;.vc_custom_1746480632127{margin-top: 72px !important;margin-bottom: 100px !important;}&#8221;][vc_column offset=&#8221;vc_col-lg-9 vc_col-md-9&#8243;][vc_single_image image=&#8221;5409&#8243; img_size=&#8221;full&#8221;][vc_custom_heading source=&#8221;post_title&#8221; use_theme_fonts=&#8221;yes&#8221; subtitle=&#8221;Laminoir&#8221;][vc_column_text] La gamme d&#8217;\u00e9quipements Widlaminator a \u00e9t\u00e9 d\u00e9velopp\u00e9e pour apporter une r\u00e9ponse efficace et \u00e9conomique aux besoins du march\u00e9. Nous avons d\u00e9velopp\u00e9 une gamme d&#8217;\u00e9quipements robustes, fiables et technologiquement avanc\u00e9s dans des conditions tr\u00e8s favorables. [\/vc_column_text][vc_column_text] Dimensions (L x L x H): 2100","og_url":"https:\/\/widinovations.pt\/fr\/equipement\/widlaminator\/widlaminator-l300\/","og_site_name":"widinovations","article_publisher":"https:\/\/www.facebook.com\/widinovations","article_modified_time":"2025-05-05T21:37:58+00:00","og_image":[{"width":500,"height":500,"url":"https:\/\/widinovations.pt\/wp-content\/uploads\/2022\/03\/500x500.jpg","type":"image\/jpeg"}],"twitter_card":"summary_large_image","twitter_misc":{"Dur\u00e9e de lecture estim\u00e9e":"4 minutes"},"schema":{"@context":"https:\/\/schema.org","@graph":[{"@type":"WebPage","@id":"https:\/\/widinovations.pt\/fr\/equipement\/widlaminator\/widlaminator-l300\/","url":"https:\/\/widinovations.pt\/fr\/equipement\/widlaminator\/widlaminator-l300\/","name":"Widlaminator L300 - widinovations","isPartOf":{"@id":"https:\/\/widinovations.pt\/#website"},"datePublished":"2025-05-05T21:30:20+00:00","dateModified":"2025-05-05T21:37:58+00:00","breadcrumb":{"@id":"https:\/\/widinovations.pt\/fr\/equipement\/widlaminator\/widlaminator-l300\/#breadcrumb"},"inLanguage":"fr-FR","potentialAction":[{"@type":"ReadAction","target":["https:\/\/widinovations.pt\/fr\/equipement\/widlaminator\/widlaminator-l300\/"]}]},{"@type":"BreadcrumbList","@id":"https:\/\/widinovations.pt\/fr\/equipement\/widlaminator\/widlaminator-l300\/#breadcrumb","itemListElement":[{"@type":"ListItem","position":1,"name":"Home","item":"https:\/\/widinovations.pt\/fr\/home\/"},{"@type":"ListItem","position":2,"name":"\u00c9quipement","item":"https:\/\/widinovations.pt\/fr\/equipement\/"},{"@type":"ListItem","position":3,"name":"Widlaminator","item":"https:\/\/widinovations.pt\/fr\/equipement\/widlaminator\/"},{"@type":"ListItem","position":4,"name":"Widlaminator L300"}]},{"@type":"WebSite","@id":"https:\/\/widinovations.pt\/#website","url":"https:\/\/widinovations.pt\/","name":"widinovations","description":"Equipamentos de Corte\/Grava\u00e7\u00e3o a Laser, Fresadoras e Laminadoras\/Encapsuladoras","publisher":{"@id":"https:\/\/widinovations.pt\/#organization"},"potentialAction":[{"@type":"SearchAction","target":{"@type":"EntryPoint","urlTemplate":"https:\/\/widinovations.pt\/?s={search_term_string}"},"query-input":{"@type":"PropertyValueSpecification","valueRequired":true,"valueName":"search_term_string"}}],"inLanguage":"fr-FR"},{"@type":"Organization","@id":"https:\/\/widinovations.pt\/#organization","name":"Widinovations","url":"https:\/\/widinovations.pt\/","logo":{"@type":"ImageObject","inLanguage":"fr-FR","@id":"https:\/\/widinovations.pt\/#\/schema\/logo\/image\/","url":"https:\/\/widinovations.pt\/wp-content\/uploads\/2016\/10\/wid_logo.svg","contentUrl":"https:\/\/widinovations.pt\/wp-content\/uploads\/2016\/10\/wid_logo.svg","width":1,"height":1,"caption":"Widinovations"},"image":{"@id":"https:\/\/widinovations.pt\/#\/schema\/logo\/image\/"},"sameAs":["https:\/\/www.facebook.com\/widinovations","https:\/\/www.instagram.com\/widinovations","https:\/\/www.linkedin.com\/company\/widinovations","https:\/\/www.youtube.com\/widinovations"]}]}},"_links":{"self":[{"href":"https:\/\/widinovations.pt\/fr\/wp-json\/wp\/v2\/pages\/14389","targetHints":{"allow":["GET"]}}],"collection":[{"href":"https:\/\/widinovations.pt\/fr\/wp-json\/wp\/v2\/pages"}],"about":[{"href":"https:\/\/widinovations.pt\/fr\/wp-json\/wp\/v2\/types\/page"}],"author":[{"embeddable":true,"href":"https:\/\/widinovations.pt\/fr\/wp-json\/wp\/v2\/users\/1"}],"replies":[{"embeddable":true,"href":"https:\/\/widinovations.pt\/fr\/wp-json\/wp\/v2\/comments?post=14389"}],"version-history":[{"count":3,"href":"https:\/\/widinovations.pt\/fr\/wp-json\/wp\/v2\/pages\/14389\/revisions"}],"predecessor-version":[{"id":14410,"href":"https:\/\/widinovations.pt\/fr\/wp-json\/wp\/v2\/pages\/14389\/revisions\/14410"}],"up":[{"embeddable":true,"href":"https:\/\/widinovations.pt\/fr\/wp-json\/wp\/v2\/pages\/14382"}],"wp:attachment":[{"href":"https:\/\/widinovations.pt\/fr\/wp-json\/wp\/v2\/media?parent=14389"}],"wp:term":[{"taxonomy":"category","embeddable":true,"href":"https:\/\/widinovations.pt\/fr\/wp-json\/wp\/v2\/categories?post=14389"},{"taxonomy":"post_tag","embeddable":true,"href":"https:\/\/widinovations.pt\/fr\/wp-json\/wp\/v2\/tags?post=14389"}],"curies":[{"name":"wp","href":"https:\/\/api.w.org\/{rel}","templated":true}]}}