{"id":14363,"date":"2025-05-05T21:13:19","date_gmt":"2025-05-05T21:13:19","guid":{"rendered":"https:\/\/widinovations.pt\/?page_id=14363"},"modified":"2026-05-05T23:34:35","modified_gmt":"2026-05-05T23:34:35","slug":"widcnc-k1600","status":"publish","type":"page","link":"https:\/\/widinovations.pt\/fr\/equipement\/widcnc\/widcnc-k1600\/","title":{"rendered":"Widcnc K1600"},"content":{"rendered":"<div class=\"wpb-content-wrapper\"><p>[vc_row css=&#8221;.vc_custom_1746479613552{margin-top: 72px !important;margin-bottom: 100px !important;}&#8221;][vc_column offset=&#8221;vc_col-lg-9 vc_col-md-9&#8243;][vc_single_image image=&#8221;13240&#8243; img_size=&#8221;full&#8221;][vc_custom_heading source=&#8221;post_title&#8221; use_theme_fonts=&#8221;yes&#8221; subtitle=&#8221;Tables de d\u00e9coupe&#8221;][vc_column_text]<\/p>\n<div class=\"flex-shrink-0 flex flex-col relative items-end\">\n<div class=\"pt-0\">\n<div class=\"gizmo-shadow-stroke flex h-8 w-8 items-center justify-center overflow-hidden rounded-full\">\n<div class=\"h-full w-full\">\n<p class=\"p1\"><b>\u00a0<\/b><\/p>\n<p data-start=\"75\" data-end=\"424\">La <strong>Widcnc K1600<\/strong> est un syst\u00e8me de d\u00e9coupe industriel de haute pr\u00e9cision, con\u00e7u pour r\u00e9pondre aux exigences de production avec efficacit\u00e9 et fiabilit\u00e9. D\u00e9velopp\u00e9e pour optimiser les processus de d\u00e9coupe sur une large gamme de mat\u00e9riaux, elle associe une technologie avanc\u00e9e \u00e0 une structure robuste, garantissant des r\u00e9sultats pr\u00e9cis et constants.<\/p>\n<p data-start=\"426\" data-end=\"1017\" data-is-last-node=\"\" data-is-only-node=\"\">\u00c9quip\u00e9e de servomoteurs, de guides lin\u00e9aires de haute pr\u00e9cision et d\u2019un syst\u00e8me d\u2019alimentation automatique, la <strong>Widcnc K1600<\/strong> se distingue par ses capacit\u00e9s de d\u00e9coupe. Dot\u00e9e d\u2019outils interchangeables, notamment un couteau tra\u00eenant et un couteau oscillant \u00e0 haute fr\u00e9quence, elle offre des performances sup\u00e9rieures pour les applications exigeant pr\u00e9cision et productivit\u00e9. Sa table \u00e0 vide ainsi que ses syst\u00e8mes de rep\u00e9rage par laser et cam\u00e9ra haute pr\u00e9cision assurent une manipulation efficace des mat\u00e9riaux, ce qui en fait une solution id\u00e9ale pour les op\u00e9rations de d\u00e9coupe industrielle.<\/p>\n<p class=\"p1\"><b>\u00a0<\/b><\/p>\n<\/div>\n<\/div>\n<\/div>\n<\/div>\n<p>[\/vc_column_text][vc_column_text]<\/p>\n<blockquote><p><strong>Dimensions (L x L x H)<\/strong>: 3482 x 3652 x 1597 mm<br \/>\n<strong>Poids<\/strong>: 1000 kg<br \/>\n<strong>Puissance<\/strong>:<br \/>\n<strong>&#8211; Machine:<\/strong> 230V 50\/60Hz &lt;4000W (15A)<br \/>\n<strong>&#8211; Vide:<\/strong> 380V 50\/60Hz 7500W (18A)<br \/>\n<strong>Vitesse de d\u00e9placement:<\/strong> jusqu&#8217;\u00e0 180 m\/min<\/p><\/blockquote>\n<p>[\/vc_column_text][vc_row_inner css=&#8221;.vc_custom_1455886085190{margin-bottom: 10px !important;}&#8221;][vc_column_inner width=&#8221;1\/2&#8243;][stm_icon_box hide_title_line=&#8221;hide_title_line&#8221; enable_hexagon=&#8221;enable&#8221; icon=&#8221;fas fa-cogs&#8221; style=&#8221;icon_left&#8221; icon_size=&#8221;18&#8243; icon_width=&#8221;82&#8243; title=&#8221;Des applications infinies&#8221;]<\/p>\n<p class=\"p1\">La limite est toujours votre imagination !<\/p>\n<p class=\"p1\">Coupez avec une pr\u00e9cision in\u00e9gal\u00e9e.<\/p>\n<p>[\/stm_icon_box][\/vc_column_inner][vc_column_inner width=&#8221;1\/2&#8243;][stm_icon_box hide_title_line=&#8221;hide_title_line&#8221; enable_hexagon=&#8221;enable&#8221; icon=&#8221;fas fa-laptop&#8221; style=&#8221;icon_left&#8221; icon_size=&#8221;18&#8243; icon_width=&#8221;82&#8243; title=&#8221;Logiciel facile \u00e0 utiliser&#8221;]<\/p>\n<p class=\"p1\">Logiciel intuitif dot\u00e9 d&#8217;outils exceptionnels, adapt\u00e9 aux d\u00e9butants comme aux professionnels.<\/p>\n<p>[\/stm_icon_box][\/vc_column_inner][\/vc_row_inner][vc_row_inner css=&#8221;.vc_custom_1455886051719{margin-bottom: 10px !important;}&#8221;][vc_column_inner width=&#8221;1\/2&#8243;][stm_icon_box hide_title_line=&#8221;hide_title_line&#8221; enable_hexagon=&#8221;enable&#8221; icon=&#8221;fas fa-magic&#8221; style=&#8221;icon_left&#8221; icon_size=&#8221;18&#8243; icon_width=&#8221;82&#8243; title=&#8221;Les CNC les plus r\u00e9put\u00e9es&#8221;]<\/p>\n<p class=\"p1\">Nous disposons d&#8217;une gamme compl\u00e8te de CNC capables de r\u00e9pondre aux besoins les plus exigeants du march\u00e9. Couteau oscillant et lecture optique pour les mat\u00e9riaux imprim\u00e9s ou sensibles.<\/p>\n<p>[\/stm_icon_box][\/vc_column_inner][vc_column_inner width=&#8221;1\/2&#8243;][stm_icon_box hide_title_line=&#8221;hide_title_line&#8221; enable_hexagon=&#8221;enable&#8221; icon=&#8221;far fa-gem&#8221; style=&#8221;icon_left&#8221; icon_size=&#8221;18&#8243; icon_width=&#8221;82&#8243; title=&#8221;Des mat\u00e9riaux de qualit\u00e9 \u00e9prouv\u00e9e&#8221;]<\/p>\n<p class=\"p1\">Robustesse, fiabilit\u00e9 et pr\u00e9cision avec une capacit\u00e9 de travail in\u00e9gal\u00e9e. Service technique professionnel et r\u00e9ponse rapide.<\/p>\n<p>[\/stm_icon_box][\/vc_column_inner][\/vc_row_inner][vc_separator color=&#8221;custom&#8221; accent_color=&#8221;#dddddd&#8221; css=&#8221;.vc_custom_1453271595991{margin-bottom: 21px !important;}&#8221;][vc_row_inner css=&#8221;.vc_custom_1453271763899{margin-bottom: 33px !important;}&#8221;][vc_column_inner width=&#8221;1\/4&#8243; css=&#8221;.vc_custom_1453272656287{padding-right: 45px !important;}&#8221;][vc_custom_heading text=&#8221;Galerie de photos&#8221; font_container=&#8221;tag:h3|font_size:24px|text_align:right|color:%23222222|line_height:30px&#8221; use_theme_fonts=&#8221;yes&#8221;][\/vc_column_inner][vc_column_inner width=&#8221;3\/4&#8243; css=&#8221;.vc_custom_1453271259318{padding-top: 18px !important;}&#8221;][vc_images_carousel images=&#8221;13240,13243,13246,13249,13272,13275,13278&#8243; img_size=&#8221;full&#8221;][\/vc_column_inner][\/vc_row_inner][vc_separator color=&#8221;custom&#8221; accent_color=&#8221;#dddddd&#8221; css=&#8221;.vc_custom_1453271595991{margin-bottom: 21px !important;}&#8221;][vc_btn title=&#8221;T\u00e9l\u00e9charger la brochure K1600&#8243; style=&#8221;custom&#8221; custom_background=&#8221;#002e6d&#8221; custom_text=&#8221;#ffffff&#8221; align=&#8221;center&#8221; button_block=&#8221;true&#8221; link=&#8221;url:https%3A%2F%2Fwidinovations.pt%2Fwp-content%2Fuploads%2F2025%2F05%2FWidcnc_catalogue_A4_K1600_V6.0_FR.pdf|title:T%C3%A9l%C3%A9charger%20la%20brochure%20K1600|target:_blank&#8221;][vc_separator color=&#8221;custom&#8221; accent_color=&#8221;#dddddd&#8221; css=&#8221;.vc_custom_1453271595991{margin-bottom: 21px !important;}&#8221;][vc_row_inner css=&#8221;.vc_custom_1453271763899{margin-bottom: 33px !important;}&#8221;][vc_column_inner css=&#8221;.vc_custom_1649241969340{padding-top: 18px !important;}&#8221;][vc_column_text]<\/p>\n<ul class=\"ul1\">\n<li class=\"li1\">Zone de travail: 1600 x 2500mm<\/li>\n<li class=\"li1\">Servomoteurs<\/li>\n<li class=\"li1\">Guides lin\u00e9aires de haute pr\u00e9cision<\/li>\n<li class=\"li1\">Syst\u00e8me de transmission industriel BeDi (Allemagne)<\/li>\n<li class=\"li1\">Pr\u00e9cision de positionnement: 0,1 mm<\/li>\n<li class=\"li1\">Syst\u00e8me d&#8217;alimentation automatique, avec tapis de feutre de 4 mm,<\/li>\n<li class=\"li1\">avec une r\u00e9sistance et une friction \u00e9lev\u00e9es<\/li>\n<li class=\"li1\">Syst\u00e8me d&#8217;alimentation par rouleaux<\/li>\n<li class=\"li1\">Table \u00e0 vide en aluminium avec 4 zones ind\u00e9pendantes et automatiques<\/li>\n<li class=\"li1\">Pompe \u00e0 vide \u00e0 canal lat\u00e9ral de 7,5 kW<\/li>\n<li class=\"li1\">Syst\u00e8me de double porte-outil interchangeable<\/li>\n<li class=\"li1\">Outil de coupe avec couteau tra\u00eenant<\/li>\n<li class=\"li1\">Outil de coupe avec couteau oscillant \u00e0 haute fr\u00e9quence<\/li>\n<li class=\"li1\">Outil de marquage avec biros<\/li>\n<li class=\"li1\">Syst\u00e8me d&#8217;enregistrement du pointeur laser avec cam\u00e9ra de haute pr\u00e9cision<\/li>\n<li class=\"li1\">Jauge d&#8217;outil de haute pr\u00e9cision<\/li>\n<li class=\"li1\">Syst\u00e8me de s\u00e9curit\u00e9 \u00e0 infrarouge et \u00e0 contact<\/li>\n<li class=\"li1\">Syst\u00e8me de contr\u00f4le et de configuration avec PC inclus<\/li>\n<\/ul>\n<p>[\/vc_column_text][\/vc_column_inner][\/vc_row_inner][vc_separator color=&#8221;custom&#8221; accent_color=&#8221;#dddddd&#8221; css=&#8221;.vc_custom_1453271595991{margin-bottom: 21px !important;}&#8221;][vc_row_inner css=&#8221;.vc_custom_1468940948903{margin-bottom: 33px !important;}&#8221;][vc_column_inner width=&#8221;1\/4&#8243; css=&#8221;.vc_custom_1453270747989{padding-right: 45px !important;}&#8221;][vc_custom_heading text=&#8221;Optionnel&#8221; font_container=&#8221;tag:h3|font_size:24px|text_align:right|color:%23222222|line_height:30px&#8221; use_theme_fonts=&#8221;yes&#8221;][\/vc_column_inner][vc_column_inner width=&#8221;3\/4&#8243; css=&#8221;.vc_custom_1453271259318{padding-top: 18px !important;}&#8221;][vc_column_text]<\/p>\n<ul class=\"ul1\">\n<li class=\"li1\">Troisi\u00e8me porte-outil<\/li>\n<li class=\"li1\">Outil de coupe KissCut<\/li>\n<li class=\"li1\">Outil de coupe en biseau (0\u00ba &#8211; 15\u00ba &#8211; 22,5\u00ba &#8211; 30\u00ba &#8211; 45\u00ba)<\/li>\n<li class=\"li1\">Pliage<\/li>\n<li class=\"li1\">Outil de d\u00e9coupe \u00e0 disque<\/li>\n<li class=\"li1\">2 pompes \u00e0 vide 2.2kW &#8211; 230V 50\/60HZ<\/li>\n<\/ul>\n<p>[\/vc_column_text][\/vc_column_inner][\/vc_row_inner][\/vc_column][vc_column width=&#8221;1\/4&#8243;][vc_tta_accordion shape=&#8221;square&#8221; active_section=&#8221;3&#8243; collapsible_all=&#8221;true&#8221;][vc_tta_section title=&#8221;Widlaser&#8221; tab_id=&#8221;1471959714325-c0f30685-b013e470-2ebc&#8221;][vc_wp_custommenu nav_menu=&#8221;52&#8243;][\/vc_tta_section][vc_tta_section title=&#8221;Widlaminator&#8221; tab_id=&#8221;1471959714465-24731e69-4285e470-2ebc&#8221;][vc_wp_custommenu nav_menu=&#8221;114&#8243;][\/vc_tta_section][vc_tta_section title=&#8221;Widcnc&#8221; tab_id=&#8221;1471959714544-25b421eb-a88be470-2ebc&#8221;][vc_wp_custommenu nav_menu=&#8221;115&#8243;][\/vc_tta_section][\/vc_tta_accordion][stm_sidebar sidebar=&#8221;619&#8243;][\/vc_column][\/vc_row]<\/p>\n<\/div>","protected":false},"excerpt":{"rendered":"<p>[vc_row css=&#8221;.vc_custom_1746479613552{margin-top: 72px !important;margin-bottom: 100px !important;}&#8221;][vc_column offset=&#8221;vc_col-lg-9 vc_col-md-9&#8243;][vc_single_image image=&#8221;13240&#8243; img_size=&#8221;full&#8221;][vc_custom_heading source=&#8221;post_title&#8221; use_theme_fonts=&#8221;yes&#8221; subtitle=&#8221;Tables de d\u00e9coupe&#8221;][vc_column_text] \u00a0 La Widcnc K1600 est un syst\u00e8me de d\u00e9coupe industriel de haute pr\u00e9cision, con\u00e7u pour r\u00e9pondre aux exigences de production avec efficacit\u00e9 et fiabilit\u00e9. D\u00e9velopp\u00e9e pour optimiser les processus de d\u00e9coupe sur une large gamme de mat\u00e9riaux, elle associe une<\/p>\n","protected":false},"author":1,"featured_media":14364,"parent":14793,"menu_order":0,"comment_status":"closed","ping_status":"closed","template":"","meta":{"inline_featured_image":false,"cybocfi_hide_featured_image":"","footnotes":""},"categories":[],"tags":[],"class_list":["post-14363","page","type-page","status-publish","has-post-thumbnail","hentry"],"yoast_head":"<!-- This site is optimized with the Yoast SEO plugin v26.5 - https:\/\/yoast.com\/wordpress\/plugins\/seo\/ -->\n<title>Widcnc K1600 - widinovations<\/title>\n<meta name=\"robots\" content=\"index, follow, max-snippet:-1, max-image-preview:large, max-video-preview:-1\" \/>\n<link rel=\"canonical\" href=\"https:\/\/widinovations.pt\/fr\/equipement\/widcnc\/widcnc-k1600\/\" \/>\n<meta property=\"og:locale\" content=\"fr_FR\" \/>\n<meta property=\"og:type\" content=\"article\" \/>\n<meta property=\"og:title\" content=\"Widcnc K1600 - widinovations\" \/>\n<meta property=\"og:description\" content=\"[vc_row css=&#8221;.vc_custom_1746479613552{margin-top: 72px !important;margin-bottom: 100px !important;}&#8221;][vc_column offset=&#8221;vc_col-lg-9 vc_col-md-9&#8243;][vc_single_image image=&#8221;13240&#8243; img_size=&#8221;full&#8221;][vc_custom_heading source=&#8221;post_title&#8221; use_theme_fonts=&#8221;yes&#8221; subtitle=&#8221;Tables de d\u00e9coupe&#8221;][vc_column_text] \u00a0 La Widcnc K1600 est un syst\u00e8me de d\u00e9coupe industriel de haute pr\u00e9cision, con\u00e7u pour r\u00e9pondre aux exigences de production avec efficacit\u00e9 et fiabilit\u00e9. D\u00e9velopp\u00e9e pour optimiser les processus de d\u00e9coupe sur une large gamme de mat\u00e9riaux, elle associe une\" \/>\n<meta property=\"og:url\" content=\"https:\/\/widinovations.pt\/fr\/equipement\/widcnc\/widcnc-k1600\/\" \/>\n<meta property=\"og:site_name\" content=\"widinovations\" \/>\n<meta property=\"article:publisher\" content=\"https:\/\/www.facebook.com\/widinovations\" \/>\n<meta property=\"article:modified_time\" content=\"2026-05-05T23:34:35+00:00\" \/>\n<meta property=\"og:image\" content=\"https:\/\/widinovations.pt\/wp-content\/uploads\/2025\/02\/Widcnc-K1600_02_net.png\" \/>\n\t<meta property=\"og:image:width\" content=\"1000\" \/>\n\t<meta property=\"og:image:height\" content=\"751\" \/>\n\t<meta property=\"og:image:type\" content=\"image\/png\" \/>\n<meta name=\"twitter:card\" content=\"summary_large_image\" \/>\n<meta name=\"twitter:label1\" content=\"Dur\u00e9e de lecture estim\u00e9e\" \/>\n\t<meta name=\"twitter:data1\" content=\"5 minutes\" \/>\n<script type=\"application\/ld+json\" class=\"yoast-schema-graph\">{\"@context\":\"https:\/\/schema.org\",\"@graph\":[{\"@type\":\"WebPage\",\"@id\":\"https:\/\/widinovations.pt\/fr\/equipement\/widcnc\/widcnc-k1600\/\",\"url\":\"https:\/\/widinovations.pt\/fr\/equipement\/widcnc\/widcnc-k1600\/\",\"name\":\"Widcnc K1600 - widinovations\",\"isPartOf\":{\"@id\":\"https:\/\/widinovations.pt\/#website\"},\"primaryImageOfPage\":{\"@id\":\"https:\/\/widinovations.pt\/fr\/equipement\/widcnc\/widcnc-k1600\/#primaryimage\"},\"image\":{\"@id\":\"https:\/\/widinovations.pt\/fr\/equipement\/widcnc\/widcnc-k1600\/#primaryimage\"},\"thumbnailUrl\":\"https:\/\/widinovations.pt\/wp-content\/uploads\/2025\/02\/Widcnc-K1600_02_net.png\",\"datePublished\":\"2025-05-05T21:13:19+00:00\",\"dateModified\":\"2026-05-05T23:34:35+00:00\",\"breadcrumb\":{\"@id\":\"https:\/\/widinovations.pt\/fr\/equipement\/widcnc\/widcnc-k1600\/#breadcrumb\"},\"inLanguage\":\"fr-FR\",\"potentialAction\":[{\"@type\":\"ReadAction\",\"target\":[\"https:\/\/widinovations.pt\/fr\/equipement\/widcnc\/widcnc-k1600\/\"]}]},{\"@type\":\"ImageObject\",\"inLanguage\":\"fr-FR\",\"@id\":\"https:\/\/widinovations.pt\/fr\/equipement\/widcnc\/widcnc-k1600\/#primaryimage\",\"url\":\"https:\/\/widinovations.pt\/wp-content\/uploads\/2025\/02\/Widcnc-K1600_02_net.png\",\"contentUrl\":\"https:\/\/widinovations.pt\/wp-content\/uploads\/2025\/02\/Widcnc-K1600_02_net.png\",\"width\":1000,\"height\":751},{\"@type\":\"BreadcrumbList\",\"@id\":\"https:\/\/widinovations.pt\/fr\/equipement\/widcnc\/widcnc-k1600\/#breadcrumb\",\"itemListElement\":[{\"@type\":\"ListItem\",\"position\":1,\"name\":\"Home\",\"item\":\"https:\/\/widinovations.pt\/fr\/home\/\"},{\"@type\":\"ListItem\",\"position\":2,\"name\":\"\u00c9quipement\",\"item\":\"https:\/\/widinovations.pt\/fr\/equipement\/\"},{\"@type\":\"ListItem\",\"position\":3,\"name\":\"Widcnc\",\"item\":\"https:\/\/widinovations.pt\/fr\/?page_id=14793\"},{\"@type\":\"ListItem\",\"position\":4,\"name\":\"Widcnc K1600\"}]},{\"@type\":\"WebSite\",\"@id\":\"https:\/\/widinovations.pt\/#website\",\"url\":\"https:\/\/widinovations.pt\/\",\"name\":\"widinovations\",\"description\":\"Equipamentos de Corte\/Grava\u00e7\u00e3o a Laser, Fresadoras e Laminadoras\/Encapsuladoras\",\"publisher\":{\"@id\":\"https:\/\/widinovations.pt\/#organization\"},\"potentialAction\":[{\"@type\":\"SearchAction\",\"target\":{\"@type\":\"EntryPoint\",\"urlTemplate\":\"https:\/\/widinovations.pt\/?s={search_term_string}\"},\"query-input\":{\"@type\":\"PropertyValueSpecification\",\"valueRequired\":true,\"valueName\":\"search_term_string\"}}],\"inLanguage\":\"fr-FR\"},{\"@type\":\"Organization\",\"@id\":\"https:\/\/widinovations.pt\/#organization\",\"name\":\"Widinovations\",\"url\":\"https:\/\/widinovations.pt\/\",\"logo\":{\"@type\":\"ImageObject\",\"inLanguage\":\"fr-FR\",\"@id\":\"https:\/\/widinovations.pt\/#\/schema\/logo\/image\/\",\"url\":\"https:\/\/widinovations.pt\/wp-content\/uploads\/2016\/10\/wid_logo.svg\",\"contentUrl\":\"https:\/\/widinovations.pt\/wp-content\/uploads\/2016\/10\/wid_logo.svg\",\"width\":1,\"height\":1,\"caption\":\"Widinovations\"},\"image\":{\"@id\":\"https:\/\/widinovations.pt\/#\/schema\/logo\/image\/\"},\"sameAs\":[\"https:\/\/www.facebook.com\/widinovations\",\"https:\/\/www.instagram.com\/widinovations\",\"https:\/\/www.linkedin.com\/company\/widinovations\",\"https:\/\/www.youtube.com\/widinovations\"]}]}<\/script>\n<!-- \/ Yoast SEO plugin. -->","yoast_head_json":{"title":"Widcnc K1600 - widinovations","robots":{"index":"index","follow":"follow","max-snippet":"max-snippet:-1","max-image-preview":"max-image-preview:large","max-video-preview":"max-video-preview:-1"},"canonical":"https:\/\/widinovations.pt\/fr\/equipement\/widcnc\/widcnc-k1600\/","og_locale":"fr_FR","og_type":"article","og_title":"Widcnc K1600 - widinovations","og_description":"[vc_row css=&#8221;.vc_custom_1746479613552{margin-top: 72px !important;margin-bottom: 100px !important;}&#8221;][vc_column offset=&#8221;vc_col-lg-9 vc_col-md-9&#8243;][vc_single_image image=&#8221;13240&#8243; img_size=&#8221;full&#8221;][vc_custom_heading source=&#8221;post_title&#8221; use_theme_fonts=&#8221;yes&#8221; subtitle=&#8221;Tables de d\u00e9coupe&#8221;][vc_column_text] \u00a0 La Widcnc K1600 est un syst\u00e8me de d\u00e9coupe industriel de haute pr\u00e9cision, con\u00e7u pour r\u00e9pondre aux exigences de production avec efficacit\u00e9 et fiabilit\u00e9. D\u00e9velopp\u00e9e pour optimiser les processus de d\u00e9coupe sur une large gamme de mat\u00e9riaux, elle associe une","og_url":"https:\/\/widinovations.pt\/fr\/equipement\/widcnc\/widcnc-k1600\/","og_site_name":"widinovations","article_publisher":"https:\/\/www.facebook.com\/widinovations","article_modified_time":"2026-05-05T23:34:35+00:00","og_image":[{"width":1000,"height":751,"url":"https:\/\/widinovations.pt\/wp-content\/uploads\/2025\/02\/Widcnc-K1600_02_net.png","type":"image\/png"}],"twitter_card":"summary_large_image","twitter_misc":{"Dur\u00e9e de lecture estim\u00e9e":"5 minutes"},"schema":{"@context":"https:\/\/schema.org","@graph":[{"@type":"WebPage","@id":"https:\/\/widinovations.pt\/fr\/equipement\/widcnc\/widcnc-k1600\/","url":"https:\/\/widinovations.pt\/fr\/equipement\/widcnc\/widcnc-k1600\/","name":"Widcnc K1600 - widinovations","isPartOf":{"@id":"https:\/\/widinovations.pt\/#website"},"primaryImageOfPage":{"@id":"https:\/\/widinovations.pt\/fr\/equipement\/widcnc\/widcnc-k1600\/#primaryimage"},"image":{"@id":"https:\/\/widinovations.pt\/fr\/equipement\/widcnc\/widcnc-k1600\/#primaryimage"},"thumbnailUrl":"https:\/\/widinovations.pt\/wp-content\/uploads\/2025\/02\/Widcnc-K1600_02_net.png","datePublished":"2025-05-05T21:13:19+00:00","dateModified":"2026-05-05T23:34:35+00:00","breadcrumb":{"@id":"https:\/\/widinovations.pt\/fr\/equipement\/widcnc\/widcnc-k1600\/#breadcrumb"},"inLanguage":"fr-FR","potentialAction":[{"@type":"ReadAction","target":["https:\/\/widinovations.pt\/fr\/equipement\/widcnc\/widcnc-k1600\/"]}]},{"@type":"ImageObject","inLanguage":"fr-FR","@id":"https:\/\/widinovations.pt\/fr\/equipement\/widcnc\/widcnc-k1600\/#primaryimage","url":"https:\/\/widinovations.pt\/wp-content\/uploads\/2025\/02\/Widcnc-K1600_02_net.png","contentUrl":"https:\/\/widinovations.pt\/wp-content\/uploads\/2025\/02\/Widcnc-K1600_02_net.png","width":1000,"height":751},{"@type":"BreadcrumbList","@id":"https:\/\/widinovations.pt\/fr\/equipement\/widcnc\/widcnc-k1600\/#breadcrumb","itemListElement":[{"@type":"ListItem","position":1,"name":"Home","item":"https:\/\/widinovations.pt\/fr\/home\/"},{"@type":"ListItem","position":2,"name":"\u00c9quipement","item":"https:\/\/widinovations.pt\/fr\/equipement\/"},{"@type":"ListItem","position":3,"name":"Widcnc","item":"https:\/\/widinovations.pt\/fr\/?page_id=14793"},{"@type":"ListItem","position":4,"name":"Widcnc K1600"}]},{"@type":"WebSite","@id":"https:\/\/widinovations.pt\/#website","url":"https:\/\/widinovations.pt\/","name":"widinovations","description":"Equipamentos de Corte\/Grava\u00e7\u00e3o a Laser, Fresadoras e Laminadoras\/Encapsuladoras","publisher":{"@id":"https:\/\/widinovations.pt\/#organization"},"potentialAction":[{"@type":"SearchAction","target":{"@type":"EntryPoint","urlTemplate":"https:\/\/widinovations.pt\/?s={search_term_string}"},"query-input":{"@type":"PropertyValueSpecification","valueRequired":true,"valueName":"search_term_string"}}],"inLanguage":"fr-FR"},{"@type":"Organization","@id":"https:\/\/widinovations.pt\/#organization","name":"Widinovations","url":"https:\/\/widinovations.pt\/","logo":{"@type":"ImageObject","inLanguage":"fr-FR","@id":"https:\/\/widinovations.pt\/#\/schema\/logo\/image\/","url":"https:\/\/widinovations.pt\/wp-content\/uploads\/2016\/10\/wid_logo.svg","contentUrl":"https:\/\/widinovations.pt\/wp-content\/uploads\/2016\/10\/wid_logo.svg","width":1,"height":1,"caption":"Widinovations"},"image":{"@id":"https:\/\/widinovations.pt\/#\/schema\/logo\/image\/"},"sameAs":["https:\/\/www.facebook.com\/widinovations","https:\/\/www.instagram.com\/widinovations","https:\/\/www.linkedin.com\/company\/widinovations","https:\/\/www.youtube.com\/widinovations"]}]}},"_links":{"self":[{"href":"https:\/\/widinovations.pt\/fr\/wp-json\/wp\/v2\/pages\/14363","targetHints":{"allow":["GET"]}}],"collection":[{"href":"https:\/\/widinovations.pt\/fr\/wp-json\/wp\/v2\/pages"}],"about":[{"href":"https:\/\/widinovations.pt\/fr\/wp-json\/wp\/v2\/types\/page"}],"author":[{"embeddable":true,"href":"https:\/\/widinovations.pt\/fr\/wp-json\/wp\/v2\/users\/1"}],"replies":[{"embeddable":true,"href":"https:\/\/widinovations.pt\/fr\/wp-json\/wp\/v2\/comments?post=14363"}],"version-history":[{"count":6,"href":"https:\/\/widinovations.pt\/fr\/wp-json\/wp\/v2\/pages\/14363\/revisions"}],"predecessor-version":[{"id":15595,"href":"https:\/\/widinovations.pt\/fr\/wp-json\/wp\/v2\/pages\/14363\/revisions\/15595"}],"up":[{"embeddable":true,"href":"https:\/\/widinovations.pt\/fr\/wp-json\/wp\/v2\/pages\/14793"}],"wp:featuredmedia":[{"embeddable":true,"href":"https:\/\/widinovations.pt\/fr\/wp-json\/wp\/v2\/media\/14364"}],"wp:attachment":[{"href":"https:\/\/widinovations.pt\/fr\/wp-json\/wp\/v2\/media?parent=14363"}],"wp:term":[{"taxonomy":"category","embeddable":true,"href":"https:\/\/widinovations.pt\/fr\/wp-json\/wp\/v2\/categories?post=14363"},{"taxonomy":"post_tag","embeddable":true,"href":"https:\/\/widinovations.pt\/fr\/wp-json\/wp\/v2\/tags?post=14363"}],"curies":[{"name":"wp","href":"https:\/\/api.w.org\/{rel}","templated":true}]}}