{"id":14304,"date":"2025-05-05T20:38:57","date_gmt":"2025-05-05T20:38:57","guid":{"rendered":"https:\/\/widinovations.pt\/?page_id=14304"},"modified":"2025-05-05T20:48:43","modified_gmt":"2025-05-05T20:48:43","slug":"widcnc-r200e-atc","status":"publish","type":"page","link":"https:\/\/widinovations.pt\/fr\/equipement\/widcnc\/widcnc-r200e-atc\/","title":{"rendered":"Widcnc R200e\/ATC"},"content":{"rendered":"<div class=\"wpb-content-wrapper\"><p>[vc_row css=&#8221;.vc_custom_1746477548703{margin-top: 72px !important;margin-bottom: 100px !important;}&#8221;][vc_column offset=&#8221;vc_col-lg-9 vc_col-md-9&#8243;][vc_single_image image=&#8221;4993&#8243; img_size=&#8221;full&#8221;][vc_custom_heading source=&#8221;post_title&#8221; use_theme_fonts=&#8221;yes&#8221; subtitle=&#8221;D\u00e9coupage et fraisage&#8221;][vc_column_text]<\/p>\n<p class=\"p1\">Le <strong>Widcnc R200e<\/strong> est con\u00e7u pour apporter une <strong>r\u00e9ponse efficace aux besoins du march\u00e9 professionnel exigeant<\/strong>. Elle est pr\u00e9cise, robuste, fiable et technologiquement avanc\u00e9e. Sa robustesse, sa qualit\u00e9 de construction et ses syst\u00e8mes de d\u00e9placement de haute pr\u00e9cision lui permettent de produire des <strong>r\u00e9sultats finaux d&#8217;une qualit\u00e9 de coupe in\u00e9gal\u00e9e.<\/strong><\/p>\n<p class=\"p1\">La Widcnc R200e est ainsi compos\u00e9e d&#8217;un certain nombre de caract\u00e9ristiques, telles que le \u00ab Mist Cooling \u00bb, la lubrification automatique, 8 zones de vide \u00e0 commande \u00e9lectrique et un capteur d&#8217;outil, qui garantissent un travail d&#8217;une qualit\u00e9 exceptionnelle. <strong>Cet \u00e9quipement comprend \u00e9galement un syst\u00e8me de changement d&#8217;outil automatique en option.<\/strong><\/p>\n<p>[\/vc_column_text][vc_column_text]<\/p>\n<blockquote>\n<p><strong>Dimensions (L x L x H)<\/strong>: 2750 x 3800 x 2350 mm | Bo\u00eete: 2280 x 3850 x 2150 mm<br \/>\n<strong>Poids:<\/strong> environ 1300kg | Bo\u00eete: environ 1500kg<br \/>\n<strong>Puissance:<\/strong> Triphas\u00e9 AC 380v 50\/60Hz<br \/>\n<strong>Vitesse de d\u00e9placement maximale:<\/strong> Jusqu&#8217;\u00e0 25 m\/min<\/p>\n<\/blockquote>\n<p>[\/vc_column_text][vc_row_inner css=&#8221;.vc_custom_1455886085190{margin-bottom: 10px !important;}&#8221;][vc_column_inner width=&#8221;1\/2&#8243;][stm_icon_box hide_title_line=&#8221;hide_title_line&#8221; enable_hexagon=&#8221;enable&#8221; icon=&#8221;fas fa-cogs&#8221; style=&#8221;icon_left&#8221; icon_size=&#8221;18&#8243; icon_width=&#8221;82&#8243; title=&#8221;Des applications infinies&#8221;]<\/p>\n<p class=\"p1\">La limite est toujours votre imagination !<\/p>\n<p class=\"p1\">Traitez divers mat\u00e9riaux avec une pr\u00e9cision in\u00e9gal\u00e9e. Automatisez les processus gr\u00e2ce au changement d&#8217;outil automatique en option.<\/p>\n<p>[\/stm_icon_box][\/vc_column_inner][vc_column_inner width=&#8221;1\/2&#8243;][stm_icon_box hide_title_line=&#8221;hide_title_line&#8221; enable_hexagon=&#8221;enable&#8221; icon=&#8221;fas fa-laptop&#8221; style=&#8221;icon_left&#8221; icon_size=&#8221;18&#8243; icon_width=&#8221;82&#8243; title=&#8221;Logiciel facile \u00e0 utiliser&#8221;]<\/p>\n<p class=\"p1\">Logiciel intuitif dot\u00e9 d&#8217;outils exceptionnels, adapt\u00e9 aux d\u00e9butants comme aux professionnels.<\/p>\n<p>[\/stm_icon_box][\/vc_column_inner][\/vc_row_inner][vc_row_inner css=&#8221;.vc_custom_1455886051719{margin-bottom: 10px !important;}&#8221;][vc_column_inner width=&#8221;1\/2&#8243;][stm_icon_box hide_title_line=&#8221;hide_title_line&#8221; enable_hexagon=&#8221;enable&#8221; icon=&#8221;fas fa-magic&#8221; style=&#8221;icon_left&#8221; icon_size=&#8221;18&#8243; icon_width=&#8221;82&#8243; title=&#8221;Les CNC les plus r\u00e9put\u00e9es&#8221;]<\/p>\n<p class=\"p1\">Nous disposons d&#8217;une gamme compl\u00e8te de CNC capables de r\u00e9pondre aux besoins les plus exigeants du march\u00e9.<\/p>\n<p>[\/stm_icon_box][\/vc_column_inner][vc_column_inner width=&#8221;1\/2&#8243;][stm_icon_box hide_title_line=&#8221;hide_title_line&#8221; enable_hexagon=&#8221;enable&#8221; icon=&#8221;far fa-gem&#8221; style=&#8221;icon_left&#8221; icon_size=&#8221;18&#8243; icon_width=&#8221;82&#8243; title=&#8221;Des mat\u00e9riaux de qualit\u00e9 \u00e9prouv\u00e9e&#8221;]<\/p>\n<p class=\"p1\">Robustesse, fiabilit\u00e9 et pr\u00e9cision avec une capacit\u00e9 de travail in\u00e9gal\u00e9e. Service technique professionnel et r\u00e9ponse rapide.<\/p>\n<p>[\/stm_icon_box][\/vc_column_inner][\/vc_row_inner][vc_separator color=&#8221;custom&#8221; accent_color=&#8221;#dddddd&#8221; css=&#8221;.vc_custom_1453271595991{margin-bottom: 21px !important;}&#8221;][vc_row_inner css=&#8221;.vc_custom_1453271763899{margin-bottom: 33px !important;}&#8221;][vc_column_inner width=&#8221;1\/4&#8243; css=&#8221;.vc_custom_1453272656287{padding-right: 45px !important;}&#8221;][vc_custom_heading text=&#8221;Galerie de photos&#8221; font_container=&#8221;tag:h3|font_size:24px|text_align:right|color:%23222222|line_height:30px&#8221; use_theme_fonts=&#8221;yes&#8221;][\/vc_column_inner][vc_column_inner width=&#8221;3\/4&#8243; css=&#8221;.vc_custom_1453271259318{padding-top: 18px !important;}&#8221;][vc_images_carousel images=&#8221;4987,4978,4968,4993&#8243; img_size=&#8221;full&#8221;][\/vc_column_inner][\/vc_row_inner][vc_separator color=&#8221;custom&#8221; accent_color=&#8221;#dddddd&#8221; css=&#8221;.vc_custom_1453271595991{margin-bottom: 21px !important;}&#8221;][vc_btn title=&#8221;T\u00e9l\u00e9charger la brochure R200e&#8221; style=&#8221;custom&#8221; custom_background=&#8221;#002e6d&#8221; custom_text=&#8221;#ffffff&#8221; align=&#8221;center&#8221; button_block=&#8221;true&#8221; link=&#8221;url:https%3A%2F%2Fwidinovations.pt%2Fwp-content%2Fuploads%2F2025%2F05%2FWidcnc_catalogue_A4_R200e_R200e-ATC_V6.0_FR.pdf|title:T%C3%A9l%C3%A9charger%20la%20brochure%20R200e|target:_blank&#8221;][vc_separator color=&#8221;custom&#8221; accent_color=&#8221;#dddddd&#8221; css=&#8221;.vc_custom_1453271595991{margin-bottom: 21px !important;}&#8221;][vc_row_inner css=&#8221;.vc_custom_1453271763899{margin-bottom: 33px !important;}&#8221;][vc_column_inner width=&#8221;1\/2&#8243; css=&#8221;.vc_custom_1649245263392{padding-top: 18px !important;padding-right: 0px !important;}&#8221;][vc_custom_heading text=&#8221;R200e&#8221; font_container=&#8221;tag:h3|font_size:24px|text_align:left|color:%23222222|line_height:30px&#8221; use_theme_fonts=&#8221;yes&#8221;][vc_column_text]<\/p>\n<ul>\n<li class=\"li1\">Vitesse de d\u00e9placement: jusqu&#8217;\u00e0 25 m\/min<\/li>\n<li class=\"li1\">Ch\u00e2ssis tubulaire r\u00e9sistant \u00e0 la corrosion et aux contraintes<\/li>\n<li class=\"li1\">Axe Z: aluminium avec traitement anticorrosion<\/li>\n<li class=\"li1\">Zone de travail: 2050 x 3050 mm<\/li>\n<li class=\"li1\">Hauteur de l&#8217;axe Z: jusqu&#8217;\u00e0 200 mm<\/li>\n<li class=\"li1\">Axe X\/Y: pignon et cr\u00e9maill\u00e8re h\u00e9lico\u00efdale de haute pr\u00e9cision<\/li>\n<li class=\"li1\">Axe Z: vis sans fin de haute pr\u00e9cision<\/li>\n<li class=\"li1\">Guides lin\u00e9aires: 25 mm<\/li>\n<li class=\"li1\">Broche refroidie par air de 4,5 kW<\/li>\n<li class=\"li1\">Moteurs pas \u00e0 pas<\/li>\n<li class=\"li1\">Contr\u00f4leur DSP RichAuto A11<\/li>\n<li class=\"li1\">Table \u00e0 vide \u00e0 8 zones \u00e0 entra\u00eenement \u00e9lectrique<\/li>\n<li class=\"li1\">2 pompes \u00e0 vide de 7,5 kw avec filtre et soupape de s\u00e9curit\u00e9<\/li>\n<li class=\"li1\">Aspirateur industriel de 2,2 kw<\/li>\n<li class=\"li1\">Syst\u00e8me de lubrification automatique des guides lin\u00e9aires<\/li>\n<li class=\"li1\">Syst\u00e8me de lubrification et de refroidissement de l&#8217;outil &#8220;Mist cooling&#8221;<\/li>\n<li class=\"li1\">Capteur d&#8217;outil automatique<\/li>\n<li class=\"li1\">Logiciel Vectric VCarve Pro<\/li>\n<li class=\"li1\">Connectivit\u00e9: r\u00e9seau et USB<\/li>\n<\/ul>\n<p>[\/vc_column_text][\/vc_column_inner][vc_column_inner width=&#8221;1\/2&#8243; css=&#8221;.vc_custom_1649243592139{padding-top: 18px !important;}&#8221;][vc_custom_heading text=&#8221;R200e ATC&#8221; font_container=&#8221;tag:h3|font_size:24px|text_align:left|color:%23222222|line_height:30px&#8221; use_theme_fonts=&#8221;yes&#8221;][vc_column_text]<\/p>\n<ul>\n<li class=\"li1\">Vitesse de d\u00e9placement: jusqu&#8217;\u00e0 25 m\/min<\/li>\n<li class=\"li1\">Ch\u00e2ssis tubulaire r\u00e9sistant \u00e0 la corrosion et aux contraintes<\/li>\n<li class=\"li1\">Axe Z: aluminium avec traitement anticorrosion<\/li>\n<li class=\"li1\">Zone de travail: 2050 x 3050 mm<\/li>\n<li class=\"li1\">Hauteur de l&#8217;axe Z: jusqu&#8217;\u00e0 300 mm<\/li>\n<li class=\"li1\">Axe X\/Y: pignon et cr\u00e9maill\u00e8re h\u00e9lico\u00efdale de haute pr\u00e9cision<\/li>\n<li class=\"li1\">Axe Z: vis sans fin de haute pr\u00e9cision<\/li>\n<li class=\"li1\">Guides lin\u00e9aires: 25 mm<\/li>\n<li class=\"li1\">Broche de 6 kw refroidie par air<\/li>\n<li class=\"li1\">Changement d&#8217;outil automatique avec 4 unit\u00e9s<\/li>\n<li class=\"li1\">Servomoteurs hybrides avec r\u00e9ducteurs plan\u00e9taires<\/li>\n<li class=\"li1\">Ordinateur int\u00e9gr\u00e9<\/li>\n<li class=\"li1\">Table \u00e0 vide avec 8 zones d&#8217;entra\u00eenement \u00e9lectrique<\/li>\n<li class=\"li1\">2 pompes \u00e0 vide de 7,5 kw avec filtre et soupape de s\u00e9curit\u00e9<\/li>\n<li class=\"li1\">Aspirateur industriel de 2,2 kw<\/li>\n<li class=\"li1\">Syst\u00e8me de lubrification automatique des guides lin\u00e9aires<\/li>\n<li class=\"li1\">Syst\u00e8me de lubrification et de refroidissement de l&#8217;outil \u00ab Mist cooling<\/li>\n<li class=\"li1\">D\u00e9tecteur automatique d&#8217;outils<\/li>\n<li class=\"li1\">Logiciel Vectric VCarve Pro<\/li>\n<li class=\"li1\">Connectivit\u00e9: r\u00e9seau et USB<\/li>\n<\/ul>\n<p>[\/vc_column_text][\/vc_column_inner][\/vc_row_inner][\/vc_column][vc_column width=&#8221;1\/4&#8243;][vc_tta_accordion shape=&#8221;square&#8221; active_section=&#8221;3&#8243; collapsible_all=&#8221;true&#8221;][vc_tta_section title=&#8221;Widlaser&#8221; tab_id=&#8221;1471959714325-c0f30685-b013e470-2ebc&#8221;][vc_wp_custommenu nav_menu=&#8221;52&#8243;][\/vc_tta_section][vc_tta_section title=&#8221;Widlaminator&#8221; tab_id=&#8221;1471959714465-24731e69-4285e470-2ebc&#8221;][vc_wp_custommenu nav_menu=&#8221;114&#8243;][\/vc_tta_section][vc_tta_section title=&#8221;Widcnc&#8221; tab_id=&#8221;1471959714544-25b421eb-a88be470-2ebc&#8221;][vc_wp_custommenu nav_menu=&#8221;115&#8243;][\/vc_tta_section][\/vc_tta_accordion][stm_sidebar sidebar=&#8221;619&#8243;][\/vc_column][\/vc_row]<\/p>\n<\/div>","protected":false},"excerpt":{"rendered":"<p>[vc_row css=&#8221;.vc_custom_1746477548703{margin-top: 72px !important;margin-bottom: 100px !important;}&#8221;][vc_column offset=&#8221;vc_col-lg-9 vc_col-md-9&#8243;][vc_single_image image=&#8221;4993&#8243; img_size=&#8221;full&#8221;][vc_custom_heading source=&#8221;post_title&#8221; use_theme_fonts=&#8221;yes&#8221; subtitle=&#8221;D\u00e9coupage et fraisage&#8221;][vc_column_text] Le Widcnc R200e est con\u00e7u pour apporter une r\u00e9ponse efficace aux besoins du march\u00e9 professionnel exigeant. Elle est pr\u00e9cise, robuste, fiable et technologiquement avanc\u00e9e. Sa robustesse, sa qualit\u00e9 de construction et ses syst\u00e8mes de d\u00e9placement de haute pr\u00e9cision lui permettent<\/p>\n","protected":false},"author":1,"featured_media":14294,"parent":14235,"menu_order":0,"comment_status":"closed","ping_status":"closed","template":"","meta":{"inline_featured_image":false,"cybocfi_hide_featured_image":"","footnotes":""},"categories":[],"tags":[],"class_list":["post-14304","page","type-page","status-publish","has-post-thumbnail","hentry"],"yoast_head":"<!-- This site is optimized with the Yoast SEO plugin v26.5 - https:\/\/yoast.com\/wordpress\/plugins\/seo\/ -->\n<title>Widcnc R200e\/ATC - widinovations<\/title>\n<meta name=\"robots\" content=\"index, follow, max-snippet:-1, max-image-preview:large, max-video-preview:-1\" \/>\n<link rel=\"canonical\" href=\"https:\/\/widinovations.pt\/fr\/equipement\/widcnc\/widcnc-r200e-atc\/\" \/>\n<meta property=\"og:locale\" content=\"fr_FR\" \/>\n<meta property=\"og:type\" content=\"article\" \/>\n<meta property=\"og:title\" content=\"Widcnc R200e\/ATC - widinovations\" \/>\n<meta property=\"og:description\" content=\"[vc_row css=&#8221;.vc_custom_1746477548703{margin-top: 72px !important;margin-bottom: 100px !important;}&#8221;][vc_column offset=&#8221;vc_col-lg-9 vc_col-md-9&#8243;][vc_single_image image=&#8221;4993&#8243; img_size=&#8221;full&#8221;][vc_custom_heading source=&#8221;post_title&#8221; use_theme_fonts=&#8221;yes&#8221; subtitle=&#8221;D\u00e9coupage et fraisage&#8221;][vc_column_text] Le Widcnc R200e est con\u00e7u pour apporter une r\u00e9ponse efficace aux besoins du march\u00e9 professionnel exigeant. Elle est pr\u00e9cise, robuste, fiable et technologiquement avanc\u00e9e. Sa robustesse, sa qualit\u00e9 de construction et ses syst\u00e8mes de d\u00e9placement de haute pr\u00e9cision lui permettent\" \/>\n<meta property=\"og:url\" content=\"https:\/\/widinovations.pt\/fr\/equipement\/widcnc\/widcnc-r200e-atc\/\" \/>\n<meta property=\"og:site_name\" content=\"widinovations\" \/>\n<meta property=\"article:publisher\" content=\"https:\/\/www.facebook.com\/widinovations\" \/>\n<meta property=\"article:modified_time\" content=\"2025-05-05T20:48:43+00:00\" \/>\n<meta property=\"og:image\" content=\"https:\/\/widinovations.pt\/wp-content\/uploads\/2021\/02\/widcnc-R150_7.jpg\" \/>\n\t<meta property=\"og:image:width\" content=\"1920\" \/>\n\t<meta property=\"og:image:height\" content=\"1080\" \/>\n\t<meta property=\"og:image:type\" content=\"image\/jpeg\" \/>\n<meta name=\"twitter:card\" content=\"summary_large_image\" \/>\n<meta name=\"twitter:label1\" content=\"Dur\u00e9e de lecture estim\u00e9e\" \/>\n\t<meta name=\"twitter:data1\" content=\"5 minutes\" \/>\n<script type=\"application\/ld+json\" class=\"yoast-schema-graph\">{\"@context\":\"https:\/\/schema.org\",\"@graph\":[{\"@type\":\"WebPage\",\"@id\":\"https:\/\/widinovations.pt\/fr\/equipement\/widcnc\/widcnc-r200e-atc\/\",\"url\":\"https:\/\/widinovations.pt\/fr\/equipement\/widcnc\/widcnc-r200e-atc\/\",\"name\":\"Widcnc R200e\/ATC - widinovations\",\"isPartOf\":{\"@id\":\"https:\/\/widinovations.pt\/#website\"},\"primaryImageOfPage\":{\"@id\":\"https:\/\/widinovations.pt\/fr\/equipement\/widcnc\/widcnc-r200e-atc\/#primaryimage\"},\"image\":{\"@id\":\"https:\/\/widinovations.pt\/fr\/equipement\/widcnc\/widcnc-r200e-atc\/#primaryimage\"},\"thumbnailUrl\":\"https:\/\/widinovations.pt\/wp-content\/uploads\/2021\/02\/widcnc-R150_7.jpg\",\"datePublished\":\"2025-05-05T20:38:57+00:00\",\"dateModified\":\"2025-05-05T20:48:43+00:00\",\"breadcrumb\":{\"@id\":\"https:\/\/widinovations.pt\/fr\/equipement\/widcnc\/widcnc-r200e-atc\/#breadcrumb\"},\"inLanguage\":\"fr-FR\",\"potentialAction\":[{\"@type\":\"ReadAction\",\"target\":[\"https:\/\/widinovations.pt\/fr\/equipement\/widcnc\/widcnc-r200e-atc\/\"]}]},{\"@type\":\"ImageObject\",\"inLanguage\":\"fr-FR\",\"@id\":\"https:\/\/widinovations.pt\/fr\/equipement\/widcnc\/widcnc-r200e-atc\/#primaryimage\",\"url\":\"https:\/\/widinovations.pt\/wp-content\/uploads\/2021\/02\/widcnc-R150_7.jpg\",\"contentUrl\":\"https:\/\/widinovations.pt\/wp-content\/uploads\/2021\/02\/widcnc-R150_7.jpg\",\"width\":1920,\"height\":1080},{\"@type\":\"BreadcrumbList\",\"@id\":\"https:\/\/widinovations.pt\/fr\/equipement\/widcnc\/widcnc-r200e-atc\/#breadcrumb\",\"itemListElement\":[{\"@type\":\"ListItem\",\"position\":1,\"name\":\"Home\",\"item\":\"https:\/\/widinovations.pt\/fr\/home\/\"},{\"@type\":\"ListItem\",\"position\":2,\"name\":\"\u00c9quipement\",\"item\":\"https:\/\/widinovations.pt\/fr\/equipement\/\"},{\"@type\":\"ListItem\",\"position\":3,\"name\":\"Widcnc\",\"item\":\"https:\/\/widinovations.pt\/fr\/equipement\/widcnc\/\"},{\"@type\":\"ListItem\",\"position\":4,\"name\":\"Widcnc R200e\/ATC\"}]},{\"@type\":\"WebSite\",\"@id\":\"https:\/\/widinovations.pt\/#website\",\"url\":\"https:\/\/widinovations.pt\/\",\"name\":\"widinovations\",\"description\":\"Equipamentos de Corte\/Grava\u00e7\u00e3o a Laser, Fresadoras e Laminadoras\/Encapsuladoras\",\"publisher\":{\"@id\":\"https:\/\/widinovations.pt\/#organization\"},\"potentialAction\":[{\"@type\":\"SearchAction\",\"target\":{\"@type\":\"EntryPoint\",\"urlTemplate\":\"https:\/\/widinovations.pt\/?s={search_term_string}\"},\"query-input\":{\"@type\":\"PropertyValueSpecification\",\"valueRequired\":true,\"valueName\":\"search_term_string\"}}],\"inLanguage\":\"fr-FR\"},{\"@type\":\"Organization\",\"@id\":\"https:\/\/widinovations.pt\/#organization\",\"name\":\"Widinovations\",\"url\":\"https:\/\/widinovations.pt\/\",\"logo\":{\"@type\":\"ImageObject\",\"inLanguage\":\"fr-FR\",\"@id\":\"https:\/\/widinovations.pt\/#\/schema\/logo\/image\/\",\"url\":\"https:\/\/widinovations.pt\/wp-content\/uploads\/2016\/10\/wid_logo.svg\",\"contentUrl\":\"https:\/\/widinovations.pt\/wp-content\/uploads\/2016\/10\/wid_logo.svg\",\"width\":1,\"height\":1,\"caption\":\"Widinovations\"},\"image\":{\"@id\":\"https:\/\/widinovations.pt\/#\/schema\/logo\/image\/\"},\"sameAs\":[\"https:\/\/www.facebook.com\/widinovations\",\"https:\/\/www.instagram.com\/widinovations\",\"https:\/\/www.linkedin.com\/company\/widinovations\",\"https:\/\/www.youtube.com\/widinovations\"]}]}<\/script>\n<!-- \/ Yoast SEO plugin. -->","yoast_head_json":{"title":"Widcnc R200e\/ATC - widinovations","robots":{"index":"index","follow":"follow","max-snippet":"max-snippet:-1","max-image-preview":"max-image-preview:large","max-video-preview":"max-video-preview:-1"},"canonical":"https:\/\/widinovations.pt\/fr\/equipement\/widcnc\/widcnc-r200e-atc\/","og_locale":"fr_FR","og_type":"article","og_title":"Widcnc R200e\/ATC - widinovations","og_description":"[vc_row css=&#8221;.vc_custom_1746477548703{margin-top: 72px !important;margin-bottom: 100px !important;}&#8221;][vc_column offset=&#8221;vc_col-lg-9 vc_col-md-9&#8243;][vc_single_image image=&#8221;4993&#8243; img_size=&#8221;full&#8221;][vc_custom_heading source=&#8221;post_title&#8221; use_theme_fonts=&#8221;yes&#8221; subtitle=&#8221;D\u00e9coupage et fraisage&#8221;][vc_column_text] Le Widcnc R200e est con\u00e7u pour apporter une r\u00e9ponse efficace aux besoins du march\u00e9 professionnel exigeant. Elle est pr\u00e9cise, robuste, fiable et technologiquement avanc\u00e9e. Sa robustesse, sa qualit\u00e9 de construction et ses syst\u00e8mes de d\u00e9placement de haute pr\u00e9cision lui permettent","og_url":"https:\/\/widinovations.pt\/fr\/equipement\/widcnc\/widcnc-r200e-atc\/","og_site_name":"widinovations","article_publisher":"https:\/\/www.facebook.com\/widinovations","article_modified_time":"2025-05-05T20:48:43+00:00","og_image":[{"width":1920,"height":1080,"url":"https:\/\/widinovations.pt\/wp-content\/uploads\/2021\/02\/widcnc-R150_7.jpg","type":"image\/jpeg"}],"twitter_card":"summary_large_image","twitter_misc":{"Dur\u00e9e de lecture estim\u00e9e":"5 minutes"},"schema":{"@context":"https:\/\/schema.org","@graph":[{"@type":"WebPage","@id":"https:\/\/widinovations.pt\/fr\/equipement\/widcnc\/widcnc-r200e-atc\/","url":"https:\/\/widinovations.pt\/fr\/equipement\/widcnc\/widcnc-r200e-atc\/","name":"Widcnc R200e\/ATC - widinovations","isPartOf":{"@id":"https:\/\/widinovations.pt\/#website"},"primaryImageOfPage":{"@id":"https:\/\/widinovations.pt\/fr\/equipement\/widcnc\/widcnc-r200e-atc\/#primaryimage"},"image":{"@id":"https:\/\/widinovations.pt\/fr\/equipement\/widcnc\/widcnc-r200e-atc\/#primaryimage"},"thumbnailUrl":"https:\/\/widinovations.pt\/wp-content\/uploads\/2021\/02\/widcnc-R150_7.jpg","datePublished":"2025-05-05T20:38:57+00:00","dateModified":"2025-05-05T20:48:43+00:00","breadcrumb":{"@id":"https:\/\/widinovations.pt\/fr\/equipement\/widcnc\/widcnc-r200e-atc\/#breadcrumb"},"inLanguage":"fr-FR","potentialAction":[{"@type":"ReadAction","target":["https:\/\/widinovations.pt\/fr\/equipement\/widcnc\/widcnc-r200e-atc\/"]}]},{"@type":"ImageObject","inLanguage":"fr-FR","@id":"https:\/\/widinovations.pt\/fr\/equipement\/widcnc\/widcnc-r200e-atc\/#primaryimage","url":"https:\/\/widinovations.pt\/wp-content\/uploads\/2021\/02\/widcnc-R150_7.jpg","contentUrl":"https:\/\/widinovations.pt\/wp-content\/uploads\/2021\/02\/widcnc-R150_7.jpg","width":1920,"height":1080},{"@type":"BreadcrumbList","@id":"https:\/\/widinovations.pt\/fr\/equipement\/widcnc\/widcnc-r200e-atc\/#breadcrumb","itemListElement":[{"@type":"ListItem","position":1,"name":"Home","item":"https:\/\/widinovations.pt\/fr\/home\/"},{"@type":"ListItem","position":2,"name":"\u00c9quipement","item":"https:\/\/widinovations.pt\/fr\/equipement\/"},{"@type":"ListItem","position":3,"name":"Widcnc","item":"https:\/\/widinovations.pt\/fr\/equipement\/widcnc\/"},{"@type":"ListItem","position":4,"name":"Widcnc R200e\/ATC"}]},{"@type":"WebSite","@id":"https:\/\/widinovations.pt\/#website","url":"https:\/\/widinovations.pt\/","name":"widinovations","description":"Equipamentos de Corte\/Grava\u00e7\u00e3o a Laser, Fresadoras e Laminadoras\/Encapsuladoras","publisher":{"@id":"https:\/\/widinovations.pt\/#organization"},"potentialAction":[{"@type":"SearchAction","target":{"@type":"EntryPoint","urlTemplate":"https:\/\/widinovations.pt\/?s={search_term_string}"},"query-input":{"@type":"PropertyValueSpecification","valueRequired":true,"valueName":"search_term_string"}}],"inLanguage":"fr-FR"},{"@type":"Organization","@id":"https:\/\/widinovations.pt\/#organization","name":"Widinovations","url":"https:\/\/widinovations.pt\/","logo":{"@type":"ImageObject","inLanguage":"fr-FR","@id":"https:\/\/widinovations.pt\/#\/schema\/logo\/image\/","url":"https:\/\/widinovations.pt\/wp-content\/uploads\/2016\/10\/wid_logo.svg","contentUrl":"https:\/\/widinovations.pt\/wp-content\/uploads\/2016\/10\/wid_logo.svg","width":1,"height":1,"caption":"Widinovations"},"image":{"@id":"https:\/\/widinovations.pt\/#\/schema\/logo\/image\/"},"sameAs":["https:\/\/www.facebook.com\/widinovations","https:\/\/www.instagram.com\/widinovations","https:\/\/www.linkedin.com\/company\/widinovations","https:\/\/www.youtube.com\/widinovations"]}]}},"_links":{"self":[{"href":"https:\/\/widinovations.pt\/fr\/wp-json\/wp\/v2\/pages\/14304","targetHints":{"allow":["GET"]}}],"collection":[{"href":"https:\/\/widinovations.pt\/fr\/wp-json\/wp\/v2\/pages"}],"about":[{"href":"https:\/\/widinovations.pt\/fr\/wp-json\/wp\/v2\/types\/page"}],"author":[{"embeddable":true,"href":"https:\/\/widinovations.pt\/fr\/wp-json\/wp\/v2\/users\/1"}],"replies":[{"embeddable":true,"href":"https:\/\/widinovations.pt\/fr\/wp-json\/wp\/v2\/comments?post=14304"}],"version-history":[{"count":3,"href":"https:\/\/widinovations.pt\/fr\/wp-json\/wp\/v2\/pages\/14304\/revisions"}],"predecessor-version":[{"id":14313,"href":"https:\/\/widinovations.pt\/fr\/wp-json\/wp\/v2\/pages\/14304\/revisions\/14313"}],"up":[{"embeddable":true,"href":"https:\/\/widinovations.pt\/fr\/wp-json\/wp\/v2\/pages\/14235"}],"wp:featuredmedia":[{"embeddable":true,"href":"https:\/\/widinovations.pt\/fr\/wp-json\/wp\/v2\/media\/14294"}],"wp:attachment":[{"href":"https:\/\/widinovations.pt\/fr\/wp-json\/wp\/v2\/media?parent=14304"}],"wp:term":[{"taxonomy":"category","embeddable":true,"href":"https:\/\/widinovations.pt\/fr\/wp-json\/wp\/v2\/categories?post=14304"},{"taxonomy":"post_tag","embeddable":true,"href":"https:\/\/widinovations.pt\/fr\/wp-json\/wp\/v2\/tags?post=14304"}],"curies":[{"name":"wp","href":"https:\/\/api.w.org\/{rel}","templated":true}]}}