{"id":14219,"date":"2025-05-04T20:50:48","date_gmt":"2025-05-04T20:50:48","guid":{"rendered":"https:\/\/widinovations.pt\/?page_id=14219"},"modified":"2025-05-04T21:19:10","modified_gmt":"2025-05-04T21:19:10","slug":"widlaser-w2000","status":"publish","type":"page","link":"https:\/\/widinovations.pt\/fr\/equipement\/widlaser\/widlaser-w2000\/","title":{"rendered":"Widlaser W2000"},"content":{"rendered":"<div class=\"wpb-content-wrapper\"><p>[vc_row css=&#8221;.vc_custom_1746392548118{margin-top: 72px !important;margin-bottom: 100px !important;}&#8221;][vc_column offset=&#8221;vc_col-lg-9 vc_col-md-9&#8243;][vc_single_image image=&#8221;12172&#8243; img_size=&#8221;440&#215;700&#8243; alignment=&#8221;center&#8221;][vc_custom_heading source=&#8221;post_title&#8221; use_theme_fonts=&#8221;yes&#8221; subtitle=&#8221;Soudeur laser&#8221;][vc_column_text]<\/p>\n<p class=\"p1\">Le <strong>Widlaser W2000<\/strong> est la solution de soudage de Widinovations. Dot\u00e9e d&#8217;une technologie de pointe, cette machine utilise un laser \u00e0 fibre de 2000W qui convient \u00e9galement aux travaux plus robustes.<\/p>\n<p>[\/vc_column_text][vc_column_text]<\/p>\n<blockquote>\n<p><strong>Dimensions (L x L x H)<\/strong>: 700 x 1030 x 1100 mm | Bo\u00eete: 790 x 1180 x 1350 mm<br \/>\n<strong>Poids<\/strong>: environ 280 kg | Bo\u00eete: environ 300 kg<br \/>\n<strong>Alimentacion<\/strong>: AC 400v 50\/60Hz<br \/>\n<strong>Type de Laser:<\/strong> Laser \u00e0 fibre puls\u00e9e<\/p>\n<\/blockquote>\n<p>[\/vc_column_text][vc_row_inner css=&#8221;.vc_custom_1455886085190{margin-bottom: 10px !important;}&#8221;][vc_column_inner width=&#8221;1\/2&#8243;][stm_icon_box hide_title_line=&#8221;hide_title_line&#8221; enable_hexagon=&#8221;enable&#8221; icon=&#8221;fas fa-magic&#8221; style=&#8221;icon_left&#8221; icon_size=&#8221;18&#8243; icon_width=&#8221;82&#8243; title=&#8221;Les meilleurs lasers du march\u00e9&#8221;]<\/p>\n<p class=\"p1\">Nous disposons d&#8217;une gamme compl\u00e8te de lasers issus de partenariats avec les meilleures marques du march\u00e9.<\/p>\n<p>[\/stm_icon_box][\/vc_column_inner][vc_column_inner width=&#8221;1\/2&#8243;][stm_icon_box hide_title_line=&#8221;hide_title_line&#8221; enable_hexagon=&#8221;enable&#8221; icon=&#8221;fas fa-laptop&#8221; style=&#8221;icon_left&#8221; icon_size=&#8221;18&#8243; icon_width=&#8221;82&#8243; title=&#8221;Logiciel facile \u00e0 utiliser&#8221;]<\/p>\n<p class=\"p1\">Logiciel intuitif dot\u00e9 d&#8217;outils puissants, adapt\u00e9 aux d\u00e9butants comme aux professionnels.<\/p>\n<p>[\/stm_icon_box][\/vc_column_inner][\/vc_row_inner][vc_row_inner css=&#8221;.vc_custom_1455886051719{margin-bottom: 10px !important;}&#8221;][vc_column_inner width=&#8221;1\/2&#8243;][stm_icon_box hide_title_line=&#8221;hide_title_line&#8221; enable_hexagon=&#8221;enable&#8221; icon=&#8221;fas fa-cogs&#8221; style=&#8221;icon_left&#8221; icon_size=&#8221;18&#8243; icon_width=&#8221;82&#8243; title=&#8221;Des applications infinies&#8221;]<\/p>\n<p class=\"p1\">La limite est toujours votre imagination !<\/p>\n<p>[\/stm_icon_box][\/vc_column_inner][vc_column_inner width=&#8221;1\/2&#8243;][stm_icon_box hide_title_line=&#8221;hide_title_line&#8221; enable_hexagon=&#8221;enable&#8221; icon=&#8221;far fa-gem&#8221; style=&#8221;icon_left&#8221; icon_size=&#8221;18&#8243; icon_width=&#8221;82&#8243; title=&#8221;Mat\u00e9riaux de qualit\u00e9 \u00e9prouv\u00e9e&#8221;]<\/p>\n<p class=\"p1\">Conception et robustesse avec garantie de fiabilit\u00e9 et de pr\u00e9cision.<\/p>\n<p>[\/stm_icon_box][\/vc_column_inner][\/vc_row_inner][vc_separator color=&#8221;custom&#8221; accent_color=&#8221;#dddddd&#8221; css=&#8221;.vc_custom_1453271595991{margin-bottom: 21px !important;}&#8221;][vc_row_inner css=&#8221;.vc_custom_1453271763899{margin-bottom: 33px !important;}&#8221;][vc_column_inner width=&#8221;1\/4&#8243; css=&#8221;.vc_custom_1453272656287{padding-right: 45px !important;}&#8221;][vc_custom_heading text=&#8221;Galerie de photos&#8221; font_container=&#8221;tag:h3|font_size:24px|text_align:right|color:%23222222|line_height:30px&#8221; use_theme_fonts=&#8221;yes&#8221;][\/vc_column_inner][vc_column_inner width=&#8221;3\/4&#8243; css=&#8221;.vc_custom_1453271259318{padding-top: 18px !important;}&#8221;][vc_images_carousel images=&#8221;12169,12172,12166,12316,12319&#8243; img_size=&#8221;314&#215;500&#8243;][\/vc_column_inner][\/vc_row_inner][vc_separator color=&#8221;custom&#8221; accent_color=&#8221;#dddddd&#8221; css=&#8221;.vc_custom_1453271595991{margin-bottom: 21px !important;}&#8221;][vc_btn title=&#8221;T\u00e9l\u00e9charger la brochure W2000&#8243; style=&#8221;custom&#8221; custom_background=&#8221;#002e6d&#8221; custom_text=&#8221;#ffffff&#8221; align=&#8221;center&#8221; button_block=&#8221;true&#8221; link=&#8221;url:https%3A%2F%2Fwidinovations.pt%2Fwp-content%2Fuploads%2F2025%2F05%2FWidlaser_catalogue_A4_W2000_V6.0_FR.pdf|title:T%C3%A9l%C3%A9charger%20la%20brochure%20W2000|target:_blank&#8221;][vc_separator color=&#8221;custom&#8221; accent_color=&#8221;#dddddd&#8221; css=&#8221;.vc_custom_1453271595991{margin-bottom: 21px !important;}&#8221;][vc_row_inner css=&#8221;.vc_custom_1453271763899{margin-bottom: 33px !important;}&#8221;][vc_column_inner width=&#8221;1\/4&#8243; css=&#8221;.vc_custom_1453272656287{padding-right: 45px !important;}&#8221;][vc_custom_heading text=&#8221;Caract\u00e9ristiques principales<br \/>\n&#8221; font_container=&#8221;tag:h3|font_size:24px|text_align:right|color:%23222222|line_height:30px&#8221; use_theme_fonts=&#8221;yes&#8221;][\/vc_column_inner][vc_column_inner width=&#8221;3\/4&#8243; css=&#8221;.vc_custom_1453271259318{padding-top: 18px !important;}&#8221;][vc_column_text]<\/p>\n<ul>\n<li class=\"li1\">Laser \u00e0 fibre de 2000W avec une longueur d&#8217;onde de 1064nm<\/li>\n<li class=\"li1\">Contr\u00f4leur en portugais (\u00e9cran tactile)<\/li>\n<li class=\"li1\">M\u00e9moire pour les param\u00e8tres de travail<\/li>\n<li class=\"li1\">\u00c9paisseur: 0,5 \u00e0 4 mm<\/li>\n<li class=\"li1\">Mat\u00e9riaux: acier au carbone\/acier inoxydable, aluminium<\/li>\n<li class=\"li1\">D\u00e9rouleur de fil<\/li>\n<li class=\"li1\">Gaz utilis\u00e9: Argon ou azote<\/li>\n<li class=\"li1\">Refroidissement et chauffage : refroidisseur industriel<\/li>\n<li class=\"li1\">Longueur de la fibre: 10 m\u00e8tres<\/li>\n<li class=\"li1\">Pistolet de soudage de 0,9 kg<\/li>\n<li class=\"li1\">Support de pistolet pour table de travail<\/li>\n<li class=\"li1\">R\u00e9glage de la mise au point: -10 mm \u00e0 +10 mm<\/li>\n<li class=\"li1\">Pointeur de positionnement auxiliaire<\/li>\n<li class=\"li1\">Syst\u00e8me de d\u00e9nudage\/nettoyage<\/li>\n<\/ul>\n<p>[\/vc_column_text][\/vc_column_inner][\/vc_row_inner][vc_separator color=&#8221;custom&#8221; accent_color=&#8221;#dddddd&#8221; css=&#8221;.vc_custom_1453271595991{margin-bottom: 21px !important;}&#8221;][vc_row_inner css=&#8221;.vc_custom_1468940948903{margin-bottom: 33px !important;}&#8221;][vc_column_inner width=&#8221;1\/4&#8243; css=&#8221;.vc_custom_1453270747989{padding-right: 45px !important;}&#8221;][vc_custom_heading text=&#8221;Optionnel&#8221; font_container=&#8221;tag:h3|font_size:24px|text_align:right|color:%23222222|line_height:30px&#8221; use_theme_fonts=&#8221;yes&#8221;][\/vc_column_inner][vc_column_inner width=&#8221;3\/4&#8243; css=&#8221;.vc_custom_1453271259318{padding-top: 18px !important;}&#8221;][vc_column_text]<\/p>\n<ul>\n<li class=\"p1\">Laser \u00e0 fibre 1500W (<a href=\"https:\/\/widinovations.pt\/fr\/equipement\/widlaser\/widlaser-w1500\/\" target=\"_blank\" rel=\"noopener\">\u00e9quipement Widlaser W1500<\/a>)<\/li>\n<li class=\"p1\">Longueur de la fibre 15 m\u00e8tres<\/li>\n<\/ul>\n<p>[\/vc_column_text][\/vc_column_inner][\/vc_row_inner][\/vc_column][vc_column width=&#8221;1\/4&#8243;][vc_tta_accordion shape=&#8221;square&#8221; active_section=&#8221;1&#8243; collapsible_all=&#8221;true&#8221;][vc_tta_section title=&#8221;Widlaser&#8221; tab_id=&#8221;1471959714325-c0f30685-b013e470-2ebc&#8221;][vc_wp_custommenu nav_menu=&#8221;52&#8243;][\/vc_tta_section][vc_tta_section title=&#8221;Widlaminator&#8221; tab_id=&#8221;1471959714465-24731e69-4285e470-2ebc&#8221;][vc_wp_custommenu nav_menu=&#8221;114&#8243;][\/vc_tta_section][vc_tta_section title=&#8221;Widcnc&#8221; tab_id=&#8221;1471959714544-25b421eb-a88be470-2ebc&#8221;][vc_wp_custommenu nav_menu=&#8221;115&#8243;][\/vc_tta_section][\/vc_tta_accordion][stm_sidebar sidebar=&#8221;619&#8243;][\/vc_column][\/vc_row]<\/p>\n<\/div>","protected":false},"excerpt":{"rendered":"<p>[vc_row css=&#8221;.vc_custom_1746392548118{margin-top: 72px !important;margin-bottom: 100px !important;}&#8221;][vc_column offset=&#8221;vc_col-lg-9 vc_col-md-9&#8243;][vc_single_image image=&#8221;12172&#8243; img_size=&#8221;440&#215;700&#8243; alignment=&#8221;center&#8221;][vc_custom_heading source=&#8221;post_title&#8221; use_theme_fonts=&#8221;yes&#8221; subtitle=&#8221;Soudeur laser&#8221;][vc_column_text] Le Widlaser W2000 est la solution de soudage de Widinovations. Dot\u00e9e d&#8217;une technologie de pointe, cette machine utilise un laser \u00e0 fibre de 2000W qui convient \u00e9galement aux travaux plus robustes. [\/vc_column_text][vc_column_text] Dimensions (L x L x H): 700 x<\/p>\n","protected":false},"author":1,"featured_media":14210,"parent":13763,"menu_order":0,"comment_status":"closed","ping_status":"closed","template":"","meta":{"inline_featured_image":false,"cybocfi_hide_featured_image":"","footnotes":""},"categories":[],"tags":[],"class_list":["post-14219","page","type-page","status-publish","has-post-thumbnail","hentry"],"yoast_head":"<!-- This site is optimized with the Yoast SEO plugin v26.5 - https:\/\/yoast.com\/wordpress\/plugins\/seo\/ -->\n<title>Widlaser W2000 - widinovations<\/title>\n<meta name=\"robots\" content=\"index, follow, max-snippet:-1, max-image-preview:large, max-video-preview:-1\" \/>\n<link rel=\"canonical\" href=\"https:\/\/widinovations.pt\/fr\/equipement\/widlaser\/widlaser-w2000\/\" \/>\n<meta property=\"og:locale\" content=\"fr_FR\" \/>\n<meta property=\"og:type\" content=\"article\" \/>\n<meta property=\"og:title\" content=\"Widlaser W2000 - widinovations\" \/>\n<meta property=\"og:description\" content=\"[vc_row css=&#8221;.vc_custom_1746392548118{margin-top: 72px !important;margin-bottom: 100px !important;}&#8221;][vc_column offset=&#8221;vc_col-lg-9 vc_col-md-9&#8243;][vc_single_image image=&#8221;12172&#8243; img_size=&#8221;440&#215;700&#8243; alignment=&#8221;center&#8221;][vc_custom_heading source=&#8221;post_title&#8221; use_theme_fonts=&#8221;yes&#8221; subtitle=&#8221;Soudeur laser&#8221;][vc_column_text] Le Widlaser W2000 est la solution de soudage de Widinovations. Dot\u00e9e d&#8217;une technologie de pointe, cette machine utilise un laser \u00e0 fibre de 2000W qui convient \u00e9galement aux travaux plus robustes. [\/vc_column_text][vc_column_text] Dimensions (L x L x H): 700 x\" \/>\n<meta property=\"og:url\" content=\"https:\/\/widinovations.pt\/fr\/equipement\/widlaser\/widlaser-w2000\/\" \/>\n<meta property=\"og:site_name\" content=\"widinovations\" \/>\n<meta property=\"article:publisher\" content=\"https:\/\/www.facebook.com\/widinovations\" \/>\n<meta property=\"article:modified_time\" content=\"2025-05-04T21:19:10+00:00\" \/>\n<meta property=\"og:image\" content=\"https:\/\/widinovations.pt\/wp-content\/uploads\/2023\/08\/IMG_2272-copiar-2.png\" \/>\n\t<meta property=\"og:image:width\" content=\"628\" \/>\n\t<meta property=\"og:image:height\" content=\"1000\" \/>\n\t<meta property=\"og:image:type\" content=\"image\/png\" \/>\n<meta name=\"twitter:card\" content=\"summary_large_image\" \/>\n<meta name=\"twitter:label1\" content=\"Dur\u00e9e de lecture estim\u00e9e\" \/>\n\t<meta name=\"twitter:data1\" content=\"4 minutes\" \/>\n<script type=\"application\/ld+json\" class=\"yoast-schema-graph\">{\"@context\":\"https:\/\/schema.org\",\"@graph\":[{\"@type\":\"WebPage\",\"@id\":\"https:\/\/widinovations.pt\/fr\/equipement\/widlaser\/widlaser-w2000\/\",\"url\":\"https:\/\/widinovations.pt\/fr\/equipement\/widlaser\/widlaser-w2000\/\",\"name\":\"Widlaser W2000 - widinovations\",\"isPartOf\":{\"@id\":\"https:\/\/widinovations.pt\/#website\"},\"primaryImageOfPage\":{\"@id\":\"https:\/\/widinovations.pt\/fr\/equipement\/widlaser\/widlaser-w2000\/#primaryimage\"},\"image\":{\"@id\":\"https:\/\/widinovations.pt\/fr\/equipement\/widlaser\/widlaser-w2000\/#primaryimage\"},\"thumbnailUrl\":\"https:\/\/widinovations.pt\/wp-content\/uploads\/2023\/08\/IMG_2272-copiar-2.png\",\"datePublished\":\"2025-05-04T20:50:48+00:00\",\"dateModified\":\"2025-05-04T21:19:10+00:00\",\"breadcrumb\":{\"@id\":\"https:\/\/widinovations.pt\/fr\/equipement\/widlaser\/widlaser-w2000\/#breadcrumb\"},\"inLanguage\":\"fr-FR\",\"potentialAction\":[{\"@type\":\"ReadAction\",\"target\":[\"https:\/\/widinovations.pt\/fr\/equipement\/widlaser\/widlaser-w2000\/\"]}]},{\"@type\":\"ImageObject\",\"inLanguage\":\"fr-FR\",\"@id\":\"https:\/\/widinovations.pt\/fr\/equipement\/widlaser\/widlaser-w2000\/#primaryimage\",\"url\":\"https:\/\/widinovations.pt\/wp-content\/uploads\/2023\/08\/IMG_2272-copiar-2.png\",\"contentUrl\":\"https:\/\/widinovations.pt\/wp-content\/uploads\/2023\/08\/IMG_2272-copiar-2.png\",\"width\":628,\"height\":1000},{\"@type\":\"BreadcrumbList\",\"@id\":\"https:\/\/widinovations.pt\/fr\/equipement\/widlaser\/widlaser-w2000\/#breadcrumb\",\"itemListElement\":[{\"@type\":\"ListItem\",\"position\":1,\"name\":\"Home\",\"item\":\"https:\/\/widinovations.pt\/fr\/home\/\"},{\"@type\":\"ListItem\",\"position\":2,\"name\":\"\u00c9quipement\",\"item\":\"https:\/\/widinovations.pt\/fr\/equipement\/\"},{\"@type\":\"ListItem\",\"position\":3,\"name\":\"Widlaser\",\"item\":\"https:\/\/widinovations.pt\/fr\/equipement\/widlaser\/\"},{\"@type\":\"ListItem\",\"position\":4,\"name\":\"Widlaser W2000\"}]},{\"@type\":\"WebSite\",\"@id\":\"https:\/\/widinovations.pt\/#website\",\"url\":\"https:\/\/widinovations.pt\/\",\"name\":\"widinovations\",\"description\":\"Equipamentos de Corte\/Grava\u00e7\u00e3o a Laser, Fresadoras e Laminadoras\/Encapsuladoras\",\"publisher\":{\"@id\":\"https:\/\/widinovations.pt\/#organization\"},\"potentialAction\":[{\"@type\":\"SearchAction\",\"target\":{\"@type\":\"EntryPoint\",\"urlTemplate\":\"https:\/\/widinovations.pt\/?s={search_term_string}\"},\"query-input\":{\"@type\":\"PropertyValueSpecification\",\"valueRequired\":true,\"valueName\":\"search_term_string\"}}],\"inLanguage\":\"fr-FR\"},{\"@type\":\"Organization\",\"@id\":\"https:\/\/widinovations.pt\/#organization\",\"name\":\"Widinovations\",\"url\":\"https:\/\/widinovations.pt\/\",\"logo\":{\"@type\":\"ImageObject\",\"inLanguage\":\"fr-FR\",\"@id\":\"https:\/\/widinovations.pt\/#\/schema\/logo\/image\/\",\"url\":\"https:\/\/widinovations.pt\/wp-content\/uploads\/2016\/10\/wid_logo.svg\",\"contentUrl\":\"https:\/\/widinovations.pt\/wp-content\/uploads\/2016\/10\/wid_logo.svg\",\"width\":1,\"height\":1,\"caption\":\"Widinovations\"},\"image\":{\"@id\":\"https:\/\/widinovations.pt\/#\/schema\/logo\/image\/\"},\"sameAs\":[\"https:\/\/www.facebook.com\/widinovations\",\"https:\/\/www.instagram.com\/widinovations\",\"https:\/\/www.linkedin.com\/company\/widinovations\",\"https:\/\/www.youtube.com\/widinovations\"]}]}<\/script>\n<!-- \/ Yoast SEO plugin. -->","yoast_head_json":{"title":"Widlaser W2000 - widinovations","robots":{"index":"index","follow":"follow","max-snippet":"max-snippet:-1","max-image-preview":"max-image-preview:large","max-video-preview":"max-video-preview:-1"},"canonical":"https:\/\/widinovations.pt\/fr\/equipement\/widlaser\/widlaser-w2000\/","og_locale":"fr_FR","og_type":"article","og_title":"Widlaser W2000 - widinovations","og_description":"[vc_row css=&#8221;.vc_custom_1746392548118{margin-top: 72px !important;margin-bottom: 100px !important;}&#8221;][vc_column offset=&#8221;vc_col-lg-9 vc_col-md-9&#8243;][vc_single_image image=&#8221;12172&#8243; img_size=&#8221;440&#215;700&#8243; alignment=&#8221;center&#8221;][vc_custom_heading source=&#8221;post_title&#8221; use_theme_fonts=&#8221;yes&#8221; subtitle=&#8221;Soudeur laser&#8221;][vc_column_text] Le Widlaser W2000 est la solution de soudage de Widinovations. Dot\u00e9e d&#8217;une technologie de pointe, cette machine utilise un laser \u00e0 fibre de 2000W qui convient \u00e9galement aux travaux plus robustes. [\/vc_column_text][vc_column_text] Dimensions (L x L x H): 700 x","og_url":"https:\/\/widinovations.pt\/fr\/equipement\/widlaser\/widlaser-w2000\/","og_site_name":"widinovations","article_publisher":"https:\/\/www.facebook.com\/widinovations","article_modified_time":"2025-05-04T21:19:10+00:00","og_image":[{"width":628,"height":1000,"url":"https:\/\/widinovations.pt\/wp-content\/uploads\/2023\/08\/IMG_2272-copiar-2.png","type":"image\/png"}],"twitter_card":"summary_large_image","twitter_misc":{"Dur\u00e9e de lecture estim\u00e9e":"4 minutes"},"schema":{"@context":"https:\/\/schema.org","@graph":[{"@type":"WebPage","@id":"https:\/\/widinovations.pt\/fr\/equipement\/widlaser\/widlaser-w2000\/","url":"https:\/\/widinovations.pt\/fr\/equipement\/widlaser\/widlaser-w2000\/","name":"Widlaser W2000 - widinovations","isPartOf":{"@id":"https:\/\/widinovations.pt\/#website"},"primaryImageOfPage":{"@id":"https:\/\/widinovations.pt\/fr\/equipement\/widlaser\/widlaser-w2000\/#primaryimage"},"image":{"@id":"https:\/\/widinovations.pt\/fr\/equipement\/widlaser\/widlaser-w2000\/#primaryimage"},"thumbnailUrl":"https:\/\/widinovations.pt\/wp-content\/uploads\/2023\/08\/IMG_2272-copiar-2.png","datePublished":"2025-05-04T20:50:48+00:00","dateModified":"2025-05-04T21:19:10+00:00","breadcrumb":{"@id":"https:\/\/widinovations.pt\/fr\/equipement\/widlaser\/widlaser-w2000\/#breadcrumb"},"inLanguage":"fr-FR","potentialAction":[{"@type":"ReadAction","target":["https:\/\/widinovations.pt\/fr\/equipement\/widlaser\/widlaser-w2000\/"]}]},{"@type":"ImageObject","inLanguage":"fr-FR","@id":"https:\/\/widinovations.pt\/fr\/equipement\/widlaser\/widlaser-w2000\/#primaryimage","url":"https:\/\/widinovations.pt\/wp-content\/uploads\/2023\/08\/IMG_2272-copiar-2.png","contentUrl":"https:\/\/widinovations.pt\/wp-content\/uploads\/2023\/08\/IMG_2272-copiar-2.png","width":628,"height":1000},{"@type":"BreadcrumbList","@id":"https:\/\/widinovations.pt\/fr\/equipement\/widlaser\/widlaser-w2000\/#breadcrumb","itemListElement":[{"@type":"ListItem","position":1,"name":"Home","item":"https:\/\/widinovations.pt\/fr\/home\/"},{"@type":"ListItem","position":2,"name":"\u00c9quipement","item":"https:\/\/widinovations.pt\/fr\/equipement\/"},{"@type":"ListItem","position":3,"name":"Widlaser","item":"https:\/\/widinovations.pt\/fr\/equipement\/widlaser\/"},{"@type":"ListItem","position":4,"name":"Widlaser W2000"}]},{"@type":"WebSite","@id":"https:\/\/widinovations.pt\/#website","url":"https:\/\/widinovations.pt\/","name":"widinovations","description":"Equipamentos de Corte\/Grava\u00e7\u00e3o a Laser, Fresadoras e Laminadoras\/Encapsuladoras","publisher":{"@id":"https:\/\/widinovations.pt\/#organization"},"potentialAction":[{"@type":"SearchAction","target":{"@type":"EntryPoint","urlTemplate":"https:\/\/widinovations.pt\/?s={search_term_string}"},"query-input":{"@type":"PropertyValueSpecification","valueRequired":true,"valueName":"search_term_string"}}],"inLanguage":"fr-FR"},{"@type":"Organization","@id":"https:\/\/widinovations.pt\/#organization","name":"Widinovations","url":"https:\/\/widinovations.pt\/","logo":{"@type":"ImageObject","inLanguage":"fr-FR","@id":"https:\/\/widinovations.pt\/#\/schema\/logo\/image\/","url":"https:\/\/widinovations.pt\/wp-content\/uploads\/2016\/10\/wid_logo.svg","contentUrl":"https:\/\/widinovations.pt\/wp-content\/uploads\/2016\/10\/wid_logo.svg","width":1,"height":1,"caption":"Widinovations"},"image":{"@id":"https:\/\/widinovations.pt\/#\/schema\/logo\/image\/"},"sameAs":["https:\/\/www.facebook.com\/widinovations","https:\/\/www.instagram.com\/widinovations","https:\/\/www.linkedin.com\/company\/widinovations","https:\/\/www.youtube.com\/widinovations"]}]}},"_links":{"self":[{"href":"https:\/\/widinovations.pt\/fr\/wp-json\/wp\/v2\/pages\/14219","targetHints":{"allow":["GET"]}}],"collection":[{"href":"https:\/\/widinovations.pt\/fr\/wp-json\/wp\/v2\/pages"}],"about":[{"href":"https:\/\/widinovations.pt\/fr\/wp-json\/wp\/v2\/types\/page"}],"author":[{"embeddable":true,"href":"https:\/\/widinovations.pt\/fr\/wp-json\/wp\/v2\/users\/1"}],"replies":[{"embeddable":true,"href":"https:\/\/widinovations.pt\/fr\/wp-json\/wp\/v2\/comments?post=14219"}],"version-history":[{"count":3,"href":"https:\/\/widinovations.pt\/fr\/wp-json\/wp\/v2\/pages\/14219\/revisions"}],"predecessor-version":[{"id":14232,"href":"https:\/\/widinovations.pt\/fr\/wp-json\/wp\/v2\/pages\/14219\/revisions\/14232"}],"up":[{"embeddable":true,"href":"https:\/\/widinovations.pt\/fr\/wp-json\/wp\/v2\/pages\/13763"}],"wp:featuredmedia":[{"embeddable":true,"href":"https:\/\/widinovations.pt\/fr\/wp-json\/wp\/v2\/media\/14210"}],"wp:attachment":[{"href":"https:\/\/widinovations.pt\/fr\/wp-json\/wp\/v2\/media?parent=14219"}],"wp:term":[{"taxonomy":"category","embeddable":true,"href":"https:\/\/widinovations.pt\/fr\/wp-json\/wp\/v2\/categories?post=14219"},{"taxonomy":"post_tag","embeddable":true,"href":"https:\/\/widinovations.pt\/fr\/wp-json\/wp\/v2\/tags?post=14219"}],"curies":[{"name":"wp","href":"https:\/\/api.w.org\/{rel}","templated":true}]}}