{"id":14145,"date":"2025-05-04T18:22:51","date_gmt":"2025-05-04T18:22:51","guid":{"rendered":"https:\/\/widinovations.pt\/?page_id=14145"},"modified":"2025-05-04T18:29:55","modified_gmt":"2025-05-04T18:29:55","slug":"widlaser-v200","status":"publish","type":"page","link":"https:\/\/widinovations.pt\/fr\/equipement\/widlaser\/widlaser-v200\/","title":{"rendered":"Widlaser V200"},"content":{"rendered":"<div class=\"wpb-content-wrapper\"><p>[vc_row css=&#8221;.vc_custom_1746382990347{margin-top: 72px !important;margin-bottom: 100px !important;}&#8221;][vc_column offset=&#8221;vc_col-lg-9 vc_col-md-9&#8243;][vc_single_image image=&#8221;9683&#8243; img_size=&#8221;full&#8221;][vc_custom_heading source=&#8221;post_title&#8221; use_theme_fonts=&#8221;yes&#8221; subtitle=&#8221;Marquage laser&#8221;][vc_column_text]<\/p>\n<p class=\"p1\">Afin de <strong>r\u00e9pondre efficacement<\/strong> aux besoins du march\u00e9 du <strong>marquage laser<\/strong>, nous avons d\u00e9velopp\u00e9 la gamme d&#8217;\u00e9quipements Widlaser, robustes, fiables et technologiquement avanc\u00e9s, \u00e0 des conditions tr\u00e8s favorables.<\/p>\n<p>[\/vc_column_text][vc_video link=&#8221;https:\/\/youtube.com\/embed\/hWbi6Rvbj7I&#8221;][vc_column_text]<\/p>\n<blockquote>\n<p><strong>Dimensions (L x L x H)<\/strong>: 1650 x 1100 x 1950 mm | Bo\u00eetier: 1150 x 1150 x 2240 mm<br \/>\n<strong>Poids<\/strong>: environ 400 kg | Bo\u00eetier: environ 450 kg<br \/>\n<strong>Alimentacion<\/strong>: AC 240v 50\/60Hz<br \/>\n<strong>Type de laser<\/strong>: Laser UV<\/p>\n<\/blockquote>\n<p>[\/vc_column_text][vc_row_inner css=&#8221;.vc_custom_1455886085190{margin-bottom: 10px !important;}&#8221;][vc_column_inner width=&#8221;1\/2&#8243;][stm_icon_box hide_title_line=&#8221;hide_title_line&#8221; enable_hexagon=&#8221;enable&#8221; icon=&#8221;fas fa-magic&#8221; style=&#8221;icon_left&#8221; icon_size=&#8221;18&#8243; icon_width=&#8221;82&#8243; title=&#8221;Les meilleurs lasers du march\u00e9&#8221;]<\/p>\n<p class=\"p1\">Nous disposons d&#8217;une gamme compl\u00e8te de lasers issus de partenariats avec les meilleures marques du march\u00e9.<\/p>\n<p>[\/stm_icon_box][\/vc_column_inner][vc_column_inner width=&#8221;1\/2&#8243;][stm_icon_box hide_title_line=&#8221;hide_title_line&#8221; enable_hexagon=&#8221;enable&#8221; icon=&#8221;fas fa-laptop&#8221; style=&#8221;icon_left&#8221; icon_size=&#8221;18&#8243; icon_width=&#8221;82&#8243; title=&#8221;Logiciel facile \u00e0 utiliser&#8221;]<\/p>\n<p class=\"p1\">Logiciel intuitif dot\u00e9 d&#8217;outils puissants, adapt\u00e9 aux d\u00e9butants comme aux professionnels.<\/p>\n<p>[\/stm_icon_box][\/vc_column_inner][\/vc_row_inner][vc_row_inner css=&#8221;.vc_custom_1455886051719{margin-bottom: 10px !important;}&#8221;][vc_column_inner width=&#8221;1\/2&#8243;][stm_icon_box hide_title_line=&#8221;hide_title_line&#8221; enable_hexagon=&#8221;enable&#8221; icon=&#8221;fas fa-cogs&#8221; style=&#8221;icon_left&#8221; icon_size=&#8221;18&#8243; icon_width=&#8221;82&#8243; title=&#8221;Des applications infinies&#8221;]<\/p>\n<p class=\"p1\">La limite est toujours votre imagination !<\/p>\n<p class=\"p1\">Gravez plusieurs mat\u00e9riaux avec un seul proc\u00e9d\u00e9. Table r\u00e9glable en hauteur avec double point de focalisation pour une utilisation facile.<\/p>\n<p>[\/stm_icon_box][\/vc_column_inner][vc_column_inner width=&#8221;1\/2&#8243;][stm_icon_box hide_title_line=&#8221;hide_title_line&#8221; enable_hexagon=&#8221;enable&#8221; icon=&#8221;far fa-gem&#8221; style=&#8221;icon_left&#8221; icon_size=&#8221;18&#8243; icon_width=&#8221;82&#8243; title=&#8221;Mat\u00e9riaux de qualit\u00e9 \u00e9prouv\u00e9e&#8221;]<\/p>\n<p class=\"p1\">Conception et robustesse avec garantie de fiabilit\u00e9 et de pr\u00e9cision.<\/p>\n<p>[\/stm_icon_box][\/vc_column_inner][\/vc_row_inner][vc_separator color=&#8221;custom&#8221; accent_color=&#8221;#dddddd&#8221; css=&#8221;.vc_custom_1453271595991{margin-bottom: 21px !important;}&#8221;][vc_row_inner css=&#8221;.vc_custom_1453271763899{margin-bottom: 33px !important;}&#8221;][vc_column_inner width=&#8221;1\/4&#8243; css=&#8221;.vc_custom_1453272656287{padding-right: 45px !important;}&#8221;][vc_custom_heading text=&#8221;Galerie de photos&#8221; font_container=&#8221;tag:h3|font_size:24px|text_align:right|color:%23222222|line_height:30px&#8221; use_theme_fonts=&#8221;yes&#8221;][\/vc_column_inner][vc_column_inner width=&#8221;3\/4&#8243; css=&#8221;.vc_custom_1453271259318{padding-top: 18px !important;}&#8221;][vc_images_carousel images=&#8221;9686,7258,7255,7261,4902,4884,11102&#8243; img_size=&#8221;full&#8221;][\/vc_column_inner][\/vc_row_inner][vc_separator color=&#8221;custom&#8221; accent_color=&#8221;#dddddd&#8221; css=&#8221;.vc_custom_1453271595991{margin-bottom: 21px !important;}&#8221;][vc_btn title=&#8221;T\u00e9l\u00e9charger la brochure V200&#8243; style=&#8221;custom&#8221; custom_background=&#8221;#002e6d&#8221; custom_text=&#8221;#ffffff&#8221; align=&#8221;center&#8221; button_block=&#8221;true&#8221; link=&#8221;url:https%3A%2F%2Fwidinovations.pt%2Fwp-content%2Fuploads%2F2025%2F05%2FWidlaser_catalogue_A4_V200_V6.0_FR.pdf|title:T%C3%A9l%C3%A9charger%20la%20brochure%20V200|target:_blank&#8221;][vc_separator color=&#8221;custom&#8221; accent_color=&#8221;#dddddd&#8221; css=&#8221;.vc_custom_1453271595991{margin-bottom: 21px !important;}&#8221;][vc_row_inner css=&#8221;.vc_custom_1453271763899{margin-bottom: 33px !important;}&#8221;][vc_column_inner width=&#8221;1\/4&#8243; css=&#8221;.vc_custom_1453272656287{padding-right: 45px !important;}&#8221;][vc_custom_heading text=&#8221;Caract\u00e9ristiques principales<br \/>\n&#8221; font_container=&#8221;tag:h3|font_size:24px|text_align:right|color:%23222222|line_height:30px&#8221; use_theme_fonts=&#8221;yes&#8221;][\/vc_column_inner][vc_column_inner width=&#8221;3\/4&#8243; css=&#8221;.vc_custom_1453271259318{padding-top: 18px !important;}&#8221;][vc_column_text]<\/p>\n<ul class=\"ul1\">\n<li class=\"li1\">Zone de travail: 175 x 175 mm<\/li>\n<li class=\"li1\">Table r\u00e9glable en hauteur: jusqu&#8217;\u00e0 1000 mm<\/li>\n<li class=\"li1\">Laser ultraviolet de 5W avec une longueur d&#8217;onde de 355nm<\/li>\n<li class=\"li1\">Taille minimale de la ligne: 0,1 mm<\/li>\n<li class=\"li1\">Vitesse: jusqu&#8217;\u00e0 4000 mm\/sec.<\/li>\n<li class=\"li1\">R\u00e9solution: jusqu&#8217;\u00e0 2000 DPI<\/li>\n<li class=\"li1\">D\u00e9senfumage<\/li>\n<li class=\"li1\">Autofocus<\/li>\n<li class=\"li1\">Refroidissement et chauffage: Refroidisseur industriel, avec syst\u00e8me de refroidissement automatique int\u00e9gr\u00e9<\/li>\n<li class=\"li1\">Ordinateur<\/li>\n<li class=\"li1\">Connectivit\u00e9: USB et r\u00e9seau<\/li>\n<li class=\"li1\">Logiciel: EzCad 2<\/li>\n<li class=\"li1\">Formats de fichiers: Plt, Dxf, Ai, Bmp, Jpeg, Png, Tiff, Gif, entre autres<\/li>\n<\/ul>\n<p>[\/vc_column_text][\/vc_column_inner][\/vc_row_inner][vc_separator color=&#8221;custom&#8221; accent_color=&#8221;#dddddd&#8221; css=&#8221;.vc_custom_1453271595991{margin-bottom: 21px !important;}&#8221;][vc_row_inner css=&#8221;.vc_custom_1468940948903{margin-bottom: 33px !important;}&#8221;][vc_column_inner width=&#8221;1\/4&#8243; css=&#8221;.vc_custom_1453270747989{padding-right: 45px !important;}&#8221;][vc_custom_heading text=&#8221;Optionnel&#8221; font_container=&#8221;tag:h3|font_size:24px|text_align:right|color:%23222222|line_height:30px&#8221; use_theme_fonts=&#8221;yes&#8221;][\/vc_column_inner][vc_column_inner width=&#8221;3\/4&#8243; css=&#8221;.vc_custom_1453271259318{padding-top: 18px !important;}&#8221;][vc_column_text]<\/p>\n<ul class=\"ul1\">\n<li class=\"li1\">Laser ultraviolet 10W d&#8217;une longueur d&#8217;onde de 355nm<\/li>\n<li class=\"li1\">Lentilles: 100 x 100 mm; 150 x 150 mm; 275 x 275 mm<\/li>\n<li class=\"li1\">Adaptateur rotatif pour objets cylindriques<\/li>\n<li class=\"li1\">Adaptateur rotatif en format carrousel<\/li>\n<li class=\"li1\">Table avec d\u00e9placement lat\u00e9ral<\/li>\n<\/ul>\n<p>[\/vc_column_text][\/vc_column_inner][\/vc_row_inner][\/vc_column][vc_column width=&#8221;1\/4&#8243;][vc_tta_accordion shape=&#8221;square&#8221; active_section=&#8221;1&#8243; collapsible_all=&#8221;true&#8221;][vc_tta_section title=&#8221;Widlaser&#8221; tab_id=&#8221;1471959714325-c0f30685-b013e470-2ebc&#8221;][vc_wp_custommenu nav_menu=&#8221;126&#8243;][\/vc_tta_section][vc_tta_section title=&#8221;Widlaminator&#8221; tab_id=&#8221;1471959714465-24731e69-4285e470-2ebc&#8221;][vc_wp_custommenu nav_menu=&#8221;127&#8243;][\/vc_tta_section][vc_tta_section title=&#8221;Widcnc&#8221; tab_id=&#8221;1471959714544-25b421eb-a88be470-2ebc&#8221;][vc_wp_custommenu nav_menu=&#8221;128&#8243;][\/vc_tta_section][\/vc_tta_accordion][stm_sidebar sidebar=&#8221;1908&#8243;][\/vc_column][\/vc_row]<\/p>\n<\/div>","protected":false},"excerpt":{"rendered":"<p>[vc_row css=&#8221;.vc_custom_1746382990347{margin-top: 72px !important;margin-bottom: 100px !important;}&#8221;][vc_column offset=&#8221;vc_col-lg-9 vc_col-md-9&#8243;][vc_single_image image=&#8221;9683&#8243; img_size=&#8221;full&#8221;][vc_custom_heading source=&#8221;post_title&#8221; use_theme_fonts=&#8221;yes&#8221; subtitle=&#8221;Marquage laser&#8221;][vc_column_text] Afin de r\u00e9pondre efficacement aux besoins du march\u00e9 du marquage laser, nous avons d\u00e9velopp\u00e9 la gamme d&#8217;\u00e9quipements Widlaser, robustes, fiables et technologiquement avanc\u00e9s, \u00e0 des conditions tr\u00e8s favorables. [\/vc_column_text][vc_video link=&#8221;https:\/\/youtube.com\/embed\/hWbi6Rvbj7I&#8221;][vc_column_text] Dimensions (L x L x H): 1650 x 1100 x 1950<\/p>\n","protected":false},"author":1,"featured_media":14146,"parent":13763,"menu_order":0,"comment_status":"closed","ping_status":"closed","template":"","meta":{"inline_featured_image":false,"cybocfi_hide_featured_image":"","footnotes":""},"categories":[],"tags":[],"class_list":["post-14145","page","type-page","status-publish","has-post-thumbnail","hentry"],"yoast_head":"<!-- This site is optimized with the Yoast SEO plugin v26.5 - https:\/\/yoast.com\/wordpress\/plugins\/seo\/ -->\n<title>Widlaser V200 - widinovations<\/title>\n<meta name=\"robots\" content=\"index, follow, max-snippet:-1, max-image-preview:large, max-video-preview:-1\" \/>\n<link rel=\"canonical\" href=\"https:\/\/widinovations.pt\/fr\/equipement\/widlaser\/widlaser-v200\/\" \/>\n<meta property=\"og:locale\" content=\"fr_FR\" \/>\n<meta property=\"og:type\" content=\"article\" \/>\n<meta property=\"og:title\" content=\"Widlaser V200 - widinovations\" \/>\n<meta property=\"og:description\" content=\"[vc_row css=&#8221;.vc_custom_1746382990347{margin-top: 72px !important;margin-bottom: 100px !important;}&#8221;][vc_column offset=&#8221;vc_col-lg-9 vc_col-md-9&#8243;][vc_single_image image=&#8221;9683&#8243; img_size=&#8221;full&#8221;][vc_custom_heading source=&#8221;post_title&#8221; use_theme_fonts=&#8221;yes&#8221; subtitle=&#8221;Marquage laser&#8221;][vc_column_text] Afin de r\u00e9pondre efficacement aux besoins du march\u00e9 du marquage laser, nous avons d\u00e9velopp\u00e9 la gamme d&#8217;\u00e9quipements Widlaser, robustes, fiables et technologiquement avanc\u00e9s, \u00e0 des conditions tr\u00e8s favorables. [\/vc_column_text][vc_video link=&#8221;https:\/\/youtube.com\/embed\/hWbi6Rvbj7I&#8221;][vc_column_text] Dimensions (L x L x H): 1650 x 1100 x 1950\" \/>\n<meta property=\"og:url\" content=\"https:\/\/widinovations.pt\/fr\/equipement\/widlaser\/widlaser-v200\/\" \/>\n<meta property=\"og:site_name\" content=\"widinovations\" \/>\n<meta property=\"article:publisher\" content=\"https:\/\/www.facebook.com\/widinovations\" \/>\n<meta property=\"article:modified_time\" content=\"2025-05-04T18:29:55+00:00\" \/>\n<meta property=\"og:image\" content=\"https:\/\/widinovations.pt\/wp-content\/uploads\/2022\/08\/widlaser-V200_1.jpg\" \/>\n\t<meta property=\"og:image:width\" content=\"1000\" \/>\n\t<meta property=\"og:image:height\" content=\"668\" \/>\n\t<meta property=\"og:image:type\" content=\"image\/jpeg\" \/>\n<meta name=\"twitter:card\" content=\"summary_large_image\" \/>\n<meta name=\"twitter:label1\" content=\"Dur\u00e9e de lecture estim\u00e9e\" \/>\n\t<meta name=\"twitter:data1\" content=\"4 minutes\" \/>\n<script type=\"application\/ld+json\" class=\"yoast-schema-graph\">{\"@context\":\"https:\/\/schema.org\",\"@graph\":[{\"@type\":\"WebPage\",\"@id\":\"https:\/\/widinovations.pt\/fr\/equipement\/widlaser\/widlaser-v200\/\",\"url\":\"https:\/\/widinovations.pt\/fr\/equipement\/widlaser\/widlaser-v200\/\",\"name\":\"Widlaser V200 - widinovations\",\"isPartOf\":{\"@id\":\"https:\/\/widinovations.pt\/#website\"},\"primaryImageOfPage\":{\"@id\":\"https:\/\/widinovations.pt\/fr\/equipement\/widlaser\/widlaser-v200\/#primaryimage\"},\"image\":{\"@id\":\"https:\/\/widinovations.pt\/fr\/equipement\/widlaser\/widlaser-v200\/#primaryimage\"},\"thumbnailUrl\":\"https:\/\/widinovations.pt\/wp-content\/uploads\/2022\/08\/widlaser-V200_1.jpg\",\"datePublished\":\"2025-05-04T18:22:51+00:00\",\"dateModified\":\"2025-05-04T18:29:55+00:00\",\"breadcrumb\":{\"@id\":\"https:\/\/widinovations.pt\/fr\/equipement\/widlaser\/widlaser-v200\/#breadcrumb\"},\"inLanguage\":\"fr-FR\",\"potentialAction\":[{\"@type\":\"ReadAction\",\"target\":[\"https:\/\/widinovations.pt\/fr\/equipement\/widlaser\/widlaser-v200\/\"]}]},{\"@type\":\"ImageObject\",\"inLanguage\":\"fr-FR\",\"@id\":\"https:\/\/widinovations.pt\/fr\/equipement\/widlaser\/widlaser-v200\/#primaryimage\",\"url\":\"https:\/\/widinovations.pt\/wp-content\/uploads\/2022\/08\/widlaser-V200_1.jpg\",\"contentUrl\":\"https:\/\/widinovations.pt\/wp-content\/uploads\/2022\/08\/widlaser-V200_1.jpg\",\"width\":1000,\"height\":668},{\"@type\":\"BreadcrumbList\",\"@id\":\"https:\/\/widinovations.pt\/fr\/equipement\/widlaser\/widlaser-v200\/#breadcrumb\",\"itemListElement\":[{\"@type\":\"ListItem\",\"position\":1,\"name\":\"Home\",\"item\":\"https:\/\/widinovations.pt\/fr\/home\/\"},{\"@type\":\"ListItem\",\"position\":2,\"name\":\"\u00c9quipement\",\"item\":\"https:\/\/widinovations.pt\/fr\/equipement\/\"},{\"@type\":\"ListItem\",\"position\":3,\"name\":\"Widlaser\",\"item\":\"https:\/\/widinovations.pt\/fr\/equipement\/widlaser\/\"},{\"@type\":\"ListItem\",\"position\":4,\"name\":\"Widlaser V200\"}]},{\"@type\":\"WebSite\",\"@id\":\"https:\/\/widinovations.pt\/#website\",\"url\":\"https:\/\/widinovations.pt\/\",\"name\":\"widinovations\",\"description\":\"Equipamentos de Corte\/Grava\u00e7\u00e3o a Laser, Fresadoras e Laminadoras\/Encapsuladoras\",\"publisher\":{\"@id\":\"https:\/\/widinovations.pt\/#organization\"},\"potentialAction\":[{\"@type\":\"SearchAction\",\"target\":{\"@type\":\"EntryPoint\",\"urlTemplate\":\"https:\/\/widinovations.pt\/?s={search_term_string}\"},\"query-input\":{\"@type\":\"PropertyValueSpecification\",\"valueRequired\":true,\"valueName\":\"search_term_string\"}}],\"inLanguage\":\"fr-FR\"},{\"@type\":\"Organization\",\"@id\":\"https:\/\/widinovations.pt\/#organization\",\"name\":\"Widinovations\",\"url\":\"https:\/\/widinovations.pt\/\",\"logo\":{\"@type\":\"ImageObject\",\"inLanguage\":\"fr-FR\",\"@id\":\"https:\/\/widinovations.pt\/#\/schema\/logo\/image\/\",\"url\":\"https:\/\/widinovations.pt\/wp-content\/uploads\/2016\/10\/wid_logo.svg\",\"contentUrl\":\"https:\/\/widinovations.pt\/wp-content\/uploads\/2016\/10\/wid_logo.svg\",\"width\":1,\"height\":1,\"caption\":\"Widinovations\"},\"image\":{\"@id\":\"https:\/\/widinovations.pt\/#\/schema\/logo\/image\/\"},\"sameAs\":[\"https:\/\/www.facebook.com\/widinovations\",\"https:\/\/www.instagram.com\/widinovations\",\"https:\/\/www.linkedin.com\/company\/widinovations\",\"https:\/\/www.youtube.com\/widinovations\"]}]}<\/script>\n<!-- \/ Yoast SEO plugin. -->","yoast_head_json":{"title":"Widlaser V200 - widinovations","robots":{"index":"index","follow":"follow","max-snippet":"max-snippet:-1","max-image-preview":"max-image-preview:large","max-video-preview":"max-video-preview:-1"},"canonical":"https:\/\/widinovations.pt\/fr\/equipement\/widlaser\/widlaser-v200\/","og_locale":"fr_FR","og_type":"article","og_title":"Widlaser V200 - widinovations","og_description":"[vc_row css=&#8221;.vc_custom_1746382990347{margin-top: 72px !important;margin-bottom: 100px !important;}&#8221;][vc_column offset=&#8221;vc_col-lg-9 vc_col-md-9&#8243;][vc_single_image image=&#8221;9683&#8243; img_size=&#8221;full&#8221;][vc_custom_heading source=&#8221;post_title&#8221; use_theme_fonts=&#8221;yes&#8221; subtitle=&#8221;Marquage laser&#8221;][vc_column_text] Afin de r\u00e9pondre efficacement aux besoins du march\u00e9 du marquage laser, nous avons d\u00e9velopp\u00e9 la gamme d&#8217;\u00e9quipements Widlaser, robustes, fiables et technologiquement avanc\u00e9s, \u00e0 des conditions tr\u00e8s favorables. [\/vc_column_text][vc_video link=&#8221;https:\/\/youtube.com\/embed\/hWbi6Rvbj7I&#8221;][vc_column_text] Dimensions (L x L x H): 1650 x 1100 x 1950","og_url":"https:\/\/widinovations.pt\/fr\/equipement\/widlaser\/widlaser-v200\/","og_site_name":"widinovations","article_publisher":"https:\/\/www.facebook.com\/widinovations","article_modified_time":"2025-05-04T18:29:55+00:00","og_image":[{"width":1000,"height":668,"url":"https:\/\/widinovations.pt\/wp-content\/uploads\/2022\/08\/widlaser-V200_1.jpg","type":"image\/jpeg"}],"twitter_card":"summary_large_image","twitter_misc":{"Dur\u00e9e de lecture estim\u00e9e":"4 minutes"},"schema":{"@context":"https:\/\/schema.org","@graph":[{"@type":"WebPage","@id":"https:\/\/widinovations.pt\/fr\/equipement\/widlaser\/widlaser-v200\/","url":"https:\/\/widinovations.pt\/fr\/equipement\/widlaser\/widlaser-v200\/","name":"Widlaser V200 - widinovations","isPartOf":{"@id":"https:\/\/widinovations.pt\/#website"},"primaryImageOfPage":{"@id":"https:\/\/widinovations.pt\/fr\/equipement\/widlaser\/widlaser-v200\/#primaryimage"},"image":{"@id":"https:\/\/widinovations.pt\/fr\/equipement\/widlaser\/widlaser-v200\/#primaryimage"},"thumbnailUrl":"https:\/\/widinovations.pt\/wp-content\/uploads\/2022\/08\/widlaser-V200_1.jpg","datePublished":"2025-05-04T18:22:51+00:00","dateModified":"2025-05-04T18:29:55+00:00","breadcrumb":{"@id":"https:\/\/widinovations.pt\/fr\/equipement\/widlaser\/widlaser-v200\/#breadcrumb"},"inLanguage":"fr-FR","potentialAction":[{"@type":"ReadAction","target":["https:\/\/widinovations.pt\/fr\/equipement\/widlaser\/widlaser-v200\/"]}]},{"@type":"ImageObject","inLanguage":"fr-FR","@id":"https:\/\/widinovations.pt\/fr\/equipement\/widlaser\/widlaser-v200\/#primaryimage","url":"https:\/\/widinovations.pt\/wp-content\/uploads\/2022\/08\/widlaser-V200_1.jpg","contentUrl":"https:\/\/widinovations.pt\/wp-content\/uploads\/2022\/08\/widlaser-V200_1.jpg","width":1000,"height":668},{"@type":"BreadcrumbList","@id":"https:\/\/widinovations.pt\/fr\/equipement\/widlaser\/widlaser-v200\/#breadcrumb","itemListElement":[{"@type":"ListItem","position":1,"name":"Home","item":"https:\/\/widinovations.pt\/fr\/home\/"},{"@type":"ListItem","position":2,"name":"\u00c9quipement","item":"https:\/\/widinovations.pt\/fr\/equipement\/"},{"@type":"ListItem","position":3,"name":"Widlaser","item":"https:\/\/widinovations.pt\/fr\/equipement\/widlaser\/"},{"@type":"ListItem","position":4,"name":"Widlaser V200"}]},{"@type":"WebSite","@id":"https:\/\/widinovations.pt\/#website","url":"https:\/\/widinovations.pt\/","name":"widinovations","description":"Equipamentos de Corte\/Grava\u00e7\u00e3o a Laser, Fresadoras e Laminadoras\/Encapsuladoras","publisher":{"@id":"https:\/\/widinovations.pt\/#organization"},"potentialAction":[{"@type":"SearchAction","target":{"@type":"EntryPoint","urlTemplate":"https:\/\/widinovations.pt\/?s={search_term_string}"},"query-input":{"@type":"PropertyValueSpecification","valueRequired":true,"valueName":"search_term_string"}}],"inLanguage":"fr-FR"},{"@type":"Organization","@id":"https:\/\/widinovations.pt\/#organization","name":"Widinovations","url":"https:\/\/widinovations.pt\/","logo":{"@type":"ImageObject","inLanguage":"fr-FR","@id":"https:\/\/widinovations.pt\/#\/schema\/logo\/image\/","url":"https:\/\/widinovations.pt\/wp-content\/uploads\/2016\/10\/wid_logo.svg","contentUrl":"https:\/\/widinovations.pt\/wp-content\/uploads\/2016\/10\/wid_logo.svg","width":1,"height":1,"caption":"Widinovations"},"image":{"@id":"https:\/\/widinovations.pt\/#\/schema\/logo\/image\/"},"sameAs":["https:\/\/www.facebook.com\/widinovations","https:\/\/www.instagram.com\/widinovations","https:\/\/www.linkedin.com\/company\/widinovations","https:\/\/www.youtube.com\/widinovations"]}]}},"_links":{"self":[{"href":"https:\/\/widinovations.pt\/fr\/wp-json\/wp\/v2\/pages\/14145","targetHints":{"allow":["GET"]}}],"collection":[{"href":"https:\/\/widinovations.pt\/fr\/wp-json\/wp\/v2\/pages"}],"about":[{"href":"https:\/\/widinovations.pt\/fr\/wp-json\/wp\/v2\/types\/page"}],"author":[{"embeddable":true,"href":"https:\/\/widinovations.pt\/fr\/wp-json\/wp\/v2\/users\/1"}],"replies":[{"embeddable":true,"href":"https:\/\/widinovations.pt\/fr\/wp-json\/wp\/v2\/comments?post=14145"}],"version-history":[{"count":3,"href":"https:\/\/widinovations.pt\/fr\/wp-json\/wp\/v2\/pages\/14145\/revisions"}],"predecessor-version":[{"id":14153,"href":"https:\/\/widinovations.pt\/fr\/wp-json\/wp\/v2\/pages\/14145\/revisions\/14153"}],"up":[{"embeddable":true,"href":"https:\/\/widinovations.pt\/fr\/wp-json\/wp\/v2\/pages\/13763"}],"wp:featuredmedia":[{"embeddable":true,"href":"https:\/\/widinovations.pt\/fr\/wp-json\/wp\/v2\/media\/14146"}],"wp:attachment":[{"href":"https:\/\/widinovations.pt\/fr\/wp-json\/wp\/v2\/media?parent=14145"}],"wp:term":[{"taxonomy":"category","embeddable":true,"href":"https:\/\/widinovations.pt\/fr\/wp-json\/wp\/v2\/categories?post=14145"},{"taxonomy":"post_tag","embeddable":true,"href":"https:\/\/widinovations.pt\/fr\/wp-json\/wp\/v2\/tags?post=14145"}],"curies":[{"name":"wp","href":"https:\/\/api.w.org\/{rel}","templated":true}]}}