{"id":14008,"date":"2025-05-04T16:46:35","date_gmt":"2025-05-04T16:46:35","guid":{"rendered":"https:\/\/widinovations.pt\/?page_id=14008"},"modified":"2025-05-04T16:56:41","modified_gmt":"2025-05-04T16:56:41","slug":"widlaser-german-2000","status":"publish","type":"page","link":"https:\/\/widinovations.pt\/fr\/equipement\/widlaser\/widlaser-german-2000\/","title":{"rendered":"Widlaser German 2000"},"content":{"rendered":"<div class=\"wpb-content-wrapper\"><p>[vc_row css=&#8221;.vc_custom_1746377209597{margin-top: 72px !important;margin-bottom: 100px !important;}&#8221;][vc_column offset=&#8221;vc_col-lg-9 vc_col-md-9&#8243;][vc_single_image image=&#8221;13184&#8243; img_size=&#8221;full&#8221;][vc_custom_heading source=&#8221;post_title&#8221; use_theme_fonts=&#8221;yes&#8221; subtitle=&#8221;D\u00e9coupe&#8221;][vc_column_text]<\/p>\n<p class=\"p1\">Le <strong>Widlaser German 2000<\/strong> a \u00e9t\u00e9 con\u00e7u pour r\u00e9pondre aux besoins de d\u00e9coupe les plus exigeants du march\u00e9 (en particulier les acryliques, mais pas seulement) pour des travaux allant jusqu&#8217;\u00e0 2\u00d73 m\u00e8tres et des \u00e9paisseurs allant jusqu&#8217;\u00e0 30 mm. Cet \u00e9quipement allie hautes performances et robustesse, garantissant des r\u00e9sultats extraordinaires m\u00eame dans les projets les plus difficiles.<\/p>\n<p class=\"p1\">Gr\u00e2ce \u00e0 sa structure solide et \u00e0 sa technologie avanc\u00e9e, le Widlaser German 2000 offre une pr\u00e9cision et une efficacit\u00e9 maximales, ce qui en fait la solution id\u00e9ale pour ceux qui cherchent \u00e0 \u00e9largir leurs possibilit\u00e9s de d\u00e9coupe de mat\u00e9riaux plus denses, tout en garantissant une productivit\u00e9 \u00e9lev\u00e9e sans compromis sur la qualit\u00e9. Qu&#8217;il s&#8217;agisse d&#8217;applications industrielles ou de projets cr\u00e9atifs \u00e0 grande \u00e9chelle, le Widlaser German 2000 est l&#8217;outil qui place la barre plus haut pour votre travail.<\/p>\n<p>[\/vc_column_text][vc_column_text]<\/p>\n<blockquote>\n<p><strong>Dimens\u00f5es (L x L x H):<\/strong> 3100 x 4670 x 1250 mm<br \/>\n<strong>Poids:<\/strong> 1450 kg<br \/>\n<strong>Alimentacion:<\/strong> 4000W AC 240v 50\/60Hz<br \/>\n<strong>Type de Laser: <\/strong>CO2 400W<\/p>\n<\/blockquote>\n<p>[\/vc_column_text][vc_row_inner css=&#8221;.vc_custom_1455886085190{margin-bottom: 10px !important;}&#8221;][vc_column_inner width=&#8221;1\/2&#8243;][stm_icon_box hide_title_line=&#8221;hide_title_line&#8221; enable_hexagon=&#8221;enable&#8221; icon=&#8221;fas fa-magic&#8221; style=&#8221;icon_left&#8221; icon_size=&#8221;18&#8243; icon_width=&#8221;82&#8243; title=&#8221;Les meilleurs lasers du march\u00e9&#8221;]<\/p>\n<p class=\"p1\">Nous disposons d&#8217;une gamme compl\u00e8te de lasers issus de partenariats avec les meilleures marques du march\u00e9.<\/p>\n<p>[\/stm_icon_box][\/vc_column_inner][vc_column_inner width=&#8221;1\/2&#8243;][stm_icon_box hide_title_line=&#8221;hide_title_line&#8221; enable_hexagon=&#8221;enable&#8221; icon=&#8221;fas fa-laptop&#8221; style=&#8221;icon_left&#8221; icon_size=&#8221;18&#8243; icon_width=&#8221;82&#8243; title=&#8221;Logiciel facile \u00e0 utiliser&#8221;]<\/p>\n<p class=\"p1\">Logiciel intuitif dot\u00e9 d&#8217;outils puissants, adapt\u00e9 aux d\u00e9butants comme aux professionnels.<\/p>\n<p>[\/stm_icon_box][\/vc_column_inner][\/vc_row_inner][vc_row_inner css=&#8221;.vc_custom_1455886051719{margin-bottom: 10px !important;}&#8221;][vc_column_inner width=&#8221;1\/2&#8243;][stm_icon_box hide_title_line=&#8221;hide_title_line&#8221; enable_hexagon=&#8221;enable&#8221; icon=&#8221;fas fa-cogs&#8221; style=&#8221;icon_left&#8221; icon_size=&#8221;18&#8243; icon_width=&#8221;82&#8243; title=&#8221;Des applications infinies&#8221;]<\/p>\n<p class=\"p1\">La limite, c&#8217;est toujours l&#8217;imagination !<\/p>\n<p class=\"p1\">D\u00e9coupe de divers mat\u00e9riaux.<\/p>\n<p>[\/stm_icon_box][\/vc_column_inner][vc_column_inner width=&#8221;1\/2&#8243;][stm_icon_box hide_title_line=&#8221;hide_title_line&#8221; enable_hexagon=&#8221;enable&#8221; icon=&#8221;far fa-gem&#8221; style=&#8221;icon_left&#8221; icon_size=&#8221;18&#8243; icon_width=&#8221;82&#8243; title=&#8221;Mat\u00e9riaux de qualit\u00e9 \u00e9prouv\u00e9e&#8221;]<\/p>\n<p class=\"p1\">Conception et robustesse avec garantie de fiabilit\u00e9 et de pr\u00e9cision.<\/p>\n<p>[\/stm_icon_box][\/vc_column_inner][\/vc_row_inner][vc_separator color=&#8221;custom&#8221; accent_color=&#8221;#dddddd&#8221; css=&#8221;.vc_custom_1453271595991{margin-bottom: 21px !important;}&#8221;][vc_row_inner css=&#8221;.vc_custom_1453271763899{margin-bottom: 33px !important;}&#8221;][vc_column_inner width=&#8221;1\/4&#8243; css=&#8221;.vc_custom_1453272656287{padding-right: 45px !important;}&#8221;][vc_custom_heading text=&#8221;Galerie de photos&#8221; font_container=&#8221;tag:h3|font_size:24px|text_align:right|color:%23222222|line_height:30px&#8221; use_theme_fonts=&#8221;yes&#8221;][\/vc_column_inner][vc_column_inner width=&#8221;3\/4&#8243; css=&#8221;.vc_custom_1453271259318{padding-top: 18px !important;}&#8221;][vc_images_carousel images=&#8221;13184,13187,13196,13190,13181&#8243; img_size=&#8221;full&#8221;][\/vc_column_inner][\/vc_row_inner][vc_separator color=&#8221;custom&#8221; accent_color=&#8221;#dddddd&#8221; css=&#8221;.vc_custom_1453271595991{margin-bottom: 21px !important;}&#8221;][vc_btn title=&#8221;T\u00e9l\u00e9charger la brochure German 2000&#8243; style=&#8221;custom&#8221; custom_background=&#8221;#002e6d&#8221; custom_text=&#8221;#ffffff&#8221; align=&#8221;center&#8221; button_block=&#8221;true&#8221; link=&#8221;url:https%3A%2F%2Fwidinovations.pt%2Fwp-content%2Fuploads%2F2025%2F05%2FWidlaser_catalogue_A4_GERMAN2000_V6.1_FR.pdf|title:T%C3%A9l%C3%A9charger%20la%20brochure%20German%202000|target:_blank&#8221;][vc_separator color=&#8221;custom&#8221; accent_color=&#8221;#dddddd&#8221; css=&#8221;.vc_custom_1453271595991{margin-bottom: 21px !important;}&#8221;][vc_row_inner css=&#8221;.vc_custom_1453271763899{margin-bottom: 33px !important;}&#8221;][vc_column_inner width=&#8221;1\/4&#8243; css=&#8221;.vc_custom_1453272656287{padding-right: 45px !important;}&#8221;][vc_custom_heading text=&#8221;Caract\u00e9ristiques principales&#8221; font_container=&#8221;tag:h3|font_size:24px|text_align:right|color:%23222222|line_height:30px&#8221; use_theme_fonts=&#8221;yes&#8221;][\/vc_column_inner][vc_column_inner width=&#8221;3\/4&#8243; css=&#8221;.vc_custom_1453271259318{padding-top: 18px !important;}&#8221;][vc_column_text]<\/p>\n<div>\n<ul>\n<li>Surface de travail maximale : 2040 x 3050 mm<\/li>\n<li>Puissance du laser : 400w (laser combin\u00e9)<\/li>\n<li>Pr\u00e9cision de positionnement X\/Y : 0,01mm\/m environ<\/li>\n<li>Servomoteurs et pilotes japonais<\/li>\n<li>Mouvement : axes X\/Y\/Z avec entra\u00eenement \u00e0 vis sans fin anti-recul de haute pr\u00e9cision et guides lin\u00e9aires de haute pr\u00e9cision<\/li>\n<li>Cam\u00e9ra CCD pour la d\u00e9coupe des contours<\/li>\n<li>\u00c9paisseurs approximatives (400w)* : Acrylique \u2264 40mm ; Bois\/MDF \u2264 15mm ;<\/li>\n<li>Contreplaqu\u00e9 \u2264 20mm, etc.<\/li>\n<li>Stabilisateur de tension (400w) : 10KVa<\/li>\n<li>Ch\u00e2ssis industriel avec traitement anti-corrosion et anti-stress, faisant l&#8217;objet d&#8217;un usinage de pr\u00e9cision pour assembler les diff\u00e9rents composants<\/li>\n<li>Technologie de distance constante dans la trajectoire du laser. Miroir \u00e0 rev\u00eatement di\u00e9lectrique avec refroidissement par air<\/li>\n<li>Extraction par le bas (table) et par le haut (pont d&#8217;\u00e9quipement)<\/li>\n<li>Table : lames amovibles (ruche en option)<\/li>\n<li>Unit\u00e9 de refroidissement industriel par eau<\/li>\n<li>Raccordement \u00e9lectrique : 220V 50Hz, \u00b1 5%<\/li>\n<li>Logiciel inclus<\/li>\n<li>Ordinateur inclus avec Win10\/Win11<\/li>\n<\/ul>\n<\/div>\n<p>[\/vc_column_text][\/vc_column_inner][\/vc_row_inner][vc_separator color=&#8221;custom&#8221; accent_color=&#8221;#dddddd&#8221; css=&#8221;.vc_custom_1468940927480{margin-bottom: 21px !important;}&#8221;][vc_row_inner css=&#8221;.vc_custom_1468940948903{margin-bottom: 33px !important;}&#8221;][vc_column_inner width=&#8221;1\/4&#8243; css=&#8221;.vc_custom_1453270747989{padding-right: 45px !important;}&#8221;][vc_custom_heading text=&#8221;Optionnel&#8221; font_container=&#8221;tag:h3|font_size:24px|text_align:right|color:%23222222|line_height:30px&#8221; use_theme_fonts=&#8221;yes&#8221;][\/vc_column_inner][vc_column_inner width=&#8221;3\/4&#8243; css=&#8221;.vc_custom_1453271259318{padding-top: 18px !important;}&#8221;][vc_column_text][\/vc_column_text][\/vc_column_inner][\/vc_row_inner][\/vc_column][vc_column width=&#8221;1\/4&#8243;][vc_tta_accordion shape=&#8221;square&#8221; active_section=&#8221;1&#8243; collapsible_all=&#8221;true&#8221;][vc_tta_section title=&#8221;Widlaser&#8221; tab_id=&#8221;1471959714325-c0f30685-b013&#8243;][vc_wp_custommenu nav_menu=&#8221;52&#8243;][\/vc_tta_section][vc_tta_section title=&#8221;Widlaminator&#8221; tab_id=&#8221;1471959714465-24731e69-4285&#8243;][vc_wp_custommenu nav_menu=&#8221;114&#8243;][\/vc_tta_section][vc_tta_section title=&#8221;Widcnc&#8221; tab_id=&#8221;1471959714544-25b421eb-a88b&#8221;][vc_wp_custommenu nav_menu=&#8221;115&#8243;][\/vc_tta_section][\/vc_tta_accordion][stm_sidebar sidebar=&#8221;619&#8243;][\/vc_column][\/vc_row]<\/p>\n<\/div>","protected":false},"excerpt":{"rendered":"<p>[vc_row css=&#8221;.vc_custom_1746377209597{margin-top: 72px !important;margin-bottom: 100px !important;}&#8221;][vc_column offset=&#8221;vc_col-lg-9 vc_col-md-9&#8243;][vc_single_image image=&#8221;13184&#8243; img_size=&#8221;full&#8221;][vc_custom_heading source=&#8221;post_title&#8221; use_theme_fonts=&#8221;yes&#8221; subtitle=&#8221;D\u00e9coupe&#8221;][vc_column_text] Le Widlaser German 2000 a \u00e9t\u00e9 con\u00e7u pour r\u00e9pondre aux besoins de d\u00e9coupe les plus exigeants du march\u00e9 (en particulier les acryliques, mais pas seulement) pour des travaux allant jusqu&#8217;\u00e0 2\u00d73 m\u00e8tres et des \u00e9paisseurs allant jusqu&#8217;\u00e0 30 mm. Cet \u00e9quipement allie<\/p>\n","protected":false},"author":1,"featured_media":14010,"parent":13763,"menu_order":0,"comment_status":"closed","ping_status":"closed","template":"","meta":{"inline_featured_image":false,"cybocfi_hide_featured_image":"","footnotes":""},"categories":[],"tags":[],"class_list":["post-14008","page","type-page","status-publish","has-post-thumbnail","hentry"],"yoast_head":"<!-- This site is optimized with the Yoast SEO plugin v26.5 - https:\/\/yoast.com\/wordpress\/plugins\/seo\/ -->\n<title>Widlaser German 2000 - widinovations<\/title>\n<meta name=\"robots\" content=\"index, follow, max-snippet:-1, max-image-preview:large, max-video-preview:-1\" \/>\n<link rel=\"canonical\" href=\"https:\/\/widinovations.pt\/fr\/equipement\/widlaser\/widlaser-german-2000\/\" \/>\n<meta property=\"og:locale\" content=\"fr_FR\" \/>\n<meta property=\"og:type\" content=\"article\" \/>\n<meta property=\"og:title\" content=\"Widlaser German 2000 - widinovations\" \/>\n<meta property=\"og:description\" content=\"[vc_row css=&#8221;.vc_custom_1746377209597{margin-top: 72px !important;margin-bottom: 100px !important;}&#8221;][vc_column offset=&#8221;vc_col-lg-9 vc_col-md-9&#8243;][vc_single_image image=&#8221;13184&#8243; img_size=&#8221;full&#8221;][vc_custom_heading source=&#8221;post_title&#8221; use_theme_fonts=&#8221;yes&#8221; subtitle=&#8221;D\u00e9coupe&#8221;][vc_column_text] Le Widlaser German 2000 a \u00e9t\u00e9 con\u00e7u pour r\u00e9pondre aux besoins de d\u00e9coupe les plus exigeants du march\u00e9 (en particulier les acryliques, mais pas seulement) pour des travaux allant jusqu&#8217;\u00e0 2\u00d73 m\u00e8tres et des \u00e9paisseurs allant jusqu&#8217;\u00e0 30 mm. Cet \u00e9quipement allie\" \/>\n<meta property=\"og:url\" content=\"https:\/\/widinovations.pt\/fr\/equipement\/widlaser\/widlaser-german-2000\/\" \/>\n<meta property=\"og:site_name\" content=\"widinovations\" \/>\n<meta property=\"article:publisher\" content=\"https:\/\/www.facebook.com\/widinovations\" \/>\n<meta property=\"article:modified_time\" content=\"2025-05-04T16:56:41+00:00\" \/>\n<meta property=\"og:image\" content=\"https:\/\/widinovations.pt\/wp-content\/uploads\/2025\/01\/Widlaser_German2000_05.jpg\" \/>\n\t<meta property=\"og:image:width\" content=\"1500\" \/>\n\t<meta property=\"og:image:height\" content=\"1010\" \/>\n\t<meta property=\"og:image:type\" content=\"image\/jpeg\" \/>\n<meta name=\"twitter:card\" content=\"summary_large_image\" \/>\n<meta name=\"twitter:label1\" content=\"Dur\u00e9e de lecture estim\u00e9e\" \/>\n\t<meta name=\"twitter:data1\" content=\"5 minutes\" \/>\n<script type=\"application\/ld+json\" class=\"yoast-schema-graph\">{\"@context\":\"https:\/\/schema.org\",\"@graph\":[{\"@type\":\"WebPage\",\"@id\":\"https:\/\/widinovations.pt\/fr\/equipement\/widlaser\/widlaser-german-2000\/\",\"url\":\"https:\/\/widinovations.pt\/fr\/equipement\/widlaser\/widlaser-german-2000\/\",\"name\":\"Widlaser German 2000 - widinovations\",\"isPartOf\":{\"@id\":\"https:\/\/widinovations.pt\/#website\"},\"primaryImageOfPage\":{\"@id\":\"https:\/\/widinovations.pt\/fr\/equipement\/widlaser\/widlaser-german-2000\/#primaryimage\"},\"image\":{\"@id\":\"https:\/\/widinovations.pt\/fr\/equipement\/widlaser\/widlaser-german-2000\/#primaryimage\"},\"thumbnailUrl\":\"https:\/\/widinovations.pt\/wp-content\/uploads\/2025\/01\/Widlaser_German2000_05.jpg\",\"datePublished\":\"2025-05-04T16:46:35+00:00\",\"dateModified\":\"2025-05-04T16:56:41+00:00\",\"breadcrumb\":{\"@id\":\"https:\/\/widinovations.pt\/fr\/equipement\/widlaser\/widlaser-german-2000\/#breadcrumb\"},\"inLanguage\":\"fr-FR\",\"potentialAction\":[{\"@type\":\"ReadAction\",\"target\":[\"https:\/\/widinovations.pt\/fr\/equipement\/widlaser\/widlaser-german-2000\/\"]}]},{\"@type\":\"ImageObject\",\"inLanguage\":\"fr-FR\",\"@id\":\"https:\/\/widinovations.pt\/fr\/equipement\/widlaser\/widlaser-german-2000\/#primaryimage\",\"url\":\"https:\/\/widinovations.pt\/wp-content\/uploads\/2025\/01\/Widlaser_German2000_05.jpg\",\"contentUrl\":\"https:\/\/widinovations.pt\/wp-content\/uploads\/2025\/01\/Widlaser_German2000_05.jpg\",\"width\":1500,\"height\":1010},{\"@type\":\"BreadcrumbList\",\"@id\":\"https:\/\/widinovations.pt\/fr\/equipement\/widlaser\/widlaser-german-2000\/#breadcrumb\",\"itemListElement\":[{\"@type\":\"ListItem\",\"position\":1,\"name\":\"Home\",\"item\":\"https:\/\/widinovations.pt\/fr\/home\/\"},{\"@type\":\"ListItem\",\"position\":2,\"name\":\"\u00c9quipement\",\"item\":\"https:\/\/widinovations.pt\/fr\/equipement\/\"},{\"@type\":\"ListItem\",\"position\":3,\"name\":\"Widlaser\",\"item\":\"https:\/\/widinovations.pt\/fr\/equipement\/widlaser\/\"},{\"@type\":\"ListItem\",\"position\":4,\"name\":\"Widlaser German 2000\"}]},{\"@type\":\"WebSite\",\"@id\":\"https:\/\/widinovations.pt\/#website\",\"url\":\"https:\/\/widinovations.pt\/\",\"name\":\"widinovations\",\"description\":\"Equipamentos de Corte\/Grava\u00e7\u00e3o a Laser, Fresadoras e Laminadoras\/Encapsuladoras\",\"publisher\":{\"@id\":\"https:\/\/widinovations.pt\/#organization\"},\"potentialAction\":[{\"@type\":\"SearchAction\",\"target\":{\"@type\":\"EntryPoint\",\"urlTemplate\":\"https:\/\/widinovations.pt\/?s={search_term_string}\"},\"query-input\":{\"@type\":\"PropertyValueSpecification\",\"valueRequired\":true,\"valueName\":\"search_term_string\"}}],\"inLanguage\":\"fr-FR\"},{\"@type\":\"Organization\",\"@id\":\"https:\/\/widinovations.pt\/#organization\",\"name\":\"Widinovations\",\"url\":\"https:\/\/widinovations.pt\/\",\"logo\":{\"@type\":\"ImageObject\",\"inLanguage\":\"fr-FR\",\"@id\":\"https:\/\/widinovations.pt\/#\/schema\/logo\/image\/\",\"url\":\"https:\/\/widinovations.pt\/wp-content\/uploads\/2016\/10\/wid_logo.svg\",\"contentUrl\":\"https:\/\/widinovations.pt\/wp-content\/uploads\/2016\/10\/wid_logo.svg\",\"width\":1,\"height\":1,\"caption\":\"Widinovations\"},\"image\":{\"@id\":\"https:\/\/widinovations.pt\/#\/schema\/logo\/image\/\"},\"sameAs\":[\"https:\/\/www.facebook.com\/widinovations\",\"https:\/\/www.instagram.com\/widinovations\",\"https:\/\/www.linkedin.com\/company\/widinovations\",\"https:\/\/www.youtube.com\/widinovations\"]}]}<\/script>\n<!-- \/ Yoast SEO plugin. -->","yoast_head_json":{"title":"Widlaser German 2000 - widinovations","robots":{"index":"index","follow":"follow","max-snippet":"max-snippet:-1","max-image-preview":"max-image-preview:large","max-video-preview":"max-video-preview:-1"},"canonical":"https:\/\/widinovations.pt\/fr\/equipement\/widlaser\/widlaser-german-2000\/","og_locale":"fr_FR","og_type":"article","og_title":"Widlaser German 2000 - widinovations","og_description":"[vc_row css=&#8221;.vc_custom_1746377209597{margin-top: 72px !important;margin-bottom: 100px !important;}&#8221;][vc_column offset=&#8221;vc_col-lg-9 vc_col-md-9&#8243;][vc_single_image image=&#8221;13184&#8243; img_size=&#8221;full&#8221;][vc_custom_heading source=&#8221;post_title&#8221; use_theme_fonts=&#8221;yes&#8221; subtitle=&#8221;D\u00e9coupe&#8221;][vc_column_text] Le Widlaser German 2000 a \u00e9t\u00e9 con\u00e7u pour r\u00e9pondre aux besoins de d\u00e9coupe les plus exigeants du march\u00e9 (en particulier les acryliques, mais pas seulement) pour des travaux allant jusqu&#8217;\u00e0 2\u00d73 m\u00e8tres et des \u00e9paisseurs allant jusqu&#8217;\u00e0 30 mm. Cet \u00e9quipement allie","og_url":"https:\/\/widinovations.pt\/fr\/equipement\/widlaser\/widlaser-german-2000\/","og_site_name":"widinovations","article_publisher":"https:\/\/www.facebook.com\/widinovations","article_modified_time":"2025-05-04T16:56:41+00:00","og_image":[{"width":1500,"height":1010,"url":"https:\/\/widinovations.pt\/wp-content\/uploads\/2025\/01\/Widlaser_German2000_05.jpg","type":"image\/jpeg"}],"twitter_card":"summary_large_image","twitter_misc":{"Dur\u00e9e de lecture estim\u00e9e":"5 minutes"},"schema":{"@context":"https:\/\/schema.org","@graph":[{"@type":"WebPage","@id":"https:\/\/widinovations.pt\/fr\/equipement\/widlaser\/widlaser-german-2000\/","url":"https:\/\/widinovations.pt\/fr\/equipement\/widlaser\/widlaser-german-2000\/","name":"Widlaser German 2000 - widinovations","isPartOf":{"@id":"https:\/\/widinovations.pt\/#website"},"primaryImageOfPage":{"@id":"https:\/\/widinovations.pt\/fr\/equipement\/widlaser\/widlaser-german-2000\/#primaryimage"},"image":{"@id":"https:\/\/widinovations.pt\/fr\/equipement\/widlaser\/widlaser-german-2000\/#primaryimage"},"thumbnailUrl":"https:\/\/widinovations.pt\/wp-content\/uploads\/2025\/01\/Widlaser_German2000_05.jpg","datePublished":"2025-05-04T16:46:35+00:00","dateModified":"2025-05-04T16:56:41+00:00","breadcrumb":{"@id":"https:\/\/widinovations.pt\/fr\/equipement\/widlaser\/widlaser-german-2000\/#breadcrumb"},"inLanguage":"fr-FR","potentialAction":[{"@type":"ReadAction","target":["https:\/\/widinovations.pt\/fr\/equipement\/widlaser\/widlaser-german-2000\/"]}]},{"@type":"ImageObject","inLanguage":"fr-FR","@id":"https:\/\/widinovations.pt\/fr\/equipement\/widlaser\/widlaser-german-2000\/#primaryimage","url":"https:\/\/widinovations.pt\/wp-content\/uploads\/2025\/01\/Widlaser_German2000_05.jpg","contentUrl":"https:\/\/widinovations.pt\/wp-content\/uploads\/2025\/01\/Widlaser_German2000_05.jpg","width":1500,"height":1010},{"@type":"BreadcrumbList","@id":"https:\/\/widinovations.pt\/fr\/equipement\/widlaser\/widlaser-german-2000\/#breadcrumb","itemListElement":[{"@type":"ListItem","position":1,"name":"Home","item":"https:\/\/widinovations.pt\/fr\/home\/"},{"@type":"ListItem","position":2,"name":"\u00c9quipement","item":"https:\/\/widinovations.pt\/fr\/equipement\/"},{"@type":"ListItem","position":3,"name":"Widlaser","item":"https:\/\/widinovations.pt\/fr\/equipement\/widlaser\/"},{"@type":"ListItem","position":4,"name":"Widlaser German 2000"}]},{"@type":"WebSite","@id":"https:\/\/widinovations.pt\/#website","url":"https:\/\/widinovations.pt\/","name":"widinovations","description":"Equipamentos de Corte\/Grava\u00e7\u00e3o a Laser, Fresadoras e Laminadoras\/Encapsuladoras","publisher":{"@id":"https:\/\/widinovations.pt\/#organization"},"potentialAction":[{"@type":"SearchAction","target":{"@type":"EntryPoint","urlTemplate":"https:\/\/widinovations.pt\/?s={search_term_string}"},"query-input":{"@type":"PropertyValueSpecification","valueRequired":true,"valueName":"search_term_string"}}],"inLanguage":"fr-FR"},{"@type":"Organization","@id":"https:\/\/widinovations.pt\/#organization","name":"Widinovations","url":"https:\/\/widinovations.pt\/","logo":{"@type":"ImageObject","inLanguage":"fr-FR","@id":"https:\/\/widinovations.pt\/#\/schema\/logo\/image\/","url":"https:\/\/widinovations.pt\/wp-content\/uploads\/2016\/10\/wid_logo.svg","contentUrl":"https:\/\/widinovations.pt\/wp-content\/uploads\/2016\/10\/wid_logo.svg","width":1,"height":1,"caption":"Widinovations"},"image":{"@id":"https:\/\/widinovations.pt\/#\/schema\/logo\/image\/"},"sameAs":["https:\/\/www.facebook.com\/widinovations","https:\/\/www.instagram.com\/widinovations","https:\/\/www.linkedin.com\/company\/widinovations","https:\/\/www.youtube.com\/widinovations"]}]}},"_links":{"self":[{"href":"https:\/\/widinovations.pt\/fr\/wp-json\/wp\/v2\/pages\/14008","targetHints":{"allow":["GET"]}}],"collection":[{"href":"https:\/\/widinovations.pt\/fr\/wp-json\/wp\/v2\/pages"}],"about":[{"href":"https:\/\/widinovations.pt\/fr\/wp-json\/wp\/v2\/types\/page"}],"author":[{"embeddable":true,"href":"https:\/\/widinovations.pt\/fr\/wp-json\/wp\/v2\/users\/1"}],"replies":[{"embeddable":true,"href":"https:\/\/widinovations.pt\/fr\/wp-json\/wp\/v2\/comments?post=14008"}],"version-history":[{"count":3,"href":"https:\/\/widinovations.pt\/fr\/wp-json\/wp\/v2\/pages\/14008\/revisions"}],"predecessor-version":[{"id":14022,"href":"https:\/\/widinovations.pt\/fr\/wp-json\/wp\/v2\/pages\/14008\/revisions\/14022"}],"up":[{"embeddable":true,"href":"https:\/\/widinovations.pt\/fr\/wp-json\/wp\/v2\/pages\/13763"}],"wp:featuredmedia":[{"embeddable":true,"href":"https:\/\/widinovations.pt\/fr\/wp-json\/wp\/v2\/media\/14010"}],"wp:attachment":[{"href":"https:\/\/widinovations.pt\/fr\/wp-json\/wp\/v2\/media?parent=14008"}],"wp:term":[{"taxonomy":"category","embeddable":true,"href":"https:\/\/widinovations.pt\/fr\/wp-json\/wp\/v2\/categories?post=14008"},{"taxonomy":"post_tag","embeddable":true,"href":"https:\/\/widinovations.pt\/fr\/wp-json\/wp\/v2\/tags?post=14008"}],"curies":[{"name":"wp","href":"https:\/\/api.w.org\/{rel}","templated":true}]}}