{"id":13896,"date":"2025-05-04T15:26:52","date_gmt":"2025-05-04T15:26:52","guid":{"rendered":"https:\/\/widinovations.pt\/?page_id=13896"},"modified":"2025-05-04T15:44:32","modified_gmt":"2025-05-04T15:44:32","slug":"widlaser-c700","status":"publish","type":"page","link":"https:\/\/widinovations.pt\/fr\/equipement\/widlaser\/widlaser-c700\/","title":{"rendered":"Widlaser C700"},"content":{"rendered":"<div class=\"wpb-content-wrapper\"><p>[vc_row css=&#8221;.vc_custom_1746373468158{margin-top: 72px !important;margin-bottom: 100px !important;}&#8221;][vc_column offset=&#8221;vc_col-lg-9 vc_col-md-9&#8243;][vc_single_image image=&#8221;7171&#8243; img_size=&#8221;full&#8221;][vc_custom_heading source=&#8221;post_title&#8221; use_theme_fonts=&#8221;yes&#8221; subtitle=&#8221;D\u00e9coupe et gravure&#8221;][vc_column_text]<\/p>\n<p class=\"p1\">Le <strong>Widlaser C700<\/strong> est con\u00e7u pour apporter <strong>une r\u00e9ponse efficace<\/strong> aux besoins du march\u00e9 <strong>de la d\u00e9coupe et de la gravure laser<\/strong>. Nous avons d\u00e9velopp\u00e9 une machine compacte, rapide, robuste, fiable et technologiquement avanc\u00e9e. Sa conception <strong>compacte \u00e0 double ch\u00e2ssis<\/strong> permet de r\u00e9unir dans un seul volume tous les \u00e9l\u00e9ments n\u00e9cessaires au bon fonctionnement de l&#8217;\u00e9quipement.<\/p>\n<p class=\"p1\">Sa <strong>conception CleanProtect, avec des modules lin\u00e9aires sp\u00e9ciaux \u00e9tanches aux poussi\u00e8res et aux fum\u00e9es<\/strong>, r\u00e9duit la maintenance et permet d&#8217;atteindre des vitesses et des acc\u00e9l\u00e9rations jusqu&#8217;\u00e0 trois fois sup\u00e9rieures \u00e0 celles des \u00e9quipements conventionnels. Cela garantit que le Widlaser C700 sera toujours op\u00e9rationnel.<\/p>\n<p>[\/vc_column_text][vc_video link=&#8221;https:\/\/youtube.com\/embed\/sf7lHNcYlR0&#8243; image=&#8221;8156&#8243; img_size=&#8221;m\u00e9dio&#8221;][vc_column_text]<\/p>\n<blockquote>\n<p><strong>Dimensions (L x L x H)<\/strong>: 1590 x 1320 x 1120 mm | Bo\u00eeter: 1750 x 1490 x 1360 mm<br \/>\n<strong>Poids<\/strong>: environ 420 kg | Bo\u00eeter: environ 470 kg<br \/>\n<strong>Alimentacion<\/strong>: AC 240v 50\/60Hz<br \/>\n<strong>Type de Laser<\/strong>: Tube laser CO2<\/p>\n<\/blockquote>\n<p>[\/vc_column_text][vc_row_inner css=&#8221;.vc_custom_1455886085190{margin-bottom: 10px !important;}&#8221;][vc_column_inner width=&#8221;1\/2&#8243;][stm_icon_box hide_title_line=&#8221;hide_title_line&#8221; enable_hexagon=&#8221;enable&#8221; icon=&#8221;fas fa-magic&#8221; style=&#8221;icon_left&#8221; icon_size=&#8221;18&#8243; icon_width=&#8221;82&#8243; title=&#8221;Les meilleurs lasers du march\u00e9&#8221;]<\/p>\n<p class=\"p1\">Nous disposons d&#8217;une gamme compl\u00e8te de lasers issus de partenariats avec les meilleures marques du march\u00e9.<\/p>\n<p>[\/stm_icon_box][\/vc_column_inner][vc_column_inner width=&#8221;1\/2&#8243;][stm_icon_box hide_title_line=&#8221;hide_title_line&#8221; enable_hexagon=&#8221;enable&#8221; icon=&#8221;fas fa-laptop&#8221; style=&#8221;icon_left&#8221; icon_size=&#8221;18&#8243; icon_width=&#8221;82&#8243; title=&#8221;Logiciel facile \u00e0 utiliser&#8221;]<\/p>\n<p class=\"p1\">Logiciel intuitif dot\u00e9 d&#8217;outils puissants, adapt\u00e9 aux d\u00e9butants comme aux professionnels.<\/p>\n<p>[\/stm_icon_box][\/vc_column_inner][\/vc_row_inner][vc_row_inner css=&#8221;.vc_custom_1455886051719{margin-bottom: 10px !important;}&#8221;][vc_column_inner width=&#8221;1\/2&#8243;][stm_icon_box hide_title_line=&#8221;hide_title_line&#8221; enable_hexagon=&#8221;enable&#8221; icon=&#8221;fas fa-cogs&#8221; style=&#8221;icon_left&#8221; icon_size=&#8221;18&#8243; icon_width=&#8221;82&#8243; title=&#8221;Des applications infinies&#8221;]<\/p>\n<p class=\"p1\">La limite, c&#8217;est toujours l&#8217;imagination !<\/p>\n<p class=\"p1\">D\u00e9coupe et gravure de divers mat\u00e9riaux en un seul processus. Mise au point automatique pour une utilisation facile.<\/p>\n<p>[\/stm_icon_box][\/vc_column_inner][vc_column_inner width=&#8221;1\/2&#8243;][stm_icon_box hide_title_line=&#8221;hide_title_line&#8221; enable_hexagon=&#8221;enable&#8221; icon=&#8221;far fa-gem&#8221; style=&#8221;icon_left&#8221; icon_size=&#8221;18&#8243; icon_width=&#8221;82&#8243; title=&#8221;Mat\u00e9riaux de qualit\u00e9 \u00e9prouv\u00e9e&#8221;]<\/p>\n<p class=\"p1\">Conception et robustesse avec garantie de fiabilit\u00e9 et de pr\u00e9cision.<\/p>\n<p>[\/stm_icon_box][\/vc_column_inner][\/vc_row_inner][vc_separator color=&#8221;custom&#8221; accent_color=&#8221;#dddddd&#8221; css=&#8221;.vc_custom_1453271595991{margin-bottom: 21px !important;}&#8221;][vc_row_inner css=&#8221;.vc_custom_1453271763899{margin-bottom: 33px !important;}&#8221;][vc_column_inner width=&#8221;1\/4&#8243; css=&#8221;.vc_custom_1453272656287{padding-right: 45px !important;}&#8221;][vc_custom_heading text=&#8221;Galerie de photos&#8221; font_container=&#8221;tag:h3|font_size:24px|text_align:right|color:%23222222|line_height:30px&#8221; use_theme_fonts=&#8221;yes&#8221;][\/vc_column_inner][vc_column_inner width=&#8221;3\/4&#8243; css=&#8221;.vc_custom_1453271259318{padding-top: 18px !important;}&#8221;][vc_images_carousel images=&#8221;5362,5365,5368,3583,4837,4840&#8243; img_size=&#8221;full&#8221;][\/vc_column_inner][\/vc_row_inner][vc_separator color=&#8221;custom&#8221; accent_color=&#8221;#dddddd&#8221; css=&#8221;.vc_custom_1453271595991{margin-bottom: 21px !important;}&#8221;][vc_btn title=&#8221;T\u00e9l\u00e9charger la brochure C700&#8243; style=&#8221;custom&#8221; custom_background=&#8221;#002e6d&#8221; custom_text=&#8221;#ffffff&#8221; align=&#8221;center&#8221; button_block=&#8221;true&#8221; link=&#8221;url:https%3A%2F%2Fwidinovations.pt%2Fwp-content%2Fuploads%2F2025%2F05%2FWidlaser_catalogue_A4_C700_V6.0_FR.pdf|title:T%C3%A9l%C3%A9charger%20la%20brochure%20C700|target:_blank&#8221;][vc_separator color=&#8221;custom&#8221; accent_color=&#8221;#dddddd&#8221; css=&#8221;.vc_custom_1453271595991{margin-bottom: 21px !important;}&#8221;][vc_row_inner css=&#8221;.vc_custom_1453271763899{margin-bottom: 33px !important;}&#8221;][vc_column_inner width=&#8221;1\/4&#8243; css=&#8221;.vc_custom_1453272656287{padding-right: 45px !important;}&#8221;][vc_custom_heading text=&#8221;Caract\u00e9ristiques principales&#8221; font_container=&#8221;tag:h3|font_size:24px|text_align:right|color:%23222222|line_height:30px&#8221; use_theme_fonts=&#8221;yes&#8221;][\/vc_column_inner][vc_column_inner width=&#8221;3\/4&#8243; css=&#8221;.vc_custom_1453271259318{padding-top: 18px !important;}&#8221;][vc_column_text]<\/p>\n<ul>\n<li>Zone de travail : jusqu&#8217;\u00e0 1000 x 700 x 200 mm<\/li>\n<li>Tube laser CO2 de 90W \u00e0 100W<\/li>\n<li>Syst\u00e8me de refroidissement automatique int\u00e9gr\u00e9<\/li>\n<li>Aspiration des fum\u00e9es<\/li>\n<li>Double syst\u00e8me de contr\u00f4le de l&#8217;air comprim\u00e9 (r\u00e9gulateurs \u00e0 haute pression)<\/li>\n<li>Pointeur de positionnement auxiliaire<\/li>\n<li>R\u00e9glage automatique de la hauteur de la mise au point (autofocus)<\/li>\n<li>Guides lin\u00e9aires scell\u00e9s<\/li>\n<li>Table r\u00e9glable en hauteur : jusqu&#8217;\u00e0 200 mm<\/li>\n<li>Lames amovibles<\/li>\n<li>Table en forme de ruche<\/li>\n<li>Tiroir pour la collecte d&#8217;objets\/d\u00e9chets<\/li>\n<li>Format minimum des lettres : 2 x 2 mm<\/li>\n<li>Vitesse maximale : 1000 mm\/sec.<\/li>\n<li>Logiciel laser : RDWorks V8 personnalis\u00e9 (facile \u00e0 utiliser)<\/li>\n<li>Fichiers : Ai, Dst, Plt, Bmp, Dxf, entre autres<\/li>\n<li>Connectivit\u00e9 : USB et r\u00e9seau<\/li>\n<\/ul>\n<p>[\/vc_column_text][\/vc_column_inner][\/vc_row_inner][vc_separator color=&#8221;custom&#8221; accent_color=&#8221;#dddddd&#8221; css=&#8221;.vc_custom_1468940927480{margin-bottom: 21px !important;}&#8221;][vc_row_inner css=&#8221;.vc_custom_1468940948903{margin-bottom: 33px !important;}&#8221;][vc_column_inner width=&#8221;1\/4&#8243; css=&#8221;.vc_custom_1453270747989{padding-right: 45px !important;}&#8221;][vc_custom_heading text=&#8221;Optionnel&#8221; font_container=&#8221;tag:h3|font_size:24px|text_align:right|color:%23222222|line_height:30px&#8221; use_theme_fonts=&#8221;yes&#8221;][\/vc_column_inner][vc_column_inner width=&#8221;3\/4&#8243; css=&#8221;.vc_custom_1453271259318{padding-top: 18px !important;}&#8221;][vc_column_text]<\/p>\n<ul>\n<li>Tube laser CO2 de 100W \u00e0 130W<\/li>\n<li>Laser CO2 RF de 30W ou 60W<\/li>\n<li>Objectifs 2 pouces et 4 pouces<\/li>\n<li>Adaptateurs pour objets cylindriques (rotatifs)<\/li>\n<li>Purificateur d&#8217;air<\/li>\n<li>Cam\u00e9ra CCD avec zone de travail compl\u00e8te (reconnaissance visuelle de la d\u00e9coupe ou de l&#8217;objet \u00e0 d\u00e9couper)<\/li>\n<li>Logiciel : Lightburn (facile \u00e0 utiliser)<\/li>\n<\/ul>\n<p>&nbsp;[\/vc_column_text][\/vc_column_inner][\/vc_row_inner][\/vc_column][vc_column width=&#8221;1\/4&#8243;][vc_tta_accordion shape=&#8221;square&#8221; active_section=&#8221;1&#8243; collapsible_all=&#8221;true&#8221;][vc_tta_section title=&#8221;Widlaser&#8221; tab_id=&#8221;1471959714325-c0f30685-b013&#8243;][vc_wp_custommenu nav_menu=&#8221;52&#8243;][\/vc_tta_section][vc_tta_section title=&#8221;Widlaminator&#8221; tab_id=&#8221;1471959714465-24731e69-4285&#8243;][vc_wp_custommenu nav_menu=&#8221;114&#8243;][\/vc_tta_section][vc_tta_section title=&#8221;Widcnc&#8221; tab_id=&#8221;1471959714544-25b421eb-a88b&#8221;][vc_wp_custommenu nav_menu=&#8221;115&#8243;][\/vc_tta_section][\/vc_tta_accordion][stm_sidebar sidebar=&#8221;619&#8243;][\/vc_column][\/vc_row]<\/p>\n<\/div>","protected":false},"excerpt":{"rendered":"<p>[vc_row css=&#8221;.vc_custom_1746373468158{margin-top: 72px !important;margin-bottom: 100px !important;}&#8221;][vc_column offset=&#8221;vc_col-lg-9 vc_col-md-9&#8243;][vc_single_image image=&#8221;7171&#8243; img_size=&#8221;full&#8221;][vc_custom_heading source=&#8221;post_title&#8221; use_theme_fonts=&#8221;yes&#8221; subtitle=&#8221;D\u00e9coupe et gravure&#8221;][vc_column_text] Le Widlaser C700 est con\u00e7u pour apporter une r\u00e9ponse efficace aux besoins du march\u00e9 de la d\u00e9coupe et de la gravure laser. Nous avons d\u00e9velopp\u00e9 une machine compacte, rapide, robuste, fiable et technologiquement avanc\u00e9e. Sa conception compacte \u00e0 double ch\u00e2ssis<\/p>\n","protected":false},"author":1,"featured_media":13904,"parent":13763,"menu_order":0,"comment_status":"closed","ping_status":"closed","template":"","meta":{"inline_featured_image":false,"cybocfi_hide_featured_image":"","footnotes":""},"categories":[],"tags":[],"class_list":["post-13896","page","type-page","status-publish","has-post-thumbnail","hentry"],"yoast_head":"<!-- This site is optimized with the Yoast SEO plugin v26.5 - https:\/\/yoast.com\/wordpress\/plugins\/seo\/ -->\n<title>Widlaser C700 - widinovations<\/title>\n<meta name=\"robots\" content=\"index, follow, max-snippet:-1, max-image-preview:large, max-video-preview:-1\" \/>\n<link rel=\"canonical\" href=\"https:\/\/widinovations.pt\/fr\/equipement\/widlaser\/widlaser-c700\/\" \/>\n<meta property=\"og:locale\" content=\"fr_FR\" \/>\n<meta property=\"og:type\" content=\"article\" \/>\n<meta property=\"og:title\" content=\"Widlaser C700 - widinovations\" \/>\n<meta property=\"og:description\" content=\"[vc_row css=&#8221;.vc_custom_1746373468158{margin-top: 72px !important;margin-bottom: 100px !important;}&#8221;][vc_column offset=&#8221;vc_col-lg-9 vc_col-md-9&#8243;][vc_single_image image=&#8221;7171&#8243; img_size=&#8221;full&#8221;][vc_custom_heading source=&#8221;post_title&#8221; use_theme_fonts=&#8221;yes&#8221; subtitle=&#8221;D\u00e9coupe et gravure&#8221;][vc_column_text] Le Widlaser C700 est con\u00e7u pour apporter une r\u00e9ponse efficace aux besoins du march\u00e9 de la d\u00e9coupe et de la gravure laser. Nous avons d\u00e9velopp\u00e9 une machine compacte, rapide, robuste, fiable et technologiquement avanc\u00e9e. Sa conception compacte \u00e0 double ch\u00e2ssis\" \/>\n<meta property=\"og:url\" content=\"https:\/\/widinovations.pt\/fr\/equipement\/widlaser\/widlaser-c700\/\" \/>\n<meta property=\"og:site_name\" content=\"widinovations\" \/>\n<meta property=\"article:publisher\" content=\"https:\/\/www.facebook.com\/widinovations\" \/>\n<meta property=\"article:modified_time\" content=\"2025-05-04T15:44:32+00:00\" \/>\n<meta property=\"og:image\" content=\"https:\/\/widinovations.pt\/wp-content\/uploads\/2022\/02\/widlaser-C700_1.jpg\" \/>\n\t<meta property=\"og:image:width\" content=\"1080\" \/>\n\t<meta property=\"og:image:height\" content=\"723\" \/>\n\t<meta property=\"og:image:type\" content=\"image\/jpeg\" \/>\n<meta name=\"twitter:card\" content=\"summary_large_image\" \/>\n<meta name=\"twitter:label1\" content=\"Dur\u00e9e de lecture estim\u00e9e\" \/>\n\t<meta name=\"twitter:data1\" content=\"5 minutes\" \/>\n<script type=\"application\/ld+json\" class=\"yoast-schema-graph\">{\"@context\":\"https:\/\/schema.org\",\"@graph\":[{\"@type\":\"WebPage\",\"@id\":\"https:\/\/widinovations.pt\/fr\/equipement\/widlaser\/widlaser-c700\/\",\"url\":\"https:\/\/widinovations.pt\/fr\/equipement\/widlaser\/widlaser-c700\/\",\"name\":\"Widlaser C700 - widinovations\",\"isPartOf\":{\"@id\":\"https:\/\/widinovations.pt\/#website\"},\"primaryImageOfPage\":{\"@id\":\"https:\/\/widinovations.pt\/fr\/equipement\/widlaser\/widlaser-c700\/#primaryimage\"},\"image\":{\"@id\":\"https:\/\/widinovations.pt\/fr\/equipement\/widlaser\/widlaser-c700\/#primaryimage\"},\"thumbnailUrl\":\"https:\/\/widinovations.pt\/wp-content\/uploads\/2022\/02\/widlaser-C700_1.jpg\",\"datePublished\":\"2025-05-04T15:26:52+00:00\",\"dateModified\":\"2025-05-04T15:44:32+00:00\",\"breadcrumb\":{\"@id\":\"https:\/\/widinovations.pt\/fr\/equipement\/widlaser\/widlaser-c700\/#breadcrumb\"},\"inLanguage\":\"fr-FR\",\"potentialAction\":[{\"@type\":\"ReadAction\",\"target\":[\"https:\/\/widinovations.pt\/fr\/equipement\/widlaser\/widlaser-c700\/\"]}]},{\"@type\":\"ImageObject\",\"inLanguage\":\"fr-FR\",\"@id\":\"https:\/\/widinovations.pt\/fr\/equipement\/widlaser\/widlaser-c700\/#primaryimage\",\"url\":\"https:\/\/widinovations.pt\/wp-content\/uploads\/2022\/02\/widlaser-C700_1.jpg\",\"contentUrl\":\"https:\/\/widinovations.pt\/wp-content\/uploads\/2022\/02\/widlaser-C700_1.jpg\",\"width\":1080,\"height\":723},{\"@type\":\"BreadcrumbList\",\"@id\":\"https:\/\/widinovations.pt\/fr\/equipement\/widlaser\/widlaser-c700\/#breadcrumb\",\"itemListElement\":[{\"@type\":\"ListItem\",\"position\":1,\"name\":\"Home\",\"item\":\"https:\/\/widinovations.pt\/fr\/home\/\"},{\"@type\":\"ListItem\",\"position\":2,\"name\":\"\u00c9quipement\",\"item\":\"https:\/\/widinovations.pt\/fr\/equipement\/\"},{\"@type\":\"ListItem\",\"position\":3,\"name\":\"Widlaser\",\"item\":\"https:\/\/widinovations.pt\/fr\/equipement\/widlaser\/\"},{\"@type\":\"ListItem\",\"position\":4,\"name\":\"Widlaser C700\"}]},{\"@type\":\"WebSite\",\"@id\":\"https:\/\/widinovations.pt\/#website\",\"url\":\"https:\/\/widinovations.pt\/\",\"name\":\"widinovations\",\"description\":\"Equipamentos de Corte\/Grava\u00e7\u00e3o a Laser, Fresadoras e Laminadoras\/Encapsuladoras\",\"publisher\":{\"@id\":\"https:\/\/widinovations.pt\/#organization\"},\"potentialAction\":[{\"@type\":\"SearchAction\",\"target\":{\"@type\":\"EntryPoint\",\"urlTemplate\":\"https:\/\/widinovations.pt\/?s={search_term_string}\"},\"query-input\":{\"@type\":\"PropertyValueSpecification\",\"valueRequired\":true,\"valueName\":\"search_term_string\"}}],\"inLanguage\":\"fr-FR\"},{\"@type\":\"Organization\",\"@id\":\"https:\/\/widinovations.pt\/#organization\",\"name\":\"Widinovations\",\"url\":\"https:\/\/widinovations.pt\/\",\"logo\":{\"@type\":\"ImageObject\",\"inLanguage\":\"fr-FR\",\"@id\":\"https:\/\/widinovations.pt\/#\/schema\/logo\/image\/\",\"url\":\"https:\/\/widinovations.pt\/wp-content\/uploads\/2016\/10\/wid_logo.svg\",\"contentUrl\":\"https:\/\/widinovations.pt\/wp-content\/uploads\/2016\/10\/wid_logo.svg\",\"width\":1,\"height\":1,\"caption\":\"Widinovations\"},\"image\":{\"@id\":\"https:\/\/widinovations.pt\/#\/schema\/logo\/image\/\"},\"sameAs\":[\"https:\/\/www.facebook.com\/widinovations\",\"https:\/\/www.instagram.com\/widinovations\",\"https:\/\/www.linkedin.com\/company\/widinovations\",\"https:\/\/www.youtube.com\/widinovations\"]}]}<\/script>\n<!-- \/ Yoast SEO plugin. -->","yoast_head_json":{"title":"Widlaser C700 - widinovations","robots":{"index":"index","follow":"follow","max-snippet":"max-snippet:-1","max-image-preview":"max-image-preview:large","max-video-preview":"max-video-preview:-1"},"canonical":"https:\/\/widinovations.pt\/fr\/equipement\/widlaser\/widlaser-c700\/","og_locale":"fr_FR","og_type":"article","og_title":"Widlaser C700 - widinovations","og_description":"[vc_row css=&#8221;.vc_custom_1746373468158{margin-top: 72px !important;margin-bottom: 100px !important;}&#8221;][vc_column offset=&#8221;vc_col-lg-9 vc_col-md-9&#8243;][vc_single_image image=&#8221;7171&#8243; img_size=&#8221;full&#8221;][vc_custom_heading source=&#8221;post_title&#8221; use_theme_fonts=&#8221;yes&#8221; subtitle=&#8221;D\u00e9coupe et gravure&#8221;][vc_column_text] Le Widlaser C700 est con\u00e7u pour apporter une r\u00e9ponse efficace aux besoins du march\u00e9 de la d\u00e9coupe et de la gravure laser. Nous avons d\u00e9velopp\u00e9 une machine compacte, rapide, robuste, fiable et technologiquement avanc\u00e9e. Sa conception compacte \u00e0 double ch\u00e2ssis","og_url":"https:\/\/widinovations.pt\/fr\/equipement\/widlaser\/widlaser-c700\/","og_site_name":"widinovations","article_publisher":"https:\/\/www.facebook.com\/widinovations","article_modified_time":"2025-05-04T15:44:32+00:00","og_image":[{"width":1080,"height":723,"url":"https:\/\/widinovations.pt\/wp-content\/uploads\/2022\/02\/widlaser-C700_1.jpg","type":"image\/jpeg"}],"twitter_card":"summary_large_image","twitter_misc":{"Dur\u00e9e de lecture estim\u00e9e":"5 minutes"},"schema":{"@context":"https:\/\/schema.org","@graph":[{"@type":"WebPage","@id":"https:\/\/widinovations.pt\/fr\/equipement\/widlaser\/widlaser-c700\/","url":"https:\/\/widinovations.pt\/fr\/equipement\/widlaser\/widlaser-c700\/","name":"Widlaser C700 - widinovations","isPartOf":{"@id":"https:\/\/widinovations.pt\/#website"},"primaryImageOfPage":{"@id":"https:\/\/widinovations.pt\/fr\/equipement\/widlaser\/widlaser-c700\/#primaryimage"},"image":{"@id":"https:\/\/widinovations.pt\/fr\/equipement\/widlaser\/widlaser-c700\/#primaryimage"},"thumbnailUrl":"https:\/\/widinovations.pt\/wp-content\/uploads\/2022\/02\/widlaser-C700_1.jpg","datePublished":"2025-05-04T15:26:52+00:00","dateModified":"2025-05-04T15:44:32+00:00","breadcrumb":{"@id":"https:\/\/widinovations.pt\/fr\/equipement\/widlaser\/widlaser-c700\/#breadcrumb"},"inLanguage":"fr-FR","potentialAction":[{"@type":"ReadAction","target":["https:\/\/widinovations.pt\/fr\/equipement\/widlaser\/widlaser-c700\/"]}]},{"@type":"ImageObject","inLanguage":"fr-FR","@id":"https:\/\/widinovations.pt\/fr\/equipement\/widlaser\/widlaser-c700\/#primaryimage","url":"https:\/\/widinovations.pt\/wp-content\/uploads\/2022\/02\/widlaser-C700_1.jpg","contentUrl":"https:\/\/widinovations.pt\/wp-content\/uploads\/2022\/02\/widlaser-C700_1.jpg","width":1080,"height":723},{"@type":"BreadcrumbList","@id":"https:\/\/widinovations.pt\/fr\/equipement\/widlaser\/widlaser-c700\/#breadcrumb","itemListElement":[{"@type":"ListItem","position":1,"name":"Home","item":"https:\/\/widinovations.pt\/fr\/home\/"},{"@type":"ListItem","position":2,"name":"\u00c9quipement","item":"https:\/\/widinovations.pt\/fr\/equipement\/"},{"@type":"ListItem","position":3,"name":"Widlaser","item":"https:\/\/widinovations.pt\/fr\/equipement\/widlaser\/"},{"@type":"ListItem","position":4,"name":"Widlaser C700"}]},{"@type":"WebSite","@id":"https:\/\/widinovations.pt\/#website","url":"https:\/\/widinovations.pt\/","name":"widinovations","description":"Equipamentos de Corte\/Grava\u00e7\u00e3o a Laser, Fresadoras e Laminadoras\/Encapsuladoras","publisher":{"@id":"https:\/\/widinovations.pt\/#organization"},"potentialAction":[{"@type":"SearchAction","target":{"@type":"EntryPoint","urlTemplate":"https:\/\/widinovations.pt\/?s={search_term_string}"},"query-input":{"@type":"PropertyValueSpecification","valueRequired":true,"valueName":"search_term_string"}}],"inLanguage":"fr-FR"},{"@type":"Organization","@id":"https:\/\/widinovations.pt\/#organization","name":"Widinovations","url":"https:\/\/widinovations.pt\/","logo":{"@type":"ImageObject","inLanguage":"fr-FR","@id":"https:\/\/widinovations.pt\/#\/schema\/logo\/image\/","url":"https:\/\/widinovations.pt\/wp-content\/uploads\/2016\/10\/wid_logo.svg","contentUrl":"https:\/\/widinovations.pt\/wp-content\/uploads\/2016\/10\/wid_logo.svg","width":1,"height":1,"caption":"Widinovations"},"image":{"@id":"https:\/\/widinovations.pt\/#\/schema\/logo\/image\/"},"sameAs":["https:\/\/www.facebook.com\/widinovations","https:\/\/www.instagram.com\/widinovations","https:\/\/www.linkedin.com\/company\/widinovations","https:\/\/www.youtube.com\/widinovations"]}]}},"_links":{"self":[{"href":"https:\/\/widinovations.pt\/fr\/wp-json\/wp\/v2\/pages\/13896","targetHints":{"allow":["GET"]}}],"collection":[{"href":"https:\/\/widinovations.pt\/fr\/wp-json\/wp\/v2\/pages"}],"about":[{"href":"https:\/\/widinovations.pt\/fr\/wp-json\/wp\/v2\/types\/page"}],"author":[{"embeddable":true,"href":"https:\/\/widinovations.pt\/fr\/wp-json\/wp\/v2\/users\/1"}],"replies":[{"embeddable":true,"href":"https:\/\/widinovations.pt\/fr\/wp-json\/wp\/v2\/comments?post=13896"}],"version-history":[{"count":4,"href":"https:\/\/widinovations.pt\/fr\/wp-json\/wp\/v2\/pages\/13896\/revisions"}],"predecessor-version":[{"id":13917,"href":"https:\/\/widinovations.pt\/fr\/wp-json\/wp\/v2\/pages\/13896\/revisions\/13917"}],"up":[{"embeddable":true,"href":"https:\/\/widinovations.pt\/fr\/wp-json\/wp\/v2\/pages\/13763"}],"wp:featuredmedia":[{"embeddable":true,"href":"https:\/\/widinovations.pt\/fr\/wp-json\/wp\/v2\/media\/13904"}],"wp:attachment":[{"href":"https:\/\/widinovations.pt\/fr\/wp-json\/wp\/v2\/media?parent=13896"}],"wp:term":[{"taxonomy":"category","embeddable":true,"href":"https:\/\/widinovations.pt\/fr\/wp-json\/wp\/v2\/categories?post=13896"},{"taxonomy":"post_tag","embeddable":true,"href":"https:\/\/widinovations.pt\/fr\/wp-json\/wp\/v2\/tags?post=13896"}],"curies":[{"name":"wp","href":"https:\/\/api.w.org\/{rel}","templated":true}]}}