{"id":13730,"date":"2025-05-02T15:25:52","date_gmt":"2025-05-02T15:25:52","guid":{"rendered":"https:\/\/widinovations.pt\/?page_id=13730"},"modified":"2025-05-02T15:34:18","modified_gmt":"2025-05-02T15:34:18","slug":"politique-de-lorganisation","status":"publish","type":"page","link":"https:\/\/widinovations.pt\/fr\/entreprise\/politique-de-lorganisation\/","title":{"rendered":"Politique de L&#8217;Organisation"},"content":{"rendered":"<div class=\"wpb-content-wrapper\"><p>[vc_row css=&#8221;.vc_custom_1746200054443{margin-top: 72px !important;margin-bottom: 100px !important;}&#8221;][vc_column width=&#8221;3\/4&#8243;][vc_single_image image=&#8221;8478&#8243; img_size=&#8221;full&#8221; alignment=&#8221;center&#8221; css=&#8221;.vc_custom_1659600995505{margin-bottom: 46px !important;}&#8221;][vc_column_text css=&#8221;.vc_custom_1725444393665{margin-bottom: 50px !important;}&#8221;]<\/p>\n<h2>Politique de L&#8217;Organisation<\/h2>\n<p>WIDINOVATIONS est convaincue que son engagement en faveur de l&#8217;innovation et de l&#8217;am\u00e9lioration continue des processus internes est la voie \u00e0 suivre pour satisfaire les besoins et les attentes de ses parties prenantes et pour assurer l&#8217;excellence de l&#8217;entreprise. En ce sens, l&#8217;activit\u00e9 li\u00e9e au d\u00e9veloppement, \u00e0 la fabrication, \u00e0 la commercialisation et \u00e0 l&#8217;assistance technique d&#8217;\u00e9quipements de d\u00e9coupe et de gravure au laser, de CNC et de laminateurs est bas\u00e9e sur les lignes directrices suivantes:<\/p>\n<ul>\n<li>Axer son activit\u00e9 commerciale et sa strat\u00e9gie sur la satisfaction et la fid\u00e9lisation des clients;<\/li>\n<li>Investir dans la conception et l&#8217;innovation dans le d\u00e9veloppement des produits qu&#8217;elle met sur le march\u00e9, en tenant toujours compte des avanc\u00e9es technologiques et du respect des exigences qui leur sont applicables;<\/li>\n<li>Se concentrer sur l&#8217;optimisation et la modernisation des m\u00e9thodes et des ressources de fabrication pour permettre \u00e0 son entreprise de fonctionner plus efficacement, en favorisant le d\u00e9veloppement de relations de partenariat avec les clients\/fournisseurs fond\u00e9es sur le respect et la confiance mutuels;<\/li>\n<li>Promouvoir le d\u00e9veloppement continu de ses employ\u00e9s par des initiatives de formation, d&#8217;information et de sensibilisation afin de d\u00e9velopper leurs comp\u00e9tences et de favoriser l&#8217;esprit d&#8217;\u00e9quipe;<\/li>\n<li>Adopter un comportement \u00e9thique et responsable envers les employ\u00e9s, les clients, les fournisseurs, les concurrents et la soci\u00e9t\u00e9 en g\u00e9n\u00e9ral, fond\u00e9 sur des valeurs telles que l&#8217;int\u00e9grit\u00e9 et la rigueur;<\/li>\n<li>Veiller au respect des exigences l\u00e9gales et r\u00e9glementaires applicables \u00e0 son activit\u00e9.<\/li>\n<\/ul>\n<p>La direction g\u00e9n\u00e9rale de WIDINOVATIONS s&#8217;engage \u00e0 faire conna\u00eetre la pr\u00e9sente politique \u00e0 ses parties prenantes et \u00e0 int\u00e9grer ses employ\u00e9s dans le syst\u00e8me de gestion de la qualit\u00e9. Elle s&#8217;engage \u00e9galement \u00e0 revoir p\u00e9riodiquement les objectifs de qualit\u00e9 et la pr\u00e9sente politique d&#8217;organisation afin de s&#8217;assurer qu&#8217;elle reste adapt\u00e9e \u00e0 la strat\u00e9gie \u00e9tablie et aux exigences de la norme de r\u00e9f\u00e9rence.[\/vc_column_text][\/vc_column][vc_column width=&#8221;1\/4&#8243;][stm_sidebar sidebar=&#8221;311&#8243;][\/vc_column][\/vc_row][vc_row full_width=&#8221;stretch_row&#8221; el_class=&#8221;third_bg_color&#8221; css=&#8221;.vc_custom_1451889219674{margin-bottom: -60px !important;}&#8221;][vc_column][vc_cta h2=&#8221;Vous recherchez des \u00e9quipements de d\u00e9coupe et de gravure au laser, des fraiseuses ou des laminateurs?&#8221; h2_font_container=&#8221;tag:h2|font_size:20px|text_align:left|color:%231b367f|line_height:24px&#8221; h2_use_theme_fonts=&#8221;yes&#8221; txt_align=&#8221;center&#8221; shape=&#8221;square&#8221; style=&#8221;flat&#8221; add_button=&#8221;right&#8221; btn_title=&#8221;Contactez-nous&#8221; btn_style=&#8221;custom&#8221; btn_custom_background=&#8221;#1b367f&#8221; btn_custom_text=&#8221;#ffffff&#8221; btn_shape=&#8221;square&#8221; btn_align=&#8221;right&#8221; use_custom_fonts_h2=&#8221;true&#8221; btn_button_block=&#8221;true&#8221; el_class=&#8221;third_bg_color&#8221; css=&#8221;.vc_custom_1746199905229{margin-bottom: 0px !important;}&#8221; btn_link=&#8221;url:https%3A%2F%2Fwidinovations.pt%2Ffr%2Fcontactos%2F|title:contactos&#8221;][\/vc_cta][\/vc_column][\/vc_row]<\/p>\n<\/div>","protected":false},"excerpt":{"rendered":"<p>[vc_row css=&#8221;.vc_custom_1746200054443{margin-top: 72px !important;margin-bottom: 100px !important;}&#8221;][vc_column width=&#8221;3\/4&#8243;][vc_single_image image=&#8221;8478&#8243; img_size=&#8221;full&#8221; alignment=&#8221;center&#8221; css=&#8221;.vc_custom_1659600995505{margin-bottom: 46px !important;}&#8221;][vc_column_text css=&#8221;.vc_custom_1725444393665{margin-bottom: 50px !important;}&#8221;] Politique de L&#8217;Organisation WIDINOVATIONS est convaincue que son engagement en faveur de l&#8217;innovation et de l&#8217;am\u00e9lioration continue des processus internes est la voie \u00e0 suivre pour satisfaire les besoins et les attentes de ses parties prenantes et pour assurer<\/p>\n","protected":false},"author":1,"featured_media":0,"parent":13678,"menu_order":0,"comment_status":"closed","ping_status":"closed","template":"","meta":{"inline_featured_image":false,"cybocfi_hide_featured_image":"","footnotes":""},"categories":[],"tags":[],"class_list":["post-13730","page","type-page","status-publish","hentry"],"yoast_head":"<!-- This site is optimized with the Yoast SEO plugin v26.5 - https:\/\/yoast.com\/wordpress\/plugins\/seo\/ -->\n<title>Politique de L&#039;Organisation - widinovations<\/title>\n<meta name=\"robots\" content=\"index, follow, max-snippet:-1, max-image-preview:large, max-video-preview:-1\" \/>\n<link rel=\"canonical\" href=\"https:\/\/widinovations.pt\/fr\/entreprise\/politique-de-lorganisation\/\" \/>\n<meta property=\"og:locale\" content=\"fr_FR\" \/>\n<meta property=\"og:type\" content=\"article\" \/>\n<meta property=\"og:title\" content=\"Politique de L&#039;Organisation - widinovations\" \/>\n<meta property=\"og:description\" content=\"[vc_row css=&#8221;.vc_custom_1746200054443{margin-top: 72px !important;margin-bottom: 100px !important;}&#8221;][vc_column width=&#8221;3\/4&#8243;][vc_single_image image=&#8221;8478&#8243; img_size=&#8221;full&#8221; alignment=&#8221;center&#8221; css=&#8221;.vc_custom_1659600995505{margin-bottom: 46px !important;}&#8221;][vc_column_text css=&#8221;.vc_custom_1725444393665{margin-bottom: 50px !important;}&#8221;] Politique de L&#8217;Organisation WIDINOVATIONS est convaincue que son engagement en faveur de l&#8217;innovation et de l&#8217;am\u00e9lioration continue des processus internes est la voie \u00e0 suivre pour satisfaire les besoins et les attentes de ses parties prenantes et pour assurer\" \/>\n<meta property=\"og:url\" content=\"https:\/\/widinovations.pt\/fr\/entreprise\/politique-de-lorganisation\/\" \/>\n<meta property=\"og:site_name\" content=\"widinovations\" \/>\n<meta property=\"article:publisher\" content=\"https:\/\/www.facebook.com\/widinovations\" \/>\n<meta property=\"article:modified_time\" content=\"2025-05-02T15:34:18+00:00\" \/>\n<meta property=\"og:image\" content=\"https:\/\/widinovations.pt\/wp-content\/uploads\/2022\/03\/500x500.jpg\" \/>\n\t<meta property=\"og:image:width\" content=\"500\" \/>\n\t<meta property=\"og:image:height\" content=\"500\" \/>\n\t<meta property=\"og:image:type\" content=\"image\/jpeg\" \/>\n<meta name=\"twitter:card\" content=\"summary_large_image\" \/>\n<meta name=\"twitter:label1\" content=\"Dur\u00e9e de lecture estim\u00e9e\" \/>\n\t<meta name=\"twitter:data1\" content=\"3 minutes\" \/>\n<script type=\"application\/ld+json\" class=\"yoast-schema-graph\">{\"@context\":\"https:\/\/schema.org\",\"@graph\":[{\"@type\":\"WebPage\",\"@id\":\"https:\/\/widinovations.pt\/fr\/entreprise\/politique-de-lorganisation\/\",\"url\":\"https:\/\/widinovations.pt\/fr\/entreprise\/politique-de-lorganisation\/\",\"name\":\"Politique de L'Organisation - widinovations\",\"isPartOf\":{\"@id\":\"https:\/\/widinovations.pt\/#website\"},\"datePublished\":\"2025-05-02T15:25:52+00:00\",\"dateModified\":\"2025-05-02T15:34:18+00:00\",\"breadcrumb\":{\"@id\":\"https:\/\/widinovations.pt\/fr\/entreprise\/politique-de-lorganisation\/#breadcrumb\"},\"inLanguage\":\"fr-FR\",\"potentialAction\":[{\"@type\":\"ReadAction\",\"target\":[\"https:\/\/widinovations.pt\/fr\/entreprise\/politique-de-lorganisation\/\"]}]},{\"@type\":\"BreadcrumbList\",\"@id\":\"https:\/\/widinovations.pt\/fr\/entreprise\/politique-de-lorganisation\/#breadcrumb\",\"itemListElement\":[{\"@type\":\"ListItem\",\"position\":1,\"name\":\"Home\",\"item\":\"https:\/\/widinovations.pt\/fr\/home\/\"},{\"@type\":\"ListItem\",\"position\":2,\"name\":\"A propos de nous\",\"item\":\"https:\/\/widinovations.pt\/fr\/entreprise\/\"},{\"@type\":\"ListItem\",\"position\":3,\"name\":\"Politique de L&#8217;Organisation\"}]},{\"@type\":\"WebSite\",\"@id\":\"https:\/\/widinovations.pt\/#website\",\"url\":\"https:\/\/widinovations.pt\/\",\"name\":\"widinovations\",\"description\":\"Equipamentos de Corte\/Grava\u00e7\u00e3o a Laser, Fresadoras e Laminadoras\/Encapsuladoras\",\"publisher\":{\"@id\":\"https:\/\/widinovations.pt\/#organization\"},\"potentialAction\":[{\"@type\":\"SearchAction\",\"target\":{\"@type\":\"EntryPoint\",\"urlTemplate\":\"https:\/\/widinovations.pt\/?s={search_term_string}\"},\"query-input\":{\"@type\":\"PropertyValueSpecification\",\"valueRequired\":true,\"valueName\":\"search_term_string\"}}],\"inLanguage\":\"fr-FR\"},{\"@type\":\"Organization\",\"@id\":\"https:\/\/widinovations.pt\/#organization\",\"name\":\"Widinovations\",\"url\":\"https:\/\/widinovations.pt\/\",\"logo\":{\"@type\":\"ImageObject\",\"inLanguage\":\"fr-FR\",\"@id\":\"https:\/\/widinovations.pt\/#\/schema\/logo\/image\/\",\"url\":\"https:\/\/widinovations.pt\/wp-content\/uploads\/2016\/10\/wid_logo.svg\",\"contentUrl\":\"https:\/\/widinovations.pt\/wp-content\/uploads\/2016\/10\/wid_logo.svg\",\"width\":1,\"height\":1,\"caption\":\"Widinovations\"},\"image\":{\"@id\":\"https:\/\/widinovations.pt\/#\/schema\/logo\/image\/\"},\"sameAs\":[\"https:\/\/www.facebook.com\/widinovations\",\"https:\/\/www.instagram.com\/widinovations\",\"https:\/\/www.linkedin.com\/company\/widinovations\",\"https:\/\/www.youtube.com\/widinovations\"]}]}<\/script>\n<!-- \/ Yoast SEO plugin. -->","yoast_head_json":{"title":"Politique de L'Organisation - widinovations","robots":{"index":"index","follow":"follow","max-snippet":"max-snippet:-1","max-image-preview":"max-image-preview:large","max-video-preview":"max-video-preview:-1"},"canonical":"https:\/\/widinovations.pt\/fr\/entreprise\/politique-de-lorganisation\/","og_locale":"fr_FR","og_type":"article","og_title":"Politique de L'Organisation - widinovations","og_description":"[vc_row css=&#8221;.vc_custom_1746200054443{margin-top: 72px !important;margin-bottom: 100px !important;}&#8221;][vc_column width=&#8221;3\/4&#8243;][vc_single_image image=&#8221;8478&#8243; img_size=&#8221;full&#8221; alignment=&#8221;center&#8221; css=&#8221;.vc_custom_1659600995505{margin-bottom: 46px !important;}&#8221;][vc_column_text css=&#8221;.vc_custom_1725444393665{margin-bottom: 50px !important;}&#8221;] Politique de L&#8217;Organisation WIDINOVATIONS est convaincue que son engagement en faveur de l&#8217;innovation et de l&#8217;am\u00e9lioration continue des processus internes est la voie \u00e0 suivre pour satisfaire les besoins et les attentes de ses parties prenantes et pour assurer","og_url":"https:\/\/widinovations.pt\/fr\/entreprise\/politique-de-lorganisation\/","og_site_name":"widinovations","article_publisher":"https:\/\/www.facebook.com\/widinovations","article_modified_time":"2025-05-02T15:34:18+00:00","og_image":[{"width":500,"height":500,"url":"https:\/\/widinovations.pt\/wp-content\/uploads\/2022\/03\/500x500.jpg","type":"image\/jpeg"}],"twitter_card":"summary_large_image","twitter_misc":{"Dur\u00e9e de lecture estim\u00e9e":"3 minutes"},"schema":{"@context":"https:\/\/schema.org","@graph":[{"@type":"WebPage","@id":"https:\/\/widinovations.pt\/fr\/entreprise\/politique-de-lorganisation\/","url":"https:\/\/widinovations.pt\/fr\/entreprise\/politique-de-lorganisation\/","name":"Politique de L'Organisation - widinovations","isPartOf":{"@id":"https:\/\/widinovations.pt\/#website"},"datePublished":"2025-05-02T15:25:52+00:00","dateModified":"2025-05-02T15:34:18+00:00","breadcrumb":{"@id":"https:\/\/widinovations.pt\/fr\/entreprise\/politique-de-lorganisation\/#breadcrumb"},"inLanguage":"fr-FR","potentialAction":[{"@type":"ReadAction","target":["https:\/\/widinovations.pt\/fr\/entreprise\/politique-de-lorganisation\/"]}]},{"@type":"BreadcrumbList","@id":"https:\/\/widinovations.pt\/fr\/entreprise\/politique-de-lorganisation\/#breadcrumb","itemListElement":[{"@type":"ListItem","position":1,"name":"Home","item":"https:\/\/widinovations.pt\/fr\/home\/"},{"@type":"ListItem","position":2,"name":"A propos de nous","item":"https:\/\/widinovations.pt\/fr\/entreprise\/"},{"@type":"ListItem","position":3,"name":"Politique de L&#8217;Organisation"}]},{"@type":"WebSite","@id":"https:\/\/widinovations.pt\/#website","url":"https:\/\/widinovations.pt\/","name":"widinovations","description":"Equipamentos de Corte\/Grava\u00e7\u00e3o a Laser, Fresadoras e Laminadoras\/Encapsuladoras","publisher":{"@id":"https:\/\/widinovations.pt\/#organization"},"potentialAction":[{"@type":"SearchAction","target":{"@type":"EntryPoint","urlTemplate":"https:\/\/widinovations.pt\/?s={search_term_string}"},"query-input":{"@type":"PropertyValueSpecification","valueRequired":true,"valueName":"search_term_string"}}],"inLanguage":"fr-FR"},{"@type":"Organization","@id":"https:\/\/widinovations.pt\/#organization","name":"Widinovations","url":"https:\/\/widinovations.pt\/","logo":{"@type":"ImageObject","inLanguage":"fr-FR","@id":"https:\/\/widinovations.pt\/#\/schema\/logo\/image\/","url":"https:\/\/widinovations.pt\/wp-content\/uploads\/2016\/10\/wid_logo.svg","contentUrl":"https:\/\/widinovations.pt\/wp-content\/uploads\/2016\/10\/wid_logo.svg","width":1,"height":1,"caption":"Widinovations"},"image":{"@id":"https:\/\/widinovations.pt\/#\/schema\/logo\/image\/"},"sameAs":["https:\/\/www.facebook.com\/widinovations","https:\/\/www.instagram.com\/widinovations","https:\/\/www.linkedin.com\/company\/widinovations","https:\/\/www.youtube.com\/widinovations"]}]}},"_links":{"self":[{"href":"https:\/\/widinovations.pt\/fr\/wp-json\/wp\/v2\/pages\/13730","targetHints":{"allow":["GET"]}}],"collection":[{"href":"https:\/\/widinovations.pt\/fr\/wp-json\/wp\/v2\/pages"}],"about":[{"href":"https:\/\/widinovations.pt\/fr\/wp-json\/wp\/v2\/types\/page"}],"author":[{"embeddable":true,"href":"https:\/\/widinovations.pt\/fr\/wp-json\/wp\/v2\/users\/1"}],"replies":[{"embeddable":true,"href":"https:\/\/widinovations.pt\/fr\/wp-json\/wp\/v2\/comments?post=13730"}],"version-history":[{"count":5,"href":"https:\/\/widinovations.pt\/fr\/wp-json\/wp\/v2\/pages\/13730\/revisions"}],"predecessor-version":[{"id":13737,"href":"https:\/\/widinovations.pt\/fr\/wp-json\/wp\/v2\/pages\/13730\/revisions\/13737"}],"up":[{"embeddable":true,"href":"https:\/\/widinovations.pt\/fr\/wp-json\/wp\/v2\/pages\/13678"}],"wp:attachment":[{"href":"https:\/\/widinovations.pt\/fr\/wp-json\/wp\/v2\/media?parent=13730"}],"wp:term":[{"taxonomy":"category","embeddable":true,"href":"https:\/\/widinovations.pt\/fr\/wp-json\/wp\/v2\/categories?post=13730"},{"taxonomy":"post_tag","embeddable":true,"href":"https:\/\/widinovations.pt\/fr\/wp-json\/wp\/v2\/tags?post=13730"}],"curies":[{"name":"wp","href":"https:\/\/api.w.org\/{rel}","templated":true}]}}