{"id":13723,"date":"2025-05-02T15:13:05","date_gmt":"2025-05-02T15:13:05","guid":{"rendered":"https:\/\/widinovations.pt\/?page_id=13723"},"modified":"2025-10-06T15:16:46","modified_gmt":"2025-10-06T15:16:46","slug":"mission-vision-et-valeurs","status":"publish","type":"page","link":"https:\/\/widinovations.pt\/fr\/entreprise\/mission-vision-et-valeurs\/","title":{"rendered":"Mission, Vision et Valeurs"},"content":{"rendered":"<div class=\"wpb-content-wrapper\"><p>[vc_row css=&#8221;.vc_custom_1468952548271{margin-bottom: 100px !important;}&#8221;][vc_column width=&#8221;3\/4&#8243;][vc_single_image image=&#8221;4240&#8243; img_size=&#8221;full&#8221; css=&#8221;.vc_custom_1631798379224{margin-bottom: 46px !important;}&#8221;][vc_column_text css=&#8221;.vc_custom_1759763645557{margin-bottom: 50px !important;}&#8221;]<\/p>\n<h2>Mission, Vision et Valeurs de L&#8217;organisation<\/h2>\n<p>[\/vc_column_text][stm_icon_box hide_title_line=&#8221;hide_title_line&#8221; enable_hexagon=&#8221;enable&#8221; enable_hexagon_animation=&#8221;enable&#8221; icon=&#8221;fas fa-tasks&#8221; style=&#8221;icon_left&#8221; icon_size=&#8221;25&#8243; icon_width=&#8221;82&#8243; title=&#8221;Mission&#8221; title_font_size=&#8221;32&#8243;]La mission de <strong>WIDINOVATIONS<\/strong> est de concevoir et de produire des \u00e9quipements de d\u00e9coupe\/gravure laser, des lamineurs et des CNC hautement fiables et technologiquement avanc\u00e9s, en orientant tous ses efforts vers la pleine satisfaction des besoins et des attentes de ses clients et partenaires.[\/stm_icon_box][stm_icon_box hide_title_line=&#8221;hide_title_line&#8221; enable_hexagon=&#8221;enable&#8221; enable_hexagon_animation=&#8221;enable&#8221; icon=&#8221;fas fa-chart-line&#8221; style=&#8221;icon_left&#8221; icon_size=&#8221;25&#8243; icon_width=&#8221;82&#8243; title=&#8221;Vision&#8221; title_font_size=&#8221;32&#8243;]Elle vise \u00e0 se diff\u00e9rencier sur son march\u00e9 gr\u00e2ce au design, \u00e0 la fiabilit\u00e9 et \u00e0 l&#8217;innovation de ses produits.<br \/>\nElle vise \u00e0 satisfaire et fid\u00e9liser sa client\u00e8le en se distinguant par l&#8217;excellence.<br \/>\nElle souhaite investir davantage sur les march\u00e9s \u00e9trangers.[\/stm_icon_box][stm_icon_box hide_title_line=&#8221;hide_title_line&#8221; enable_hexagon=&#8221;enable&#8221; enable_hexagon_animation=&#8221;enable&#8221; icon=&#8221;fas fa-medal&#8221; style=&#8221;icon_left&#8221; icon_size=&#8221;25&#8243; icon_width=&#8221;82&#8243; title=&#8221;Valeurs&#8221; title_font_size=&#8221;32&#8243;]Valoriser et optimiser les processus internes est un objectif constant pour maintenir la satisfaction des clients, des employ\u00e9s et des autres parties prenantes. Cette culture organisationnelle repose sur les valeurs suivantes:<\/p>\n<ul>\n<li>Qualit\u00e9<\/li>\n<li>Pr\u00e9cision<\/li>\n<li>Int\u00e9grit\u00e9<\/li>\n<li>Durabilit\u00e9<\/li>\n<li>Respect<\/li>\n<li>S\u00e9rieux<\/li>\n<li>Confiance<\/li>\n<\/ul>\n<p>[\/stm_icon_box][vc_empty_space height=&#8221;100px&#8221;][\/vc_column][vc_column width=&#8221;1\/4&#8243;][stm_sidebar sidebar=&#8221;311&#8243;][\/vc_column][\/vc_row][vc_row full_width=&#8221;stretch_row&#8221; el_class=&#8221;third_bg_color&#8221; css=&#8221;.vc_custom_1451889219674{margin-bottom: -60px !important;}&#8221;][vc_column][vc_cta h2=&#8221;Vous recherchez des \u00e9quipements de d\u00e9coupe et de gravure laser, des fraiseuses ou des plastifieuses?&#8221; h2_font_container=&#8221;tag:h2|font_size:20px|text_align:center|color:%231b367f|line_height:24px&#8221; h2_use_theme_fonts=&#8221;yes&#8221; txt_align=&#8221;center&#8221; shape=&#8221;square&#8221; add_button=&#8221;right&#8221; btn_title=&#8221;contacte-nos j\u00e1&#8221; btn_style=&#8221;custom&#8221; btn_custom_background=&#8221;#1b367f&#8221; btn_custom_text=&#8221;#ffffff&#8221; btn_shape=&#8221;square&#8221; use_custom_fonts_h2=&#8221;true&#8221; el_class=&#8221;third_bg_color&#8221; css=&#8221;.vc_custom_1759763773049{margin-bottom: 0px !important;}&#8221; btn_link=&#8221;url:https%3A%2F%2Fwidinovations.pt%2Ffr%2Fcontactos%2F|title:contactos|&#8221;][\/vc_cta][\/vc_column][\/vc_row]<\/p>\n<\/div>","protected":false},"excerpt":{"rendered":"<p>[vc_row css=&#8221;.vc_custom_1468952548271{margin-bottom: 100px !important;}&#8221;][vc_column width=&#8221;3\/4&#8243;][vc_single_image image=&#8221;4240&#8243; img_size=&#8221;full&#8221; css=&#8221;.vc_custom_1631798379224{margin-bottom: 46px !important;}&#8221;][vc_column_text css=&#8221;.vc_custom_1759763645557{margin-bottom: 50px !important;}&#8221;] Mission, Vision et Valeurs de L&#8217;organisation [\/vc_column_text][stm_icon_box hide_title_line=&#8221;hide_title_line&#8221; enable_hexagon=&#8221;enable&#8221; enable_hexagon_animation=&#8221;enable&#8221; icon=&#8221;fas fa-tasks&#8221; style=&#8221;icon_left&#8221; icon_size=&#8221;25&#8243; icon_width=&#8221;82&#8243; title=&#8221;Mission&#8221; title_font_size=&#8221;32&#8243;]La mission de WIDINOVATIONS est de concevoir et de produire des \u00e9quipements de d\u00e9coupe\/gravure laser, des lamineurs et des CNC hautement fiables et technologiquement avanc\u00e9s, en<\/p>\n","protected":false},"author":1,"featured_media":0,"parent":13678,"menu_order":0,"comment_status":"closed","ping_status":"closed","template":"","meta":{"inline_featured_image":false,"cybocfi_hide_featured_image":"","footnotes":""},"categories":[],"tags":[],"class_list":["post-13723","page","type-page","status-publish","hentry"],"yoast_head":"<!-- This site is optimized with the Yoast SEO plugin v26.5 - https:\/\/yoast.com\/wordpress\/plugins\/seo\/ -->\n<title>Mission, Vision et Valeurs - widinovations<\/title>\n<meta name=\"robots\" content=\"index, follow, max-snippet:-1, max-image-preview:large, max-video-preview:-1\" \/>\n<link rel=\"canonical\" href=\"https:\/\/widinovations.pt\/fr\/entreprise\/mission-vision-et-valeurs\/\" \/>\n<meta property=\"og:locale\" content=\"fr_FR\" \/>\n<meta property=\"og:type\" content=\"article\" \/>\n<meta property=\"og:title\" content=\"Mission, Vision et Valeurs - widinovations\" \/>\n<meta property=\"og:description\" content=\"[vc_row css=&#8221;.vc_custom_1468952548271{margin-bottom: 100px !important;}&#8221;][vc_column width=&#8221;3\/4&#8243;][vc_single_image image=&#8221;4240&#8243; img_size=&#8221;full&#8221; css=&#8221;.vc_custom_1631798379224{margin-bottom: 46px !important;}&#8221;][vc_column_text css=&#8221;.vc_custom_1759763645557{margin-bottom: 50px !important;}&#8221;] Mission, Vision et Valeurs de L&#8217;organisation [\/vc_column_text][stm_icon_box hide_title_line=&#8221;hide_title_line&#8221; enable_hexagon=&#8221;enable&#8221; enable_hexagon_animation=&#8221;enable&#8221; icon=&#8221;fas fa-tasks&#8221; style=&#8221;icon_left&#8221; icon_size=&#8221;25&#8243; icon_width=&#8221;82&#8243; title=&#8221;Mission&#8221; title_font_size=&#8221;32&#8243;]La mission de WIDINOVATIONS est de concevoir et de produire des \u00e9quipements de d\u00e9coupe\/gravure laser, des lamineurs et des CNC hautement fiables et technologiquement avanc\u00e9s, en\" \/>\n<meta property=\"og:url\" content=\"https:\/\/widinovations.pt\/fr\/entreprise\/mission-vision-et-valeurs\/\" \/>\n<meta property=\"og:site_name\" content=\"widinovations\" \/>\n<meta property=\"article:publisher\" content=\"https:\/\/www.facebook.com\/widinovations\" \/>\n<meta property=\"article:modified_time\" content=\"2025-10-06T15:16:46+00:00\" \/>\n<meta property=\"og:image\" content=\"https:\/\/widinovations.pt\/wp-content\/uploads\/2022\/03\/500x500.jpg\" \/>\n\t<meta property=\"og:image:width\" content=\"500\" \/>\n\t<meta property=\"og:image:height\" content=\"500\" \/>\n\t<meta property=\"og:image:type\" content=\"image\/jpeg\" \/>\n<meta name=\"twitter:card\" content=\"summary_large_image\" \/>\n<meta name=\"twitter:label1\" content=\"Dur\u00e9e de lecture estim\u00e9e\" \/>\n\t<meta name=\"twitter:data1\" content=\"2 minutes\" \/>\n<script type=\"application\/ld+json\" class=\"yoast-schema-graph\">{\"@context\":\"https:\/\/schema.org\",\"@graph\":[{\"@type\":\"WebPage\",\"@id\":\"https:\/\/widinovations.pt\/fr\/entreprise\/mission-vision-et-valeurs\/\",\"url\":\"https:\/\/widinovations.pt\/fr\/entreprise\/mission-vision-et-valeurs\/\",\"name\":\"Mission, Vision et Valeurs - widinovations\",\"isPartOf\":{\"@id\":\"https:\/\/widinovations.pt\/#website\"},\"datePublished\":\"2025-05-02T15:13:05+00:00\",\"dateModified\":\"2025-10-06T15:16:46+00:00\",\"breadcrumb\":{\"@id\":\"https:\/\/widinovations.pt\/fr\/entreprise\/mission-vision-et-valeurs\/#breadcrumb\"},\"inLanguage\":\"fr-FR\",\"potentialAction\":[{\"@type\":\"ReadAction\",\"target\":[\"https:\/\/widinovations.pt\/fr\/entreprise\/mission-vision-et-valeurs\/\"]}]},{\"@type\":\"BreadcrumbList\",\"@id\":\"https:\/\/widinovations.pt\/fr\/entreprise\/mission-vision-et-valeurs\/#breadcrumb\",\"itemListElement\":[{\"@type\":\"ListItem\",\"position\":1,\"name\":\"Home\",\"item\":\"https:\/\/widinovations.pt\/fr\/home\/\"},{\"@type\":\"ListItem\",\"position\":2,\"name\":\"A propos de nous\",\"item\":\"https:\/\/widinovations.pt\/fr\/entreprise\/\"},{\"@type\":\"ListItem\",\"position\":3,\"name\":\"Mission, Vision et Valeurs\"}]},{\"@type\":\"WebSite\",\"@id\":\"https:\/\/widinovations.pt\/#website\",\"url\":\"https:\/\/widinovations.pt\/\",\"name\":\"widinovations\",\"description\":\"Equipamentos de Corte\/Grava\u00e7\u00e3o a Laser, Fresadoras e Laminadoras\/Encapsuladoras\",\"publisher\":{\"@id\":\"https:\/\/widinovations.pt\/#organization\"},\"potentialAction\":[{\"@type\":\"SearchAction\",\"target\":{\"@type\":\"EntryPoint\",\"urlTemplate\":\"https:\/\/widinovations.pt\/?s={search_term_string}\"},\"query-input\":{\"@type\":\"PropertyValueSpecification\",\"valueRequired\":true,\"valueName\":\"search_term_string\"}}],\"inLanguage\":\"fr-FR\"},{\"@type\":\"Organization\",\"@id\":\"https:\/\/widinovations.pt\/#organization\",\"name\":\"Widinovations\",\"url\":\"https:\/\/widinovations.pt\/\",\"logo\":{\"@type\":\"ImageObject\",\"inLanguage\":\"fr-FR\",\"@id\":\"https:\/\/widinovations.pt\/#\/schema\/logo\/image\/\",\"url\":\"https:\/\/widinovations.pt\/wp-content\/uploads\/2016\/10\/wid_logo.svg\",\"contentUrl\":\"https:\/\/widinovations.pt\/wp-content\/uploads\/2016\/10\/wid_logo.svg\",\"width\":1,\"height\":1,\"caption\":\"Widinovations\"},\"image\":{\"@id\":\"https:\/\/widinovations.pt\/#\/schema\/logo\/image\/\"},\"sameAs\":[\"https:\/\/www.facebook.com\/widinovations\",\"https:\/\/www.instagram.com\/widinovations\",\"https:\/\/www.linkedin.com\/company\/widinovations\",\"https:\/\/www.youtube.com\/widinovations\"]}]}<\/script>\n<!-- \/ Yoast SEO plugin. -->","yoast_head_json":{"title":"Mission, Vision et Valeurs - widinovations","robots":{"index":"index","follow":"follow","max-snippet":"max-snippet:-1","max-image-preview":"max-image-preview:large","max-video-preview":"max-video-preview:-1"},"canonical":"https:\/\/widinovations.pt\/fr\/entreprise\/mission-vision-et-valeurs\/","og_locale":"fr_FR","og_type":"article","og_title":"Mission, Vision et Valeurs - widinovations","og_description":"[vc_row css=&#8221;.vc_custom_1468952548271{margin-bottom: 100px !important;}&#8221;][vc_column width=&#8221;3\/4&#8243;][vc_single_image image=&#8221;4240&#8243; img_size=&#8221;full&#8221; css=&#8221;.vc_custom_1631798379224{margin-bottom: 46px !important;}&#8221;][vc_column_text css=&#8221;.vc_custom_1759763645557{margin-bottom: 50px !important;}&#8221;] Mission, Vision et Valeurs de L&#8217;organisation [\/vc_column_text][stm_icon_box hide_title_line=&#8221;hide_title_line&#8221; enable_hexagon=&#8221;enable&#8221; enable_hexagon_animation=&#8221;enable&#8221; icon=&#8221;fas fa-tasks&#8221; style=&#8221;icon_left&#8221; icon_size=&#8221;25&#8243; icon_width=&#8221;82&#8243; title=&#8221;Mission&#8221; title_font_size=&#8221;32&#8243;]La mission de WIDINOVATIONS est de concevoir et de produire des \u00e9quipements de d\u00e9coupe\/gravure laser, des lamineurs et des CNC hautement fiables et technologiquement avanc\u00e9s, en","og_url":"https:\/\/widinovations.pt\/fr\/entreprise\/mission-vision-et-valeurs\/","og_site_name":"widinovations","article_publisher":"https:\/\/www.facebook.com\/widinovations","article_modified_time":"2025-10-06T15:16:46+00:00","og_image":[{"width":500,"height":500,"url":"https:\/\/widinovations.pt\/wp-content\/uploads\/2022\/03\/500x500.jpg","type":"image\/jpeg"}],"twitter_card":"summary_large_image","twitter_misc":{"Dur\u00e9e de lecture estim\u00e9e":"2 minutes"},"schema":{"@context":"https:\/\/schema.org","@graph":[{"@type":"WebPage","@id":"https:\/\/widinovations.pt\/fr\/entreprise\/mission-vision-et-valeurs\/","url":"https:\/\/widinovations.pt\/fr\/entreprise\/mission-vision-et-valeurs\/","name":"Mission, Vision et Valeurs - widinovations","isPartOf":{"@id":"https:\/\/widinovations.pt\/#website"},"datePublished":"2025-05-02T15:13:05+00:00","dateModified":"2025-10-06T15:16:46+00:00","breadcrumb":{"@id":"https:\/\/widinovations.pt\/fr\/entreprise\/mission-vision-et-valeurs\/#breadcrumb"},"inLanguage":"fr-FR","potentialAction":[{"@type":"ReadAction","target":["https:\/\/widinovations.pt\/fr\/entreprise\/mission-vision-et-valeurs\/"]}]},{"@type":"BreadcrumbList","@id":"https:\/\/widinovations.pt\/fr\/entreprise\/mission-vision-et-valeurs\/#breadcrumb","itemListElement":[{"@type":"ListItem","position":1,"name":"Home","item":"https:\/\/widinovations.pt\/fr\/home\/"},{"@type":"ListItem","position":2,"name":"A propos de nous","item":"https:\/\/widinovations.pt\/fr\/entreprise\/"},{"@type":"ListItem","position":3,"name":"Mission, Vision et Valeurs"}]},{"@type":"WebSite","@id":"https:\/\/widinovations.pt\/#website","url":"https:\/\/widinovations.pt\/","name":"widinovations","description":"Equipamentos de Corte\/Grava\u00e7\u00e3o a Laser, Fresadoras e Laminadoras\/Encapsuladoras","publisher":{"@id":"https:\/\/widinovations.pt\/#organization"},"potentialAction":[{"@type":"SearchAction","target":{"@type":"EntryPoint","urlTemplate":"https:\/\/widinovations.pt\/?s={search_term_string}"},"query-input":{"@type":"PropertyValueSpecification","valueRequired":true,"valueName":"search_term_string"}}],"inLanguage":"fr-FR"},{"@type":"Organization","@id":"https:\/\/widinovations.pt\/#organization","name":"Widinovations","url":"https:\/\/widinovations.pt\/","logo":{"@type":"ImageObject","inLanguage":"fr-FR","@id":"https:\/\/widinovations.pt\/#\/schema\/logo\/image\/","url":"https:\/\/widinovations.pt\/wp-content\/uploads\/2016\/10\/wid_logo.svg","contentUrl":"https:\/\/widinovations.pt\/wp-content\/uploads\/2016\/10\/wid_logo.svg","width":1,"height":1,"caption":"Widinovations"},"image":{"@id":"https:\/\/widinovations.pt\/#\/schema\/logo\/image\/"},"sameAs":["https:\/\/www.facebook.com\/widinovations","https:\/\/www.instagram.com\/widinovations","https:\/\/www.linkedin.com\/company\/widinovations","https:\/\/www.youtube.com\/widinovations"]}]}},"_links":{"self":[{"href":"https:\/\/widinovations.pt\/fr\/wp-json\/wp\/v2\/pages\/13723","targetHints":{"allow":["GET"]}}],"collection":[{"href":"https:\/\/widinovations.pt\/fr\/wp-json\/wp\/v2\/pages"}],"about":[{"href":"https:\/\/widinovations.pt\/fr\/wp-json\/wp\/v2\/types\/page"}],"author":[{"embeddable":true,"href":"https:\/\/widinovations.pt\/fr\/wp-json\/wp\/v2\/users\/1"}],"replies":[{"embeddable":true,"href":"https:\/\/widinovations.pt\/fr\/wp-json\/wp\/v2\/comments?post=13723"}],"version-history":[{"count":9,"href":"https:\/\/widinovations.pt\/fr\/wp-json\/wp\/v2\/pages\/13723\/revisions"}],"predecessor-version":[{"id":14821,"href":"https:\/\/widinovations.pt\/fr\/wp-json\/wp\/v2\/pages\/13723\/revisions\/14821"}],"up":[{"embeddable":true,"href":"https:\/\/widinovations.pt\/fr\/wp-json\/wp\/v2\/pages\/13678"}],"wp:attachment":[{"href":"https:\/\/widinovations.pt\/fr\/wp-json\/wp\/v2\/media?parent=13723"}],"wp:term":[{"taxonomy":"category","embeddable":true,"href":"https:\/\/widinovations.pt\/fr\/wp-json\/wp\/v2\/categories?post=13723"},{"taxonomy":"post_tag","embeddable":true,"href":"https:\/\/widinovations.pt\/fr\/wp-json\/wp\/v2\/tags?post=13723"}],"curies":[{"name":"wp","href":"https:\/\/api.w.org\/{rel}","templated":true}]}}