{"id":13682,"date":"2025-05-02T14:55:44","date_gmt":"2025-05-02T14:55:44","guid":{"rendered":"https:\/\/widinovations.pt\/?page_id=13682"},"modified":"2025-10-06T15:07:03","modified_gmt":"2025-10-06T15:07:03","slug":"equipe","status":"publish","type":"page","link":"https:\/\/widinovations.pt\/fr\/entreprise\/equipe\/","title":{"rendered":"\u00c9quipe"},"content":{"rendered":"<div class=\"wpb-content-wrapper\"><p>[vc_row css=&#8221;.vc_custom_1746200190748{margin-top: 72px !important;margin-bottom: 100px !important;}&#8221;][vc_column width=&#8221;3\/4&#8243;][vc_custom_heading text=&#8221;\u00c9quipe&#8221; font_container=&#8221;tag:h2|text_align:center|color:%231b367f&#8221; google_fonts=&#8221;font_family:Poppins%3A300%2Cregular%2C500%2C600%2C700|font_style:600%20semi-bold%3A600%3Anormal&#8221;][vc_empty_space][vc_single_image image=&#8221;10413&#8243; img_size=&#8221;full&#8221;][vc_column_text]Widinovations est fi\u00e8re d&#8217;avoir un groupe de professionnels qui portent la chemise et s&#8217;efforcent chaque jour d&#8217;obtenir des r\u00e9sultats fructueux avec ses <em>stakeholders<\/em>.<\/p>\n<p>Elle compte actuellement <strong>26 employ\u00e9s<\/strong> qui se distinguent par leur <strong>capacit\u00e9<\/strong> individuelle et collective \u00e0 <strong>travailler en \u00e9quipe<\/strong>, ce qui se refl\u00e8te dans les r\u00e9sultats obtenus ann\u00e9e apr\u00e8s ann\u00e9e.[\/vc_column_text][\/vc_column][vc_column width=&#8221;1\/4&#8243;][stm_sidebar sidebar=&#8221;311&#8243;][\/vc_column][\/vc_row]<\/p>\n<\/div>","protected":false},"excerpt":{"rendered":"<p>[vc_row css=&#8221;.vc_custom_1746200190748{margin-top: 72px !important;margin-bottom: 100px !important;}&#8221;][vc_column width=&#8221;3\/4&#8243;][vc_custom_heading text=&#8221;\u00c9quipe&#8221; font_container=&#8221;tag:h2|text_align:center|color:%231b367f&#8221; google_fonts=&#8221;font_family:Poppins%3A300%2Cregular%2C500%2C600%2C700|font_style:600%20semi-bold%3A600%3Anormal&#8221;][vc_empty_space][vc_single_image image=&#8221;10413&#8243; img_size=&#8221;full&#8221;][vc_column_text]Widinovations est fi\u00e8re d&#8217;avoir un groupe de professionnels qui portent la chemise et s&#8217;efforcent chaque jour d&#8217;obtenir des r\u00e9sultats fructueux avec ses stakeholders. Elle compte actuellement 26 employ\u00e9s qui se distinguent par leur capacit\u00e9 individuelle et collective \u00e0 travailler en \u00e9quipe, ce qui se<\/p>\n","protected":false},"author":1,"featured_media":0,"parent":13678,"menu_order":0,"comment_status":"closed","ping_status":"closed","template":"","meta":{"inline_featured_image":false,"cybocfi_hide_featured_image":"","footnotes":""},"categories":[],"tags":[],"class_list":["post-13682","page","type-page","status-publish","hentry"],"yoast_head":"<!-- This site is optimized with the Yoast SEO plugin v26.5 - https:\/\/yoast.com\/wordpress\/plugins\/seo\/ -->\n<title>\u00c9quipe - widinovations<\/title>\n<meta name=\"robots\" content=\"index, follow, max-snippet:-1, max-image-preview:large, max-video-preview:-1\" \/>\n<link rel=\"canonical\" href=\"https:\/\/widinovations.pt\/fr\/entreprise\/equipe\/\" \/>\n<meta property=\"og:locale\" content=\"fr_FR\" \/>\n<meta property=\"og:type\" content=\"article\" \/>\n<meta property=\"og:title\" content=\"\u00c9quipe - widinovations\" \/>\n<meta property=\"og:description\" content=\"[vc_row css=&#8221;.vc_custom_1746200190748{margin-top: 72px !important;margin-bottom: 100px !important;}&#8221;][vc_column width=&#8221;3\/4&#8243;][vc_custom_heading text=&#8221;\u00c9quipe&#8221; font_container=&#8221;tag:h2|text_align:center|color:%231b367f&#8221; google_fonts=&#8221;font_family:Poppins%3A300%2Cregular%2C500%2C600%2C700|font_style:600%20semi-bold%3A600%3Anormal&#8221;][vc_empty_space][vc_single_image image=&#8221;10413&#8243; img_size=&#8221;full&#8221;][vc_column_text]Widinovations est fi\u00e8re d&#8217;avoir un groupe de professionnels qui portent la chemise et s&#8217;efforcent chaque jour d&#8217;obtenir des r\u00e9sultats fructueux avec ses stakeholders. Elle compte actuellement 26 employ\u00e9s qui se distinguent par leur capacit\u00e9 individuelle et collective \u00e0 travailler en \u00e9quipe, ce qui se\" \/>\n<meta property=\"og:url\" content=\"https:\/\/widinovations.pt\/fr\/entreprise\/equipe\/\" \/>\n<meta property=\"og:site_name\" content=\"widinovations\" \/>\n<meta property=\"article:publisher\" content=\"https:\/\/www.facebook.com\/widinovations\" \/>\n<meta property=\"article:modified_time\" content=\"2025-10-06T15:07:03+00:00\" \/>\n<meta property=\"og:image\" content=\"https:\/\/widinovations.pt\/wp-content\/uploads\/2022\/03\/500x500.jpg\" \/>\n\t<meta property=\"og:image:width\" content=\"500\" \/>\n\t<meta property=\"og:image:height\" content=\"500\" \/>\n\t<meta property=\"og:image:type\" content=\"image\/jpeg\" \/>\n<meta name=\"twitter:card\" content=\"summary_large_image\" \/>\n<meta name=\"twitter:label1\" content=\"Dur\u00e9e de lecture estim\u00e9e\" \/>\n\t<meta name=\"twitter:data1\" content=\"1 minute\" \/>\n<script type=\"application\/ld+json\" class=\"yoast-schema-graph\">{\"@context\":\"https:\/\/schema.org\",\"@graph\":[{\"@type\":\"WebPage\",\"@id\":\"https:\/\/widinovations.pt\/fr\/entreprise\/equipe\/\",\"url\":\"https:\/\/widinovations.pt\/fr\/entreprise\/equipe\/\",\"name\":\"\u00c9quipe - widinovations\",\"isPartOf\":{\"@id\":\"https:\/\/widinovations.pt\/#website\"},\"datePublished\":\"2025-05-02T14:55:44+00:00\",\"dateModified\":\"2025-10-06T15:07:03+00:00\",\"breadcrumb\":{\"@id\":\"https:\/\/widinovations.pt\/fr\/entreprise\/equipe\/#breadcrumb\"},\"inLanguage\":\"fr-FR\",\"potentialAction\":[{\"@type\":\"ReadAction\",\"target\":[\"https:\/\/widinovations.pt\/fr\/entreprise\/equipe\/\"]}]},{\"@type\":\"BreadcrumbList\",\"@id\":\"https:\/\/widinovations.pt\/fr\/entreprise\/equipe\/#breadcrumb\",\"itemListElement\":[{\"@type\":\"ListItem\",\"position\":1,\"name\":\"Home\",\"item\":\"https:\/\/widinovations.pt\/fr\/home\/\"},{\"@type\":\"ListItem\",\"position\":2,\"name\":\"A propos de nous\",\"item\":\"https:\/\/widinovations.pt\/fr\/entreprise\/\"},{\"@type\":\"ListItem\",\"position\":3,\"name\":\"\u00c9quipe\"}]},{\"@type\":\"WebSite\",\"@id\":\"https:\/\/widinovations.pt\/#website\",\"url\":\"https:\/\/widinovations.pt\/\",\"name\":\"widinovations\",\"description\":\"Equipamentos de Corte\/Grava\u00e7\u00e3o a Laser, Fresadoras e Laminadoras\/Encapsuladoras\",\"publisher\":{\"@id\":\"https:\/\/widinovations.pt\/#organization\"},\"potentialAction\":[{\"@type\":\"SearchAction\",\"target\":{\"@type\":\"EntryPoint\",\"urlTemplate\":\"https:\/\/widinovations.pt\/?s={search_term_string}\"},\"query-input\":{\"@type\":\"PropertyValueSpecification\",\"valueRequired\":true,\"valueName\":\"search_term_string\"}}],\"inLanguage\":\"fr-FR\"},{\"@type\":\"Organization\",\"@id\":\"https:\/\/widinovations.pt\/#organization\",\"name\":\"Widinovations\",\"url\":\"https:\/\/widinovations.pt\/\",\"logo\":{\"@type\":\"ImageObject\",\"inLanguage\":\"fr-FR\",\"@id\":\"https:\/\/widinovations.pt\/#\/schema\/logo\/image\/\",\"url\":\"https:\/\/widinovations.pt\/wp-content\/uploads\/2016\/10\/wid_logo.svg\",\"contentUrl\":\"https:\/\/widinovations.pt\/wp-content\/uploads\/2016\/10\/wid_logo.svg\",\"width\":1,\"height\":1,\"caption\":\"Widinovations\"},\"image\":{\"@id\":\"https:\/\/widinovations.pt\/#\/schema\/logo\/image\/\"},\"sameAs\":[\"https:\/\/www.facebook.com\/widinovations\",\"https:\/\/www.instagram.com\/widinovations\",\"https:\/\/www.linkedin.com\/company\/widinovations\",\"https:\/\/www.youtube.com\/widinovations\"]}]}<\/script>\n<!-- \/ Yoast SEO plugin. -->","yoast_head_json":{"title":"\u00c9quipe - widinovations","robots":{"index":"index","follow":"follow","max-snippet":"max-snippet:-1","max-image-preview":"max-image-preview:large","max-video-preview":"max-video-preview:-1"},"canonical":"https:\/\/widinovations.pt\/fr\/entreprise\/equipe\/","og_locale":"fr_FR","og_type":"article","og_title":"\u00c9quipe - widinovations","og_description":"[vc_row css=&#8221;.vc_custom_1746200190748{margin-top: 72px !important;margin-bottom: 100px !important;}&#8221;][vc_column width=&#8221;3\/4&#8243;][vc_custom_heading text=&#8221;\u00c9quipe&#8221; font_container=&#8221;tag:h2|text_align:center|color:%231b367f&#8221; google_fonts=&#8221;font_family:Poppins%3A300%2Cregular%2C500%2C600%2C700|font_style:600%20semi-bold%3A600%3Anormal&#8221;][vc_empty_space][vc_single_image image=&#8221;10413&#8243; img_size=&#8221;full&#8221;][vc_column_text]Widinovations est fi\u00e8re d&#8217;avoir un groupe de professionnels qui portent la chemise et s&#8217;efforcent chaque jour d&#8217;obtenir des r\u00e9sultats fructueux avec ses stakeholders. Elle compte actuellement 26 employ\u00e9s qui se distinguent par leur capacit\u00e9 individuelle et collective \u00e0 travailler en \u00e9quipe, ce qui se","og_url":"https:\/\/widinovations.pt\/fr\/entreprise\/equipe\/","og_site_name":"widinovations","article_publisher":"https:\/\/www.facebook.com\/widinovations","article_modified_time":"2025-10-06T15:07:03+00:00","og_image":[{"width":500,"height":500,"url":"https:\/\/widinovations.pt\/wp-content\/uploads\/2022\/03\/500x500.jpg","type":"image\/jpeg"}],"twitter_card":"summary_large_image","twitter_misc":{"Dur\u00e9e de lecture estim\u00e9e":"1 minute"},"schema":{"@context":"https:\/\/schema.org","@graph":[{"@type":"WebPage","@id":"https:\/\/widinovations.pt\/fr\/entreprise\/equipe\/","url":"https:\/\/widinovations.pt\/fr\/entreprise\/equipe\/","name":"\u00c9quipe - widinovations","isPartOf":{"@id":"https:\/\/widinovations.pt\/#website"},"datePublished":"2025-05-02T14:55:44+00:00","dateModified":"2025-10-06T15:07:03+00:00","breadcrumb":{"@id":"https:\/\/widinovations.pt\/fr\/entreprise\/equipe\/#breadcrumb"},"inLanguage":"fr-FR","potentialAction":[{"@type":"ReadAction","target":["https:\/\/widinovations.pt\/fr\/entreprise\/equipe\/"]}]},{"@type":"BreadcrumbList","@id":"https:\/\/widinovations.pt\/fr\/entreprise\/equipe\/#breadcrumb","itemListElement":[{"@type":"ListItem","position":1,"name":"Home","item":"https:\/\/widinovations.pt\/fr\/home\/"},{"@type":"ListItem","position":2,"name":"A propos de nous","item":"https:\/\/widinovations.pt\/fr\/entreprise\/"},{"@type":"ListItem","position":3,"name":"\u00c9quipe"}]},{"@type":"WebSite","@id":"https:\/\/widinovations.pt\/#website","url":"https:\/\/widinovations.pt\/","name":"widinovations","description":"Equipamentos de Corte\/Grava\u00e7\u00e3o a Laser, Fresadoras e Laminadoras\/Encapsuladoras","publisher":{"@id":"https:\/\/widinovations.pt\/#organization"},"potentialAction":[{"@type":"SearchAction","target":{"@type":"EntryPoint","urlTemplate":"https:\/\/widinovations.pt\/?s={search_term_string}"},"query-input":{"@type":"PropertyValueSpecification","valueRequired":true,"valueName":"search_term_string"}}],"inLanguage":"fr-FR"},{"@type":"Organization","@id":"https:\/\/widinovations.pt\/#organization","name":"Widinovations","url":"https:\/\/widinovations.pt\/","logo":{"@type":"ImageObject","inLanguage":"fr-FR","@id":"https:\/\/widinovations.pt\/#\/schema\/logo\/image\/","url":"https:\/\/widinovations.pt\/wp-content\/uploads\/2016\/10\/wid_logo.svg","contentUrl":"https:\/\/widinovations.pt\/wp-content\/uploads\/2016\/10\/wid_logo.svg","width":1,"height":1,"caption":"Widinovations"},"image":{"@id":"https:\/\/widinovations.pt\/#\/schema\/logo\/image\/"},"sameAs":["https:\/\/www.facebook.com\/widinovations","https:\/\/www.instagram.com\/widinovations","https:\/\/www.linkedin.com\/company\/widinovations","https:\/\/www.youtube.com\/widinovations"]}]}},"_links":{"self":[{"href":"https:\/\/widinovations.pt\/fr\/wp-json\/wp\/v2\/pages\/13682","targetHints":{"allow":["GET"]}}],"collection":[{"href":"https:\/\/widinovations.pt\/fr\/wp-json\/wp\/v2\/pages"}],"about":[{"href":"https:\/\/widinovations.pt\/fr\/wp-json\/wp\/v2\/types\/page"}],"author":[{"embeddable":true,"href":"https:\/\/widinovations.pt\/fr\/wp-json\/wp\/v2\/users\/1"}],"replies":[{"embeddable":true,"href":"https:\/\/widinovations.pt\/fr\/wp-json\/wp\/v2\/comments?post=13682"}],"version-history":[{"count":4,"href":"https:\/\/widinovations.pt\/fr\/wp-json\/wp\/v2\/pages\/13682\/revisions"}],"predecessor-version":[{"id":14818,"href":"https:\/\/widinovations.pt\/fr\/wp-json\/wp\/v2\/pages\/13682\/revisions\/14818"}],"up":[{"embeddable":true,"href":"https:\/\/widinovations.pt\/fr\/wp-json\/wp\/v2\/pages\/13678"}],"wp:attachment":[{"href":"https:\/\/widinovations.pt\/fr\/wp-json\/wp\/v2\/media?parent=13682"}],"wp:term":[{"taxonomy":"category","embeddable":true,"href":"https:\/\/widinovations.pt\/fr\/wp-json\/wp\/v2\/categories?post=13682"},{"taxonomy":"post_tag","embeddable":true,"href":"https:\/\/widinovations.pt\/fr\/wp-json\/wp\/v2\/tags?post=13682"}],"curies":[{"name":"wp","href":"https:\/\/api.w.org\/{rel}","templated":true}]}}