{"id":13678,"date":"2025-05-02T14:48:01","date_gmt":"2025-05-02T14:48:01","guid":{"rendered":"https:\/\/widinovations.pt\/?page_id=13678"},"modified":"2025-05-02T15:37:54","modified_gmt":"2025-05-02T15:37:54","slug":"entreprise","status":"publish","type":"page","link":"https:\/\/widinovations.pt\/fr\/entreprise\/","title":{"rendered":"A propos de nous"},"content":{"rendered":"<div class=\"wpb-content-wrapper\"><p>[vc_row css=&#8221;.vc_custom_1746200270568{margin-top: 72px !important;margin-bottom: 100px !important;}&#8221;][vc_column offset=&#8221;vc_col-lg-9 vc_col-md-9&#8243;][vc_single_image image=&#8221;2232&#8243; img_size=&#8221;full&#8221;][vc_column_text css=&#8221;.vc_custom_1746197416204{margin-top: 40px !important;}&#8221;]<\/p>\n<h3 style=\"color: #002e6d;\">A propos de nous<\/h3>\n<p class=\"p1\">Widinovations a \u00e9t\u00e9 fond\u00e9e en 2004 dans le but initial de soutenir le secteur de l&#8217;impression num\u00e9rique grand format sur le march\u00e9 de la p\u00e9ninsule ib\u00e9rique.<\/p>\n<p class=\"p1\">Gr\u00e2ce aux connaissances acquises et \u00e0 un choix strat\u00e9gique, elle a \u00e9tendu en 2011 son domaine d&#8217;activit\u00e9 \u00e0 la fabrication et \u00e0 la commercialisation d&#8217;\u00e9quipements de d\u00e9coupe et de gravure au laser et \u00e0 commande num\u00e9rique.<\/p>\n<p class=\"p1\">La croissance rapide de ce secteur a conduit \u00e0 la cr\u00e9ation des marques widlaser, widlaminator et widcnc, qui sont d\u00e9sormais synonymes de qualit\u00e9, de robustesse et de fiabilit\u00e9, comme en t\u00e9moignent les plus de 5 000 \u00e9quipements install\u00e9s principalement en Europe dans diff\u00e9rents secteurs industriels.<\/p>\n<p class=\"p1\">Tous les \u00e9quipements de la marque widlaser\/widcnc ont un design totalement diff\u00e9rent et leur construction est bas\u00e9e sur les normes europ\u00e9ennes, ce qui a permis \u00e0 widinovations de devenir une PME d&#8217;excellence et une entreprise certifi\u00e9e ISO 9001.<\/p>\n<p class=\"p1\">Aujourd&#8217;hui, widinovations couvre toute l&#8217;Europe \u00e0 travers un r\u00e9seau d&#8217;une trentaine de distributeurs, avec un service technique d&#8217;excellence et un d\u00e9partement R&amp;D capable de r\u00e9pondre tr\u00e8s rapidement avec des solutions innovantes et disruptives aux exigences des secteurs d&#8217;activit\u00e9 les plus vari\u00e9s.<\/p>\n<p>[\/vc_column_text][vc_column_text css=&#8221;.vc_custom_1746197432152{margin-bottom: 34px !important;}&#8221;]<\/p>\n<blockquote>\n<p>Nous offrons un service technique rapide et efficace, avec des temps de r\u00e9ponse adapt\u00e9s aux exigences de ce march\u00e9.<\/p>\n<\/blockquote>\n<p>[\/vc_column_text][vc_empty_space][\/vc_column][vc_column width=&#8221;1\/4&#8243;][stm_sidebar sidebar=&#8221;311&#8243;][\/vc_column][\/vc_row][vc_row full_width=&#8221;stretch_row&#8221; el_class=&#8221;third_bg_color&#8221; css=&#8221;.vc_custom_1451889219674{margin-bottom: -60px !important;}&#8221;][vc_column][vc_cta h2=&#8221;Vous recherchez des \u00e9quipements de d\u00e9coupe et de gravure au laser, des fraiseuses ou des laminateurs?&#8221; h2_font_container=&#8221;tag:h2|font_size:20px|text_align:left|color:%231b367f|line_height:24px&#8221; h2_use_theme_fonts=&#8221;yes&#8221; shape=&#8221;square&#8221; style=&#8221;flat&#8221; add_button=&#8221;right&#8221; btn_title=&#8221;Contactez-nous&#8221; btn_style=&#8221;custom&#8221; btn_custom_background=&#8221;#1b367f&#8221; btn_custom_text=&#8221;#ffffff&#8221; btn_shape=&#8221;square&#8221; btn_align=&#8221;right&#8221; use_custom_fonts_h2=&#8221;true&#8221; btn_button_block=&#8221;true&#8221; el_class=&#8221;third_bg_color&#8221; css=&#8221;.vc_custom_1746197492626{margin-bottom: 0px !important;}&#8221; btn_link=&#8221;url:https%3A%2F%2Fwidinovations.pt%2Ffr%2Fcontactos%2F|title:Contacts&#8221;][\/vc_cta][\/vc_column][\/vc_row]<\/p>\n<\/div>","protected":false},"excerpt":{"rendered":"<p>[vc_row css=&#8221;.vc_custom_1746200270568{margin-top: 72px !important;margin-bottom: 100px !important;}&#8221;][vc_column offset=&#8221;vc_col-lg-9 vc_col-md-9&#8243;][vc_single_image image=&#8221;2232&#8243; img_size=&#8221;full&#8221;][vc_column_text css=&#8221;.vc_custom_1746197416204{margin-top: 40px !important;}&#8221;] A propos de nous Widinovations a \u00e9t\u00e9 fond\u00e9e en 2004 dans le but initial de soutenir le secteur de l&#8217;impression num\u00e9rique grand format sur le march\u00e9 de la p\u00e9ninsule ib\u00e9rique. Gr\u00e2ce aux connaissances acquises et \u00e0 un choix strat\u00e9gique, elle a \u00e9tendu<\/p>\n","protected":false},"author":1,"featured_media":0,"parent":0,"menu_order":0,"comment_status":"closed","ping_status":"closed","template":"","meta":{"inline_featured_image":false,"cybocfi_hide_featured_image":"","footnotes":""},"categories":[],"tags":[],"class_list":["post-13678","page","type-page","status-publish","hentry"],"yoast_head":"<!-- This site is optimized with the Yoast SEO plugin v26.5 - https:\/\/yoast.com\/wordpress\/plugins\/seo\/ -->\n<title>A propos de nous - widinovations<\/title>\n<meta name=\"robots\" content=\"index, follow, max-snippet:-1, max-image-preview:large, max-video-preview:-1\" \/>\n<link rel=\"canonical\" href=\"https:\/\/widinovations.pt\/fr\/entreprise\/\" \/>\n<meta property=\"og:locale\" content=\"fr_FR\" \/>\n<meta property=\"og:type\" content=\"article\" \/>\n<meta property=\"og:title\" content=\"A propos de nous - widinovations\" \/>\n<meta property=\"og:description\" content=\"[vc_row css=&#8221;.vc_custom_1746200270568{margin-top: 72px !important;margin-bottom: 100px !important;}&#8221;][vc_column offset=&#8221;vc_col-lg-9 vc_col-md-9&#8243;][vc_single_image image=&#8221;2232&#8243; img_size=&#8221;full&#8221;][vc_column_text css=&#8221;.vc_custom_1746197416204{margin-top: 40px !important;}&#8221;] A propos de nous Widinovations a \u00e9t\u00e9 fond\u00e9e en 2004 dans le but initial de soutenir le secteur de l&#8217;impression num\u00e9rique grand format sur le march\u00e9 de la p\u00e9ninsule ib\u00e9rique. Gr\u00e2ce aux connaissances acquises et \u00e0 un choix strat\u00e9gique, elle a \u00e9tendu\" \/>\n<meta property=\"og:url\" content=\"https:\/\/widinovations.pt\/fr\/entreprise\/\" \/>\n<meta property=\"og:site_name\" content=\"widinovations\" \/>\n<meta property=\"article:publisher\" content=\"https:\/\/www.facebook.com\/widinovations\" \/>\n<meta property=\"article:modified_time\" content=\"2025-05-02T15:37:54+00:00\" \/>\n<meta property=\"og:image\" content=\"https:\/\/widinovations.pt\/wp-content\/uploads\/2022\/03\/500x500.jpg\" \/>\n\t<meta property=\"og:image:width\" content=\"500\" \/>\n\t<meta property=\"og:image:height\" content=\"500\" \/>\n\t<meta property=\"og:image:type\" content=\"image\/jpeg\" \/>\n<meta name=\"twitter:card\" content=\"summary_large_image\" \/>\n<meta name=\"twitter:label1\" content=\"Dur\u00e9e de lecture estim\u00e9e\" \/>\n\t<meta name=\"twitter:data1\" content=\"2 minutes\" \/>\n<script type=\"application\/ld+json\" class=\"yoast-schema-graph\">{\"@context\":\"https:\/\/schema.org\",\"@graph\":[{\"@type\":\"WebPage\",\"@id\":\"https:\/\/widinovations.pt\/fr\/entreprise\/\",\"url\":\"https:\/\/widinovations.pt\/fr\/entreprise\/\",\"name\":\"A propos de nous - widinovations\",\"isPartOf\":{\"@id\":\"https:\/\/widinovations.pt\/#website\"},\"datePublished\":\"2025-05-02T14:48:01+00:00\",\"dateModified\":\"2025-05-02T15:37:54+00:00\",\"breadcrumb\":{\"@id\":\"https:\/\/widinovations.pt\/fr\/entreprise\/#breadcrumb\"},\"inLanguage\":\"fr-FR\",\"potentialAction\":[{\"@type\":\"ReadAction\",\"target\":[\"https:\/\/widinovations.pt\/fr\/entreprise\/\"]}]},{\"@type\":\"BreadcrumbList\",\"@id\":\"https:\/\/widinovations.pt\/fr\/entreprise\/#breadcrumb\",\"itemListElement\":[{\"@type\":\"ListItem\",\"position\":1,\"name\":\"Home\",\"item\":\"https:\/\/widinovations.pt\/fr\/home\/\"},{\"@type\":\"ListItem\",\"position\":2,\"name\":\"A propos de nous\"}]},{\"@type\":\"WebSite\",\"@id\":\"https:\/\/widinovations.pt\/#website\",\"url\":\"https:\/\/widinovations.pt\/\",\"name\":\"widinovations\",\"description\":\"Equipamentos de Corte\/Grava\u00e7\u00e3o a Laser, Fresadoras e Laminadoras\/Encapsuladoras\",\"publisher\":{\"@id\":\"https:\/\/widinovations.pt\/#organization\"},\"potentialAction\":[{\"@type\":\"SearchAction\",\"target\":{\"@type\":\"EntryPoint\",\"urlTemplate\":\"https:\/\/widinovations.pt\/?s={search_term_string}\"},\"query-input\":{\"@type\":\"PropertyValueSpecification\",\"valueRequired\":true,\"valueName\":\"search_term_string\"}}],\"inLanguage\":\"fr-FR\"},{\"@type\":\"Organization\",\"@id\":\"https:\/\/widinovations.pt\/#organization\",\"name\":\"Widinovations\",\"url\":\"https:\/\/widinovations.pt\/\",\"logo\":{\"@type\":\"ImageObject\",\"inLanguage\":\"fr-FR\",\"@id\":\"https:\/\/widinovations.pt\/#\/schema\/logo\/image\/\",\"url\":\"https:\/\/widinovations.pt\/wp-content\/uploads\/2016\/10\/wid_logo.svg\",\"contentUrl\":\"https:\/\/widinovations.pt\/wp-content\/uploads\/2016\/10\/wid_logo.svg\",\"width\":1,\"height\":1,\"caption\":\"Widinovations\"},\"image\":{\"@id\":\"https:\/\/widinovations.pt\/#\/schema\/logo\/image\/\"},\"sameAs\":[\"https:\/\/www.facebook.com\/widinovations\",\"https:\/\/www.instagram.com\/widinovations\",\"https:\/\/www.linkedin.com\/company\/widinovations\",\"https:\/\/www.youtube.com\/widinovations\"]}]}<\/script>\n<!-- \/ Yoast SEO plugin. -->","yoast_head_json":{"title":"A propos de nous - widinovations","robots":{"index":"index","follow":"follow","max-snippet":"max-snippet:-1","max-image-preview":"max-image-preview:large","max-video-preview":"max-video-preview:-1"},"canonical":"https:\/\/widinovations.pt\/fr\/entreprise\/","og_locale":"fr_FR","og_type":"article","og_title":"A propos de nous - widinovations","og_description":"[vc_row css=&#8221;.vc_custom_1746200270568{margin-top: 72px !important;margin-bottom: 100px !important;}&#8221;][vc_column offset=&#8221;vc_col-lg-9 vc_col-md-9&#8243;][vc_single_image image=&#8221;2232&#8243; img_size=&#8221;full&#8221;][vc_column_text css=&#8221;.vc_custom_1746197416204{margin-top: 40px !important;}&#8221;] A propos de nous Widinovations a \u00e9t\u00e9 fond\u00e9e en 2004 dans le but initial de soutenir le secteur de l&#8217;impression num\u00e9rique grand format sur le march\u00e9 de la p\u00e9ninsule ib\u00e9rique. Gr\u00e2ce aux connaissances acquises et \u00e0 un choix strat\u00e9gique, elle a \u00e9tendu","og_url":"https:\/\/widinovations.pt\/fr\/entreprise\/","og_site_name":"widinovations","article_publisher":"https:\/\/www.facebook.com\/widinovations","article_modified_time":"2025-05-02T15:37:54+00:00","og_image":[{"width":500,"height":500,"url":"https:\/\/widinovations.pt\/wp-content\/uploads\/2022\/03\/500x500.jpg","type":"image\/jpeg"}],"twitter_card":"summary_large_image","twitter_misc":{"Dur\u00e9e de lecture estim\u00e9e":"2 minutes"},"schema":{"@context":"https:\/\/schema.org","@graph":[{"@type":"WebPage","@id":"https:\/\/widinovations.pt\/fr\/entreprise\/","url":"https:\/\/widinovations.pt\/fr\/entreprise\/","name":"A propos de nous - widinovations","isPartOf":{"@id":"https:\/\/widinovations.pt\/#website"},"datePublished":"2025-05-02T14:48:01+00:00","dateModified":"2025-05-02T15:37:54+00:00","breadcrumb":{"@id":"https:\/\/widinovations.pt\/fr\/entreprise\/#breadcrumb"},"inLanguage":"fr-FR","potentialAction":[{"@type":"ReadAction","target":["https:\/\/widinovations.pt\/fr\/entreprise\/"]}]},{"@type":"BreadcrumbList","@id":"https:\/\/widinovations.pt\/fr\/entreprise\/#breadcrumb","itemListElement":[{"@type":"ListItem","position":1,"name":"Home","item":"https:\/\/widinovations.pt\/fr\/home\/"},{"@type":"ListItem","position":2,"name":"A propos de nous"}]},{"@type":"WebSite","@id":"https:\/\/widinovations.pt\/#website","url":"https:\/\/widinovations.pt\/","name":"widinovations","description":"Equipamentos de Corte\/Grava\u00e7\u00e3o a Laser, Fresadoras e Laminadoras\/Encapsuladoras","publisher":{"@id":"https:\/\/widinovations.pt\/#organization"},"potentialAction":[{"@type":"SearchAction","target":{"@type":"EntryPoint","urlTemplate":"https:\/\/widinovations.pt\/?s={search_term_string}"},"query-input":{"@type":"PropertyValueSpecification","valueRequired":true,"valueName":"search_term_string"}}],"inLanguage":"fr-FR"},{"@type":"Organization","@id":"https:\/\/widinovations.pt\/#organization","name":"Widinovations","url":"https:\/\/widinovations.pt\/","logo":{"@type":"ImageObject","inLanguage":"fr-FR","@id":"https:\/\/widinovations.pt\/#\/schema\/logo\/image\/","url":"https:\/\/widinovations.pt\/wp-content\/uploads\/2016\/10\/wid_logo.svg","contentUrl":"https:\/\/widinovations.pt\/wp-content\/uploads\/2016\/10\/wid_logo.svg","width":1,"height":1,"caption":"Widinovations"},"image":{"@id":"https:\/\/widinovations.pt\/#\/schema\/logo\/image\/"},"sameAs":["https:\/\/www.facebook.com\/widinovations","https:\/\/www.instagram.com\/widinovations","https:\/\/www.linkedin.com\/company\/widinovations","https:\/\/www.youtube.com\/widinovations"]}]}},"_links":{"self":[{"href":"https:\/\/widinovations.pt\/fr\/wp-json\/wp\/v2\/pages\/13678","targetHints":{"allow":["GET"]}}],"collection":[{"href":"https:\/\/widinovations.pt\/fr\/wp-json\/wp\/v2\/pages"}],"about":[{"href":"https:\/\/widinovations.pt\/fr\/wp-json\/wp\/v2\/types\/page"}],"author":[{"embeddable":true,"href":"https:\/\/widinovations.pt\/fr\/wp-json\/wp\/v2\/users\/1"}],"replies":[{"embeddable":true,"href":"https:\/\/widinovations.pt\/fr\/wp-json\/wp\/v2\/comments?post=13678"}],"version-history":[{"count":4,"href":"https:\/\/widinovations.pt\/fr\/wp-json\/wp\/v2\/pages\/13678\/revisions"}],"predecessor-version":[{"id":13740,"href":"https:\/\/widinovations.pt\/fr\/wp-json\/wp\/v2\/pages\/13678\/revisions\/13740"}],"wp:attachment":[{"href":"https:\/\/widinovations.pt\/fr\/wp-json\/wp\/v2\/media?parent=13678"}],"wp:term":[{"taxonomy":"category","embeddable":true,"href":"https:\/\/widinovations.pt\/fr\/wp-json\/wp\/v2\/categories?post=13678"},{"taxonomy":"post_tag","embeddable":true,"href":"https:\/\/widinovations.pt\/fr\/wp-json\/wp\/v2\/tags?post=13678"}],"curies":[{"name":"wp","href":"https:\/\/api.w.org\/{rel}","templated":true}]}}