{"id":7625,"date":"2022-04-05T09:45:48","date_gmt":"2022-04-05T09:45:48","guid":{"rendered":"https:\/\/widinovations.pt\/?page_id=7625"},"modified":"2024-11-12T18:56:41","modified_gmt":"2024-11-12T18:56:41","slug":"widlaser-s600-2","status":"publish","type":"page","link":"https:\/\/widinovations.pt\/es\/equipos\/laser\/widlaser-s600-2\/","title":{"rendered":"Widlaser S600"},"content":{"rendered":"<div class=\"wpb-content-wrapper\"><p>[vc_row css=&#8221;.vc_custom_1452687555475{margin-bottom: 100px !important;}&#8221;][vc_column offset=&#8221;vc_col-lg-9 vc_col-md-9&#8243;][vc_single_image image=&#8221;7656&#8243; img_size=&#8221;full&#8221;][vc_custom_heading source=&#8221;post_title&#8221; use_theme_fonts=&#8221;yes&#8221; subtitle=&#8221;Corte y grabado&#8221;][vc_column_text]La <strong>Widlaser S600<\/strong> ha sido dise\u00f1ada para dar una <strong>respuesta eficaz<\/strong> a las necesidades del mercado <strong>de corte y grabado laser<\/strong>. Desarrollamos un equipo compacto, robusto, r\u00e1pido, fiable y tecnol\u00f3gicamente avanzado. Su dise\u00f1o <strong>dual-chasis compacto<\/strong> permite disponer de todos los elementos necesarios para el bueno funcionamiento del equipo en un solo volumen.<br \/>\nSu <strong>dise\u00f1o CleanProtect, con m\u00f3dulos lineales especiales a prueba de polvo y humos<\/strong>, bajar\u00e1 el mantenimiento y permite alcanzar velocidades y aceleraciones hasta 3 veces m\u00e1s r\u00e1pido que los equipos convencionales. De esta forma, aseguramos que la Widlaser S600 estar\u00e1 siempre operacional.[\/vc_column_text][vc_video link=&#8221;https:\/\/youtube.com\/embed\/sSlnpmRuEGI&#8221; align=&#8221;center&#8221; image=&#8221;7895&#8243; img_size=&#8221;m\u00e9dio&#8221;][vc_column_text]<\/p>\n<blockquote><p><strong>Dimensiones (L x A x A)<\/strong><strong>:<\/strong> 1360 x 1050 x 1070 mm | Caja: 1420 x 1150 x 1280 mm<br \/>\n<strong>Peso<\/strong><strong>:<\/strong> Aprox. 167kg | Caja: Aprox. 258kg<br \/>\n<strong>Potencia:<\/strong> AC 240v 50\/60Hz<br \/>\n<strong>Tipo de l\u00e1ser:<\/strong> Tubo RF 30W<\/p><\/blockquote>\n<p>[\/vc_column_text][vc_row_inner css=&#8221;.vc_custom_1455886085190{margin-bottom: 10px !important;}&#8221;][vc_column_inner width=&#8221;1\/2&#8243;][stm_icon_box hide_title_line=&#8221;hide_title_line&#8221; enable_hexagon=&#8221;enable&#8221; icon=&#8221;fas fa-magic&#8221; style=&#8221;icon_left&#8221; icon_size=&#8221;18&#8243; icon_width=&#8221;82&#8243; title=&#8221;Los l\u00e1seres con mejor reputaci\u00f3n del mercado&#8221;]Disponemos de un surtido completo de laser, pues tenemos acuerdo con los fabricantes mas conceptuados y con la mejor reputacion en el mercado.<br \/>\n[\/stm_icon_box][\/vc_column_inner][vc_column_inner width=&#8221;1\/2&#8243;][stm_icon_box hide_title_line=&#8221;hide_title_line&#8221; enable_hexagon=&#8221;enable&#8221; icon=&#8221;fas fa-laptop&#8221; style=&#8221;icon_left&#8221; icon_size=&#8221;18&#8243; icon_width=&#8221;82&#8243; title=&#8221;Software muy facil de utilizar&#8221;]Software intuitivo con potentes herramientas, adecuado para principiantes y profesionales.[\/stm_icon_box][\/vc_column_inner][\/vc_row_inner][vc_row_inner css=&#8221;.vc_custom_1455886051719{margin-bottom: 10px !important;}&#8221;][vc_column_inner width=&#8221;1\/2&#8243;][stm_icon_box hide_title_line=&#8221;hide_title_line&#8221; enable_hexagon=&#8221;enable&#8221; icon=&#8221;fas fa-cogs&#8221; style=&#8221;icon_left&#8221; icon_size=&#8221;18&#8243; icon_width=&#8221;82&#8243; title=&#8221;Infinitas Aplicaciones&#8221;]\u00a1El limite sera siempre tu imaginacion!<\/p>\n<p>Corte y grabado de distintos materiales atraves de un solo proceso. Enfoque automatico para optimizar la utilizacion del equipo.[\/stm_icon_box][\/vc_column_inner][vc_column_inner width=&#8221;1\/2&#8243;][stm_icon_box hide_title_line=&#8221;hide_title_line&#8221; enable_hexagon=&#8221;enable&#8221; icon=&#8221;far fa-gem&#8221; style=&#8221;icon_left&#8221; icon_size=&#8221;18&#8243; icon_width=&#8221;82&#8243; title=&#8221;Materiales de calidad comprobada&#8221;]Nuestros equipos estan construidos con materiales certificados y son reconicidos por su robustez, fiabilidad, design y precisi\u00f3n.[\/stm_icon_box][\/vc_column_inner][\/vc_row_inner][vc_separator color=&#8221;custom&#8221; accent_color=&#8221;#dddddd&#8221; css=&#8221;.vc_custom_1453271595991{margin-bottom: 21px !important;}&#8221;][vc_row_inner css=&#8221;.vc_custom_1453271763899{margin-bottom: 33px !important;}&#8221;][vc_column_inner width=&#8221;1\/4&#8243; css=&#8221;.vc_custom_1453272656287{padding-right: 45px !important;}&#8221;][vc_custom_heading text=&#8221;Galeria de fotos&#8221; font_container=&#8221;tag:h3|font_size:24px|text_align:right|color:%23222222|line_height:30px&#8221; use_theme_fonts=&#8221;yes&#8221;][\/vc_column_inner][vc_column_inner width=&#8221;3\/4&#8243; css=&#8221;.vc_custom_1453271259318{padding-top: 18px !important;}&#8221;][vc_images_carousel images=&#8221;7656,7659,7665,7662,7668&#8243; img_size=&#8221;full&#8221;][\/vc_column_inner][\/vc_row_inner][vc_separator color=&#8221;custom&#8221; accent_color=&#8221;#dddddd&#8221; css=&#8221;.vc_custom_1453271595991{margin-bottom: 21px !important;}&#8221;][vc_btn title=&#8221;Descarga del Folleto S600&#8243; style=&#8221;custom&#8221; custom_background=&#8221;#002e6d&#8221; custom_text=&#8221;#ffffff&#8221; align=&#8221;center&#8221; button_block=&#8221;true&#8221; link=&#8221;url:https%3A%2F%2Fwidinovations.pt%2Fwp-content%2Fuploads%2F2024%2F11%2FWidlaser_catalogue_A4_S600_V6.0_ES_compactado.pdf|title:Descarga%20del%20Folleto%20S600|target:_blank&#8221;][vc_separator color=&#8221;custom&#8221; accent_color=&#8221;#dddddd&#8221; css=&#8221;.vc_custom_1453271595991{margin-bottom: 21px !important;}&#8221;][vc_row_inner css=&#8221;.vc_custom_1453271763899{margin-bottom: 33px !important;}&#8221;][vc_column_inner width=&#8221;1\/4&#8243; css=&#8221;.vc_custom_1453272656287{padding-right: 45px !important;}&#8221;][vc_custom_heading text=&#8221;Principales caracter\u00edsticas&#8221; font_container=&#8221;tag:h3|font_size:24px|text_align:right|color:%23222222|line_height:30px&#8221; use_theme_fonts=&#8221;yes&#8221;][\/vc_column_inner][vc_column_inner width=&#8221;3\/4&#8243; css=&#8221;.vc_custom_1453271259318{padding-top: 18px !important;}&#8221;][vc_column_text]<\/p>\n<ul>\n<li>\u00c1rea de trabajo: 813 x 508 x 150 mm<\/li>\n<li>\u00c1rea de trabajo herm\u00e9tica para proteger el tubo l\u00e1ser y otros componentes<\/li>\n<li>L\u00e1ser CO2 RF 30W<\/li>\n<li>Extracci\u00f3n de humos autom\u00e1tica con ahorro energ\u00e9tico<\/li>\n<li>Doble sistema autom\u00e1tico de control de aire comprimido y reguladores de alta y baja presi\u00f3n, con ahorro energ\u00e9tico<\/li>\n<li>Puntero l\u00e1ser rojo auxiliar<\/li>\n<li>Mesa regulable en altura: hasta 150 mm<\/li>\n<li>Ajuste de altura de enfoque autom\u00e1tico (enfoque autom\u00e1tico)<\/li>\n<li>Mesa de nido de abeja<\/li>\n<li>Caj\u00f3n para recoger objetos\/desechos<\/li>\n<li>Detecci\u00f3n en todas las puertas (bloqueo de operaci\u00f3n autom\u00e1tica)<\/li>\n<li>Control de potencia: 1 a 100%<\/li>\n<li>Motores de alta velocidad: 2000 mm\/seg velocidad m\u00e1xima<\/li>\n<li>Resoluci\u00f3n: hasta 1000 DPI<\/li>\n<li>Software l\u00e1ser: RDWorks V8 (f\u00e1cil de usar)<\/li>\n<li>Archivos: Ai, Dst, Plt, Bmp, Dxf<\/li>\n<li>Conectividad: USB y Red<\/li>\n<\/ul>\n<p>[\/vc_column_text][\/vc_column_inner][\/vc_row_inner][vc_separator color=&#8221;custom&#8221; accent_color=&#8221;#dddddd&#8221; css=&#8221;.vc_custom_1468940927480{margin-bottom: 21px !important;}&#8221;][vc_row_inner css=&#8221;.vc_custom_1468940948903{margin-bottom: 33px !important;}&#8221;][vc_column_inner width=&#8221;1\/4&#8243; css=&#8221;.vc_custom_1453270747989{padding-right: 45px !important;}&#8221;][vc_custom_heading text=&#8221;Opcionales&#8221; font_container=&#8221;tag:h3|font_size:24px|text_align:right|color:%23222222|line_height:30px&#8221; use_theme_fonts=&#8221;yes&#8221;][\/vc_column_inner][vc_column_inner width=&#8221;3\/4&#8243; css=&#8221;.vc_custom_1453271259318{padding-top: 18px !important;}&#8221;][vc_column_text]<\/p>\n<ul>\n<li>L\u00e1seres de radiofrecuencia de CO2 de 60 W<\/li>\n<li>Adaptadores para objetos cil\u00edndricos<\/li>\n<li>Purificador de aire<\/li>\n<li>Software l\u00e1ser: Lightburn (f\u00e1cil de usar)<\/li>\n<li>Mesa de vac\u00edo<\/li>\n<\/ul>\n<p>[\/vc_column_text][\/vc_column_inner][\/vc_row_inner][\/vc_column][vc_column width=&#8221;1\/4&#8243;][vc_tta_accordion shape=&#8221;square&#8221; active_section=&#8221;1&#8243; collapsible_all=&#8221;true&#8221;][vc_tta_section title=&#8221;Widlaser&#8221; tab_id=&#8221;1471959714325-c0f30685-b013&#8243;][vc_wp_custommenu nav_menu=&#8221;126&#8243;][\/vc_tta_section][vc_tta_section title=&#8221;Widlaminator&#8221; tab_id=&#8221;1471959714465-24731e69-4285&#8243;][vc_wp_custommenu nav_menu=&#8221;127&#8243;][\/vc_tta_section][vc_tta_section title=&#8221;Widcnc&#8221; tab_id=&#8221;1471959714544-25b421eb-a88b&#8221;][vc_wp_custommenu nav_menu=&#8221;128&#8243;][\/vc_tta_section][\/vc_tta_accordion][stm_sidebar sidebar=&#8221;1908&#8243;][\/vc_column][\/vc_row]<\/p>\n<\/div>","protected":false},"excerpt":{"rendered":"<p>[vc_row css=&#8221;.vc_custom_1452687555475{margin-bottom: 100px !important;}&#8221;][vc_column offset=&#8221;vc_col-lg-9 vc_col-md-9&#8243;][vc_single_image image=&#8221;7656&#8243; img_size=&#8221;full&#8221;][vc_custom_heading source=&#8221;post_title&#8221; use_theme_fonts=&#8221;yes&#8221; subtitle=&#8221;Corte y grabado&#8221;][vc_column_text]La Widlaser S600 ha sido dise\u00f1ada para dar una respuesta eficaz a las necesidades del mercado de corte y grabado laser. Desarrollamos un equipo compacto, robusto, r\u00e1pido, fiable y tecnol\u00f3gicamente avanzado. Su dise\u00f1o dual-chasis compacto permite disponer de todos los elementos necesarios para<\/p>\n","protected":false},"author":1,"featured_media":7656,"parent":1911,"menu_order":0,"comment_status":"closed","ping_status":"closed","template":"","meta":{"inline_featured_image":false,"cybocfi_hide_featured_image":"","footnotes":""},"categories":[138],"tags":[],"class_list":["post-7625","page","type-page","status-publish","has-post-thumbnail","hentry","category-widlaser-es"],"yoast_head":"<!-- This site is optimized with the Yoast SEO plugin v26.5 - https:\/\/yoast.com\/wordpress\/plugins\/seo\/ -->\n<title>widinovations -widlaser S600<\/title>\n<meta name=\"robots\" content=\"index, follow, max-snippet:-1, max-image-preview:large, max-video-preview:-1\" \/>\n<link rel=\"canonical\" href=\"https:\/\/widinovations.pt\/es\/equipos\/laser\/widlaser-s600-2\/\" \/>\n<meta property=\"og:locale\" content=\"es_ES\" \/>\n<meta property=\"og:type\" content=\"article\" \/>\n<meta property=\"og:title\" content=\"widinovations -widlaser S600\" \/>\n<meta property=\"og:description\" content=\"[vc_row css=&#8221;.vc_custom_1452687555475{margin-bottom: 100px !important;}&#8221;][vc_column offset=&#8221;vc_col-lg-9 vc_col-md-9&#8243;][vc_single_image image=&#8221;7656&#8243; img_size=&#8221;full&#8221;][vc_custom_heading source=&#8221;post_title&#8221; use_theme_fonts=&#8221;yes&#8221; subtitle=&#8221;Corte y grabado&#8221;][vc_column_text]La Widlaser S600 ha sido dise\u00f1ada para dar una respuesta eficaz a las necesidades del mercado de corte y grabado laser. Desarrollamos un equipo compacto, robusto, r\u00e1pido, fiable y tecnol\u00f3gicamente avanzado. Su dise\u00f1o dual-chasis compacto permite disponer de todos los elementos necesarios para\" \/>\n<meta property=\"og:url\" content=\"https:\/\/widinovations.pt\/es\/equipos\/laser\/widlaser-s600-2\/\" \/>\n<meta property=\"og:site_name\" content=\"widinovations\" \/>\n<meta property=\"article:publisher\" content=\"https:\/\/www.facebook.com\/widinovations\" \/>\n<meta property=\"article:modified_time\" content=\"2024-11-12T18:56:41+00:00\" \/>\n<meta property=\"og:image\" content=\"https:\/\/widinovations.pt\/wp-content\/uploads\/2022\/04\/S600_1.jpg\" \/>\n\t<meta property=\"og:image:width\" content=\"1080\" \/>\n\t<meta property=\"og:image:height\" content=\"723\" \/>\n\t<meta property=\"og:image:type\" content=\"image\/jpeg\" \/>\n<meta name=\"twitter:card\" content=\"summary_large_image\" \/>\n<meta name=\"twitter:label1\" content=\"Tiempo de lectura\" \/>\n\t<meta name=\"twitter:data1\" content=\"3 minutos\" \/>\n<script type=\"application\/ld+json\" class=\"yoast-schema-graph\">{\"@context\":\"https:\/\/schema.org\",\"@graph\":[{\"@type\":\"WebPage\",\"@id\":\"https:\/\/widinovations.pt\/es\/equipos\/laser\/widlaser-s600-2\/\",\"url\":\"https:\/\/widinovations.pt\/es\/equipos\/laser\/widlaser-s600-2\/\",\"name\":\"widinovations -widlaser S600\",\"isPartOf\":{\"@id\":\"https:\/\/widinovations.pt\/#website\"},\"primaryImageOfPage\":{\"@id\":\"https:\/\/widinovations.pt\/es\/equipos\/laser\/widlaser-s600-2\/#primaryimage\"},\"image\":{\"@id\":\"https:\/\/widinovations.pt\/es\/equipos\/laser\/widlaser-s600-2\/#primaryimage\"},\"thumbnailUrl\":\"https:\/\/widinovations.pt\/wp-content\/uploads\/2022\/04\/S600_1.jpg\",\"datePublished\":\"2022-04-05T09:45:48+00:00\",\"dateModified\":\"2024-11-12T18:56:41+00:00\",\"breadcrumb\":{\"@id\":\"https:\/\/widinovations.pt\/es\/equipos\/laser\/widlaser-s600-2\/#breadcrumb\"},\"inLanguage\":\"es\",\"potentialAction\":[{\"@type\":\"ReadAction\",\"target\":[\"https:\/\/widinovations.pt\/es\/equipos\/laser\/widlaser-s600-2\/\"]}]},{\"@type\":\"ImageObject\",\"inLanguage\":\"es\",\"@id\":\"https:\/\/widinovations.pt\/es\/equipos\/laser\/widlaser-s600-2\/#primaryimage\",\"url\":\"https:\/\/widinovations.pt\/wp-content\/uploads\/2022\/04\/S600_1.jpg\",\"contentUrl\":\"https:\/\/widinovations.pt\/wp-content\/uploads\/2022\/04\/S600_1.jpg\",\"width\":1080,\"height\":723},{\"@type\":\"BreadcrumbList\",\"@id\":\"https:\/\/widinovations.pt\/es\/equipos\/laser\/widlaser-s600-2\/#breadcrumb\",\"itemListElement\":[{\"@type\":\"ListItem\",\"position\":1,\"name\":\"Home\",\"item\":\"https:\/\/widinovations.pt\/es\/\"},{\"@type\":\"ListItem\",\"position\":2,\"name\":\"Equipos\",\"item\":\"https:\/\/widinovations.pt\/es\/equipos\/\"},{\"@type\":\"ListItem\",\"position\":3,\"name\":\"Laser\",\"item\":\"https:\/\/widinovations.pt\/es\/equipos\/laser\/\"},{\"@type\":\"ListItem\",\"position\":4,\"name\":\"Widlaser S600\"}]},{\"@type\":\"WebSite\",\"@id\":\"https:\/\/widinovations.pt\/#website\",\"url\":\"https:\/\/widinovations.pt\/\",\"name\":\"widinovations\",\"description\":\"Equipamentos de Corte\/Grava\u00e7\u00e3o a Laser, Fresadoras e Laminadoras\/Encapsuladoras\",\"publisher\":{\"@id\":\"https:\/\/widinovations.pt\/#organization\"},\"potentialAction\":[{\"@type\":\"SearchAction\",\"target\":{\"@type\":\"EntryPoint\",\"urlTemplate\":\"https:\/\/widinovations.pt\/?s={search_term_string}\"},\"query-input\":{\"@type\":\"PropertyValueSpecification\",\"valueRequired\":true,\"valueName\":\"search_term_string\"}}],\"inLanguage\":\"es\"},{\"@type\":\"Organization\",\"@id\":\"https:\/\/widinovations.pt\/#organization\",\"name\":\"Widinovations\",\"url\":\"https:\/\/widinovations.pt\/\",\"logo\":{\"@type\":\"ImageObject\",\"inLanguage\":\"es\",\"@id\":\"https:\/\/widinovations.pt\/#\/schema\/logo\/image\/\",\"url\":\"https:\/\/widinovations.pt\/wp-content\/uploads\/2016\/10\/wid_logo.svg\",\"contentUrl\":\"https:\/\/widinovations.pt\/wp-content\/uploads\/2016\/10\/wid_logo.svg\",\"width\":1,\"height\":1,\"caption\":\"Widinovations\"},\"image\":{\"@id\":\"https:\/\/widinovations.pt\/#\/schema\/logo\/image\/\"},\"sameAs\":[\"https:\/\/www.facebook.com\/widinovations\",\"https:\/\/www.instagram.com\/widinovations\",\"https:\/\/www.linkedin.com\/company\/widinovations\",\"https:\/\/www.youtube.com\/widinovations\"]}]}<\/script>\n<!-- \/ Yoast SEO plugin. -->","yoast_head_json":{"title":"widinovations -widlaser S600","robots":{"index":"index","follow":"follow","max-snippet":"max-snippet:-1","max-image-preview":"max-image-preview:large","max-video-preview":"max-video-preview:-1"},"canonical":"https:\/\/widinovations.pt\/es\/equipos\/laser\/widlaser-s600-2\/","og_locale":"es_ES","og_type":"article","og_title":"widinovations -widlaser S600","og_description":"[vc_row css=&#8221;.vc_custom_1452687555475{margin-bottom: 100px !important;}&#8221;][vc_column offset=&#8221;vc_col-lg-9 vc_col-md-9&#8243;][vc_single_image image=&#8221;7656&#8243; img_size=&#8221;full&#8221;][vc_custom_heading source=&#8221;post_title&#8221; use_theme_fonts=&#8221;yes&#8221; subtitle=&#8221;Corte y grabado&#8221;][vc_column_text]La Widlaser S600 ha sido dise\u00f1ada para dar una respuesta eficaz a las necesidades del mercado de corte y grabado laser. Desarrollamos un equipo compacto, robusto, r\u00e1pido, fiable y tecnol\u00f3gicamente avanzado. Su dise\u00f1o dual-chasis compacto permite disponer de todos los elementos necesarios para","og_url":"https:\/\/widinovations.pt\/es\/equipos\/laser\/widlaser-s600-2\/","og_site_name":"widinovations","article_publisher":"https:\/\/www.facebook.com\/widinovations","article_modified_time":"2024-11-12T18:56:41+00:00","og_image":[{"width":1080,"height":723,"url":"https:\/\/widinovations.pt\/wp-content\/uploads\/2022\/04\/S600_1.jpg","type":"image\/jpeg"}],"twitter_card":"summary_large_image","twitter_misc":{"Tiempo de lectura":"3 minutos"},"schema":{"@context":"https:\/\/schema.org","@graph":[{"@type":"WebPage","@id":"https:\/\/widinovations.pt\/es\/equipos\/laser\/widlaser-s600-2\/","url":"https:\/\/widinovations.pt\/es\/equipos\/laser\/widlaser-s600-2\/","name":"widinovations -widlaser S600","isPartOf":{"@id":"https:\/\/widinovations.pt\/#website"},"primaryImageOfPage":{"@id":"https:\/\/widinovations.pt\/es\/equipos\/laser\/widlaser-s600-2\/#primaryimage"},"image":{"@id":"https:\/\/widinovations.pt\/es\/equipos\/laser\/widlaser-s600-2\/#primaryimage"},"thumbnailUrl":"https:\/\/widinovations.pt\/wp-content\/uploads\/2022\/04\/S600_1.jpg","datePublished":"2022-04-05T09:45:48+00:00","dateModified":"2024-11-12T18:56:41+00:00","breadcrumb":{"@id":"https:\/\/widinovations.pt\/es\/equipos\/laser\/widlaser-s600-2\/#breadcrumb"},"inLanguage":"es","potentialAction":[{"@type":"ReadAction","target":["https:\/\/widinovations.pt\/es\/equipos\/laser\/widlaser-s600-2\/"]}]},{"@type":"ImageObject","inLanguage":"es","@id":"https:\/\/widinovations.pt\/es\/equipos\/laser\/widlaser-s600-2\/#primaryimage","url":"https:\/\/widinovations.pt\/wp-content\/uploads\/2022\/04\/S600_1.jpg","contentUrl":"https:\/\/widinovations.pt\/wp-content\/uploads\/2022\/04\/S600_1.jpg","width":1080,"height":723},{"@type":"BreadcrumbList","@id":"https:\/\/widinovations.pt\/es\/equipos\/laser\/widlaser-s600-2\/#breadcrumb","itemListElement":[{"@type":"ListItem","position":1,"name":"Home","item":"https:\/\/widinovations.pt\/es\/"},{"@type":"ListItem","position":2,"name":"Equipos","item":"https:\/\/widinovations.pt\/es\/equipos\/"},{"@type":"ListItem","position":3,"name":"Laser","item":"https:\/\/widinovations.pt\/es\/equipos\/laser\/"},{"@type":"ListItem","position":4,"name":"Widlaser S600"}]},{"@type":"WebSite","@id":"https:\/\/widinovations.pt\/#website","url":"https:\/\/widinovations.pt\/","name":"widinovations","description":"Equipamentos de Corte\/Grava\u00e7\u00e3o a Laser, Fresadoras e Laminadoras\/Encapsuladoras","publisher":{"@id":"https:\/\/widinovations.pt\/#organization"},"potentialAction":[{"@type":"SearchAction","target":{"@type":"EntryPoint","urlTemplate":"https:\/\/widinovations.pt\/?s={search_term_string}"},"query-input":{"@type":"PropertyValueSpecification","valueRequired":true,"valueName":"search_term_string"}}],"inLanguage":"es"},{"@type":"Organization","@id":"https:\/\/widinovations.pt\/#organization","name":"Widinovations","url":"https:\/\/widinovations.pt\/","logo":{"@type":"ImageObject","inLanguage":"es","@id":"https:\/\/widinovations.pt\/#\/schema\/logo\/image\/","url":"https:\/\/widinovations.pt\/wp-content\/uploads\/2016\/10\/wid_logo.svg","contentUrl":"https:\/\/widinovations.pt\/wp-content\/uploads\/2016\/10\/wid_logo.svg","width":1,"height":1,"caption":"Widinovations"},"image":{"@id":"https:\/\/widinovations.pt\/#\/schema\/logo\/image\/"},"sameAs":["https:\/\/www.facebook.com\/widinovations","https:\/\/www.instagram.com\/widinovations","https:\/\/www.linkedin.com\/company\/widinovations","https:\/\/www.youtube.com\/widinovations"]}]}},"_links":{"self":[{"href":"https:\/\/widinovations.pt\/es\/wp-json\/wp\/v2\/pages\/7625","targetHints":{"allow":["GET"]}}],"collection":[{"href":"https:\/\/widinovations.pt\/es\/wp-json\/wp\/v2\/pages"}],"about":[{"href":"https:\/\/widinovations.pt\/es\/wp-json\/wp\/v2\/types\/page"}],"author":[{"embeddable":true,"href":"https:\/\/widinovations.pt\/es\/wp-json\/wp\/v2\/users\/1"}],"replies":[{"embeddable":true,"href":"https:\/\/widinovations.pt\/es\/wp-json\/wp\/v2\/comments?post=7625"}],"version-history":[{"count":24,"href":"https:\/\/widinovations.pt\/es\/wp-json\/wp\/v2\/pages\/7625\/revisions"}],"predecessor-version":[{"id":13175,"href":"https:\/\/widinovations.pt\/es\/wp-json\/wp\/v2\/pages\/7625\/revisions\/13175"}],"up":[{"embeddable":true,"href":"https:\/\/widinovations.pt\/es\/wp-json\/wp\/v2\/pages\/1911"}],"wp:featuredmedia":[{"embeddable":true,"href":"https:\/\/widinovations.pt\/es\/wp-json\/wp\/v2\/media\/7656"}],"wp:attachment":[{"href":"https:\/\/widinovations.pt\/es\/wp-json\/wp\/v2\/media?parent=7625"}],"wp:term":[{"taxonomy":"category","embeddable":true,"href":"https:\/\/widinovations.pt\/es\/wp-json\/wp\/v2\/categories?post=7625"},{"taxonomy":"post_tag","embeddable":true,"href":"https:\/\/widinovations.pt\/es\/wp-json\/wp\/v2\/tags?post=7625"}],"curies":[{"name":"wp","href":"https:\/\/api.w.org\/{rel}","templated":true}]}}