{"id":7565,"date":"2022-03-23T10:51:52","date_gmt":"2022-03-23T10:51:52","guid":{"rendered":"https:\/\/widinovations.pt\/?page_id=7565"},"modified":"2022-03-24T11:08:06","modified_gmt":"2022-03-24T11:08:06","slug":"terminos-y-condiciones","status":"publish","type":"page","link":"https:\/\/widinovations.pt\/es\/terminos-y-condiciones\/","title":{"rendered":"T\u00e9rminos y Condiciones"},"content":{"rendered":"<h2>1. T\u00e9rminos<\/h2>\n<p>Al acceder al sitio web de <a href=\"www.widinovations.pt\">widinovations<\/a>, usted acepta estar sujeto a estos t\u00e9rminos de servicio, todas las leyes y reglamentos aplicables y acepta que es responsable del cumplimiento de todas las leyes locales aplicables. Si no est\u00e1 de acuerdo con alguno de estos t\u00e9rminos, tiene prohibido usar o acceder a este sitio web. Los materiales de este sitio est\u00e1n protegidos por las leyes de derechos de autor y marcas registradas aplicables.<\/p>\n<h2>2. Licencia de uso<\/h2>\n<p>Se otorga permiso para descargar temporalmente una copia de los materiales (informaci\u00f3n o software) en el sitio web de widinovations solo para visualizaci\u00f3n transitoria personal y no comercial. Esta es la concesi\u00f3n de una licencia, no una transferencia de t\u00edtulo, y bajo esta licencia no puede:<\/p>\n<ol>\n<li>modificar o copiar los materiales;<\/li>\n<li>utilizar los materiales para fines comerciales o para exhibici\u00f3n p\u00fablica (comercial o no comercial);<\/li>\n<li>intentar descompilar o aplicar ingenier\u00eda inversa a cualquier software contenido en el sitio web de widinovations;<\/li>\n<li>eliminar los derechos de autor u otras anotaciones de propiedad de los materiales; o<\/li>\n<li>transferir los Materiales a otra persona o &#8216;duplicar&#8217; los Materiales en cualquier otro servidor.<\/li>\n<\/ol>\n<p>Esta licencia terminar\u00e1 autom\u00e1ticamente si viola cualquiera de estas restricciones y puede ser rescindido por widinovations en cualquier momento. Al finalizar la visualizaci\u00f3n de estos materiales o al finalizar esta licencia, debe eliminar todos los materiales descargados que tenga en su poder, ya sea en formato electr\u00f3nico o impreso.<\/p>\n<h2>3. Descargo de responsabilidad<\/h2>\n<ol>\n<li>Los materiales del sitio web de widinovations se proporcionan &#8220;tal cual&#8221;. widinovations no ofrece garant\u00edas, expresas o impl\u00edcitas, y por la presente renuncia y renuncia a todas las dem\u00e1s garant\u00edas, incluidas, entre otras, garant\u00edas impl\u00edcitas o condiciones de comerciabilidad, idoneidad para un prop\u00f3sito particular o no infracci\u00f3n de propiedad intelectual u otra infracci\u00f3n de derechos.<\/li>\n<li>Adem\u00e1s, widinovations no garantiza ni hace ninguna representaci\u00f3n con respecto a la precisi\u00f3n, los resultados probables o la confiabilidad del uso de los materiales en su sitio web o relacionados con dichos materiales o en los sitios web vinculados a este sitio.<\/li>\n<li>li&gt;<\/li>\n<\/ol>\n<h2>4. Limitaciones<\/h2>\n<p>En ning\u00fan caso, widinovations o sus proveedores ser\u00e1n responsables de los da\u00f1os (incluidos, entre otros, los da\u00f1os por p\u00e9rdida de datos o ganancias o debido a la interrupci\u00f3n del negocio) que surjan del uso o la imposibilidad de usar los materiales de widinovations, incluso si widinovations o un representante autorizado de widinovations ha sido notificado verbalmente o por escrito de la posibilidad de tales da\u00f1os. Dado que algunas jurisdicciones no permiten limitaciones en las garant\u00edas impl\u00edcitas o limitaciones en la responsabilidad por da\u00f1os consecuentes o incidentales, es posible que estas limitaciones no se apliquen a usted.<\/p>\n<h2>5. Precisi\u00f3n de los materiales<\/h2>\n<p>Los materiales que aparecen en el sitio web de widinovations pueden incluir errores t\u00e9cnicos, tipogr\u00e1ficos o fotogr\u00e1ficos. widinovations no garantiza que ning\u00fan material en su sitio web sea preciso, completo o actual. widinovations puede realizar cambios en los materiales contenidos en su sitio web en cualquier momento sin previo aviso. Sin embargo, widinovations no se compromete a actualizar los materiales.<\/p>\n<h2>6. V\u00ednculos<\/h2>\n<p>widinovations no ha analizado todos los sitios vinculados a su sitio y no es responsable del contenido de ning\u00fan sitio vinculado. La inclusi\u00f3n de cualquier enlace no implica aprobaci\u00f3n por parte de Widinovations del sitio. El uso de cualquier sitio vinculado es bajo el propio riesgo del usuario.<\/p>\n<h3>Modificaciones<\/h3>\n<p>widinovations puede revisar estos t\u00e9rminos de servicio del sitio en cualquier momento sin previo aviso. Al usar este sitio, acepta estar sujeto a la versi\u00f3n actual de estos t\u00e9rminos de servicio.<\/p>\n<h3>Ley aplicable<\/h3>\n<p>Estos t\u00e9rminos y condiciones se rigen e interpretan de acuerdo con las leyes de widinovations y usted se somete irrevocablemente a la jurisdicci\u00f3n exclusiva de los tribunales de ese estado o localidad.<\/p>\n","protected":false},"excerpt":{"rendered":"<p>1. T\u00e9rminos Al acceder al sitio web de widinovations, usted acepta estar sujeto a estos t\u00e9rminos de servicio, todas las leyes y reglamentos aplicables y acepta que es responsable del cumplimiento de todas las leyes locales aplicables. Si no est\u00e1 de acuerdo con alguno de estos t\u00e9rminos, tiene prohibido usar o acceder a este sitio<\/p>\n","protected":false},"author":1,"featured_media":0,"parent":0,"menu_order":0,"comment_status":"closed","ping_status":"closed","template":"","meta":{"inline_featured_image":false,"cybocfi_hide_featured_image":"","footnotes":""},"categories":[],"tags":[],"class_list":["post-7565","page","type-page","status-publish","hentry"],"yoast_head":"<!-- This site is optimized with the Yoast SEO plugin v26.5 - https:\/\/yoast.com\/wordpress\/plugins\/seo\/ -->\n<title>teminos y condiciones<\/title>\n<meta name=\"robots\" content=\"index, follow, max-snippet:-1, max-image-preview:large, max-video-preview:-1\" \/>\n<link rel=\"canonical\" href=\"https:\/\/widinovations.pt\/es\/terminos-y-condiciones\/\" \/>\n<meta property=\"og:locale\" content=\"es_ES\" \/>\n<meta property=\"og:type\" content=\"article\" \/>\n<meta property=\"og:title\" content=\"teminos y condiciones\" \/>\n<meta property=\"og:description\" content=\"1. T\u00e9rminos Al acceder al sitio web de widinovations, usted acepta estar sujeto a estos t\u00e9rminos de servicio, todas las leyes y reglamentos aplicables y acepta que es responsable del cumplimiento de todas las leyes locales aplicables. Si no est\u00e1 de acuerdo con alguno de estos t\u00e9rminos, tiene prohibido usar o acceder a este sitio\" \/>\n<meta property=\"og:url\" content=\"https:\/\/widinovations.pt\/es\/terminos-y-condiciones\/\" \/>\n<meta property=\"og:site_name\" content=\"widinovations\" \/>\n<meta property=\"article:publisher\" content=\"https:\/\/www.facebook.com\/widinovations\" \/>\n<meta property=\"article:modified_time\" content=\"2022-03-24T11:08:06+00:00\" \/>\n<meta property=\"og:image\" content=\"https:\/\/widinovations.pt\/wp-content\/uploads\/2022\/03\/500x500.jpg\" \/>\n\t<meta property=\"og:image:width\" content=\"500\" \/>\n\t<meta property=\"og:image:height\" content=\"500\" \/>\n\t<meta property=\"og:image:type\" content=\"image\/jpeg\" \/>\n<meta name=\"twitter:card\" content=\"summary_large_image\" \/>\n<meta name=\"twitter:label1\" content=\"Tiempo de lectura\" \/>\n\t<meta name=\"twitter:data1\" content=\"3 minutos\" \/>\n<script type=\"application\/ld+json\" class=\"yoast-schema-graph\">{\"@context\":\"https:\/\/schema.org\",\"@graph\":[{\"@type\":\"WebPage\",\"@id\":\"https:\/\/widinovations.pt\/es\/terminos-y-condiciones\/\",\"url\":\"https:\/\/widinovations.pt\/es\/terminos-y-condiciones\/\",\"name\":\"teminos y condiciones\",\"isPartOf\":{\"@id\":\"https:\/\/widinovations.pt\/#website\"},\"datePublished\":\"2022-03-23T10:51:52+00:00\",\"dateModified\":\"2022-03-24T11:08:06+00:00\",\"breadcrumb\":{\"@id\":\"https:\/\/widinovations.pt\/es\/terminos-y-condiciones\/#breadcrumb\"},\"inLanguage\":\"es\",\"potentialAction\":[{\"@type\":\"ReadAction\",\"target\":[\"https:\/\/widinovations.pt\/es\/terminos-y-condiciones\/\"]}]},{\"@type\":\"BreadcrumbList\",\"@id\":\"https:\/\/widinovations.pt\/es\/terminos-y-condiciones\/#breadcrumb\",\"itemListElement\":[{\"@type\":\"ListItem\",\"position\":1,\"name\":\"Home\",\"item\":\"https:\/\/widinovations.pt\/es\/\"},{\"@type\":\"ListItem\",\"position\":2,\"name\":\"T\u00e9rminos y Condiciones\"}]},{\"@type\":\"WebSite\",\"@id\":\"https:\/\/widinovations.pt\/#website\",\"url\":\"https:\/\/widinovations.pt\/\",\"name\":\"widinovations\",\"description\":\"Equipamentos de Corte\/Grava\u00e7\u00e3o a Laser, Fresadoras e Laminadoras\/Encapsuladoras\",\"publisher\":{\"@id\":\"https:\/\/widinovations.pt\/#organization\"},\"potentialAction\":[{\"@type\":\"SearchAction\",\"target\":{\"@type\":\"EntryPoint\",\"urlTemplate\":\"https:\/\/widinovations.pt\/?s={search_term_string}\"},\"query-input\":{\"@type\":\"PropertyValueSpecification\",\"valueRequired\":true,\"valueName\":\"search_term_string\"}}],\"inLanguage\":\"es\"},{\"@type\":\"Organization\",\"@id\":\"https:\/\/widinovations.pt\/#organization\",\"name\":\"Widinovations\",\"url\":\"https:\/\/widinovations.pt\/\",\"logo\":{\"@type\":\"ImageObject\",\"inLanguage\":\"es\",\"@id\":\"https:\/\/widinovations.pt\/#\/schema\/logo\/image\/\",\"url\":\"https:\/\/widinovations.pt\/wp-content\/uploads\/2016\/10\/wid_logo.svg\",\"contentUrl\":\"https:\/\/widinovations.pt\/wp-content\/uploads\/2016\/10\/wid_logo.svg\",\"width\":1,\"height\":1,\"caption\":\"Widinovations\"},\"image\":{\"@id\":\"https:\/\/widinovations.pt\/#\/schema\/logo\/image\/\"},\"sameAs\":[\"https:\/\/www.facebook.com\/widinovations\",\"https:\/\/www.instagram.com\/widinovations\",\"https:\/\/www.linkedin.com\/company\/widinovations\",\"https:\/\/www.youtube.com\/widinovations\"]}]}<\/script>\n<!-- \/ Yoast SEO plugin. -->","yoast_head_json":{"title":"teminos y condiciones","robots":{"index":"index","follow":"follow","max-snippet":"max-snippet:-1","max-image-preview":"max-image-preview:large","max-video-preview":"max-video-preview:-1"},"canonical":"https:\/\/widinovations.pt\/es\/terminos-y-condiciones\/","og_locale":"es_ES","og_type":"article","og_title":"teminos y condiciones","og_description":"1. T\u00e9rminos Al acceder al sitio web de widinovations, usted acepta estar sujeto a estos t\u00e9rminos de servicio, todas las leyes y reglamentos aplicables y acepta que es responsable del cumplimiento de todas las leyes locales aplicables. Si no est\u00e1 de acuerdo con alguno de estos t\u00e9rminos, tiene prohibido usar o acceder a este sitio","og_url":"https:\/\/widinovations.pt\/es\/terminos-y-condiciones\/","og_site_name":"widinovations","article_publisher":"https:\/\/www.facebook.com\/widinovations","article_modified_time":"2022-03-24T11:08:06+00:00","og_image":[{"width":500,"height":500,"url":"https:\/\/widinovations.pt\/wp-content\/uploads\/2022\/03\/500x500.jpg","type":"image\/jpeg"}],"twitter_card":"summary_large_image","twitter_misc":{"Tiempo de lectura":"3 minutos"},"schema":{"@context":"https:\/\/schema.org","@graph":[{"@type":"WebPage","@id":"https:\/\/widinovations.pt\/es\/terminos-y-condiciones\/","url":"https:\/\/widinovations.pt\/es\/terminos-y-condiciones\/","name":"teminos y condiciones","isPartOf":{"@id":"https:\/\/widinovations.pt\/#website"},"datePublished":"2022-03-23T10:51:52+00:00","dateModified":"2022-03-24T11:08:06+00:00","breadcrumb":{"@id":"https:\/\/widinovations.pt\/es\/terminos-y-condiciones\/#breadcrumb"},"inLanguage":"es","potentialAction":[{"@type":"ReadAction","target":["https:\/\/widinovations.pt\/es\/terminos-y-condiciones\/"]}]},{"@type":"BreadcrumbList","@id":"https:\/\/widinovations.pt\/es\/terminos-y-condiciones\/#breadcrumb","itemListElement":[{"@type":"ListItem","position":1,"name":"Home","item":"https:\/\/widinovations.pt\/es\/"},{"@type":"ListItem","position":2,"name":"T\u00e9rminos y Condiciones"}]},{"@type":"WebSite","@id":"https:\/\/widinovations.pt\/#website","url":"https:\/\/widinovations.pt\/","name":"widinovations","description":"Equipamentos de Corte\/Grava\u00e7\u00e3o a Laser, Fresadoras e Laminadoras\/Encapsuladoras","publisher":{"@id":"https:\/\/widinovations.pt\/#organization"},"potentialAction":[{"@type":"SearchAction","target":{"@type":"EntryPoint","urlTemplate":"https:\/\/widinovations.pt\/?s={search_term_string}"},"query-input":{"@type":"PropertyValueSpecification","valueRequired":true,"valueName":"search_term_string"}}],"inLanguage":"es"},{"@type":"Organization","@id":"https:\/\/widinovations.pt\/#organization","name":"Widinovations","url":"https:\/\/widinovations.pt\/","logo":{"@type":"ImageObject","inLanguage":"es","@id":"https:\/\/widinovations.pt\/#\/schema\/logo\/image\/","url":"https:\/\/widinovations.pt\/wp-content\/uploads\/2016\/10\/wid_logo.svg","contentUrl":"https:\/\/widinovations.pt\/wp-content\/uploads\/2016\/10\/wid_logo.svg","width":1,"height":1,"caption":"Widinovations"},"image":{"@id":"https:\/\/widinovations.pt\/#\/schema\/logo\/image\/"},"sameAs":["https:\/\/www.facebook.com\/widinovations","https:\/\/www.instagram.com\/widinovations","https:\/\/www.linkedin.com\/company\/widinovations","https:\/\/www.youtube.com\/widinovations"]}]}},"_links":{"self":[{"href":"https:\/\/widinovations.pt\/es\/wp-json\/wp\/v2\/pages\/7565","targetHints":{"allow":["GET"]}}],"collection":[{"href":"https:\/\/widinovations.pt\/es\/wp-json\/wp\/v2\/pages"}],"about":[{"href":"https:\/\/widinovations.pt\/es\/wp-json\/wp\/v2\/types\/page"}],"author":[{"embeddable":true,"href":"https:\/\/widinovations.pt\/es\/wp-json\/wp\/v2\/users\/1"}],"replies":[{"embeddable":true,"href":"https:\/\/widinovations.pt\/es\/wp-json\/wp\/v2\/comments?post=7565"}],"version-history":[{"count":0,"href":"https:\/\/widinovations.pt\/es\/wp-json\/wp\/v2\/pages\/7565\/revisions"}],"wp:attachment":[{"href":"https:\/\/widinovations.pt\/es\/wp-json\/wp\/v2\/media?parent=7565"}],"wp:term":[{"taxonomy":"category","embeddable":true,"href":"https:\/\/widinovations.pt\/es\/wp-json\/wp\/v2\/categories?post=7565"},{"taxonomy":"post_tag","embeddable":true,"href":"https:\/\/widinovations.pt\/es\/wp-json\/wp\/v2\/tags?post=7565"}],"curies":[{"name":"wp","href":"https:\/\/api.w.org\/{rel}","templated":true}]}}