{"id":7347,"date":"2022-02-10T12:35:51","date_gmt":"2022-02-10T12:35:51","guid":{"rendered":"https:\/\/widinovations.pt\/?page_id=7347"},"modified":"2022-08-04T08:25:04","modified_gmt":"2022-08-04T08:25:04","slug":"politica-de-la-organizacion","status":"publish","type":"page","link":"https:\/\/widinovations.pt\/es\/empresa\/politica-de-la-organizacion\/","title":{"rendered":"Pol\u00edtica de la organizaci\u00f3n"},"content":{"rendered":"<div class=\"wpb-content-wrapper\"><p>[vc_row css=&#8221;.vc_custom_1468952548271{margin-bottom: 100px !important;}&#8221;][vc_column width=&#8221;3\/4&#8243;][vc_single_image image=&#8221;8480&#8243; img_size=&#8221;full&#8221; css=&#8221;.vc_custom_1659601448513{margin-bottom: 46px !important;}&#8221;][vc_column_text css=&#8221;.vc_custom_1644496710672{margin-bottom: 50px !important;}&#8221;]Pol\u00edtica de la organizaci\u00f3n<\/p>\n<p>WIDINOVATIONS conf\u00eda en que la apuesta por la innovaci\u00f3n y la mejora continua de los procesos internos es el camino para satisfacer las necesidades y expectativas de los grupos de inter\u00e9s y para la excelencia de la Compa\u00f1\u00eda. En este sentido, la actividad relacionada con el desarrollo, fabricaci\u00f3n, comercializaci\u00f3n y asistencia t\u00e9cnica de equipos de corte y grabado l\u00e1ser, CNC&#8217;s y laminadoras se basa en las siguientes directrices:<\/p>\n<ul>\n<li>Centrar la actividad y la estrategia empresarial en la satisfacci\u00f3n y fidelizaci\u00f3n de los clientes;<\/li>\n<li>Apostar por el dise\u00f1o y la innovaci\u00f3n para el desarrollo de los productos que pone en el mercado, considerando siempre los avances tecnol\u00f3gicos y el cumplimiento de los requisitos aplicables a los mismos;<\/li>\n<li>Invertir en la optimizaci\u00f3n y modernizaci\u00f3n de los m\u00e9todos y recursos de fabricaci\u00f3n que permitan desarrollar su actividad de manera m\u00e1s eficiente, potenciando el desarrollo de relaciones de asociaci\u00f3n con Clientes\/Proveedores, basadas en el respeto mutuo y la confianza;<\/li>\n<li>Promover el desarrollo continuo de sus empleados a trav\u00e9s de iniciativas de formaci\u00f3n, informaci\u00f3n y sensibilizaci\u00f3n que les permitan desarrollar sus capacidades y fomentar el esp\u00edritu de equipo;<\/li>\n<li>Adoptar un comportamiento \u00e9tico y responsable frente a los empleados, Clientes, Proveedores, competidores y la sociedad en general, basado en valores como la integridad y el rigor;<\/li>\n<li>Velar por el cumplimiento de los requisitos legales y reglamentarios aplicables a su actividad.<\/li>\n<\/ul>\n<p>La alta direcci\u00f3n de widinovations se compromete a difundir esta Pol\u00edtica a las partes interesadas ya integrar a sus empleados en el Sistema de Gesti\u00f3n de la Calidad. Asimismo, se compromete a revisar peri\u00f3dicamente los objetivos de calidad y la Pol\u00edtica de esta Organizaci\u00f3n con el fin de asegurar que se mantiene en l\u00ednea con la estrategia establecida y los requisitos de la Norma de Referencia.[\/vc_column_text][vc_empty_space height=&#8221;100px&#8221;][\/vc_column][vc_column width=&#8221;1\/4&#8243;][stm_sidebar sidebar=&#8221;311&#8243;][\/vc_column][\/vc_row][vc_row full_width=&#8221;stretch_row&#8221; el_class=&#8221;third_bg_color&#8221; css=&#8221;.vc_custom_1451889219674{margin-bottom: -60px !important;}&#8221;][vc_column][vc_cta h2=&#8221;\u00bfEst\u00e1 buscando equipos de corte y grabado l\u00e1ser, fresadoras o laminadoras?&#8221; h2_font_container=&#8221;tag:h2|font_size:20px|text_align:center|color:%231b367f|line_height:24px&#8221; h2_use_theme_fonts=&#8221;yes&#8221; shape=&#8221;square&#8221; style=&#8221;flat&#8221; add_button=&#8221;right&#8221; btn_title=&#8221;Cont\u00e1ctanos ahora&#8221; btn_style=&#8221;custom&#8221; btn_custom_background=&#8221;#1b367f&#8221; btn_custom_text=&#8221;#ffffff&#8221; btn_shape=&#8221;square&#8221; btn_i_align=&#8221;right&#8221; btn_i_icon_fontawesome=&#8221;stm-envelope-11&#8243; use_custom_fonts_h2=&#8221;true&#8221; btn_add_icon=&#8221;true&#8221; el_class=&#8221;third_bg_color&#8221; css=&#8221;.vc_custom_1644832538222{margin-bottom: 0px !important;}&#8221; btn_link=&#8221;url:http%3A%2F%2Fumsoprodealegria.ibername.com%2F~demos%2Fwidinovations.com%2Fcontactos||&#8221;][\/vc_cta][\/vc_column][\/vc_row]<\/p>\n<\/div>","protected":false},"excerpt":{"rendered":"<p>[vc_row css=&#8221;.vc_custom_1468952548271{margin-bottom: 100px !important;}&#8221;][vc_column width=&#8221;3\/4&#8243;][vc_single_image image=&#8221;8480&#8243; img_size=&#8221;full&#8221; css=&#8221;.vc_custom_1659601448513{margin-bottom: 46px !important;}&#8221;][vc_column_text css=&#8221;.vc_custom_1644496710672{margin-bottom: 50px !important;}&#8221;]Pol\u00edtica de la organizaci\u00f3n WIDINOVATIONS conf\u00eda en que la apuesta por la innovaci\u00f3n y la mejora continua de los procesos internos es el camino para satisfacer las necesidades y expectativas de los grupos de inter\u00e9s y para la excelencia de la Compa\u00f1\u00eda. En<\/p>\n","protected":false},"author":1,"featured_media":0,"parent":1884,"menu_order":0,"comment_status":"closed","ping_status":"closed","template":"","meta":{"inline_featured_image":false,"cybocfi_hide_featured_image":"","footnotes":""},"categories":[],"tags":[],"class_list":["post-7347","page","type-page","status-publish","hentry"],"yoast_head":"<!-- This site is optimized with the Yoast SEO plugin v26.5 - https:\/\/yoast.com\/wordpress\/plugins\/seo\/ -->\n<title>Pol\u00edtica de la organizaci\u00f3n widinovations<\/title>\n<meta name=\"description\" content=\"Lea sobre la pol\u00edtica de organizaci\u00f3n de widinovations.\" \/>\n<meta name=\"robots\" content=\"index, follow, max-snippet:-1, max-image-preview:large, max-video-preview:-1\" \/>\n<link rel=\"canonical\" href=\"https:\/\/widinovations.pt\/es\/empresa\/politica-de-la-organizacion\/\" \/>\n<meta property=\"og:locale\" content=\"es_ES\" \/>\n<meta property=\"og:type\" content=\"article\" \/>\n<meta property=\"og:title\" content=\"Pol\u00edtica de la organizaci\u00f3n widinovations\" \/>\n<meta property=\"og:description\" content=\"Lea sobre la pol\u00edtica de organizaci\u00f3n de widinovations.\" \/>\n<meta property=\"og:url\" content=\"https:\/\/widinovations.pt\/es\/empresa\/politica-de-la-organizacion\/\" \/>\n<meta property=\"og:site_name\" content=\"widinovations\" \/>\n<meta property=\"article:publisher\" content=\"https:\/\/www.facebook.com\/widinovations\" \/>\n<meta property=\"article:modified_time\" content=\"2022-08-04T08:25:04+00:00\" \/>\n<meta property=\"og:image\" content=\"https:\/\/widinovations.pt\/wp-content\/uploads\/2022\/03\/500x500.jpg\" \/>\n\t<meta property=\"og:image:width\" content=\"500\" \/>\n\t<meta property=\"og:image:height\" content=\"500\" \/>\n\t<meta property=\"og:image:type\" content=\"image\/jpeg\" \/>\n<meta name=\"twitter:card\" content=\"summary_large_image\" \/>\n<meta name=\"twitter:label1\" content=\"Tiempo de lectura\" \/>\n\t<meta name=\"twitter:data1\" content=\"2 minutos\" \/>\n<script type=\"application\/ld+json\" class=\"yoast-schema-graph\">{\"@context\":\"https:\/\/schema.org\",\"@graph\":[{\"@type\":\"WebPage\",\"@id\":\"https:\/\/widinovations.pt\/es\/empresa\/politica-de-la-organizacion\/\",\"url\":\"https:\/\/widinovations.pt\/es\/empresa\/politica-de-la-organizacion\/\",\"name\":\"Pol\u00edtica de la organizaci\u00f3n widinovations\",\"isPartOf\":{\"@id\":\"https:\/\/widinovations.pt\/#website\"},\"datePublished\":\"2022-02-10T12:35:51+00:00\",\"dateModified\":\"2022-08-04T08:25:04+00:00\",\"description\":\"Lea sobre la pol\u00edtica de organizaci\u00f3n de widinovations.\",\"breadcrumb\":{\"@id\":\"https:\/\/widinovations.pt\/es\/empresa\/politica-de-la-organizacion\/#breadcrumb\"},\"inLanguage\":\"es\",\"potentialAction\":[{\"@type\":\"ReadAction\",\"target\":[\"https:\/\/widinovations.pt\/es\/empresa\/politica-de-la-organizacion\/\"]}]},{\"@type\":\"BreadcrumbList\",\"@id\":\"https:\/\/widinovations.pt\/es\/empresa\/politica-de-la-organizacion\/#breadcrumb\",\"itemListElement\":[{\"@type\":\"ListItem\",\"position\":1,\"name\":\"Home\",\"item\":\"https:\/\/widinovations.pt\/es\/\"},{\"@type\":\"ListItem\",\"position\":2,\"name\":\"Empresa\",\"item\":\"https:\/\/widinovations.pt\/es\/empresa\/\"},{\"@type\":\"ListItem\",\"position\":3,\"name\":\"Pol\u00edtica de la organizaci\u00f3n\"}]},{\"@type\":\"WebSite\",\"@id\":\"https:\/\/widinovations.pt\/#website\",\"url\":\"https:\/\/widinovations.pt\/\",\"name\":\"widinovations\",\"description\":\"Equipamentos de Corte\/Grava\u00e7\u00e3o a Laser, Fresadoras e Laminadoras\/Encapsuladoras\",\"publisher\":{\"@id\":\"https:\/\/widinovations.pt\/#organization\"},\"potentialAction\":[{\"@type\":\"SearchAction\",\"target\":{\"@type\":\"EntryPoint\",\"urlTemplate\":\"https:\/\/widinovations.pt\/?s={search_term_string}\"},\"query-input\":{\"@type\":\"PropertyValueSpecification\",\"valueRequired\":true,\"valueName\":\"search_term_string\"}}],\"inLanguage\":\"es\"},{\"@type\":\"Organization\",\"@id\":\"https:\/\/widinovations.pt\/#organization\",\"name\":\"Widinovations\",\"url\":\"https:\/\/widinovations.pt\/\",\"logo\":{\"@type\":\"ImageObject\",\"inLanguage\":\"es\",\"@id\":\"https:\/\/widinovations.pt\/#\/schema\/logo\/image\/\",\"url\":\"https:\/\/widinovations.pt\/wp-content\/uploads\/2016\/10\/wid_logo.svg\",\"contentUrl\":\"https:\/\/widinovations.pt\/wp-content\/uploads\/2016\/10\/wid_logo.svg\",\"width\":1,\"height\":1,\"caption\":\"Widinovations\"},\"image\":{\"@id\":\"https:\/\/widinovations.pt\/#\/schema\/logo\/image\/\"},\"sameAs\":[\"https:\/\/www.facebook.com\/widinovations\",\"https:\/\/www.instagram.com\/widinovations\",\"https:\/\/www.linkedin.com\/company\/widinovations\",\"https:\/\/www.youtube.com\/widinovations\"]}]}<\/script>\n<!-- \/ Yoast SEO plugin. -->","yoast_head_json":{"title":"Pol\u00edtica de la organizaci\u00f3n widinovations","description":"Lea sobre la pol\u00edtica de organizaci\u00f3n de widinovations.","robots":{"index":"index","follow":"follow","max-snippet":"max-snippet:-1","max-image-preview":"max-image-preview:large","max-video-preview":"max-video-preview:-1"},"canonical":"https:\/\/widinovations.pt\/es\/empresa\/politica-de-la-organizacion\/","og_locale":"es_ES","og_type":"article","og_title":"Pol\u00edtica de la organizaci\u00f3n widinovations","og_description":"Lea sobre la pol\u00edtica de organizaci\u00f3n de widinovations.","og_url":"https:\/\/widinovations.pt\/es\/empresa\/politica-de-la-organizacion\/","og_site_name":"widinovations","article_publisher":"https:\/\/www.facebook.com\/widinovations","article_modified_time":"2022-08-04T08:25:04+00:00","og_image":[{"width":500,"height":500,"url":"https:\/\/widinovations.pt\/wp-content\/uploads\/2022\/03\/500x500.jpg","type":"image\/jpeg"}],"twitter_card":"summary_large_image","twitter_misc":{"Tiempo de lectura":"2 minutos"},"schema":{"@context":"https:\/\/schema.org","@graph":[{"@type":"WebPage","@id":"https:\/\/widinovations.pt\/es\/empresa\/politica-de-la-organizacion\/","url":"https:\/\/widinovations.pt\/es\/empresa\/politica-de-la-organizacion\/","name":"Pol\u00edtica de la organizaci\u00f3n widinovations","isPartOf":{"@id":"https:\/\/widinovations.pt\/#website"},"datePublished":"2022-02-10T12:35:51+00:00","dateModified":"2022-08-04T08:25:04+00:00","description":"Lea sobre la pol\u00edtica de organizaci\u00f3n de widinovations.","breadcrumb":{"@id":"https:\/\/widinovations.pt\/es\/empresa\/politica-de-la-organizacion\/#breadcrumb"},"inLanguage":"es","potentialAction":[{"@type":"ReadAction","target":["https:\/\/widinovations.pt\/es\/empresa\/politica-de-la-organizacion\/"]}]},{"@type":"BreadcrumbList","@id":"https:\/\/widinovations.pt\/es\/empresa\/politica-de-la-organizacion\/#breadcrumb","itemListElement":[{"@type":"ListItem","position":1,"name":"Home","item":"https:\/\/widinovations.pt\/es\/"},{"@type":"ListItem","position":2,"name":"Empresa","item":"https:\/\/widinovations.pt\/es\/empresa\/"},{"@type":"ListItem","position":3,"name":"Pol\u00edtica de la organizaci\u00f3n"}]},{"@type":"WebSite","@id":"https:\/\/widinovations.pt\/#website","url":"https:\/\/widinovations.pt\/","name":"widinovations","description":"Equipamentos de Corte\/Grava\u00e7\u00e3o a Laser, Fresadoras e Laminadoras\/Encapsuladoras","publisher":{"@id":"https:\/\/widinovations.pt\/#organization"},"potentialAction":[{"@type":"SearchAction","target":{"@type":"EntryPoint","urlTemplate":"https:\/\/widinovations.pt\/?s={search_term_string}"},"query-input":{"@type":"PropertyValueSpecification","valueRequired":true,"valueName":"search_term_string"}}],"inLanguage":"es"},{"@type":"Organization","@id":"https:\/\/widinovations.pt\/#organization","name":"Widinovations","url":"https:\/\/widinovations.pt\/","logo":{"@type":"ImageObject","inLanguage":"es","@id":"https:\/\/widinovations.pt\/#\/schema\/logo\/image\/","url":"https:\/\/widinovations.pt\/wp-content\/uploads\/2016\/10\/wid_logo.svg","contentUrl":"https:\/\/widinovations.pt\/wp-content\/uploads\/2016\/10\/wid_logo.svg","width":1,"height":1,"caption":"Widinovations"},"image":{"@id":"https:\/\/widinovations.pt\/#\/schema\/logo\/image\/"},"sameAs":["https:\/\/www.facebook.com\/widinovations","https:\/\/www.instagram.com\/widinovations","https:\/\/www.linkedin.com\/company\/widinovations","https:\/\/www.youtube.com\/widinovations"]}]}},"_links":{"self":[{"href":"https:\/\/widinovations.pt\/es\/wp-json\/wp\/v2\/pages\/7347","targetHints":{"allow":["GET"]}}],"collection":[{"href":"https:\/\/widinovations.pt\/es\/wp-json\/wp\/v2\/pages"}],"about":[{"href":"https:\/\/widinovations.pt\/es\/wp-json\/wp\/v2\/types\/page"}],"author":[{"embeddable":true,"href":"https:\/\/widinovations.pt\/es\/wp-json\/wp\/v2\/users\/1"}],"replies":[{"embeddable":true,"href":"https:\/\/widinovations.pt\/es\/wp-json\/wp\/v2\/comments?post=7347"}],"version-history":[{"count":1,"href":"https:\/\/widinovations.pt\/es\/wp-json\/wp\/v2\/pages\/7347\/revisions"}],"predecessor-version":[{"id":8483,"href":"https:\/\/widinovations.pt\/es\/wp-json\/wp\/v2\/pages\/7347\/revisions\/8483"}],"up":[{"embeddable":true,"href":"https:\/\/widinovations.pt\/es\/wp-json\/wp\/v2\/pages\/1884"}],"wp:attachment":[{"href":"https:\/\/widinovations.pt\/es\/wp-json\/wp\/v2\/media?parent=7347"}],"wp:term":[{"taxonomy":"category","embeddable":true,"href":"https:\/\/widinovations.pt\/es\/wp-json\/wp\/v2\/categories?post=7347"},{"taxonomy":"post_tag","embeddable":true,"href":"https:\/\/widinovations.pt\/es\/wp-json\/wp\/v2\/tags?post=7347"}],"curies":[{"name":"wp","href":"https:\/\/api.w.org\/{rel}","templated":true}]}}