{"id":7340,"date":"2022-02-10T12:18:11","date_gmt":"2022-02-10T12:18:11","guid":{"rendered":"https:\/\/widinovations.pt\/?page_id=7340"},"modified":"2025-10-06T15:17:44","modified_gmt":"2025-10-06T15:17:44","slug":"mision-vision-y-valores","status":"publish","type":"page","link":"https:\/\/widinovations.pt\/es\/empresa\/mision-vision-y-valores\/","title":{"rendered":"Misi\u00f3n, Visi\u00f3n y Valores"},"content":{"rendered":"<div class=\"wpb-content-wrapper\"><p>[vc_row css=&#8221;.vc_custom_1468952548271{margin-bottom: 100px !important;}&#8221;][vc_column width=&#8221;3\/4&#8243;][vc_single_image image=&#8221;4240&#8243; img_size=&#8221;full&#8221; css=&#8221;.vc_custom_1631798379224{margin-bottom: 46px !important;}&#8221;][vc_column_text css=&#8221;.vc_custom_1644494952177{margin-bottom: 50px !important;}&#8221;]<\/p>\n<h2>Misi\u00f3n, Visi\u00f3n y Valores Organizacionales<\/h2>\n<p>[\/vc_column_text][stm_icon_box hide_title_line=&#8221;hide_title_line&#8221; enable_hexagon=&#8221;enable&#8221; enable_hexagon_animation=&#8221;enable&#8221; icon=&#8221;fas fa-tasks&#8221; style=&#8221;icon_left&#8221; icon_size=&#8221;25&#8243; icon_width=&#8221;82&#8243; title=&#8221;Misi\u00f3n&#8221; title_font_size=&#8221;32&#8243;]La misi\u00f3n de widinovations es el dise\u00f1o y producci\u00f3n de equipos de corte\/grabado por l\u00e1ser, laminadoras y CNC&#8217;s altamente confiables y tecnol\u00f3gicamente avanzados, dirigiendo todos sus esfuerzos para satisfacer plenamente las necesidades y expectativas de sus Clientes y socios.[\/stm_icon_box][stm_icon_box hide_title_line=&#8221;hide_title_line&#8221; enable_hexagon=&#8221;enable&#8221; enable_hexagon_animation=&#8221;enable&#8221; icon=&#8221;fas fa-chart-line&#8221; style=&#8221;icon_left&#8221; icon_size=&#8221;25&#8243; icon_width=&#8221;82&#8243; title=&#8221;Visi\u00f3n&#8221; title_font_size=&#8221;32&#8243;]Pretende diferenciarse en el mercado en el que act\u00faa a trav\u00e9s del dise\u00f1o, la fiabilidad y la innovaci\u00f3n de los productos que pone en el mercado.<br \/>\nTiene como objetivo satisfacer y fidelizar a sus Clientes diferenci\u00e1ndose a trav\u00e9s de la excelencia.<br \/>\nApuesta a\u00fan m\u00e1s por los mercados internacionales.[\/stm_icon_box][stm_icon_box hide_title_line=&#8221;hide_title_line&#8221; enable_hexagon=&#8221;enable&#8221; enable_hexagon_animation=&#8221;enable&#8221; icon=&#8221;fas fa-medal&#8221; style=&#8221;icon_left&#8221; icon_size=&#8221;25&#8243; icon_width=&#8221;82&#8243; title=&#8221;Valores&#8221; title_font_size=&#8221;32&#8243;]Valorar y optimizar los procesos internos es una constante para mantener la satisfacci\u00f3n de los Clientes, Empleados y dem\u00e1s partes interesadas. Esta cultura organizacional se basa en los siguientes valores:<\/p>\n<ul>\n<li>Calidad<\/li>\n<li>Rigor<\/li>\n<li>Integridad<\/li>\n<li>Sustentabilidad<\/li>\n<li>Respeto<\/li>\n<li>Gravedad<\/li>\n<li>Confianza<\/li>\n<\/ul>\n<p>[\/stm_icon_box][vc_empty_space height=&#8221;100px&#8221;][\/vc_column][vc_column width=&#8221;1\/4&#8243;][stm_sidebar sidebar=&#8221;311&#8243;][\/vc_column][\/vc_row][vc_row full_width=&#8221;stretch_row&#8221; el_class=&#8221;third_bg_color&#8221; css=&#8221;.vc_custom_1451889219674{margin-bottom: -60px !important;}&#8221;][vc_column][vc_cta h2=&#8221;\u00bfEst\u00e1 buscando equipos de corte y grabado l\u00e1ser, fresadoras o laminadoras?&#8221; h2_font_container=&#8221;tag:h2|font_size:20px|text_align:center|color:%231b367f|line_height:24px&#8221; h2_use_theme_fonts=&#8221;yes&#8221; txt_align=&#8221;center&#8221; shape=&#8221;square&#8221; style=&#8221;custom&#8221; add_button=&#8221;right&#8221; btn_title=&#8221;contacte-nos j\u00e1&#8221; btn_style=&#8221;custom&#8221; btn_custom_background=&#8221;#1b367f&#8221; btn_custom_text=&#8221;#ffffff&#8221; btn_shape=&#8221;square&#8221; btn_align=&#8221;right&#8221; use_custom_fonts_h2=&#8221;true&#8221; btn_button_block=&#8221;true&#8221; el_class=&#8221;third_bg_color&#8221; css=&#8221;.vc_custom_1644832248788{margin-bottom: 0px !important;}&#8221; btn_link=&#8221;url:https%3A%2F%2Fwidinovations.pt%2Fes%2Fcontactos%2F|title:contactos&#8221; custom_background=&#8221;#1b367f&#8221; custom_text=&#8221;#ffffff&#8221;][\/vc_cta][\/vc_column][\/vc_row]<\/p>\n<\/div>","protected":false},"excerpt":{"rendered":"<p>[vc_row css=&#8221;.vc_custom_1468952548271{margin-bottom: 100px !important;}&#8221;][vc_column width=&#8221;3\/4&#8243;][vc_single_image image=&#8221;4240&#8243; img_size=&#8221;full&#8221; css=&#8221;.vc_custom_1631798379224{margin-bottom: 46px !important;}&#8221;][vc_column_text css=&#8221;.vc_custom_1644494952177{margin-bottom: 50px !important;}&#8221;] Misi\u00f3n, Visi\u00f3n y Valores Organizacionales [\/vc_column_text][stm_icon_box hide_title_line=&#8221;hide_title_line&#8221; enable_hexagon=&#8221;enable&#8221; enable_hexagon_animation=&#8221;enable&#8221; icon=&#8221;fas fa-tasks&#8221; style=&#8221;icon_left&#8221; icon_size=&#8221;25&#8243; icon_width=&#8221;82&#8243; title=&#8221;Misi\u00f3n&#8221; title_font_size=&#8221;32&#8243;]La misi\u00f3n de widinovations es el dise\u00f1o y producci\u00f3n de equipos de corte\/grabado por l\u00e1ser, laminadoras y CNC&#8217;s altamente confiables y tecnol\u00f3gicamente avanzados, dirigiendo todos sus esfuerzos<\/p>\n","protected":false},"author":1,"featured_media":0,"parent":1884,"menu_order":0,"comment_status":"closed","ping_status":"closed","template":"","meta":{"inline_featured_image":false,"cybocfi_hide_featured_image":"","footnotes":""},"categories":[],"tags":[],"class_list":["post-7340","page","type-page","status-publish","hentry"],"yoast_head":"<!-- This site is optimized with the Yoast SEO plugin v26.5 - https:\/\/yoast.com\/wordpress\/plugins\/seo\/ -->\n<title>Misi\u00f3n, visi\u00f3n y valores widinovations<\/title>\n<meta name=\"robots\" content=\"index, follow, max-snippet:-1, max-image-preview:large, max-video-preview:-1\" \/>\n<link rel=\"canonical\" href=\"https:\/\/widinovations.pt\/es\/empresa\/mision-vision-y-valores\/\" \/>\n<meta property=\"og:locale\" content=\"es_ES\" \/>\n<meta property=\"og:type\" content=\"article\" \/>\n<meta property=\"og:title\" content=\"Misi\u00f3n, visi\u00f3n y valores widinovations\" \/>\n<meta property=\"og:description\" content=\"[vc_row css=&#8221;.vc_custom_1468952548271{margin-bottom: 100px !important;}&#8221;][vc_column width=&#8221;3\/4&#8243;][vc_single_image image=&#8221;4240&#8243; img_size=&#8221;full&#8221; css=&#8221;.vc_custom_1631798379224{margin-bottom: 46px !important;}&#8221;][vc_column_text css=&#8221;.vc_custom_1644494952177{margin-bottom: 50px !important;}&#8221;] Misi\u00f3n, Visi\u00f3n y Valores Organizacionales [\/vc_column_text][stm_icon_box hide_title_line=&#8221;hide_title_line&#8221; enable_hexagon=&#8221;enable&#8221; enable_hexagon_animation=&#8221;enable&#8221; icon=&#8221;fas fa-tasks&#8221; style=&#8221;icon_left&#8221; icon_size=&#8221;25&#8243; icon_width=&#8221;82&#8243; title=&#8221;Misi\u00f3n&#8221; title_font_size=&#8221;32&#8243;]La misi\u00f3n de widinovations es el dise\u00f1o y producci\u00f3n de equipos de corte\/grabado por l\u00e1ser, laminadoras y CNC&#8217;s altamente confiables y tecnol\u00f3gicamente avanzados, dirigiendo todos sus esfuerzos\" \/>\n<meta property=\"og:url\" content=\"https:\/\/widinovations.pt\/es\/empresa\/mision-vision-y-valores\/\" \/>\n<meta property=\"og:site_name\" content=\"widinovations\" \/>\n<meta property=\"article:publisher\" content=\"https:\/\/www.facebook.com\/widinovations\" \/>\n<meta property=\"article:modified_time\" content=\"2025-10-06T15:17:44+00:00\" \/>\n<meta property=\"og:image\" content=\"https:\/\/widinovations.pt\/wp-content\/uploads\/2022\/03\/500x500.jpg\" \/>\n\t<meta property=\"og:image:width\" content=\"500\" \/>\n\t<meta property=\"og:image:height\" content=\"500\" \/>\n\t<meta property=\"og:image:type\" content=\"image\/jpeg\" \/>\n<meta name=\"twitter:card\" content=\"summary_large_image\" \/>\n<meta name=\"twitter:label1\" content=\"Tiempo de lectura\" \/>\n\t<meta name=\"twitter:data1\" content=\"2 minutos\" \/>\n<script type=\"application\/ld+json\" class=\"yoast-schema-graph\">{\"@context\":\"https:\/\/schema.org\",\"@graph\":[{\"@type\":\"WebPage\",\"@id\":\"https:\/\/widinovations.pt\/es\/empresa\/mision-vision-y-valores\/\",\"url\":\"https:\/\/widinovations.pt\/es\/empresa\/mision-vision-y-valores\/\",\"name\":\"Misi\u00f3n, visi\u00f3n y valores widinovations\",\"isPartOf\":{\"@id\":\"https:\/\/widinovations.pt\/#website\"},\"datePublished\":\"2022-02-10T12:18:11+00:00\",\"dateModified\":\"2025-10-06T15:17:44+00:00\",\"breadcrumb\":{\"@id\":\"https:\/\/widinovations.pt\/es\/empresa\/mision-vision-y-valores\/#breadcrumb\"},\"inLanguage\":\"es\",\"potentialAction\":[{\"@type\":\"ReadAction\",\"target\":[\"https:\/\/widinovations.pt\/es\/empresa\/mision-vision-y-valores\/\"]}]},{\"@type\":\"BreadcrumbList\",\"@id\":\"https:\/\/widinovations.pt\/es\/empresa\/mision-vision-y-valores\/#breadcrumb\",\"itemListElement\":[{\"@type\":\"ListItem\",\"position\":1,\"name\":\"Home\",\"item\":\"https:\/\/widinovations.pt\/es\/\"},{\"@type\":\"ListItem\",\"position\":2,\"name\":\"Empresa\",\"item\":\"https:\/\/widinovations.pt\/es\/empresa\/\"},{\"@type\":\"ListItem\",\"position\":3,\"name\":\"Misi\u00f3n, Visi\u00f3n y Valores\"}]},{\"@type\":\"WebSite\",\"@id\":\"https:\/\/widinovations.pt\/#website\",\"url\":\"https:\/\/widinovations.pt\/\",\"name\":\"widinovations\",\"description\":\"Equipamentos de Corte\/Grava\u00e7\u00e3o a Laser, Fresadoras e Laminadoras\/Encapsuladoras\",\"publisher\":{\"@id\":\"https:\/\/widinovations.pt\/#organization\"},\"potentialAction\":[{\"@type\":\"SearchAction\",\"target\":{\"@type\":\"EntryPoint\",\"urlTemplate\":\"https:\/\/widinovations.pt\/?s={search_term_string}\"},\"query-input\":{\"@type\":\"PropertyValueSpecification\",\"valueRequired\":true,\"valueName\":\"search_term_string\"}}],\"inLanguage\":\"es\"},{\"@type\":\"Organization\",\"@id\":\"https:\/\/widinovations.pt\/#organization\",\"name\":\"Widinovations\",\"url\":\"https:\/\/widinovations.pt\/\",\"logo\":{\"@type\":\"ImageObject\",\"inLanguage\":\"es\",\"@id\":\"https:\/\/widinovations.pt\/#\/schema\/logo\/image\/\",\"url\":\"https:\/\/widinovations.pt\/wp-content\/uploads\/2016\/10\/wid_logo.svg\",\"contentUrl\":\"https:\/\/widinovations.pt\/wp-content\/uploads\/2016\/10\/wid_logo.svg\",\"width\":1,\"height\":1,\"caption\":\"Widinovations\"},\"image\":{\"@id\":\"https:\/\/widinovations.pt\/#\/schema\/logo\/image\/\"},\"sameAs\":[\"https:\/\/www.facebook.com\/widinovations\",\"https:\/\/www.instagram.com\/widinovations\",\"https:\/\/www.linkedin.com\/company\/widinovations\",\"https:\/\/www.youtube.com\/widinovations\"]}]}<\/script>\n<!-- \/ Yoast SEO plugin. -->","yoast_head_json":{"title":"Misi\u00f3n, visi\u00f3n y valores widinovations","robots":{"index":"index","follow":"follow","max-snippet":"max-snippet:-1","max-image-preview":"max-image-preview:large","max-video-preview":"max-video-preview:-1"},"canonical":"https:\/\/widinovations.pt\/es\/empresa\/mision-vision-y-valores\/","og_locale":"es_ES","og_type":"article","og_title":"Misi\u00f3n, visi\u00f3n y valores widinovations","og_description":"[vc_row css=&#8221;.vc_custom_1468952548271{margin-bottom: 100px !important;}&#8221;][vc_column width=&#8221;3\/4&#8243;][vc_single_image image=&#8221;4240&#8243; img_size=&#8221;full&#8221; css=&#8221;.vc_custom_1631798379224{margin-bottom: 46px !important;}&#8221;][vc_column_text css=&#8221;.vc_custom_1644494952177{margin-bottom: 50px !important;}&#8221;] Misi\u00f3n, Visi\u00f3n y Valores Organizacionales [\/vc_column_text][stm_icon_box hide_title_line=&#8221;hide_title_line&#8221; enable_hexagon=&#8221;enable&#8221; enable_hexagon_animation=&#8221;enable&#8221; icon=&#8221;fas fa-tasks&#8221; style=&#8221;icon_left&#8221; icon_size=&#8221;25&#8243; icon_width=&#8221;82&#8243; title=&#8221;Misi\u00f3n&#8221; title_font_size=&#8221;32&#8243;]La misi\u00f3n de widinovations es el dise\u00f1o y producci\u00f3n de equipos de corte\/grabado por l\u00e1ser, laminadoras y CNC&#8217;s altamente confiables y tecnol\u00f3gicamente avanzados, dirigiendo todos sus esfuerzos","og_url":"https:\/\/widinovations.pt\/es\/empresa\/mision-vision-y-valores\/","og_site_name":"widinovations","article_publisher":"https:\/\/www.facebook.com\/widinovations","article_modified_time":"2025-10-06T15:17:44+00:00","og_image":[{"width":500,"height":500,"url":"https:\/\/widinovations.pt\/wp-content\/uploads\/2022\/03\/500x500.jpg","type":"image\/jpeg"}],"twitter_card":"summary_large_image","twitter_misc":{"Tiempo de lectura":"2 minutos"},"schema":{"@context":"https:\/\/schema.org","@graph":[{"@type":"WebPage","@id":"https:\/\/widinovations.pt\/es\/empresa\/mision-vision-y-valores\/","url":"https:\/\/widinovations.pt\/es\/empresa\/mision-vision-y-valores\/","name":"Misi\u00f3n, visi\u00f3n y valores widinovations","isPartOf":{"@id":"https:\/\/widinovations.pt\/#website"},"datePublished":"2022-02-10T12:18:11+00:00","dateModified":"2025-10-06T15:17:44+00:00","breadcrumb":{"@id":"https:\/\/widinovations.pt\/es\/empresa\/mision-vision-y-valores\/#breadcrumb"},"inLanguage":"es","potentialAction":[{"@type":"ReadAction","target":["https:\/\/widinovations.pt\/es\/empresa\/mision-vision-y-valores\/"]}]},{"@type":"BreadcrumbList","@id":"https:\/\/widinovations.pt\/es\/empresa\/mision-vision-y-valores\/#breadcrumb","itemListElement":[{"@type":"ListItem","position":1,"name":"Home","item":"https:\/\/widinovations.pt\/es\/"},{"@type":"ListItem","position":2,"name":"Empresa","item":"https:\/\/widinovations.pt\/es\/empresa\/"},{"@type":"ListItem","position":3,"name":"Misi\u00f3n, Visi\u00f3n y Valores"}]},{"@type":"WebSite","@id":"https:\/\/widinovations.pt\/#website","url":"https:\/\/widinovations.pt\/","name":"widinovations","description":"Equipamentos de Corte\/Grava\u00e7\u00e3o a Laser, Fresadoras e Laminadoras\/Encapsuladoras","publisher":{"@id":"https:\/\/widinovations.pt\/#organization"},"potentialAction":[{"@type":"SearchAction","target":{"@type":"EntryPoint","urlTemplate":"https:\/\/widinovations.pt\/?s={search_term_string}"},"query-input":{"@type":"PropertyValueSpecification","valueRequired":true,"valueName":"search_term_string"}}],"inLanguage":"es"},{"@type":"Organization","@id":"https:\/\/widinovations.pt\/#organization","name":"Widinovations","url":"https:\/\/widinovations.pt\/","logo":{"@type":"ImageObject","inLanguage":"es","@id":"https:\/\/widinovations.pt\/#\/schema\/logo\/image\/","url":"https:\/\/widinovations.pt\/wp-content\/uploads\/2016\/10\/wid_logo.svg","contentUrl":"https:\/\/widinovations.pt\/wp-content\/uploads\/2016\/10\/wid_logo.svg","width":1,"height":1,"caption":"Widinovations"},"image":{"@id":"https:\/\/widinovations.pt\/#\/schema\/logo\/image\/"},"sameAs":["https:\/\/www.facebook.com\/widinovations","https:\/\/www.instagram.com\/widinovations","https:\/\/www.linkedin.com\/company\/widinovations","https:\/\/www.youtube.com\/widinovations"]}]}},"_links":{"self":[{"href":"https:\/\/widinovations.pt\/es\/wp-json\/wp\/v2\/pages\/7340","targetHints":{"allow":["GET"]}}],"collection":[{"href":"https:\/\/widinovations.pt\/es\/wp-json\/wp\/v2\/pages"}],"about":[{"href":"https:\/\/widinovations.pt\/es\/wp-json\/wp\/v2\/types\/page"}],"author":[{"embeddable":true,"href":"https:\/\/widinovations.pt\/es\/wp-json\/wp\/v2\/users\/1"}],"replies":[{"embeddable":true,"href":"https:\/\/widinovations.pt\/es\/wp-json\/wp\/v2\/comments?post=7340"}],"version-history":[{"count":2,"href":"https:\/\/widinovations.pt\/es\/wp-json\/wp\/v2\/pages\/7340\/revisions"}],"predecessor-version":[{"id":14823,"href":"https:\/\/widinovations.pt\/es\/wp-json\/wp\/v2\/pages\/7340\/revisions\/14823"}],"up":[{"embeddable":true,"href":"https:\/\/widinovations.pt\/es\/wp-json\/wp\/v2\/pages\/1884"}],"wp:attachment":[{"href":"https:\/\/widinovations.pt\/es\/wp-json\/wp\/v2\/media?parent=7340"}],"wp:term":[{"taxonomy":"category","embeddable":true,"href":"https:\/\/widinovations.pt\/es\/wp-json\/wp\/v2\/categories?post=7340"},{"taxonomy":"post_tag","embeddable":true,"href":"https:\/\/widinovations.pt\/es\/wp-json\/wp\/v2\/tags?post=7340"}],"curies":[{"name":"wp","href":"https:\/\/api.w.org\/{rel}","templated":true}]}}