{"id":4440,"date":"2021-01-19T08:03:36","date_gmt":"2021-01-19T08:03:36","guid":{"rendered":"https:\/\/widinovations.pt\/?page_id=4440"},"modified":"2025-02-20T14:53:10","modified_gmt":"2025-02-20T14:53:10","slug":"widcnc-r60","status":"publish","type":"page","link":"https:\/\/widinovations.pt\/es\/equipos\/widcnc\/widcnc-r60\/","title":{"rendered":"Widcnc R60"},"content":{"rendered":"<div class=\"wpb-content-wrapper\"><p>[vc_row css=&#8221;.vc_custom_1452687555475{margin-bottom: 100px !important;}&#8221;][vc_column offset=&#8221;vc_col-lg-9 vc_col-md-9&#8243;][vc_single_image image=&#8221;4589&#8243; img_size=&#8221;full&#8221;][vc_custom_heading source=&#8221;post_title&#8221; use_theme_fonts=&#8221;yes&#8221; subtitle=&#8221;Corte y fresado&#8221;][vc_column_text]El <strong>equipo R60<\/strong> est\u00e1 dise\u00f1ado para <strong>responder con eficacia<\/strong>\u00a0a las necesidades de un <strong>mercado cada vez m\u00e1s exigente<\/strong>. Hemos desarrollado un equipo <strong>preciso, robusto, fiable y tecnol\u00f3gicamente avanzado<\/strong>. Su dise\u00f1o modular le permite una gran versatilidad. La robustez y precisi\u00f3n de la construcci\u00f3n, as\u00ed como sus sistemas de desplazamiento de alta precisi\u00f3n, proporcionan una <strong>calidad de corte inigualable<\/strong>.<br \/>\nPeque\u00f1a y compacta, pero equipada con todos los elementos necesarios para ejecutar los<strong> trabajos m\u00e1s complejos, como \u201cMist Cooling\u201d<\/strong>, sensor de herramienta y lubricaci\u00f3n autom\u00e1tica.[\/vc_column_text][vc_column_text]<\/p>\n<blockquote><p><b>Dimensiones (L x A x A)<\/b>: 1480 x 1180 x 1630 mm<br \/>\n<strong>Peso<\/strong>: Aprox. 400 Kg | Caja: Aprox. 500 Kg<br \/>\n<strong>Potencia<\/strong>: AC 240v 50\/60Hz<br \/>\n<strong>Velocidad m\u00e1xima de desplazamiento<\/strong>: hasta 15 m \/ min<\/p><\/blockquote>\n<p>[\/vc_column_text][vc_row_inner css=&#8221;.vc_custom_1455886085190{margin-bottom: 10px !important;}&#8221;][vc_column_inner width=&#8221;1\/2&#8243;][stm_icon_box hide_title_line=&#8221;hide_title_line&#8221; enable_hexagon=&#8221;enable&#8221; icon=&#8221;fas fa-cogs&#8221; style=&#8221;icon_left&#8221; icon_size=&#8221;18&#8243; icon_width=&#8221;82&#8243; title=&#8221;Multiples aplicaciones&#8221;]<\/p>\n<div class=\"page\" title=\"Page 2\">\n<div class=\"section\">\n<div class=\"layoutArea\">\n<div class=\"column\">\n<p>\u00a1El limite sera siempre tu imaginacion!<\/p>\n<p>Procesar diversos materiales con enorme precisio\u0301n.<\/p>\n<\/div>\n<\/div>\n<\/div>\n<\/div>\n<p>[\/stm_icon_box][\/vc_column_inner][vc_column_inner width=&#8221;1\/2&#8243;][stm_icon_box hide_title_line=&#8221;hide_title_line&#8221; enable_hexagon=&#8221;enable&#8221; icon=&#8221;fas fa-laptop&#8221; style=&#8221;icon_left&#8221; icon_size=&#8221;18&#8243; icon_width=&#8221;82&#8243; title=&#8221;Software muy facil de utilizar&#8221;]Software intuitivo con potentes herramientas, adecuado para principiantes y profesionales.<br \/>\n[\/stm_icon_box][\/vc_column_inner][\/vc_row_inner][vc_row_inner css=&#8221;.vc_custom_1455886051719{margin-bottom: 10px !important;}&#8221;][vc_column_inner width=&#8221;1\/2&#8243;][stm_icon_box hide_title_line=&#8221;hide_title_line&#8221; enable_hexagon=&#8221;enable&#8221; icon=&#8221;fas fa-magic&#8221; style=&#8221;icon_left&#8221; icon_size=&#8221;18&#8243; icon_width=&#8221;82&#8243; title=&#8221;Los CNCs con mejor reputaci\u00f3n del mercado&#8221;]<\/p>\n<div class=\"page\" title=\"Page 2\">\n<div class=\"section\">\n<div class=\"layoutArea\">\n<div class=\"column\">\n<p>Disponemos de un surtido completo de CNCs capaces de satisfacer las necesidades ma\u0301s exigentes del mercado.<\/p>\n<\/div>\n<\/div>\n<\/div>\n<\/div>\n<p>[\/stm_icon_box][\/vc_column_inner][vc_column_inner width=&#8221;1\/2&#8243;][stm_icon_box hide_title_line=&#8221;hide_title_line&#8221; enable_hexagon=&#8221;enable&#8221; icon=&#8221;far fa-gem&#8221; style=&#8221;icon_left&#8221; icon_size=&#8221;18&#8243; icon_width=&#8221;82&#8243; title=&#8221;Materiales de calidad comprobada&#8221;]<\/p>\n<div class=\"page\" title=\"Page 2\">\n<div class=\"section\">\n<div class=\"layoutArea\">\n<div class=\"column\">\n<p>Equipos fiables, robustos y precisos con una capacidad de trabajo inigualable. Servicio te\u0301cnico ra\u0301pido y profesional.<\/p>\n<\/div>\n<\/div>\n<\/div>\n<\/div>\n<p>[\/stm_icon_box][\/vc_column_inner][\/vc_row_inner][vc_separator color=&#8221;custom&#8221; accent_color=&#8221;#dddddd&#8221; css=&#8221;.vc_custom_1453271595991{margin-bottom: 21px !important;}&#8221;][vc_row_inner css=&#8221;.vc_custom_1453271763899{margin-bottom: 33px !important;}&#8221;][vc_column_inner width=&#8221;1\/4&#8243; css=&#8221;.vc_custom_1453272656287{padding-right: 45px !important;}&#8221;][vc_custom_heading text=&#8221;Galeria de fotos&#8221; font_container=&#8221;tag:h3|font_size:24px|text_align:right|color:%23222222|line_height:30px&#8221; use_theme_fonts=&#8221;yes&#8221;][\/vc_column_inner][vc_column_inner width=&#8221;3\/4&#8243; css=&#8221;.vc_custom_1453271259318{padding-top: 18px !important;}&#8221;][vc_images_carousel images=&#8221;4591,4609,4603,5009&#8243; img_size=&#8221;full&#8221;][\/vc_column_inner][\/vc_row_inner][vc_separator color=&#8221;custom&#8221; accent_color=&#8221;#dddddd&#8221; css=&#8221;.vc_custom_1453271595991{margin-bottom: 21px !important;}&#8221;][vc_btn title=&#8221;Descarga del Folleto R60&#8243; style=&#8221;custom&#8221; custom_background=&#8221;#002e6d&#8221; custom_text=&#8221;#ffffff&#8221; align=&#8221;center&#8221; button_block=&#8221;true&#8221; link=&#8221;url:https%3A%2F%2Fwidinovations.pt%2Fwp-content%2Fuploads%2F2025%2F02%2FWidcnc_catalogue_A4_R60_V6.0_ES-compressed.pdf|title:Descarga%20del%20Folleto%20R60|target:_blank&#8221;][vc_separator color=&#8221;custom&#8221; accent_color=&#8221;#dddddd&#8221; css=&#8221;.vc_custom_1453271595991{margin-bottom: 21px !important;}&#8221;][vc_row_inner css=&#8221;.vc_custom_1453271763899{margin-bottom: 33px !important;}&#8221;][vc_column_inner width=&#8221;1\/4&#8243; css=&#8221;.vc_custom_1453272656287{padding-right: 45px !important;}&#8221;][vc_custom_heading text=&#8221;Principales caracter\u00edsticas&#8221; font_container=&#8221;tag:h3|font_size:24px|text_align:right|color:%23222222|line_height:30px&#8221; use_theme_fonts=&#8221;yes&#8221;][\/vc_column_inner][vc_column_inner width=&#8221;3\/4&#8243; css=&#8221;.vc_custom_1453271259318{padding-top: 18px !important;}&#8221;][vc_column_text]<\/p>\n<ul>\n<li>\u00a0Velocidad de desplazamiento de hasta 15 m\/min<\/li>\n<li>Chasis tubular industrial, resistente a la corrosi\u00f3n y al estr\u00e9s<\/li>\n<li>\u00a0\u00c1rea de trabajo: 600 x 900 x 100 mm<\/li>\n<li>Altura del eje Z hasta 100 mm<\/li>\n<li>\u00a0Eje X\/Y: tornillo sin fin de alta precisi\u00f3n<\/li>\n<li>Eje Z: Tornillo sin fin de alta precisi\u00f3n<\/li>\n<li>Gu\u00edas lineales de 20 mm<\/li>\n<li>Mandril refrigerado por agua de 1,5 kw<\/li>\n<li>Refrigerador industrial<\/li>\n<li>Aspiradora industrial de 2.2 kw con bolsa<\/li>\n<li>Motores paso a paso<\/li>\n<li>Controlador RichAuto DSP con comando<\/li>\n<li>Sistema de protecci\u00f3n y refuerzo de la herramienta \u201cMist Cooling\u201d<\/li>\n<li>Sistema de transporte autom\u00e1tico<\/li>\n<li>Sensor autom\u00e1tico de herramientas<\/li>\n<li>Software Vectric VCarve Pro<\/li>\n<li>Conectividad USB<\/li>\n<\/ul>\n<p>[\/vc_column_text][\/vc_column_inner][\/vc_row_inner][\/vc_column][vc_column width=&#8221;1\/4&#8243;][vc_tta_accordion shape=&#8221;square&#8221; active_section=&#8221;3&#8243; collapsible_all=&#8221;true&#8221;][vc_tta_section title=&#8221;Widlaser&#8221; tab_id=&#8221;1471959714325-c0f30685-b013e470-2ebc&#8221;][vc_wp_custommenu nav_menu=&#8221;52&#8243;][\/vc_tta_section][vc_tta_section title=&#8221;Widlaminator&#8221; tab_id=&#8221;1471959714465-24731e69-4285e470-2ebc&#8221;][vc_wp_custommenu nav_menu=&#8221;114&#8243;][\/vc_tta_section][vc_tta_section title=&#8221;Widcnc&#8221; tab_id=&#8221;1471959714544-25b421eb-a88be470-2ebc&#8221;][vc_wp_custommenu nav_menu=&#8221;115&#8243;][\/vc_tta_section][\/vc_tta_accordion][stm_sidebar sidebar=&#8221;1908&#8243;][\/vc_column][\/vc_row]<\/p>\n<\/div>","protected":false},"excerpt":{"rendered":"<p>[vc_row css=&#8221;.vc_custom_1452687555475{margin-bottom: 100px !important;}&#8221;][vc_column offset=&#8221;vc_col-lg-9 vc_col-md-9&#8243;][vc_single_image image=&#8221;4589&#8243; img_size=&#8221;full&#8221;][vc_custom_heading source=&#8221;post_title&#8221; use_theme_fonts=&#8221;yes&#8221; subtitle=&#8221;Corte y fresado&#8221;][vc_column_text]El equipo R60 est\u00e1 dise\u00f1ado para responder con eficacia\u00a0a las necesidades de un mercado cada vez m\u00e1s exigente. Hemos desarrollado un equipo preciso, robusto, fiable y tecnol\u00f3gicamente avanzado. Su dise\u00f1o modular le permite una gran versatilidad. La robustez y precisi\u00f3n de la construcci\u00f3n,<\/p>\n","protected":false},"author":1,"featured_media":4591,"parent":2130,"menu_order":0,"comment_status":"closed","ping_status":"closed","template":"","meta":{"inline_featured_image":false,"cybocfi_hide_featured_image":"","footnotes":""},"categories":[137],"tags":[],"class_list":["post-4440","page","type-page","status-publish","has-post-thumbnail","hentry","category-widcnc-es"],"yoast_head":"<!-- This site is optimized with the Yoast SEO plugin v26.5 - https:\/\/yoast.com\/wordpress\/plugins\/seo\/ -->\n<title>widinovations - widcnc R60<\/title>\n<meta name=\"robots\" content=\"index, follow, max-snippet:-1, max-image-preview:large, max-video-preview:-1\" \/>\n<link rel=\"canonical\" href=\"https:\/\/widinovations.pt\/es\/equipos\/widcnc\/widcnc-r60\/\" \/>\n<meta property=\"og:locale\" content=\"es_ES\" \/>\n<meta property=\"og:type\" content=\"article\" \/>\n<meta property=\"og:title\" content=\"widinovations - widcnc R60\" \/>\n<meta property=\"og:description\" content=\"[vc_row css=&#8221;.vc_custom_1452687555475{margin-bottom: 100px !important;}&#8221;][vc_column offset=&#8221;vc_col-lg-9 vc_col-md-9&#8243;][vc_single_image image=&#8221;4589&#8243; img_size=&#8221;full&#8221;][vc_custom_heading source=&#8221;post_title&#8221; use_theme_fonts=&#8221;yes&#8221; subtitle=&#8221;Corte y fresado&#8221;][vc_column_text]El equipo R60 est\u00e1 dise\u00f1ado para responder con eficacia\u00a0a las necesidades de un mercado cada vez m\u00e1s exigente. Hemos desarrollado un equipo preciso, robusto, fiable y tecnol\u00f3gicamente avanzado. Su dise\u00f1o modular le permite una gran versatilidad. La robustez y precisi\u00f3n de la construcci\u00f3n,\" \/>\n<meta property=\"og:url\" content=\"https:\/\/widinovations.pt\/es\/equipos\/widcnc\/widcnc-r60\/\" \/>\n<meta property=\"og:site_name\" content=\"widinovations\" \/>\n<meta property=\"article:publisher\" content=\"https:\/\/www.facebook.com\/widinovations\" \/>\n<meta property=\"article:modified_time\" content=\"2025-02-20T14:53:10+00:00\" \/>\n<meta property=\"og:image\" content=\"https:\/\/widinovations.pt\/wp-content\/uploads\/2021\/01\/R60-2-1.jpg\" \/>\n\t<meta property=\"og:image:width\" content=\"1920\" \/>\n\t<meta property=\"og:image:height\" content=\"1080\" \/>\n\t<meta property=\"og:image:type\" content=\"image\/jpeg\" \/>\n<meta name=\"twitter:card\" content=\"summary_large_image\" \/>\n<meta name=\"twitter:label1\" content=\"Tiempo de lectura\" \/>\n\t<meta name=\"twitter:data1\" content=\"3 minutos\" \/>\n<script type=\"application\/ld+json\" class=\"yoast-schema-graph\">{\"@context\":\"https:\/\/schema.org\",\"@graph\":[{\"@type\":\"WebPage\",\"@id\":\"https:\/\/widinovations.pt\/es\/equipos\/widcnc\/widcnc-r60\/\",\"url\":\"https:\/\/widinovations.pt\/es\/equipos\/widcnc\/widcnc-r60\/\",\"name\":\"widinovations - widcnc R60\",\"isPartOf\":{\"@id\":\"https:\/\/widinovations.pt\/#website\"},\"primaryImageOfPage\":{\"@id\":\"https:\/\/widinovations.pt\/es\/equipos\/widcnc\/widcnc-r60\/#primaryimage\"},\"image\":{\"@id\":\"https:\/\/widinovations.pt\/es\/equipos\/widcnc\/widcnc-r60\/#primaryimage\"},\"thumbnailUrl\":\"https:\/\/widinovations.pt\/wp-content\/uploads\/2021\/01\/R60-2-1.jpg\",\"datePublished\":\"2021-01-19T08:03:36+00:00\",\"dateModified\":\"2025-02-20T14:53:10+00:00\",\"breadcrumb\":{\"@id\":\"https:\/\/widinovations.pt\/es\/equipos\/widcnc\/widcnc-r60\/#breadcrumb\"},\"inLanguage\":\"es\",\"potentialAction\":[{\"@type\":\"ReadAction\",\"target\":[\"https:\/\/widinovations.pt\/es\/equipos\/widcnc\/widcnc-r60\/\"]}]},{\"@type\":\"ImageObject\",\"inLanguage\":\"es\",\"@id\":\"https:\/\/widinovations.pt\/es\/equipos\/widcnc\/widcnc-r60\/#primaryimage\",\"url\":\"https:\/\/widinovations.pt\/wp-content\/uploads\/2021\/01\/R60-2-1.jpg\",\"contentUrl\":\"https:\/\/widinovations.pt\/wp-content\/uploads\/2021\/01\/R60-2-1.jpg\",\"width\":1920,\"height\":1080},{\"@type\":\"BreadcrumbList\",\"@id\":\"https:\/\/widinovations.pt\/es\/equipos\/widcnc\/widcnc-r60\/#breadcrumb\",\"itemListElement\":[{\"@type\":\"ListItem\",\"position\":1,\"name\":\"Home\",\"item\":\"https:\/\/widinovations.pt\/es\/\"},{\"@type\":\"ListItem\",\"position\":2,\"name\":\"Equipos\",\"item\":\"https:\/\/widinovations.pt\/es\/equipos\/\"},{\"@type\":\"ListItem\",\"position\":3,\"name\":\"widcnc\",\"item\":\"https:\/\/widinovations.pt\/es\/equipos\/widcnc\/\"},{\"@type\":\"ListItem\",\"position\":4,\"name\":\"Widcnc R60\"}]},{\"@type\":\"WebSite\",\"@id\":\"https:\/\/widinovations.pt\/#website\",\"url\":\"https:\/\/widinovations.pt\/\",\"name\":\"widinovations\",\"description\":\"Equipamentos de Corte\/Grava\u00e7\u00e3o a Laser, Fresadoras e Laminadoras\/Encapsuladoras\",\"publisher\":{\"@id\":\"https:\/\/widinovations.pt\/#organization\"},\"potentialAction\":[{\"@type\":\"SearchAction\",\"target\":{\"@type\":\"EntryPoint\",\"urlTemplate\":\"https:\/\/widinovations.pt\/?s={search_term_string}\"},\"query-input\":{\"@type\":\"PropertyValueSpecification\",\"valueRequired\":true,\"valueName\":\"search_term_string\"}}],\"inLanguage\":\"es\"},{\"@type\":\"Organization\",\"@id\":\"https:\/\/widinovations.pt\/#organization\",\"name\":\"Widinovations\",\"url\":\"https:\/\/widinovations.pt\/\",\"logo\":{\"@type\":\"ImageObject\",\"inLanguage\":\"es\",\"@id\":\"https:\/\/widinovations.pt\/#\/schema\/logo\/image\/\",\"url\":\"https:\/\/widinovations.pt\/wp-content\/uploads\/2016\/10\/wid_logo.svg\",\"contentUrl\":\"https:\/\/widinovations.pt\/wp-content\/uploads\/2016\/10\/wid_logo.svg\",\"width\":1,\"height\":1,\"caption\":\"Widinovations\"},\"image\":{\"@id\":\"https:\/\/widinovations.pt\/#\/schema\/logo\/image\/\"},\"sameAs\":[\"https:\/\/www.facebook.com\/widinovations\",\"https:\/\/www.instagram.com\/widinovations\",\"https:\/\/www.linkedin.com\/company\/widinovations\",\"https:\/\/www.youtube.com\/widinovations\"]}]}<\/script>\n<!-- \/ Yoast SEO plugin. -->","yoast_head_json":{"title":"widinovations - widcnc R60","robots":{"index":"index","follow":"follow","max-snippet":"max-snippet:-1","max-image-preview":"max-image-preview:large","max-video-preview":"max-video-preview:-1"},"canonical":"https:\/\/widinovations.pt\/es\/equipos\/widcnc\/widcnc-r60\/","og_locale":"es_ES","og_type":"article","og_title":"widinovations - widcnc R60","og_description":"[vc_row css=&#8221;.vc_custom_1452687555475{margin-bottom: 100px !important;}&#8221;][vc_column offset=&#8221;vc_col-lg-9 vc_col-md-9&#8243;][vc_single_image image=&#8221;4589&#8243; img_size=&#8221;full&#8221;][vc_custom_heading source=&#8221;post_title&#8221; use_theme_fonts=&#8221;yes&#8221; subtitle=&#8221;Corte y fresado&#8221;][vc_column_text]El equipo R60 est\u00e1 dise\u00f1ado para responder con eficacia\u00a0a las necesidades de un mercado cada vez m\u00e1s exigente. Hemos desarrollado un equipo preciso, robusto, fiable y tecnol\u00f3gicamente avanzado. Su dise\u00f1o modular le permite una gran versatilidad. La robustez y precisi\u00f3n de la construcci\u00f3n,","og_url":"https:\/\/widinovations.pt\/es\/equipos\/widcnc\/widcnc-r60\/","og_site_name":"widinovations","article_publisher":"https:\/\/www.facebook.com\/widinovations","article_modified_time":"2025-02-20T14:53:10+00:00","og_image":[{"width":1920,"height":1080,"url":"https:\/\/widinovations.pt\/wp-content\/uploads\/2021\/01\/R60-2-1.jpg","type":"image\/jpeg"}],"twitter_card":"summary_large_image","twitter_misc":{"Tiempo de lectura":"3 minutos"},"schema":{"@context":"https:\/\/schema.org","@graph":[{"@type":"WebPage","@id":"https:\/\/widinovations.pt\/es\/equipos\/widcnc\/widcnc-r60\/","url":"https:\/\/widinovations.pt\/es\/equipos\/widcnc\/widcnc-r60\/","name":"widinovations - widcnc R60","isPartOf":{"@id":"https:\/\/widinovations.pt\/#website"},"primaryImageOfPage":{"@id":"https:\/\/widinovations.pt\/es\/equipos\/widcnc\/widcnc-r60\/#primaryimage"},"image":{"@id":"https:\/\/widinovations.pt\/es\/equipos\/widcnc\/widcnc-r60\/#primaryimage"},"thumbnailUrl":"https:\/\/widinovations.pt\/wp-content\/uploads\/2021\/01\/R60-2-1.jpg","datePublished":"2021-01-19T08:03:36+00:00","dateModified":"2025-02-20T14:53:10+00:00","breadcrumb":{"@id":"https:\/\/widinovations.pt\/es\/equipos\/widcnc\/widcnc-r60\/#breadcrumb"},"inLanguage":"es","potentialAction":[{"@type":"ReadAction","target":["https:\/\/widinovations.pt\/es\/equipos\/widcnc\/widcnc-r60\/"]}]},{"@type":"ImageObject","inLanguage":"es","@id":"https:\/\/widinovations.pt\/es\/equipos\/widcnc\/widcnc-r60\/#primaryimage","url":"https:\/\/widinovations.pt\/wp-content\/uploads\/2021\/01\/R60-2-1.jpg","contentUrl":"https:\/\/widinovations.pt\/wp-content\/uploads\/2021\/01\/R60-2-1.jpg","width":1920,"height":1080},{"@type":"BreadcrumbList","@id":"https:\/\/widinovations.pt\/es\/equipos\/widcnc\/widcnc-r60\/#breadcrumb","itemListElement":[{"@type":"ListItem","position":1,"name":"Home","item":"https:\/\/widinovations.pt\/es\/"},{"@type":"ListItem","position":2,"name":"Equipos","item":"https:\/\/widinovations.pt\/es\/equipos\/"},{"@type":"ListItem","position":3,"name":"widcnc","item":"https:\/\/widinovations.pt\/es\/equipos\/widcnc\/"},{"@type":"ListItem","position":4,"name":"Widcnc R60"}]},{"@type":"WebSite","@id":"https:\/\/widinovations.pt\/#website","url":"https:\/\/widinovations.pt\/","name":"widinovations","description":"Equipamentos de Corte\/Grava\u00e7\u00e3o a Laser, Fresadoras e Laminadoras\/Encapsuladoras","publisher":{"@id":"https:\/\/widinovations.pt\/#organization"},"potentialAction":[{"@type":"SearchAction","target":{"@type":"EntryPoint","urlTemplate":"https:\/\/widinovations.pt\/?s={search_term_string}"},"query-input":{"@type":"PropertyValueSpecification","valueRequired":true,"valueName":"search_term_string"}}],"inLanguage":"es"},{"@type":"Organization","@id":"https:\/\/widinovations.pt\/#organization","name":"Widinovations","url":"https:\/\/widinovations.pt\/","logo":{"@type":"ImageObject","inLanguage":"es","@id":"https:\/\/widinovations.pt\/#\/schema\/logo\/image\/","url":"https:\/\/widinovations.pt\/wp-content\/uploads\/2016\/10\/wid_logo.svg","contentUrl":"https:\/\/widinovations.pt\/wp-content\/uploads\/2016\/10\/wid_logo.svg","width":1,"height":1,"caption":"Widinovations"},"image":{"@id":"https:\/\/widinovations.pt\/#\/schema\/logo\/image\/"},"sameAs":["https:\/\/www.facebook.com\/widinovations","https:\/\/www.instagram.com\/widinovations","https:\/\/www.linkedin.com\/company\/widinovations","https:\/\/www.youtube.com\/widinovations"]}]}},"_links":{"self":[{"href":"https:\/\/widinovations.pt\/es\/wp-json\/wp\/v2\/pages\/4440","targetHints":{"allow":["GET"]}}],"collection":[{"href":"https:\/\/widinovations.pt\/es\/wp-json\/wp\/v2\/pages"}],"about":[{"href":"https:\/\/widinovations.pt\/es\/wp-json\/wp\/v2\/types\/page"}],"author":[{"embeddable":true,"href":"https:\/\/widinovations.pt\/es\/wp-json\/wp\/v2\/users\/1"}],"replies":[{"embeddable":true,"href":"https:\/\/widinovations.pt\/es\/wp-json\/wp\/v2\/comments?post=4440"}],"version-history":[{"count":15,"href":"https:\/\/widinovations.pt\/es\/wp-json\/wp\/v2\/pages\/4440\/revisions"}],"predecessor-version":[{"id":13427,"href":"https:\/\/widinovations.pt\/es\/wp-json\/wp\/v2\/pages\/4440\/revisions\/13427"}],"up":[{"embeddable":true,"href":"https:\/\/widinovations.pt\/es\/wp-json\/wp\/v2\/pages\/2130"}],"wp:featuredmedia":[{"embeddable":true,"href":"https:\/\/widinovations.pt\/es\/wp-json\/wp\/v2\/media\/4591"}],"wp:attachment":[{"href":"https:\/\/widinovations.pt\/es\/wp-json\/wp\/v2\/media?parent=4440"}],"wp:term":[{"taxonomy":"category","embeddable":true,"href":"https:\/\/widinovations.pt\/es\/wp-json\/wp\/v2\/categories?post=4440"},{"taxonomy":"post_tag","embeddable":true,"href":"https:\/\/widinovations.pt\/es\/wp-json\/wp\/v2\/tags?post=4440"}],"curies":[{"name":"wp","href":"https:\/\/api.w.org\/{rel}","templated":true}]}}