{"id":3475,"date":"2019-09-22T11:23:54","date_gmt":"2019-09-22T11:23:54","guid":{"rendered":"https:\/\/widinovations.pt\/?page_id=3475"},"modified":"2025-02-20T15:30:07","modified_gmt":"2025-02-20T15:30:07","slug":"widcnc-p3000k","status":"publish","type":"page","link":"https:\/\/widinovations.pt\/es\/equipos\/widcnc\/widcnc-p3000k\/","title":{"rendered":"Widcnc P3000K"},"content":{"rendered":"<div class=\"wpb-content-wrapper\"><p>[vc_row css=&#8221;.vc_custom_1452687555475{margin-bottom: 100px !important;}&#8221;][vc_column offset=&#8221;vc_col-lg-9 vc_col-md-9&#8243;][vc_single_image image=&#8221;4965&#8243; img_size=&#8221;full&#8221;][vc_custom_heading source=&#8221;post_title&#8221; use_theme_fonts=&#8221;yes&#8221; subtitle=&#8221;Corte y fresado&#8221;][vc_column_text]Los equipos <strong>Widcnc P3000K<\/strong> est\u00e1 dise\u00f1ada para <strong>responder eficazmente<\/strong> a las necesidades del <strong>exigente mercado profesional<\/strong>. Hemos desarrollado equipos <strong>precisos, robustos, fiables y tecnol\u00f3gicamente avanzados<\/strong>. La robustez y precisi\u00f3n de la construcci\u00f3n, as\u00ed como sus sistemas de desplazamiento de alta precisi\u00f3n junto con los servomotores, proporcionan <strong>una calidad de corte inigualable<\/strong>.<br \/>\nEl <strong>Widcnc P3000K vienen equipado con todos los elementos necesarios para un gran trabajo, como \u201cMist Cooling\u201d<\/strong>, lubricaci\u00f3n de guias , 8 zonas de vac\u00edo operadas electr\u00f3nicamente, sensor de herramienta, as\u00ed como un sistema opcional de cambio autom\u00e1tico de herramientas.<br \/>\nLas <strong>Widcnc P3000K incorporan un sistema de lectura \u00f3ptica<\/strong> para el reconocimiento de posicionamiento y corte que le permite cortar materiales impresos con extrema precisi\u00f3n.[\/vc_column_text][vc_video link=&#8221;https:\/\/www.youtube.com\/embed\/0HREgrdQ0V8&#8243;][vc_column_text]<\/p>\n<blockquote><p><strong>Dimensiones (L x C x A)<\/strong>:\u00a03050 x 3750 x 2300 mm | Caja: 2280 x 3900 x 2220 mm<br \/>\n<strong>Peso<\/strong>:\u00a0Aprox. 1750 kg | Caja: Aprox. 2050 kg<br \/>\n<strong>Potencia<\/strong>: Trif\u00e1sico AC 380v 50\/60Hz<br \/>\n<strong>Velocidad de desplazamiento:<\/strong> hasta 50 m\/min<\/p><\/blockquote>\n<p>[\/vc_column_text][vc_row_inner css=&#8221;.vc_custom_1455886085190{margin-bottom: 10px !important;}&#8221;][vc_column_inner width=&#8221;1\/2&#8243;][stm_icon_box hide_title_line=&#8221;hide_title_line&#8221; enable_hexagon=&#8221;enable&#8221; icon=&#8221;fas fa-cogs&#8221; style=&#8221;icon_left&#8221; icon_size=&#8221;18&#8243; icon_width=&#8221;82&#8243; title=&#8221;Infinitas aplicaciones&#8221;]\u00a1El limite sera siempre tu imaginacion!<\/p>\n<p>Procesado de diversos materiales. Automatice los procesos con el cambio de herramienta autom\u00e1tico opcional.[\/stm_icon_box][\/vc_column_inner][vc_column_inner width=&#8221;1\/2&#8243;][stm_icon_box hide_title_line=&#8221;hide_title_line&#8221; enable_hexagon=&#8221;enable&#8221; icon=&#8221;fas fa-laptop&#8221; style=&#8221;icon_left&#8221; icon_size=&#8221;18&#8243; icon_width=&#8221;82&#8243; title=&#8221;Software muy facil de utilizar&#8221;]Software intuitivo con potentes herramientas, adecuado para principiantes y profesionales.<br \/>\n[\/stm_icon_box][\/vc_column_inner][\/vc_row_inner][vc_row_inner css=&#8221;.vc_custom_1455886051719{margin-bottom: 10px !important;}&#8221;][vc_column_inner width=&#8221;1\/2&#8243;][stm_icon_box hide_title_line=&#8221;hide_title_line&#8221; enable_hexagon=&#8221;enable&#8221; icon=&#8221;fas fa-magic&#8221; style=&#8221;icon_left&#8221; icon_size=&#8221;18&#8243; icon_width=&#8221;82&#8243; title=&#8221;Los CNCs con mejor reputaci\u00f3n del mercado&#8221;]Disponemos de una gama completa de CNCs capaces de satisfacer las necesidades m\u00e1s exigentes del mercado.[\/stm_icon_box][\/vc_column_inner][vc_column_inner width=&#8221;1\/2&#8243;][stm_icon_box hide_title_line=&#8221;hide_title_line&#8221; enable_hexagon=&#8221;enable&#8221; icon=&#8221;far fa-gem&#8221; style=&#8221;icon_left&#8221; icon_size=&#8221;18&#8243; icon_width=&#8221;82&#8243; title=&#8221;Materiales de calidad comprobada&#8221;]Equipos fiables, robustos y precisos con una capacidad de trabajo inigualable. Servicio t\u00e9cnico r\u00e1pido y profesional.[\/stm_icon_box][\/vc_column_inner][\/vc_row_inner][vc_separator color=&#8221;custom&#8221; accent_color=&#8221;#dddddd&#8221; css=&#8221;.vc_custom_1453271595991{margin-bottom: 21px !important;}&#8221;][vc_row_inner css=&#8221;.vc_custom_1453271763899{margin-bottom: 33px !important;}&#8221;][vc_column_inner width=&#8221;1\/4&#8243; css=&#8221;.vc_custom_1453272656287{padding-right: 45px !important;}&#8221;][vc_custom_heading text=&#8221;Galeria de fotos&#8221; font_container=&#8221;tag:h3|font_size:24px|text_align:right|color:%23222222|line_height:30px&#8221; use_theme_fonts=&#8221;yes&#8221;][\/vc_column_inner][vc_column_inner width=&#8221;3\/4&#8243; css=&#8221;.vc_custom_1453271259318{padding-top: 18px !important;}&#8221;][vc_images_carousel images=&#8221;4953,4956,4959,4962,4965,4968,4971,4974&#8243; img_size=&#8221;full&#8221;][\/vc_column_inner][\/vc_row_inner][vc_separator color=&#8221;custom&#8221; accent_color=&#8221;#dddddd&#8221; css=&#8221;.vc_custom_1453271595991{margin-bottom: 21px !important;}&#8221;][vc_btn title=&#8221;Descarga del Folleto P3000K&#8221; style=&#8221;custom&#8221; custom_background=&#8221;#002e6d&#8221; custom_text=&#8221;#ffffff&#8221; align=&#8221;center&#8221; button_block=&#8221;true&#8221; link=&#8221;url:https%3A%2F%2Fwidinovations.pt%2Fwp-content%2Fuploads%2F2025%2F02%2FWidcnc_catalogue_A4_P3000K_P3000K-ATC_V6.0_ES.pdf|title:Descarga%20del%20Folleto%20P3000K|target:_blank&#8221;][vc_separator color=&#8221;custom&#8221; accent_color=&#8221;#dddddd&#8221; css=&#8221;.vc_custom_1453271595991{margin-bottom: 21px !important;}&#8221;][vc_row_inner][vc_column_inner width=&#8221;1\/2&#8243; css=&#8221;.vc_custom_1649241075088{padding-top: 18px !important;}&#8221;][vc_custom_heading text=&#8221;P3000K&#8221; font_container=&#8221;tag:h3|font_size:24px|text_align:left|color:%23222222|line_height:20px&#8221; use_theme_fonts=&#8221;yes&#8221;][vc_column_text]<\/p>\n<ul>\n<li>Velocidad de desplazamiento: hasta 50 m\/min<\/li>\n<li>Chasis tubular industrial, resistente a la corrosi\u00f3n y al estr\u00e9s<\/li>\n<li>Eje Z: aluminio con tratamiento anticorrosi\u00f3n<\/li>\n<li>\u00c1rea de trabajo: 2050 x 3050 mm<\/li>\n<li>Altura eje Z: hasta 200 mm<\/li>\n<li>Eje X\/Y: Pi\u00f1\u00f3n y cremallera helicoidal de alta precisi\u00f3n<\/li>\n<li>Eje Z: Sinf\u00edn de alta precisi\u00f3n<\/li>\n<li>Gu\u00edas lineales: 25 mm<\/li>\n<li>Mandril HSD italiano refrigerado por aire de 7 kw<\/li>\n<li>Cuchilla oscilante el\u00e9ctrica con 24.000 rpm<\/li>\n<li>C\u00e1mara CCD para lectura \u00f3ptica y posicionamiento<\/li>\n<li>Servomotores con reductores planetarios<\/li>\n<li>Ordenador integrado<\/li>\n<li>Mesa de vac\u00edo con 8 zonas, accionada el\u00e9ctricamente<\/li>\n<li>Bomba de vac\u00edo de 4 kw, con filtro y v\u00e1lvula de seguridad<\/li>\n<li>Aspirador industrial de 2.2 kw<\/li>\n<li>Sistema de lubricaci\u00f3n autom\u00e1tica para gu\u00edas lineales<\/li>\n<li>sistema de refrigeraci\u00f3n y lubricaci\u00f3n de herramientas \u201c<em>Mist Cooling<\/em>\u201d<\/li>\n<li>Sensor autom\u00e1tico de herramientas<\/li>\n<li>Software <em>Vectric VCarve Pro<\/em><\/li>\n<li>Conectividad: red y USB<\/li>\n<\/ul>\n<p>[\/vc_column_text][\/vc_column_inner][vc_column_inner width=&#8221;1\/2&#8243; css=&#8221;.vc_custom_1649241082423{padding-top: 18px !important;}&#8221;][vc_custom_heading text=&#8221;P3000K ATC&#8221; font_container=&#8221;tag:h3|font_size:24px|text_align:left|color:%23222222|line_height:20px&#8221; use_theme_fonts=&#8221;yes&#8221;][vc_column_text]<\/p>\n<ul>\n<li>Velocidad de desplazamiento: hasta 50 m\/min<\/li>\n<li>Chasis tubular industrial, resistente a la corrosi\u00f3n y al estr\u00e9s<\/li>\n<li>Eje Z: aluminio con tratamiento anticorrosi\u00f3n<\/li>\n<li>\u00c1rea de trabajo: 2050 x 3050 mm<\/li>\n<li>Altura eje Z: hasta 200 mm<\/li>\n<li>Eje X\/Y: Pi\u00f1\u00f3n y cremallera helicoidal de alta precisi\u00f3n<\/li>\n<li>Eje Z: Sinf\u00edn de alta precisi\u00f3n<\/li>\n<li>gu\u00edas lineales: 25 mm<\/li>\n<li>Mandril italiano refrigerado por aire HITECO 9.5 kw<\/li>\n<li>Cambio de herramienta autom\u00e1tico con 8 unidades<\/li>\n<li>Cuchilla oscilante el\u00e9ctrica con 24.000 rpm<\/li>\n<li>c\u00e1mara CCD para lectura \u00f3ptica y posicionamiento<\/li>\n<li>Servomotores con reductores planetarios<\/li>\n<li>Ordenador integrado<\/li>\n<li>Mesa de vac\u00edo con 8 zonas, accionada el\u00e9ctricamente<\/li>\n<li>2 bombas de vac\u00edo de canal lateral, con filtro y v\u00e1lvula de seguridad<\/li>\n<li>Aspirador industrial de 2.2 kw<\/li>\n<li>Sistema de lubricaci\u00f3n autom\u00e1tica para gu\u00edas lineales<\/li>\n<li>sistema de refrigeraci\u00f3n y lubricaci\u00f3n de herramientas \u201c<em>Mist Cooling<\/em>\u201d<\/li>\n<li>Sensor autom\u00e1tico de herramientas<\/li>\n<li>software <em>Vectric VCarve Pro<\/em><\/li>\n<li>Conectividad: red y USB<\/li>\n<\/ul>\n<p>[\/vc_column_text][\/vc_column_inner][\/vc_row_inner][vc_separator color=&#8221;custom&#8221; accent_color=&#8221;#dddddd&#8221; css=&#8221;.vc_custom_1453271595991{margin-bottom: 21px !important;}&#8221;][vc_row_inner css=&#8221;.vc_custom_1468940948903{margin-bottom: 33px !important;}&#8221;][vc_column_inner width=&#8221;1\/4&#8243; css=&#8221;.vc_custom_1453270747989{padding-right: 45px !important;}&#8221;][vc_custom_heading text=&#8221;Opcionales&#8221; font_container=&#8221;tag:h3|font_size:24px|text_align:right|color:%23222222|line_height:30px&#8221; use_theme_fonts=&#8221;yes&#8221;][\/vc_column_inner][vc_column_inner width=&#8221;3\/4&#8243; css=&#8221;.vc_custom_1453271259318{padding-top: 18px !important;}&#8221;][vc_column_text]<\/p>\n<ul>\n<li>M\u00f3dulo de plegadora<\/li>\n<\/ul>\n<p>[\/vc_column_text][\/vc_column_inner][\/vc_row_inner][\/vc_column][vc_column width=&#8221;1\/4&#8243;][vc_tta_accordion shape=&#8221;square&#8221; active_section=&#8221;3&#8243; collapsible_all=&#8221;true&#8221;][vc_tta_section title=&#8221;Widlaser&#8221; tab_id=&#8221;1471959714325-c0f30685-b013e470-2ebc&#8221;][vc_wp_custommenu nav_menu=&#8221;52&#8243;][\/vc_tta_section][vc_tta_section title=&#8221;Widlaminator&#8221; tab_id=&#8221;1471959714465-24731e69-4285e470-2ebc&#8221;][vc_wp_custommenu nav_menu=&#8221;114&#8243;][\/vc_tta_section][vc_tta_section title=&#8221;Widcnc&#8221; tab_id=&#8221;1471959714544-25b421eb-a88be470-2ebc&#8221;][vc_wp_custommenu nav_menu=&#8221;115&#8243;][\/vc_tta_section][\/vc_tta_accordion][stm_sidebar sidebar=&#8221;619&#8243;][\/vc_column][\/vc_row]<\/p>\n<\/div>","protected":false},"excerpt":{"rendered":"<p>[vc_row css=&#8221;.vc_custom_1452687555475{margin-bottom: 100px !important;}&#8221;][vc_column offset=&#8221;vc_col-lg-9 vc_col-md-9&#8243;][vc_single_image image=&#8221;4965&#8243; img_size=&#8221;full&#8221;][vc_custom_heading source=&#8221;post_title&#8221; use_theme_fonts=&#8221;yes&#8221; subtitle=&#8221;Corte y fresado&#8221;][vc_column_text]Los equipos Widcnc P3000K est\u00e1 dise\u00f1ada para responder eficazmente a las necesidades del exigente mercado profesional. Hemos desarrollado equipos precisos, robustos, fiables y tecnol\u00f3gicamente avanzados. La robustez y precisi\u00f3n de la construcci\u00f3n, as\u00ed como sus sistemas de desplazamiento de alta precisi\u00f3n junto con<\/p>\n","protected":false},"author":1,"featured_media":4967,"parent":2130,"menu_order":0,"comment_status":"closed","ping_status":"closed","template":"","meta":{"inline_featured_image":false,"cybocfi_hide_featured_image":"","footnotes":""},"categories":[137],"tags":[],"class_list":["post-3475","page","type-page","status-publish","has-post-thumbnail","hentry","category-widcnc-es"],"yoast_head":"<!-- This site is optimized with the Yoast SEO plugin v26.5 - https:\/\/yoast.com\/wordpress\/plugins\/seo\/ -->\n<title>widinovations - widcnc R200k<\/title>\n<meta name=\"robots\" content=\"index, follow, max-snippet:-1, max-image-preview:large, max-video-preview:-1\" \/>\n<link rel=\"canonical\" href=\"https:\/\/widinovations.pt\/es\/equipos\/widcnc\/widcnc-p3000k\/\" \/>\n<meta property=\"og:locale\" content=\"es_ES\" \/>\n<meta property=\"og:type\" content=\"article\" \/>\n<meta property=\"og:title\" content=\"widinovations - widcnc R200k\" \/>\n<meta property=\"og:description\" content=\"[vc_row css=&#8221;.vc_custom_1452687555475{margin-bottom: 100px !important;}&#8221;][vc_column offset=&#8221;vc_col-lg-9 vc_col-md-9&#8243;][vc_single_image image=&#8221;4965&#8243; img_size=&#8221;full&#8221;][vc_custom_heading source=&#8221;post_title&#8221; use_theme_fonts=&#8221;yes&#8221; subtitle=&#8221;Corte y fresado&#8221;][vc_column_text]Los equipos Widcnc P3000K est\u00e1 dise\u00f1ada para responder eficazmente a las necesidades del exigente mercado profesional. Hemos desarrollado equipos precisos, robustos, fiables y tecnol\u00f3gicamente avanzados. La robustez y precisi\u00f3n de la construcci\u00f3n, as\u00ed como sus sistemas de desplazamiento de alta precisi\u00f3n junto con\" \/>\n<meta property=\"og:url\" content=\"https:\/\/widinovations.pt\/es\/equipos\/widcnc\/widcnc-p3000k\/\" \/>\n<meta property=\"og:site_name\" content=\"widinovations\" \/>\n<meta property=\"article:publisher\" content=\"https:\/\/www.facebook.com\/widinovations\" \/>\n<meta property=\"article:modified_time\" content=\"2025-02-20T15:30:07+00:00\" \/>\n<meta property=\"og:image\" content=\"https:\/\/widinovations.pt\/wp-content\/uploads\/2021\/02\/widcnc-R150K_5.jpg\" \/>\n\t<meta property=\"og:image:width\" content=\"1920\" \/>\n\t<meta property=\"og:image:height\" content=\"1080\" \/>\n\t<meta property=\"og:image:type\" content=\"image\/jpeg\" \/>\n<meta name=\"twitter:card\" content=\"summary_large_image\" \/>\n<meta name=\"twitter:label1\" content=\"Tiempo de lectura\" \/>\n\t<meta name=\"twitter:data1\" content=\"4 minutos\" \/>\n<script type=\"application\/ld+json\" class=\"yoast-schema-graph\">{\"@context\":\"https:\/\/schema.org\",\"@graph\":[{\"@type\":\"WebPage\",\"@id\":\"https:\/\/widinovations.pt\/es\/equipos\/widcnc\/widcnc-p3000k\/\",\"url\":\"https:\/\/widinovations.pt\/es\/equipos\/widcnc\/widcnc-p3000k\/\",\"name\":\"widinovations - widcnc R200k\",\"isPartOf\":{\"@id\":\"https:\/\/widinovations.pt\/#website\"},\"primaryImageOfPage\":{\"@id\":\"https:\/\/widinovations.pt\/es\/equipos\/widcnc\/widcnc-p3000k\/#primaryimage\"},\"image\":{\"@id\":\"https:\/\/widinovations.pt\/es\/equipos\/widcnc\/widcnc-p3000k\/#primaryimage\"},\"thumbnailUrl\":\"https:\/\/widinovations.pt\/wp-content\/uploads\/2021\/02\/widcnc-R150K_5.jpg\",\"datePublished\":\"2019-09-22T11:23:54+00:00\",\"dateModified\":\"2025-02-20T15:30:07+00:00\",\"breadcrumb\":{\"@id\":\"https:\/\/widinovations.pt\/es\/equipos\/widcnc\/widcnc-p3000k\/#breadcrumb\"},\"inLanguage\":\"es\",\"potentialAction\":[{\"@type\":\"ReadAction\",\"target\":[\"https:\/\/widinovations.pt\/es\/equipos\/widcnc\/widcnc-p3000k\/\"]}]},{\"@type\":\"ImageObject\",\"inLanguage\":\"es\",\"@id\":\"https:\/\/widinovations.pt\/es\/equipos\/widcnc\/widcnc-p3000k\/#primaryimage\",\"url\":\"https:\/\/widinovations.pt\/wp-content\/uploads\/2021\/02\/widcnc-R150K_5.jpg\",\"contentUrl\":\"https:\/\/widinovations.pt\/wp-content\/uploads\/2021\/02\/widcnc-R150K_5.jpg\",\"width\":1920,\"height\":1080},{\"@type\":\"BreadcrumbList\",\"@id\":\"https:\/\/widinovations.pt\/es\/equipos\/widcnc\/widcnc-p3000k\/#breadcrumb\",\"itemListElement\":[{\"@type\":\"ListItem\",\"position\":1,\"name\":\"Home\",\"item\":\"https:\/\/widinovations.pt\/es\/\"},{\"@type\":\"ListItem\",\"position\":2,\"name\":\"Equipos\",\"item\":\"https:\/\/widinovations.pt\/es\/equipos\/\"},{\"@type\":\"ListItem\",\"position\":3,\"name\":\"widcnc\",\"item\":\"https:\/\/widinovations.pt\/es\/equipos\/widcnc\/\"},{\"@type\":\"ListItem\",\"position\":4,\"name\":\"Widcnc P3000K\"}]},{\"@type\":\"WebSite\",\"@id\":\"https:\/\/widinovations.pt\/#website\",\"url\":\"https:\/\/widinovations.pt\/\",\"name\":\"widinovations\",\"description\":\"Equipamentos de Corte\/Grava\u00e7\u00e3o a Laser, Fresadoras e Laminadoras\/Encapsuladoras\",\"publisher\":{\"@id\":\"https:\/\/widinovations.pt\/#organization\"},\"potentialAction\":[{\"@type\":\"SearchAction\",\"target\":{\"@type\":\"EntryPoint\",\"urlTemplate\":\"https:\/\/widinovations.pt\/?s={search_term_string}\"},\"query-input\":{\"@type\":\"PropertyValueSpecification\",\"valueRequired\":true,\"valueName\":\"search_term_string\"}}],\"inLanguage\":\"es\"},{\"@type\":\"Organization\",\"@id\":\"https:\/\/widinovations.pt\/#organization\",\"name\":\"Widinovations\",\"url\":\"https:\/\/widinovations.pt\/\",\"logo\":{\"@type\":\"ImageObject\",\"inLanguage\":\"es\",\"@id\":\"https:\/\/widinovations.pt\/#\/schema\/logo\/image\/\",\"url\":\"https:\/\/widinovations.pt\/wp-content\/uploads\/2016\/10\/wid_logo.svg\",\"contentUrl\":\"https:\/\/widinovations.pt\/wp-content\/uploads\/2016\/10\/wid_logo.svg\",\"width\":1,\"height\":1,\"caption\":\"Widinovations\"},\"image\":{\"@id\":\"https:\/\/widinovations.pt\/#\/schema\/logo\/image\/\"},\"sameAs\":[\"https:\/\/www.facebook.com\/widinovations\",\"https:\/\/www.instagram.com\/widinovations\",\"https:\/\/www.linkedin.com\/company\/widinovations\",\"https:\/\/www.youtube.com\/widinovations\"]}]}<\/script>\n<!-- \/ Yoast SEO plugin. -->","yoast_head_json":{"title":"widinovations - widcnc R200k","robots":{"index":"index","follow":"follow","max-snippet":"max-snippet:-1","max-image-preview":"max-image-preview:large","max-video-preview":"max-video-preview:-1"},"canonical":"https:\/\/widinovations.pt\/es\/equipos\/widcnc\/widcnc-p3000k\/","og_locale":"es_ES","og_type":"article","og_title":"widinovations - widcnc R200k","og_description":"[vc_row css=&#8221;.vc_custom_1452687555475{margin-bottom: 100px !important;}&#8221;][vc_column offset=&#8221;vc_col-lg-9 vc_col-md-9&#8243;][vc_single_image image=&#8221;4965&#8243; img_size=&#8221;full&#8221;][vc_custom_heading source=&#8221;post_title&#8221; use_theme_fonts=&#8221;yes&#8221; subtitle=&#8221;Corte y fresado&#8221;][vc_column_text]Los equipos Widcnc P3000K est\u00e1 dise\u00f1ada para responder eficazmente a las necesidades del exigente mercado profesional. Hemos desarrollado equipos precisos, robustos, fiables y tecnol\u00f3gicamente avanzados. La robustez y precisi\u00f3n de la construcci\u00f3n, as\u00ed como sus sistemas de desplazamiento de alta precisi\u00f3n junto con","og_url":"https:\/\/widinovations.pt\/es\/equipos\/widcnc\/widcnc-p3000k\/","og_site_name":"widinovations","article_publisher":"https:\/\/www.facebook.com\/widinovations","article_modified_time":"2025-02-20T15:30:07+00:00","og_image":[{"width":1920,"height":1080,"url":"https:\/\/widinovations.pt\/wp-content\/uploads\/2021\/02\/widcnc-R150K_5.jpg","type":"image\/jpeg"}],"twitter_card":"summary_large_image","twitter_misc":{"Tiempo de lectura":"4 minutos"},"schema":{"@context":"https:\/\/schema.org","@graph":[{"@type":"WebPage","@id":"https:\/\/widinovations.pt\/es\/equipos\/widcnc\/widcnc-p3000k\/","url":"https:\/\/widinovations.pt\/es\/equipos\/widcnc\/widcnc-p3000k\/","name":"widinovations - widcnc R200k","isPartOf":{"@id":"https:\/\/widinovations.pt\/#website"},"primaryImageOfPage":{"@id":"https:\/\/widinovations.pt\/es\/equipos\/widcnc\/widcnc-p3000k\/#primaryimage"},"image":{"@id":"https:\/\/widinovations.pt\/es\/equipos\/widcnc\/widcnc-p3000k\/#primaryimage"},"thumbnailUrl":"https:\/\/widinovations.pt\/wp-content\/uploads\/2021\/02\/widcnc-R150K_5.jpg","datePublished":"2019-09-22T11:23:54+00:00","dateModified":"2025-02-20T15:30:07+00:00","breadcrumb":{"@id":"https:\/\/widinovations.pt\/es\/equipos\/widcnc\/widcnc-p3000k\/#breadcrumb"},"inLanguage":"es","potentialAction":[{"@type":"ReadAction","target":["https:\/\/widinovations.pt\/es\/equipos\/widcnc\/widcnc-p3000k\/"]}]},{"@type":"ImageObject","inLanguage":"es","@id":"https:\/\/widinovations.pt\/es\/equipos\/widcnc\/widcnc-p3000k\/#primaryimage","url":"https:\/\/widinovations.pt\/wp-content\/uploads\/2021\/02\/widcnc-R150K_5.jpg","contentUrl":"https:\/\/widinovations.pt\/wp-content\/uploads\/2021\/02\/widcnc-R150K_5.jpg","width":1920,"height":1080},{"@type":"BreadcrumbList","@id":"https:\/\/widinovations.pt\/es\/equipos\/widcnc\/widcnc-p3000k\/#breadcrumb","itemListElement":[{"@type":"ListItem","position":1,"name":"Home","item":"https:\/\/widinovations.pt\/es\/"},{"@type":"ListItem","position":2,"name":"Equipos","item":"https:\/\/widinovations.pt\/es\/equipos\/"},{"@type":"ListItem","position":3,"name":"widcnc","item":"https:\/\/widinovations.pt\/es\/equipos\/widcnc\/"},{"@type":"ListItem","position":4,"name":"Widcnc P3000K"}]},{"@type":"WebSite","@id":"https:\/\/widinovations.pt\/#website","url":"https:\/\/widinovations.pt\/","name":"widinovations","description":"Equipamentos de Corte\/Grava\u00e7\u00e3o a Laser, Fresadoras e Laminadoras\/Encapsuladoras","publisher":{"@id":"https:\/\/widinovations.pt\/#organization"},"potentialAction":[{"@type":"SearchAction","target":{"@type":"EntryPoint","urlTemplate":"https:\/\/widinovations.pt\/?s={search_term_string}"},"query-input":{"@type":"PropertyValueSpecification","valueRequired":true,"valueName":"search_term_string"}}],"inLanguage":"es"},{"@type":"Organization","@id":"https:\/\/widinovations.pt\/#organization","name":"Widinovations","url":"https:\/\/widinovations.pt\/","logo":{"@type":"ImageObject","inLanguage":"es","@id":"https:\/\/widinovations.pt\/#\/schema\/logo\/image\/","url":"https:\/\/widinovations.pt\/wp-content\/uploads\/2016\/10\/wid_logo.svg","contentUrl":"https:\/\/widinovations.pt\/wp-content\/uploads\/2016\/10\/wid_logo.svg","width":1,"height":1,"caption":"Widinovations"},"image":{"@id":"https:\/\/widinovations.pt\/#\/schema\/logo\/image\/"},"sameAs":["https:\/\/www.facebook.com\/widinovations","https:\/\/www.instagram.com\/widinovations","https:\/\/www.linkedin.com\/company\/widinovations","https:\/\/www.youtube.com\/widinovations"]}]}},"_links":{"self":[{"href":"https:\/\/widinovations.pt\/es\/wp-json\/wp\/v2\/pages\/3475","targetHints":{"allow":["GET"]}}],"collection":[{"href":"https:\/\/widinovations.pt\/es\/wp-json\/wp\/v2\/pages"}],"about":[{"href":"https:\/\/widinovations.pt\/es\/wp-json\/wp\/v2\/types\/page"}],"author":[{"embeddable":true,"href":"https:\/\/widinovations.pt\/es\/wp-json\/wp\/v2\/users\/1"}],"replies":[{"embeddable":true,"href":"https:\/\/widinovations.pt\/es\/wp-json\/wp\/v2\/comments?post=3475"}],"version-history":[{"count":31,"href":"https:\/\/widinovations.pt\/es\/wp-json\/wp\/v2\/pages\/3475\/revisions"}],"predecessor-version":[{"id":13512,"href":"https:\/\/widinovations.pt\/es\/wp-json\/wp\/v2\/pages\/3475\/revisions\/13512"}],"up":[{"embeddable":true,"href":"https:\/\/widinovations.pt\/es\/wp-json\/wp\/v2\/pages\/2130"}],"wp:featuredmedia":[{"embeddable":true,"href":"https:\/\/widinovations.pt\/es\/wp-json\/wp\/v2\/media\/4967"}],"wp:attachment":[{"href":"https:\/\/widinovations.pt\/es\/wp-json\/wp\/v2\/media?parent=3475"}],"wp:term":[{"taxonomy":"category","embeddable":true,"href":"https:\/\/widinovations.pt\/es\/wp-json\/wp\/v2\/categories?post=3475"},{"taxonomy":"post_tag","embeddable":true,"href":"https:\/\/widinovations.pt\/es\/wp-json\/wp\/v2\/tags?post=3475"}],"curies":[{"name":"wp","href":"https:\/\/api.w.org\/{rel}","templated":true}]}}