{"id":1940,"date":"2016-09-26T14:49:09","date_gmt":"2016-09-26T14:49:09","guid":{"rendered":"http:\/\/widinovations.pt\/?page_id=1940"},"modified":"2022-02-14T09:48:00","modified_gmt":"2022-02-14T09:48:00","slug":"historia","status":"publish","type":"page","link":"https:\/\/widinovations.pt\/es\/empresa\/historia\/","title":{"rendered":"Historia"},"content":{"rendered":"<div class=\"wpb-content-wrapper\"><p>[vc_row css=&#8221;.vc_custom_1468952548271{margin-bottom: 100px !important;}&#8221;][vc_column width=&#8221;3\/4&#8243;][vc_single_image image=&#8221;2234&#8243; img_size=&#8221;full&#8221; css=&#8221;.vc_custom_1475418448098{margin-bottom: 46px !important;}&#8221;][vc_column_text css=&#8221;.vc_custom_1644832088862{margin-bottom: 50px !important;}&#8221;]<\/p>\n<h2>Historia<\/h2>\n<p>El Widinovations fue fundada en 2004, inicialmente dedicada exclusivamente a sus actividades de mercado de impresi\u00f3n digital de gran formato. En 2011 ampliamos nuestra cartera de productos mediante la introducci\u00f3n de equipo del corte y grabado l\u00e1ser, m\u00e1quinas de fresado y laminadores.[\/vc_column_text][stm_company_history][stm_company_history_item year=&#8221;2004&#8243; title=&#8221;Fundaci\u00f3n&#8221; description=&#8221;Inicialmente dedicando su actividad en el mercado de impresi\u00f3n digital de gran formato, representando la consagrada marca coreana DGI, en exclusivo para toda la Pen\u00ednsula Iberica y AGFA (serie Anapurna), para todo el territorio Portugu\u00e9s.&#8221;][stm_company_history_item year=&#8221;2011&#8243; title=&#8221;Aumento de las \u00e1reas de negocio&#8221; description=&#8221;Hemos alargado nuestro sector de negocio, empezando a comercializar equipos Laser, laminadoras y fresadoras.&#8221;][stm_company_history_item year=&#8221;2013&#8243; title=&#8221;Abertura del mercado ib\u00e9rico&#8221; description=&#8221;Abertura del mercado ib\u00e9rico a las marcas WidLaser, WidLaminator e WidLaser.<br \/>\nParticipaci\u00f3n en Graphispag (Fira Barcelona)&#8221;][stm_company_history_item year=&#8221;2014&#8243; title=&#8221;Cprint&#8221; description=&#8221;Participaci\u00f3n en Cprint (Madrid)&#8221;][stm_company_history_item year=&#8221;2015&#8243; title=&#8221;Fabricaci\u00f3n de equipos Laser&#8221; description=&#8221;Iniciamos la fabricaci\u00f3n de equipos Laser en Portugal. Participaci\u00f3n en PromoGift (Madrid), Graphispag (Fira Barcelona) y Cprint (Madrid)&#8221;][stm_company_history_item year=&#8221;2016&#8243; title=&#8221;Participaci\u00f3n en diversas ferias&#8221; description=&#8221;Participaci\u00f3n en PromoGift (Madrid), DRUPA(Dusseldorf) y Cprint (Madrid)&#8221;][\/stm_company_history][vc_empty_space height=&#8221;100px&#8221;][\/vc_column][vc_column width=&#8221;1\/4&#8243;][stm_sidebar sidebar=&#8221;1891&#8243;][\/vc_column][\/vc_row][vc_row full_width=&#8221;stretch_row&#8221; el_class=&#8221;third_bg_color&#8221; css=&#8221;.vc_custom_1451889219674{margin-bottom: -60px !important;}&#8221;][vc_column][vc_cta h2=&#8221;B\u00fasqueda equipos de corte y grabado l\u00e1ser, fresado o laminaci\u00f3n?&#8221; h2_font_container=&#8221;tag:h2|font_size:20px|text_align:center|color:%231b367f|line_height:24px&#8221; h2_use_theme_fonts=&#8221;yes&#8221; shape=&#8221;square&#8221; style=&#8221;flat&#8221; add_button=&#8221;right&#8221; btn_title=&#8221;cont\u00e1ctenos&#8221; btn_style=&#8221;custom&#8221; btn_custom_background=&#8221;#1b367f&#8221; btn_custom_text=&#8221;#ffffff&#8221; btn_shape=&#8221;square&#8221; use_custom_fonts_h2=&#8221;true&#8221; el_class=&#8221;third_bg_color&#8221; css=&#8221;.vc_custom_1644831929563{margin-bottom: 0px !important;}&#8221; btn_link=&#8221;url:https%3A%2F%2Fwidinovations.pt%2Fes%2Fcontactos%2F|title:contactos&#8221;][\/vc_cta][\/vc_column][\/vc_row]<\/p>\n<\/div>","protected":false},"excerpt":{"rendered":"<p>[vc_row css=&#8221;.vc_custom_1468952548271{margin-bottom: 100px !important;}&#8221;][vc_column width=&#8221;3\/4&#8243;][vc_single_image image=&#8221;2234&#8243; img_size=&#8221;full&#8221; css=&#8221;.vc_custom_1475418448098{margin-bottom: 46px !important;}&#8221;][vc_column_text css=&#8221;.vc_custom_1644832088862{margin-bottom: 50px !important;}&#8221;] Historia El Widinovations fue fundada en 2004, inicialmente dedicada exclusivamente a sus actividades de mercado de impresi\u00f3n digital de gran formato. En 2011 ampliamos nuestra cartera de productos mediante la introducci\u00f3n de equipo del corte y grabado l\u00e1ser, m\u00e1quinas de fresado y<\/p>\n","protected":false},"author":1,"featured_media":0,"parent":1884,"menu_order":0,"comment_status":"closed","ping_status":"closed","template":"","meta":{"inline_featured_image":false,"cybocfi_hide_featured_image":"","footnotes":""},"categories":[],"tags":[],"class_list":["post-1940","page","type-page","status-publish","hentry"],"yoast_head":"<!-- This site is optimized with the Yoast SEO plugin v26.5 - https:\/\/yoast.com\/wordpress\/plugins\/seo\/ -->\n<title>historia de widinovations<\/title>\n<meta name=\"description\" content=\"historia de widinovations\" \/>\n<meta name=\"robots\" content=\"index, follow, max-snippet:-1, max-image-preview:large, max-video-preview:-1\" \/>\n<link rel=\"canonical\" href=\"https:\/\/widinovations.pt\/es\/empresa\/historia\/\" \/>\n<meta property=\"og:locale\" content=\"es_ES\" \/>\n<meta property=\"og:type\" content=\"article\" \/>\n<meta property=\"og:title\" content=\"historia de widinovations\" \/>\n<meta property=\"og:description\" content=\"historia de widinovations\" \/>\n<meta property=\"og:url\" content=\"https:\/\/widinovations.pt\/es\/empresa\/historia\/\" \/>\n<meta property=\"og:site_name\" content=\"widinovations\" \/>\n<meta property=\"article:publisher\" content=\"https:\/\/www.facebook.com\/widinovations\" \/>\n<meta property=\"article:modified_time\" content=\"2022-02-14T09:48:00+00:00\" \/>\n<meta property=\"og:image\" content=\"https:\/\/widinovations.pt\/wp-content\/uploads\/2022\/03\/500x500.jpg\" \/>\n\t<meta property=\"og:image:width\" content=\"500\" \/>\n\t<meta property=\"og:image:height\" content=\"500\" \/>\n\t<meta property=\"og:image:type\" content=\"image\/jpeg\" \/>\n<meta name=\"twitter:card\" content=\"summary_large_image\" \/>\n<meta name=\"twitter:label1\" content=\"Tiempo de lectura\" \/>\n\t<meta name=\"twitter:data1\" content=\"2 minutos\" \/>\n<script type=\"application\/ld+json\" class=\"yoast-schema-graph\">{\"@context\":\"https:\/\/schema.org\",\"@graph\":[{\"@type\":\"WebPage\",\"@id\":\"https:\/\/widinovations.pt\/es\/empresa\/historia\/\",\"url\":\"https:\/\/widinovations.pt\/es\/empresa\/historia\/\",\"name\":\"historia de widinovations\",\"isPartOf\":{\"@id\":\"https:\/\/widinovations.pt\/#website\"},\"datePublished\":\"2016-09-26T14:49:09+00:00\",\"dateModified\":\"2022-02-14T09:48:00+00:00\",\"description\":\"historia de widinovations\",\"breadcrumb\":{\"@id\":\"https:\/\/widinovations.pt\/es\/empresa\/historia\/#breadcrumb\"},\"inLanguage\":\"es\",\"potentialAction\":[{\"@type\":\"ReadAction\",\"target\":[\"https:\/\/widinovations.pt\/es\/empresa\/historia\/\"]}]},{\"@type\":\"BreadcrumbList\",\"@id\":\"https:\/\/widinovations.pt\/es\/empresa\/historia\/#breadcrumb\",\"itemListElement\":[{\"@type\":\"ListItem\",\"position\":1,\"name\":\"Home\",\"item\":\"https:\/\/widinovations.pt\/es\/\"},{\"@type\":\"ListItem\",\"position\":2,\"name\":\"Empresa\",\"item\":\"https:\/\/widinovations.pt\/es\/empresa\/\"},{\"@type\":\"ListItem\",\"position\":3,\"name\":\"Historia\"}]},{\"@type\":\"WebSite\",\"@id\":\"https:\/\/widinovations.pt\/#website\",\"url\":\"https:\/\/widinovations.pt\/\",\"name\":\"widinovations\",\"description\":\"Equipamentos de Corte\/Grava\u00e7\u00e3o a Laser, Fresadoras e Laminadoras\/Encapsuladoras\",\"publisher\":{\"@id\":\"https:\/\/widinovations.pt\/#organization\"},\"potentialAction\":[{\"@type\":\"SearchAction\",\"target\":{\"@type\":\"EntryPoint\",\"urlTemplate\":\"https:\/\/widinovations.pt\/?s={search_term_string}\"},\"query-input\":{\"@type\":\"PropertyValueSpecification\",\"valueRequired\":true,\"valueName\":\"search_term_string\"}}],\"inLanguage\":\"es\"},{\"@type\":\"Organization\",\"@id\":\"https:\/\/widinovations.pt\/#organization\",\"name\":\"Widinovations\",\"url\":\"https:\/\/widinovations.pt\/\",\"logo\":{\"@type\":\"ImageObject\",\"inLanguage\":\"es\",\"@id\":\"https:\/\/widinovations.pt\/#\/schema\/logo\/image\/\",\"url\":\"https:\/\/widinovations.pt\/wp-content\/uploads\/2016\/10\/wid_logo.svg\",\"contentUrl\":\"https:\/\/widinovations.pt\/wp-content\/uploads\/2016\/10\/wid_logo.svg\",\"width\":1,\"height\":1,\"caption\":\"Widinovations\"},\"image\":{\"@id\":\"https:\/\/widinovations.pt\/#\/schema\/logo\/image\/\"},\"sameAs\":[\"https:\/\/www.facebook.com\/widinovations\",\"https:\/\/www.instagram.com\/widinovations\",\"https:\/\/www.linkedin.com\/company\/widinovations\",\"https:\/\/www.youtube.com\/widinovations\"]}]}<\/script>\n<!-- \/ Yoast SEO plugin. -->","yoast_head_json":{"title":"historia de widinovations","description":"historia de widinovations","robots":{"index":"index","follow":"follow","max-snippet":"max-snippet:-1","max-image-preview":"max-image-preview:large","max-video-preview":"max-video-preview:-1"},"canonical":"https:\/\/widinovations.pt\/es\/empresa\/historia\/","og_locale":"es_ES","og_type":"article","og_title":"historia de widinovations","og_description":"historia de widinovations","og_url":"https:\/\/widinovations.pt\/es\/empresa\/historia\/","og_site_name":"widinovations","article_publisher":"https:\/\/www.facebook.com\/widinovations","article_modified_time":"2022-02-14T09:48:00+00:00","og_image":[{"width":500,"height":500,"url":"https:\/\/widinovations.pt\/wp-content\/uploads\/2022\/03\/500x500.jpg","type":"image\/jpeg"}],"twitter_card":"summary_large_image","twitter_misc":{"Tiempo de lectura":"2 minutos"},"schema":{"@context":"https:\/\/schema.org","@graph":[{"@type":"WebPage","@id":"https:\/\/widinovations.pt\/es\/empresa\/historia\/","url":"https:\/\/widinovations.pt\/es\/empresa\/historia\/","name":"historia de widinovations","isPartOf":{"@id":"https:\/\/widinovations.pt\/#website"},"datePublished":"2016-09-26T14:49:09+00:00","dateModified":"2022-02-14T09:48:00+00:00","description":"historia de widinovations","breadcrumb":{"@id":"https:\/\/widinovations.pt\/es\/empresa\/historia\/#breadcrumb"},"inLanguage":"es","potentialAction":[{"@type":"ReadAction","target":["https:\/\/widinovations.pt\/es\/empresa\/historia\/"]}]},{"@type":"BreadcrumbList","@id":"https:\/\/widinovations.pt\/es\/empresa\/historia\/#breadcrumb","itemListElement":[{"@type":"ListItem","position":1,"name":"Home","item":"https:\/\/widinovations.pt\/es\/"},{"@type":"ListItem","position":2,"name":"Empresa","item":"https:\/\/widinovations.pt\/es\/empresa\/"},{"@type":"ListItem","position":3,"name":"Historia"}]},{"@type":"WebSite","@id":"https:\/\/widinovations.pt\/#website","url":"https:\/\/widinovations.pt\/","name":"widinovations","description":"Equipamentos de Corte\/Grava\u00e7\u00e3o a Laser, Fresadoras e Laminadoras\/Encapsuladoras","publisher":{"@id":"https:\/\/widinovations.pt\/#organization"},"potentialAction":[{"@type":"SearchAction","target":{"@type":"EntryPoint","urlTemplate":"https:\/\/widinovations.pt\/?s={search_term_string}"},"query-input":{"@type":"PropertyValueSpecification","valueRequired":true,"valueName":"search_term_string"}}],"inLanguage":"es"},{"@type":"Organization","@id":"https:\/\/widinovations.pt\/#organization","name":"Widinovations","url":"https:\/\/widinovations.pt\/","logo":{"@type":"ImageObject","inLanguage":"es","@id":"https:\/\/widinovations.pt\/#\/schema\/logo\/image\/","url":"https:\/\/widinovations.pt\/wp-content\/uploads\/2016\/10\/wid_logo.svg","contentUrl":"https:\/\/widinovations.pt\/wp-content\/uploads\/2016\/10\/wid_logo.svg","width":1,"height":1,"caption":"Widinovations"},"image":{"@id":"https:\/\/widinovations.pt\/#\/schema\/logo\/image\/"},"sameAs":["https:\/\/www.facebook.com\/widinovations","https:\/\/www.instagram.com\/widinovations","https:\/\/www.linkedin.com\/company\/widinovations","https:\/\/www.youtube.com\/widinovations"]}]}},"_links":{"self":[{"href":"https:\/\/widinovations.pt\/es\/wp-json\/wp\/v2\/pages\/1940","targetHints":{"allow":["GET"]}}],"collection":[{"href":"https:\/\/widinovations.pt\/es\/wp-json\/wp\/v2\/pages"}],"about":[{"href":"https:\/\/widinovations.pt\/es\/wp-json\/wp\/v2\/types\/page"}],"author":[{"embeddable":true,"href":"https:\/\/widinovations.pt\/es\/wp-json\/wp\/v2\/users\/1"}],"replies":[{"embeddable":true,"href":"https:\/\/widinovations.pt\/es\/wp-json\/wp\/v2\/comments?post=1940"}],"version-history":[{"count":0,"href":"https:\/\/widinovations.pt\/es\/wp-json\/wp\/v2\/pages\/1940\/revisions"}],"up":[{"embeddable":true,"href":"https:\/\/widinovations.pt\/es\/wp-json\/wp\/v2\/pages\/1884"}],"wp:attachment":[{"href":"https:\/\/widinovations.pt\/es\/wp-json\/wp\/v2\/media?parent=1940"}],"wp:term":[{"taxonomy":"category","embeddable":true,"href":"https:\/\/widinovations.pt\/es\/wp-json\/wp\/v2\/categories?post=1940"},{"taxonomy":"post_tag","embeddable":true,"href":"https:\/\/widinovations.pt\/es\/wp-json\/wp\/v2\/tags?post=1940"}],"curies":[{"name":"wp","href":"https:\/\/api.w.org\/{rel}","templated":true}]}}