{"id":1884,"date":"2016-09-19T17:55:42","date_gmt":"2016-09-19T17:55:42","guid":{"rendered":"http:\/\/widinovations.pt\/?page_id=1884"},"modified":"2023-03-15T11:42:48","modified_gmt":"2023-03-15T11:42:48","slug":"empresa","status":"publish","type":"page","link":"https:\/\/widinovations.pt\/es\/empresa\/","title":{"rendered":"Empresa"},"content":{"rendered":"<div class=\"wpb-content-wrapper\"><p>[vc_row css=&#8221;.vc_custom_1451991003825{margin-bottom: 100px !important;}&#8221;][vc_column offset=&#8221;vc_col-lg-9 vc_col-md-9&#8243;][vc_single_image image=&#8221;2232&#8243; img_size=&#8221;full&#8221;][vc_column_text css=&#8221;.vc_custom_1678880509532{margin-top: 40px !important;}&#8221;]<\/p>\n<h3 style=\"color: #002e6d;\">Sobre nosotros<\/h3>\n<p>Widinovations se fund\u00f3 en 2004 con el objetivo inicial de apoyar al sector de la impresi\u00f3n digital de gran formato en el mercado de la Pen\u00ednsula Ib\u00e9rica.<\/p>\n<p>Con el conocimiento adquirido y por opci\u00f3n estrat\u00e9gica, en 2011 ampli\u00f3 su \u00e1rea de negocio a la fabricaci\u00f3n y venta de equipos de corte y grabado l\u00e1ser y CNC&#8217;s.<\/p>\n<p>El r\u00e1pido crecimiento en esta \u00e1rea oblig\u00f3 a la creaci\u00f3n de las marcas registradas widlaser, widlaminator y widcnc, que actualmente son sin\u00f3nimo de calidad, robustez y fiabilidad, prueba de ello son los m\u00e1s de 5000 equipos instalados mayoritariamente en Europa en diferentes sectores industriales.<\/p>\n<p>Todos los equipos de las marcas widlaser \/ widcnc tienen un dise\u00f1o totalmente diferente, y su construcci\u00f3n est\u00e1 basada en est\u00e1ndares europeos, hecho que permiti\u00f3 a widinovations ser SME Excellence y una empresa certificada con la norma ISO 9001.<\/p>\n<p>Actualmente, widinovations asegura la cobertura en toda Europa a trav\u00e9s de una red de unos 30 distribuidores, con un servicio t\u00e9cnico de Excelencia y un departamento de R&amp;D capaz de responder muy r\u00e1pidamente con soluciones innovadoras y disruptivas a las exigencias de los m\u00e1s variados sectores de actividad.[\/vc_column_text][vc_column_text css=&#8221;.vc_custom_1678880529282{margin-bottom: 34px !important;}&#8221;]Disponemos de un servicio t\u00e9cnico r\u00e1pido y eficaz, con tiempos de respuesta adaptados a las necesidades del mercado.[\/vc_column_text][\/vc_column][vc_column width=&#8221;1\/4&#8243;][stm_sidebar sidebar=&#8221;1891&#8243;][\/vc_column][\/vc_row]<\/p>\n<\/div>","protected":false},"excerpt":{"rendered":"<p>[vc_row css=&#8221;.vc_custom_1451991003825{margin-bottom: 100px !important;}&#8221;][vc_column offset=&#8221;vc_col-lg-9 vc_col-md-9&#8243;][vc_single_image image=&#8221;2232&#8243; img_size=&#8221;full&#8221;][vc_column_text css=&#8221;.vc_custom_1678880509532{margin-top: 40px !important;}&#8221;] Sobre nosotros Widinovations se fund\u00f3 en 2004 con el objetivo inicial de apoyar al sector de la impresi\u00f3n digital de gran formato en el mercado de la Pen\u00ednsula Ib\u00e9rica. Con el conocimiento adquirido y por opci\u00f3n estrat\u00e9gica, en 2011 ampli\u00f3 su \u00e1rea de negocio<\/p>\n","protected":false},"author":1,"featured_media":0,"parent":0,"menu_order":0,"comment_status":"closed","ping_status":"closed","template":"","meta":{"inline_featured_image":false,"cybocfi_hide_featured_image":"","footnotes":""},"categories":[],"tags":[],"class_list":["post-1884","page","type-page","status-publish","hentry"],"yoast_head":"<!-- This site is optimized with the Yoast SEO plugin v26.5 - https:\/\/yoast.com\/wordpress\/plugins\/seo\/ -->\n<title>widinovations empresa<\/title>\n<meta name=\"description\" content=\"empresa widinovations\" \/>\n<meta name=\"robots\" content=\"index, follow, max-snippet:-1, max-image-preview:large, max-video-preview:-1\" \/>\n<link rel=\"canonical\" href=\"https:\/\/widinovations.pt\/es\/empresa\/\" \/>\n<meta property=\"og:locale\" content=\"es_ES\" \/>\n<meta property=\"og:type\" content=\"article\" \/>\n<meta property=\"og:title\" content=\"widinovations empresa\" \/>\n<meta property=\"og:description\" content=\"empresa widinovations\" \/>\n<meta property=\"og:url\" content=\"https:\/\/widinovations.pt\/es\/empresa\/\" \/>\n<meta property=\"og:site_name\" content=\"widinovations\" \/>\n<meta property=\"article:publisher\" content=\"https:\/\/www.facebook.com\/widinovations\" \/>\n<meta property=\"article:modified_time\" content=\"2023-03-15T11:42:48+00:00\" \/>\n<meta property=\"og:image\" content=\"https:\/\/widinovations.pt\/wp-content\/uploads\/2022\/03\/500x500.jpg\" \/>\n\t<meta property=\"og:image:width\" content=\"500\" \/>\n\t<meta property=\"og:image:height\" content=\"500\" \/>\n\t<meta property=\"og:image:type\" content=\"image\/jpeg\" \/>\n<meta name=\"twitter:card\" content=\"summary_large_image\" \/>\n<meta name=\"twitter:label1\" content=\"Tiempo de lectura\" \/>\n\t<meta name=\"twitter:data1\" content=\"2 minutos\" \/>\n<script type=\"application\/ld+json\" class=\"yoast-schema-graph\">{\"@context\":\"https:\/\/schema.org\",\"@graph\":[{\"@type\":\"WebPage\",\"@id\":\"https:\/\/widinovations.pt\/es\/empresa\/\",\"url\":\"https:\/\/widinovations.pt\/es\/empresa\/\",\"name\":\"widinovations empresa\",\"isPartOf\":{\"@id\":\"https:\/\/widinovations.pt\/#website\"},\"datePublished\":\"2016-09-19T17:55:42+00:00\",\"dateModified\":\"2023-03-15T11:42:48+00:00\",\"description\":\"empresa widinovations\",\"breadcrumb\":{\"@id\":\"https:\/\/widinovations.pt\/es\/empresa\/#breadcrumb\"},\"inLanguage\":\"es\",\"potentialAction\":[{\"@type\":\"ReadAction\",\"target\":[\"https:\/\/widinovations.pt\/es\/empresa\/\"]}]},{\"@type\":\"BreadcrumbList\",\"@id\":\"https:\/\/widinovations.pt\/es\/empresa\/#breadcrumb\",\"itemListElement\":[{\"@type\":\"ListItem\",\"position\":1,\"name\":\"Home\",\"item\":\"https:\/\/widinovations.pt\/es\/\"},{\"@type\":\"ListItem\",\"position\":2,\"name\":\"Empresa\"}]},{\"@type\":\"WebSite\",\"@id\":\"https:\/\/widinovations.pt\/#website\",\"url\":\"https:\/\/widinovations.pt\/\",\"name\":\"widinovations\",\"description\":\"Equipamentos de Corte\/Grava\u00e7\u00e3o a Laser, Fresadoras e Laminadoras\/Encapsuladoras\",\"publisher\":{\"@id\":\"https:\/\/widinovations.pt\/#organization\"},\"potentialAction\":[{\"@type\":\"SearchAction\",\"target\":{\"@type\":\"EntryPoint\",\"urlTemplate\":\"https:\/\/widinovations.pt\/?s={search_term_string}\"},\"query-input\":{\"@type\":\"PropertyValueSpecification\",\"valueRequired\":true,\"valueName\":\"search_term_string\"}}],\"inLanguage\":\"es\"},{\"@type\":\"Organization\",\"@id\":\"https:\/\/widinovations.pt\/#organization\",\"name\":\"Widinovations\",\"url\":\"https:\/\/widinovations.pt\/\",\"logo\":{\"@type\":\"ImageObject\",\"inLanguage\":\"es\",\"@id\":\"https:\/\/widinovations.pt\/#\/schema\/logo\/image\/\",\"url\":\"https:\/\/widinovations.pt\/wp-content\/uploads\/2016\/10\/wid_logo.svg\",\"contentUrl\":\"https:\/\/widinovations.pt\/wp-content\/uploads\/2016\/10\/wid_logo.svg\",\"width\":1,\"height\":1,\"caption\":\"Widinovations\"},\"image\":{\"@id\":\"https:\/\/widinovations.pt\/#\/schema\/logo\/image\/\"},\"sameAs\":[\"https:\/\/www.facebook.com\/widinovations\",\"https:\/\/www.instagram.com\/widinovations\",\"https:\/\/www.linkedin.com\/company\/widinovations\",\"https:\/\/www.youtube.com\/widinovations\"]}]}<\/script>\n<!-- \/ Yoast SEO plugin. -->","yoast_head_json":{"title":"widinovations empresa","description":"empresa widinovations","robots":{"index":"index","follow":"follow","max-snippet":"max-snippet:-1","max-image-preview":"max-image-preview:large","max-video-preview":"max-video-preview:-1"},"canonical":"https:\/\/widinovations.pt\/es\/empresa\/","og_locale":"es_ES","og_type":"article","og_title":"widinovations empresa","og_description":"empresa widinovations","og_url":"https:\/\/widinovations.pt\/es\/empresa\/","og_site_name":"widinovations","article_publisher":"https:\/\/www.facebook.com\/widinovations","article_modified_time":"2023-03-15T11:42:48+00:00","og_image":[{"width":500,"height":500,"url":"https:\/\/widinovations.pt\/wp-content\/uploads\/2022\/03\/500x500.jpg","type":"image\/jpeg"}],"twitter_card":"summary_large_image","twitter_misc":{"Tiempo de lectura":"2 minutos"},"schema":{"@context":"https:\/\/schema.org","@graph":[{"@type":"WebPage","@id":"https:\/\/widinovations.pt\/es\/empresa\/","url":"https:\/\/widinovations.pt\/es\/empresa\/","name":"widinovations empresa","isPartOf":{"@id":"https:\/\/widinovations.pt\/#website"},"datePublished":"2016-09-19T17:55:42+00:00","dateModified":"2023-03-15T11:42:48+00:00","description":"empresa widinovations","breadcrumb":{"@id":"https:\/\/widinovations.pt\/es\/empresa\/#breadcrumb"},"inLanguage":"es","potentialAction":[{"@type":"ReadAction","target":["https:\/\/widinovations.pt\/es\/empresa\/"]}]},{"@type":"BreadcrumbList","@id":"https:\/\/widinovations.pt\/es\/empresa\/#breadcrumb","itemListElement":[{"@type":"ListItem","position":1,"name":"Home","item":"https:\/\/widinovations.pt\/es\/"},{"@type":"ListItem","position":2,"name":"Empresa"}]},{"@type":"WebSite","@id":"https:\/\/widinovations.pt\/#website","url":"https:\/\/widinovations.pt\/","name":"widinovations","description":"Equipamentos de Corte\/Grava\u00e7\u00e3o a Laser, Fresadoras e Laminadoras\/Encapsuladoras","publisher":{"@id":"https:\/\/widinovations.pt\/#organization"},"potentialAction":[{"@type":"SearchAction","target":{"@type":"EntryPoint","urlTemplate":"https:\/\/widinovations.pt\/?s={search_term_string}"},"query-input":{"@type":"PropertyValueSpecification","valueRequired":true,"valueName":"search_term_string"}}],"inLanguage":"es"},{"@type":"Organization","@id":"https:\/\/widinovations.pt\/#organization","name":"Widinovations","url":"https:\/\/widinovations.pt\/","logo":{"@type":"ImageObject","inLanguage":"es","@id":"https:\/\/widinovations.pt\/#\/schema\/logo\/image\/","url":"https:\/\/widinovations.pt\/wp-content\/uploads\/2016\/10\/wid_logo.svg","contentUrl":"https:\/\/widinovations.pt\/wp-content\/uploads\/2016\/10\/wid_logo.svg","width":1,"height":1,"caption":"Widinovations"},"image":{"@id":"https:\/\/widinovations.pt\/#\/schema\/logo\/image\/"},"sameAs":["https:\/\/www.facebook.com\/widinovations","https:\/\/www.instagram.com\/widinovations","https:\/\/www.linkedin.com\/company\/widinovations","https:\/\/www.youtube.com\/widinovations"]}]}},"_links":{"self":[{"href":"https:\/\/widinovations.pt\/es\/wp-json\/wp\/v2\/pages\/1884","targetHints":{"allow":["GET"]}}],"collection":[{"href":"https:\/\/widinovations.pt\/es\/wp-json\/wp\/v2\/pages"}],"about":[{"href":"https:\/\/widinovations.pt\/es\/wp-json\/wp\/v2\/types\/page"}],"author":[{"embeddable":true,"href":"https:\/\/widinovations.pt\/es\/wp-json\/wp\/v2\/users\/1"}],"replies":[{"embeddable":true,"href":"https:\/\/widinovations.pt\/es\/wp-json\/wp\/v2\/comments?post=1884"}],"version-history":[{"count":2,"href":"https:\/\/widinovations.pt\/es\/wp-json\/wp\/v2\/pages\/1884\/revisions"}],"predecessor-version":[{"id":10577,"href":"https:\/\/widinovations.pt\/es\/wp-json\/wp\/v2\/pages\/1884\/revisions\/10577"}],"wp:attachment":[{"href":"https:\/\/widinovations.pt\/es\/wp-json\/wp\/v2\/media?parent=1884"}],"wp:term":[{"taxonomy":"category","embeddable":true,"href":"https:\/\/widinovations.pt\/es\/wp-json\/wp\/v2\/categories?post=1884"},{"taxonomy":"post_tag","embeddable":true,"href":"https:\/\/widinovations.pt\/es\/wp-json\/wp\/v2\/tags?post=1884"}],"curies":[{"name":"wp","href":"https:\/\/api.w.org\/{rel}","templated":true}]}}