{"id":14704,"date":"2026-01-20T17:01:26","date_gmt":"2026-01-20T17:01:26","guid":{"rendered":"https:\/\/widinovations.pt\/?page_id=14704"},"modified":"2026-02-11T17:35:23","modified_gmt":"2026-02-11T17:35:23","slug":"widcnc-h1300","status":"publish","type":"page","link":"https:\/\/widinovations.pt\/es\/widcnc-h1300\/","title":{"rendered":"Widcnc H1300"},"content":{"rendered":"<div class=\"wpb-content-wrapper\"><p>[vc_row css=&#8221;.vc_custom_1452687555475{margin-bottom: 100px !important;}&#8221;][vc_column offset=&#8221;vc_col-lg-9 vc_col-md-9&#8243;][vc_single_image image=&#8221;15431&#8243; img_size=&#8221;full&#8221;][vc_custom_heading source=&#8221;post_title&#8221; use_theme_fonts=&#8221;yes&#8221; subtitle=&#8221;Mesa de corte&#8221;][vc_column_text]<\/p>\n<p data-start=\"146\" data-end=\"496\">La <strong data-start=\"149\" data-end=\"165\">WIDCNC H1300<\/strong> es una mesa de corte de nueva generaci\u00f3n para producci\u00f3n continua, con <strong data-start=\"237\" data-end=\"279\">precisi\u00f3n de posicionamiento de 0,1 mm<\/strong>, <strong data-start=\"281\" data-end=\"318\">\u00e1rea de trabajo de 3200 \u00d7 2500 mm<\/strong> y <strong data-start=\"321\" data-end=\"366\">velocidad de movimiento de hasta 70 m\/min<\/strong>, garantizando un rendimiento fiable y repetible en series largas. Incluye <strong data-start=\"441\" data-end=\"495\">sistema de control y configuraci\u00f3n con PC incluido<\/strong>.<\/p>\n<p data-start=\"498\" data-end=\"867\">Integra un <strong data-start=\"509\" data-end=\"562\">sistema de portaherramientas doble intercambiable<\/strong>, compatible con <strong data-start=\"579\" data-end=\"603\">cuchillo de arrastre<\/strong>, <strong data-start=\"605\" data-end=\"638\">cuchillo oscilante 24.000 RPM<\/strong>, <strong data-start=\"640\" data-end=\"664\">cuchilla medio corte<\/strong>, <strong data-start=\"666\" data-end=\"677\">hendido<\/strong> y <strong data-start=\"680\" data-end=\"697\">cuchillo en V<\/strong>. El <strong data-start=\"702\" data-end=\"777\">sistema de posicionamiento con puntero l\u00e1ser y c\u00e1mara de alta precisi\u00f3n<\/strong>, junto con el <strong data-start=\"792\" data-end=\"829\">calibre autom\u00e1tico de herramienta<\/strong>, refuerza la precisi\u00f3n en producci\u00f3n.<\/p>\n<p data-start=\"869\" data-end=\"1377\">Su base mec\u00e1nica incorpora <strong data-start=\"896\" data-end=\"934\">servomotores con reductores Shimpo<\/strong>, <strong data-start=\"936\" data-end=\"972\">gu\u00edas lineales de alta precisi\u00f3n<\/strong> y <strong data-start=\"975\" data-end=\"1032\">transmisi\u00f3n de pi\u00f1\u00f3n y cremallera helicoidal (Taiw\u00e1n)<\/strong>. La <strong data-start=\"1037\" data-end=\"1076\">mesa de vac\u00edo de aluminio perforado<\/strong> cuenta con <strong data-start=\"1088\" data-end=\"1128\">8 zonas independientes y autom\u00e1ticas<\/strong> y <strong data-start=\"1131\" data-end=\"1187\">dos bombas de vac\u00edo insonorizadas de 7,5 kW cada una<\/strong>. El <strong data-start=\"1192\" data-end=\"1230\">sistema de alimentaci\u00f3n autom\u00e1tico<\/strong> con <strong data-start=\"1235\" data-end=\"1264\">tapete de fieltro de 4 mm<\/strong>, junto con el <strong data-start=\"1279\" data-end=\"1316\">sistema de alimentaci\u00f3n de rollos<\/strong>, asegura estabilidad tanto en trabajo en hoja como en rollo.<\/p>\n<p data-start=\"1379\" data-end=\"1864\">Como opciones, puede incorporar <strong data-start=\"1411\" data-end=\"1446\">husillo ATC (cambio autom\u00e1tico)<\/strong> de <strong data-start=\"1450\" data-end=\"1473\">1,8 kW (60.000 rpm)<\/strong> refrigerado por agua, con <strong data-start=\"1500\" data-end=\"1554\">cambio autom\u00e1tico de herramientas neum\u00e1tico ISO 10<\/strong>, <strong data-start=\"1556\" data-end=\"1577\">seis porta fresas<\/strong> y <strong data-start=\"1580\" data-end=\"1618\">calibre autom\u00e1tico de herramientas<\/strong>, adem\u00e1s de <strong data-start=\"1630\" data-end=\"1668\">tercer porta fresas intercambiable<\/strong>, <strong data-start=\"1670\" data-end=\"1704\">herramienta de corte con disco<\/strong>, <strong data-start=\"1706\" data-end=\"1753\">2 bombas de vac\u00edo de 2,2 kW (240V 50\/60 Hz)<\/strong>, <strong data-start=\"1755\" data-end=\"1791\">otras herramientas bajo consulta<\/strong> y <strong data-start=\"1794\" data-end=\"1863\">desbobinador autom\u00e1tico motorizado con ajuste de posici\u00f3n lateral<\/strong>.<\/p>\n<p>[\/vc_column_text][vc_column_text]<\/p>\n<blockquote><p><strong>Dimensiones (L x A x A)<\/strong><strong>:<\/strong> 5100 x 3700 x 1600 mm<br \/>\n<strong>Peso:<\/strong> 1600 Kg<br \/>\n<strong>Potencia:<\/strong><br \/>\n<strong>\u2013 Equipo:<\/strong> 240V 50\/60Hz<br \/>\n<strong>\u2013 Vac\u00edo:<\/strong> 380V 50\/60Hz<br \/>\n<strong>Velocidad m\u00e1xima de desplazamiento:<\/strong> Hasta 70m\/min<\/p><\/blockquote>\n<p>[\/vc_column_text][vc_row_inner css=&#8221;.vc_custom_1455886085190{margin-bottom: 10px !important;}&#8221;][vc_column_inner width=&#8221;1\/2&#8243;][stm_icon_box hide_title_line=&#8221;hide_title_line&#8221; enable_hexagon=&#8221;enable&#8221; icon=&#8221;fas fa-cogs&#8221; style=&#8221;icon_left&#8221; icon_size=&#8221;18&#8243; icon_width=&#8221;82&#8243; title=&#8221;Infinitas aplicaciones&#8221;]\u00a1El limite sera siempre tu imaginacion!<\/p>\n<p>Cortado con una precisi\u00f3n inigualable.[\/stm_icon_box][\/vc_column_inner][vc_column_inner width=&#8221;1\/2&#8243;][stm_icon_box hide_title_line=&#8221;hide_title_line&#8221; enable_hexagon=&#8221;enable&#8221; icon=&#8221;fas fa-laptop&#8221; style=&#8221;icon_left&#8221; icon_size=&#8221;18&#8243; icon_width=&#8221;82&#8243; title=&#8221;Software muy facil de utilizar&#8221;]Software intuitivo con potentes herramientas, adecuado para principiantes y profesionales.[\/stm_icon_box][\/vc_column_inner][\/vc_row_inner][vc_row_inner css=&#8221;.vc_custom_1455886051719{margin-bottom: 10px !important;}&#8221;][vc_column_inner width=&#8221;1\/2&#8243;][stm_icon_box hide_title_line=&#8221;hide_title_line&#8221; enable_hexagon=&#8221;enable&#8221; icon=&#8221;fas fa-magic&#8221; style=&#8221;icon_left&#8221; icon_size=&#8221;18&#8243; icon_width=&#8221;82&#8243; title=&#8221;Los CNCs con mejor reputaci\u00f3n del mercado&#8221;]Disponemos de un surtido completo de CNCs capaces de satisfacer las necesidades m\u00e1s exigentes del mercado.[\/stm_icon_box][\/vc_column_inner][vc_column_inner width=&#8221;1\/2&#8243;][stm_icon_box hide_title_line=&#8221;hide_title_line&#8221; enable_hexagon=&#8221;enable&#8221; icon=&#8221;far fa-gem&#8221; style=&#8221;icon_left&#8221; icon_size=&#8221;18&#8243; icon_width=&#8221;82&#8243; title=&#8221;Materiales de calidad comprobada&#8221;]Equipos confiables, robustos y precisos con una capacidad de trabajo inigualable. Servicio t\u00e9cnico r\u00e1pido y profesional.[\/stm_icon_box][\/vc_column_inner][\/vc_row_inner][vc_separator color=&#8221;custom&#8221; accent_color=&#8221;#dddddd&#8221; css=&#8221;.vc_custom_1453271595991{margin-bottom: 21px !important;}&#8221;][vc_row_inner css=&#8221;.vc_custom_1453271763899{margin-bottom: 33px !important;}&#8221;][vc_column_inner width=&#8221;1\/4&#8243; css=&#8221;.vc_custom_1453272656287{padding-right: 45px !important;}&#8221;][vc_custom_heading text=&#8221;Galeria de fotos&#8221; font_container=&#8221;tag:h3|font_size:24px|text_align:right|color:%23222222|line_height:30px&#8221; use_theme_fonts=&#8221;yes&#8221;][\/vc_column_inner][vc_column_inner width=&#8221;3\/4&#8243; css=&#8221;.vc_custom_1453271259318{padding-top: 18px !important;}&#8221;][vc_images_carousel images=&#8221;15439,15435,15431,13270,13273,13276&#8243; img_size=&#8221;full&#8221;][\/vc_column_inner][\/vc_row_inner][vc_separator color=&#8221;custom&#8221; accent_color=&#8221;#dddddd&#8221; css=&#8221;.vc_custom_1453271595991{margin-bottom: 21px !important;}&#8221;][vc_btn title=&#8221;Descarga del Folleto H1300&#8243; style=&#8221;custom&#8221; custom_background=&#8221;#002e6d&#8221; custom_text=&#8221;#ffffff&#8221; align=&#8221;center&#8221; button_block=&#8221;true&#8221; link=&#8221;url:https%3A%2F%2Fwidinovations.pt%2Fwp-content%2Fuploads%2F2026%2F01%2FWidcnc_catalogue_A4_H1300_ES-compactado.pdf|title:Descarga%20del%20Folleto%20H1300|target:_blank&#8221;][vc_separator color=&#8221;custom&#8221; accent_color=&#8221;#dddddd&#8221; css=&#8221;.vc_custom_1453271595991{margin-bottom: 21px !important;}&#8221;][vc_row_inner css=&#8221;.vc_custom_1453271763899{margin-bottom: 33px !important;}&#8221;][vc_column_inner css=&#8221;.vc_custom_1649241969340{padding-top: 18px !important;}&#8221;][vc_column_text]<\/p>\n<ul>\n<li>\u00c1rea de trabajo:\n<ul>\n<li class=\"p1\">Dimensiones: 3200 x 2500 mm<\/li>\n<\/ul>\n<\/li>\n<li class=\"p1\">Sistema de portaherramientas doble intercambiable<\/li>\n<li class=\"p1\">Herramientas: cuchillo de arrastre; cuchillo oscilante 24 000RPM; cuchilla medio corte; hendido; chuchillo en V<\/li>\n<li class=\"p1\">Husillo (cambio manual)\n<ul>\n<li class=\"p1\">1,8kW, 60 000 RPM<\/li>\n<li class=\"p1\">Refrigerado por agua<\/li>\n<li class=\"p1\">Calibre autom\u00e1tico de herramienta<\/li>\n<\/ul>\n<\/li>\n<li class=\"p1\">Servomotores con reductores Shimpo<\/li>\n<li class=\"p1\">Gu\u00edas lineales de alta precisi\u00f3n<\/li>\n<li class=\"p1\">Sistema de transmisi\u00f3n de pi\u00f1\u00f3n y cremallera helicoidal (Taiw\u00e1n)<\/li>\n<li class=\"p1\">Precisi\u00f3n de posicionamiento: 0,1 mm<\/li>\n<li class=\"p1\">Calibre de herramientas de alta precisi\u00f3n<\/li>\n<li class=\"p1\">Sistema de posicionamiento con puntero l\u00e1ser y c\u00e1mara de alta precisi\u00f3n<\/li>\n<li class=\"p1\">Sistema de alimentaci\u00f3n autom\u00e1tico, con tapete de fieltro de 4 mm, con alta resistencia y fricci\u00f3n<\/li>\n<li class=\"p1\">Sistema de alimentaci\u00f3n de rollos<\/li>\n<li class=\"p1\">Mesa de vac\u00edo aluminio perforado con 8 zonas independientes y autom\u00e1ticas<\/li>\n<li class=\"p1\">Dos bombas de vac\u00edo insonorizadas de 7,5 kW cada<\/li>\n<li class=\"p1\">Sistema de seguridad por infrarrojos y contacto<\/li>\n<li class=\"p1\">Sistema de control y configuraci\u00f3n con PC incluido<\/li>\n<li class=\"p1\">Conectividad: USB y Rede<\/li>\n<\/ul>\n<p>[\/vc_column_text][\/vc_column_inner][\/vc_row_inner][vc_separator color=&#8221;custom&#8221; accent_color=&#8221;#dddddd&#8221; css=&#8221;.vc_custom_1453271595991{margin-bottom: 21px !important;}&#8221;][vc_row_inner css=&#8221;.vc_custom_1468940948903{margin-bottom: 33px !important;}&#8221;][vc_column_inner width=&#8221;1\/4&#8243; css=&#8221;.vc_custom_1453270747989{padding-right: 45px !important;}&#8221;][vc_custom_heading text=&#8221;Opcionais&#8221; font_container=&#8221;tag:h3|font_size:24px|text_align:right|color:%23222222|line_height:30px&#8221; use_theme_fonts=&#8221;yes&#8221;][\/vc_column_inner][vc_column_inner width=&#8221;3\/4&#8243; css=&#8221;.vc_custom_1453271259318{padding-top: 18px !important;}&#8221;][vc_column_text]<\/p>\n<ul>\n<li class=\"p1\">Husillo ATC (cambio autom\u00e1tico)\n<ul>\n<li class=\"p1\">1,8 kW, 60.000 rpm<\/li>\n<li class=\"p1\">Refrigerado por agua<\/li>\n<li class=\"p1\">Cambio autom\u00e1tico de herramientas neum\u00e1tico ISO 10<\/li>\n<li class=\"p1\">Seis porta fresas<\/li>\n<li class=\"p1\">Calibre autom\u00e1tico de herramientas<\/li>\n<\/ul>\n<\/li>\n<li class=\"p1\">Tercer porta fresas intercambiable;<\/li>\n<li class=\"p1\">Herramienta de corte con disco<\/li>\n<li class=\"p1\">2 bombas de vac\u00edo de 2,2 kW \u2013 240V 50\/60 Hz<\/li>\n<li class=\"p1\">Otras herramientas abajo consulta<\/li>\n<li class=\"p1\">Desbobinador autom\u00e1tico motorizado con ajuste posicion lateral<\/li>\n<\/ul>\n<p>[\/vc_column_text][\/vc_column_inner][\/vc_row_inner][\/vc_column][vc_column width=&#8221;1\/4&#8243;][vc_tta_accordion shape=&#8221;square&#8221; active_section=&#8221;3&#8243; collapsible_all=&#8221;true&#8221;][vc_tta_section title=&#8221;Widlaser&#8221; tab_id=&#8221;1471959714325-c0f30685-b013e470-2ebc&#8221;][vc_wp_custommenu nav_menu=&#8221;52&#8243;][\/vc_tta_section][vc_tta_section title=&#8221;Widlaminator&#8221; tab_id=&#8221;1471959714465-24731e69-4285e470-2ebc&#8221;][vc_wp_custommenu nav_menu=&#8221;114&#8243;][\/vc_tta_section][vc_tta_section title=&#8221;Widcnc&#8221; tab_id=&#8221;1471959714544-25b421eb-a88be470-2ebc&#8221;][vc_wp_custommenu nav_menu=&#8221;115&#8243;][\/vc_tta_section][\/vc_tta_accordion][stm_sidebar sidebar=&#8221;619&#8243;][\/vc_column][\/vc_row]<\/p>\n<\/div>","protected":false},"excerpt":{"rendered":"<p>[vc_row css=&#8221;.vc_custom_1452687555475{margin-bottom: 100px !important;}&#8221;][vc_column offset=&#8221;vc_col-lg-9 vc_col-md-9&#8243;][vc_single_image image=&#8221;15431&#8243; img_size=&#8221;full&#8221;][vc_custom_heading source=&#8221;post_title&#8221; use_theme_fonts=&#8221;yes&#8221; subtitle=&#8221;Mesa de corte&#8221;][vc_column_text] La WIDCNC H1300 es una mesa de corte de nueva generaci\u00f3n para producci\u00f3n continua, con precisi\u00f3n de posicionamiento de 0,1 mm, \u00e1rea de trabajo de 3200 \u00d7 2500 mm y velocidad de movimiento de hasta 70 m\/min, garantizando un rendimiento fiable y<\/p>\n","protected":false},"author":1,"featured_media":14686,"parent":0,"menu_order":0,"comment_status":"closed","ping_status":"closed","template":"","meta":{"inline_featured_image":false,"cybocfi_hide_featured_image":"","footnotes":""},"categories":[137],"tags":[],"class_list":["post-14704","page","type-page","status-publish","has-post-thumbnail","hentry","category-widcnc-es"],"yoast_head":"<!-- This site is optimized with the Yoast SEO plugin v26.5 - https:\/\/yoast.com\/wordpress\/plugins\/seo\/ -->\n<title>widinovations - widcnc R200<\/title>\n<meta name=\"robots\" content=\"index, follow, max-snippet:-1, max-image-preview:large, max-video-preview:-1\" \/>\n<link rel=\"canonical\" href=\"https:\/\/widinovations.pt\/es\/widcnc-h1300\/\" \/>\n<meta property=\"og:locale\" content=\"es_ES\" \/>\n<meta property=\"og:type\" content=\"article\" \/>\n<meta property=\"og:title\" content=\"widinovations - widcnc R200\" \/>\n<meta property=\"og:description\" content=\"[vc_row css=&#8221;.vc_custom_1452687555475{margin-bottom: 100px !important;}&#8221;][vc_column offset=&#8221;vc_col-lg-9 vc_col-md-9&#8243;][vc_single_image image=&#8221;15431&#8243; img_size=&#8221;full&#8221;][vc_custom_heading source=&#8221;post_title&#8221; use_theme_fonts=&#8221;yes&#8221; subtitle=&#8221;Mesa de corte&#8221;][vc_column_text] La WIDCNC H1300 es una mesa de corte de nueva generaci\u00f3n para producci\u00f3n continua, con precisi\u00f3n de posicionamiento de 0,1 mm, \u00e1rea de trabajo de 3200 \u00d7 2500 mm y velocidad de movimiento de hasta 70 m\/min, garantizando un rendimiento fiable y\" \/>\n<meta property=\"og:url\" content=\"https:\/\/widinovations.pt\/es\/widcnc-h1300\/\" \/>\n<meta property=\"og:site_name\" content=\"widinovations\" \/>\n<meta property=\"article:publisher\" content=\"https:\/\/www.facebook.com\/widinovations\" \/>\n<meta property=\"article:modified_time\" content=\"2026-02-11T17:35:23+00:00\" \/>\n<meta property=\"og:image\" content=\"https:\/\/widinovations.pt\/wp-content\/uploads\/2025\/09\/Widcnc-H_00_net.png\" \/>\n\t<meta property=\"og:image:width\" content=\"1000\" \/>\n\t<meta property=\"og:image:height\" content=\"751\" \/>\n\t<meta property=\"og:image:type\" content=\"image\/png\" \/>\n<meta name=\"twitter:card\" content=\"summary_large_image\" \/>\n<meta name=\"twitter:label1\" content=\"Tiempo de lectura\" \/>\n\t<meta name=\"twitter:data1\" content=\"4 minutos\" \/>\n<script type=\"application\/ld+json\" class=\"yoast-schema-graph\">{\"@context\":\"https:\/\/schema.org\",\"@graph\":[{\"@type\":\"WebPage\",\"@id\":\"https:\/\/widinovations.pt\/es\/widcnc-h1300\/\",\"url\":\"https:\/\/widinovations.pt\/es\/widcnc-h1300\/\",\"name\":\"widinovations - widcnc R200\",\"isPartOf\":{\"@id\":\"https:\/\/widinovations.pt\/#website\"},\"primaryImageOfPage\":{\"@id\":\"https:\/\/widinovations.pt\/es\/widcnc-h1300\/#primaryimage\"},\"image\":{\"@id\":\"https:\/\/widinovations.pt\/es\/widcnc-h1300\/#primaryimage\"},\"thumbnailUrl\":\"https:\/\/widinovations.pt\/wp-content\/uploads\/2025\/09\/Widcnc-H_00_net.png\",\"datePublished\":\"2026-01-20T17:01:26+00:00\",\"dateModified\":\"2026-02-11T17:35:23+00:00\",\"breadcrumb\":{\"@id\":\"https:\/\/widinovations.pt\/es\/widcnc-h1300\/#breadcrumb\"},\"inLanguage\":\"es\",\"potentialAction\":[{\"@type\":\"ReadAction\",\"target\":[\"https:\/\/widinovations.pt\/es\/widcnc-h1300\/\"]}]},{\"@type\":\"ImageObject\",\"inLanguage\":\"es\",\"@id\":\"https:\/\/widinovations.pt\/es\/widcnc-h1300\/#primaryimage\",\"url\":\"https:\/\/widinovations.pt\/wp-content\/uploads\/2025\/09\/Widcnc-H_00_net.png\",\"contentUrl\":\"https:\/\/widinovations.pt\/wp-content\/uploads\/2025\/09\/Widcnc-H_00_net.png\",\"width\":1000,\"height\":751},{\"@type\":\"BreadcrumbList\",\"@id\":\"https:\/\/widinovations.pt\/es\/widcnc-h1300\/#breadcrumb\",\"itemListElement\":[{\"@type\":\"ListItem\",\"position\":1,\"name\":\"Home\",\"item\":\"https:\/\/widinovations.pt\/es\/\"},{\"@type\":\"ListItem\",\"position\":2,\"name\":\"Widcnc H1300\"}]},{\"@type\":\"WebSite\",\"@id\":\"https:\/\/widinovations.pt\/#website\",\"url\":\"https:\/\/widinovations.pt\/\",\"name\":\"widinovations\",\"description\":\"Equipamentos de Corte\/Grava\u00e7\u00e3o a Laser, Fresadoras e Laminadoras\/Encapsuladoras\",\"publisher\":{\"@id\":\"https:\/\/widinovations.pt\/#organization\"},\"potentialAction\":[{\"@type\":\"SearchAction\",\"target\":{\"@type\":\"EntryPoint\",\"urlTemplate\":\"https:\/\/widinovations.pt\/?s={search_term_string}\"},\"query-input\":{\"@type\":\"PropertyValueSpecification\",\"valueRequired\":true,\"valueName\":\"search_term_string\"}}],\"inLanguage\":\"es\"},{\"@type\":\"Organization\",\"@id\":\"https:\/\/widinovations.pt\/#organization\",\"name\":\"Widinovations\",\"url\":\"https:\/\/widinovations.pt\/\",\"logo\":{\"@type\":\"ImageObject\",\"inLanguage\":\"es\",\"@id\":\"https:\/\/widinovations.pt\/#\/schema\/logo\/image\/\",\"url\":\"https:\/\/widinovations.pt\/wp-content\/uploads\/2016\/10\/wid_logo.svg\",\"contentUrl\":\"https:\/\/widinovations.pt\/wp-content\/uploads\/2016\/10\/wid_logo.svg\",\"width\":1,\"height\":1,\"caption\":\"Widinovations\"},\"image\":{\"@id\":\"https:\/\/widinovations.pt\/#\/schema\/logo\/image\/\"},\"sameAs\":[\"https:\/\/www.facebook.com\/widinovations\",\"https:\/\/www.instagram.com\/widinovations\",\"https:\/\/www.linkedin.com\/company\/widinovations\",\"https:\/\/www.youtube.com\/widinovations\"]}]}<\/script>\n<!-- \/ Yoast SEO plugin. -->","yoast_head_json":{"title":"widinovations - widcnc R200","robots":{"index":"index","follow":"follow","max-snippet":"max-snippet:-1","max-image-preview":"max-image-preview:large","max-video-preview":"max-video-preview:-1"},"canonical":"https:\/\/widinovations.pt\/es\/widcnc-h1300\/","og_locale":"es_ES","og_type":"article","og_title":"widinovations - widcnc R200","og_description":"[vc_row css=&#8221;.vc_custom_1452687555475{margin-bottom: 100px !important;}&#8221;][vc_column offset=&#8221;vc_col-lg-9 vc_col-md-9&#8243;][vc_single_image image=&#8221;15431&#8243; img_size=&#8221;full&#8221;][vc_custom_heading source=&#8221;post_title&#8221; use_theme_fonts=&#8221;yes&#8221; subtitle=&#8221;Mesa de corte&#8221;][vc_column_text] La WIDCNC H1300 es una mesa de corte de nueva generaci\u00f3n para producci\u00f3n continua, con precisi\u00f3n de posicionamiento de 0,1 mm, \u00e1rea de trabajo de 3200 \u00d7 2500 mm y velocidad de movimiento de hasta 70 m\/min, garantizando un rendimiento fiable y","og_url":"https:\/\/widinovations.pt\/es\/widcnc-h1300\/","og_site_name":"widinovations","article_publisher":"https:\/\/www.facebook.com\/widinovations","article_modified_time":"2026-02-11T17:35:23+00:00","og_image":[{"width":1000,"height":751,"url":"https:\/\/widinovations.pt\/wp-content\/uploads\/2025\/09\/Widcnc-H_00_net.png","type":"image\/png"}],"twitter_card":"summary_large_image","twitter_misc":{"Tiempo de lectura":"4 minutos"},"schema":{"@context":"https:\/\/schema.org","@graph":[{"@type":"WebPage","@id":"https:\/\/widinovations.pt\/es\/widcnc-h1300\/","url":"https:\/\/widinovations.pt\/es\/widcnc-h1300\/","name":"widinovations - widcnc R200","isPartOf":{"@id":"https:\/\/widinovations.pt\/#website"},"primaryImageOfPage":{"@id":"https:\/\/widinovations.pt\/es\/widcnc-h1300\/#primaryimage"},"image":{"@id":"https:\/\/widinovations.pt\/es\/widcnc-h1300\/#primaryimage"},"thumbnailUrl":"https:\/\/widinovations.pt\/wp-content\/uploads\/2025\/09\/Widcnc-H_00_net.png","datePublished":"2026-01-20T17:01:26+00:00","dateModified":"2026-02-11T17:35:23+00:00","breadcrumb":{"@id":"https:\/\/widinovations.pt\/es\/widcnc-h1300\/#breadcrumb"},"inLanguage":"es","potentialAction":[{"@type":"ReadAction","target":["https:\/\/widinovations.pt\/es\/widcnc-h1300\/"]}]},{"@type":"ImageObject","inLanguage":"es","@id":"https:\/\/widinovations.pt\/es\/widcnc-h1300\/#primaryimage","url":"https:\/\/widinovations.pt\/wp-content\/uploads\/2025\/09\/Widcnc-H_00_net.png","contentUrl":"https:\/\/widinovations.pt\/wp-content\/uploads\/2025\/09\/Widcnc-H_00_net.png","width":1000,"height":751},{"@type":"BreadcrumbList","@id":"https:\/\/widinovations.pt\/es\/widcnc-h1300\/#breadcrumb","itemListElement":[{"@type":"ListItem","position":1,"name":"Home","item":"https:\/\/widinovations.pt\/es\/"},{"@type":"ListItem","position":2,"name":"Widcnc H1300"}]},{"@type":"WebSite","@id":"https:\/\/widinovations.pt\/#website","url":"https:\/\/widinovations.pt\/","name":"widinovations","description":"Equipamentos de Corte\/Grava\u00e7\u00e3o a Laser, Fresadoras e Laminadoras\/Encapsuladoras","publisher":{"@id":"https:\/\/widinovations.pt\/#organization"},"potentialAction":[{"@type":"SearchAction","target":{"@type":"EntryPoint","urlTemplate":"https:\/\/widinovations.pt\/?s={search_term_string}"},"query-input":{"@type":"PropertyValueSpecification","valueRequired":true,"valueName":"search_term_string"}}],"inLanguage":"es"},{"@type":"Organization","@id":"https:\/\/widinovations.pt\/#organization","name":"Widinovations","url":"https:\/\/widinovations.pt\/","logo":{"@type":"ImageObject","inLanguage":"es","@id":"https:\/\/widinovations.pt\/#\/schema\/logo\/image\/","url":"https:\/\/widinovations.pt\/wp-content\/uploads\/2016\/10\/wid_logo.svg","contentUrl":"https:\/\/widinovations.pt\/wp-content\/uploads\/2016\/10\/wid_logo.svg","width":1,"height":1,"caption":"Widinovations"},"image":{"@id":"https:\/\/widinovations.pt\/#\/schema\/logo\/image\/"},"sameAs":["https:\/\/www.facebook.com\/widinovations","https:\/\/www.instagram.com\/widinovations","https:\/\/www.linkedin.com\/company\/widinovations","https:\/\/www.youtube.com\/widinovations"]}]}},"_links":{"self":[{"href":"https:\/\/widinovations.pt\/es\/wp-json\/wp\/v2\/pages\/14704","targetHints":{"allow":["GET"]}}],"collection":[{"href":"https:\/\/widinovations.pt\/es\/wp-json\/wp\/v2\/pages"}],"about":[{"href":"https:\/\/widinovations.pt\/es\/wp-json\/wp\/v2\/types\/page"}],"author":[{"embeddable":true,"href":"https:\/\/widinovations.pt\/es\/wp-json\/wp\/v2\/users\/1"}],"replies":[{"embeddable":true,"href":"https:\/\/widinovations.pt\/es\/wp-json\/wp\/v2\/comments?post=14704"}],"version-history":[{"count":7,"href":"https:\/\/widinovations.pt\/es\/wp-json\/wp\/v2\/pages\/14704\/revisions"}],"predecessor-version":[{"id":15485,"href":"https:\/\/widinovations.pt\/es\/wp-json\/wp\/v2\/pages\/14704\/revisions\/15485"}],"wp:featuredmedia":[{"embeddable":true,"href":"https:\/\/widinovations.pt\/es\/wp-json\/wp\/v2\/media\/14686"}],"wp:attachment":[{"href":"https:\/\/widinovations.pt\/es\/wp-json\/wp\/v2\/media?parent=14704"}],"wp:term":[{"taxonomy":"category","embeddable":true,"href":"https:\/\/widinovations.pt\/es\/wp-json\/wp\/v2\/categories?post=14704"},{"taxonomy":"post_tag","embeddable":true,"href":"https:\/\/widinovations.pt\/es\/wp-json\/wp\/v2\/tags?post=14704"}],"curies":[{"name":"wp","href":"https:\/\/api.w.org\/{rel}","templated":true}]}}