{"id":13239,"date":"2025-02-02T16:04:14","date_gmt":"2025-02-02T16:04:14","guid":{"rendered":"https:\/\/widinovations.pt\/?page_id=13239"},"modified":"2026-02-11T17:37:10","modified_gmt":"2026-02-11T17:37:10","slug":"widcnc-k1600","status":"publish","type":"page","link":"https:\/\/widinovations.pt\/es\/widcnc-k1600\/","title":{"rendered":"Widcnc K1600"},"content":{"rendered":"<div class=\"wpb-content-wrapper\"><p>[vc_row css=&#8221;.vc_custom_1452687555475{margin-bottom: 100px !important;}&#8221;][vc_column offset=&#8221;vc_col-lg-9 vc_col-md-9&#8243;][vc_single_image image=&#8221;13242&#8243; img_size=&#8221;full&#8221;][vc_custom_heading source=&#8221;post_title&#8221; use_theme_fonts=&#8221;yes&#8221; subtitle=&#8221;Mesa de corte&#8221;][vc_column_text]La <strong>Widcnc K1600<\/strong> es una m\u00e1quina de corte industrial de alta precisi\u00f3n, dise\u00f1ada para satisfacer las demandas de producci\u00f3n con eficiencia y fiabilidad. Desarrollada para optimizar los procesos de corte por l\u00e1ser en una amplia variedad de materiales, combina <strong>tecnolog\u00eda avanzada<\/strong> con un sistema robusto, garantizando <strong>resultados precisos y consistentes<\/strong>.<\/p>\n<p>Equipada con servomotores, gu\u00edas lineales de alta precisi\u00f3n y un sistema de alimentaci\u00f3n autom\u00e1tica, la <strong>Widcnc K1600<\/strong> <strong>destaca por su capacidad de corte<\/strong>. Con <strong>herramientas intercambiables<\/strong>, incluyendo una cuchilla de arrastre y una cuchilla oscilante de alta frecuencia, ofrece un <strong>rendimiento superior en trabajos que requieren precisi\u00f3n y productividad<\/strong>. Su mesa de vac\u00edo y sus sistemas de registro por puntero l\u00e1ser y c\u00e1mara de alta precisi\u00f3n garantizan una manipulaci\u00f3n eficiente de los materiales, convirti\u00e9ndola en la elecci\u00f3n ideal para operaciones de corte industrial.[\/vc_column_text][vc_column_text]<\/p>\n<blockquote><p><strong>Dimensiones (L x A x A)<\/strong><strong>:<\/strong> 3482 x 3652 x 1597 mm<br \/>\n<strong>Peso:<\/strong> 1000 Kg<br \/>\n<strong>Potencia:<\/strong><br \/>\n<strong>\u2013 Equipo:<\/strong>\u00a0230V 50\/60Hz &lt;4000W (15A)<br \/>\n<strong>\u2013 Vac\u00edo:<\/strong>\u00a0380V 50\/60Hz 7500W (18A)<br \/>\n<strong>Velocidad m\u00e1xima de desplazamiento:<\/strong> Hasta 180m\/min<\/p><\/blockquote>\n<p>[\/vc_column_text][vc_row_inner css=&#8221;.vc_custom_1455886085190{margin-bottom: 10px !important;}&#8221;][vc_column_inner width=&#8221;1\/2&#8243;][stm_icon_box hide_title_line=&#8221;hide_title_line&#8221; enable_hexagon=&#8221;enable&#8221; icon=&#8221;fas fa-cogs&#8221; style=&#8221;icon_left&#8221; icon_size=&#8221;18&#8243; icon_width=&#8221;82&#8243; title=&#8221;Infinitas aplicaciones&#8221;]\u00a1El limite sera siempre tu imaginacion!<\/p>\n<p>Cortado con una precisi\u00f3n inigualable.[\/stm_icon_box][\/vc_column_inner][vc_column_inner width=&#8221;1\/2&#8243;][stm_icon_box hide_title_line=&#8221;hide_title_line&#8221; enable_hexagon=&#8221;enable&#8221; icon=&#8221;fas fa-laptop&#8221; style=&#8221;icon_left&#8221; icon_size=&#8221;18&#8243; icon_width=&#8221;82&#8243; title=&#8221;Software muy facil de utilizar&#8221;]Software intuitivo con potentes herramientas, adecuado para principiantes y profesionales.<br \/>\n[\/stm_icon_box][\/vc_column_inner][\/vc_row_inner][vc_row_inner css=&#8221;.vc_custom_1455886051719{margin-bottom: 10px !important;}&#8221;][vc_column_inner width=&#8221;1\/2&#8243;][stm_icon_box hide_title_line=&#8221;hide_title_line&#8221; enable_hexagon=&#8221;enable&#8221; icon=&#8221;fas fa-magic&#8221; style=&#8221;icon_left&#8221; icon_size=&#8221;18&#8243; icon_width=&#8221;82&#8243; title=&#8221;Los CNCs con mejor reputaci\u00f3n del mercado&#8221;]Disponemos de un surtido completo de CNCs capaces de satisfacer las necesidades m\u00e1s exigentes del mercado.[\/stm_icon_box][\/vc_column_inner][vc_column_inner width=&#8221;1\/2&#8243;][stm_icon_box hide_title_line=&#8221;hide_title_line&#8221; enable_hexagon=&#8221;enable&#8221; icon=&#8221;far fa-gem&#8221; style=&#8221;icon_left&#8221; icon_size=&#8221;18&#8243; icon_width=&#8221;82&#8243; title=&#8221;Materiales de calidad comprobada&#8221;]Equipos confiables, robustos y precisos con una capacidad de trabajo inigualable. Servicio t\u00e9cnico r\u00e1pido y profesional.[\/stm_icon_box][\/vc_column_inner][\/vc_row_inner][vc_separator color=&#8221;custom&#8221; accent_color=&#8221;#dddddd&#8221; css=&#8221;.vc_custom_1453271595991{margin-bottom: 21px !important;}&#8221;][vc_row_inner css=&#8221;.vc_custom_1453271763899{margin-bottom: 33px !important;}&#8221;][vc_column_inner width=&#8221;1\/4&#8243; css=&#8221;.vc_custom_1453272656287{padding-right: 45px !important;}&#8221;][vc_custom_heading text=&#8221;Galeria de fotos&#8221; font_container=&#8221;tag:h3|font_size:24px|text_align:right|color:%23222222|line_height:30px&#8221; use_theme_fonts=&#8221;yes&#8221;][\/vc_column_inner][vc_column_inner width=&#8221;3\/4&#8243; css=&#8221;.vc_custom_1453271259318{padding-top: 18px !important;}&#8221;][vc_images_carousel images=&#8221;13242,13245,13248,13251,13270,13273,13276&#8243; img_size=&#8221;full&#8221;][\/vc_column_inner][\/vc_row_inner][vc_separator color=&#8221;custom&#8221; accent_color=&#8221;#dddddd&#8221; css=&#8221;.vc_custom_1453271595991{margin-bottom: 21px !important;}&#8221;][vc_btn title=&#8221;Descarga del Folleto K1600&#8243; style=&#8221;custom&#8221; custom_background=&#8221;#002e6d&#8221; custom_text=&#8221;#ffffff&#8221; align=&#8221;center&#8221; button_block=&#8221;true&#8221; link=&#8221;url:https%3A%2F%2Fwidinovations.pt%2Fwp-content%2Fuploads%2F2025%2F02%2FWidcnc_catalogue_A4_K1600_V6.0_ES-compressed.pdf|title:Descarga%20del%20Folleto%20P3000|target:_blank&#8221;][vc_separator color=&#8221;custom&#8221; accent_color=&#8221;#dddddd&#8221; css=&#8221;.vc_custom_1453271595991{margin-bottom: 21px !important;}&#8221;][vc_row_inner css=&#8221;.vc_custom_1453271763899{margin-bottom: 33px !important;}&#8221;][vc_column_inner css=&#8221;.vc_custom_1649241969340{padding-top: 18px !important;}&#8221;][vc_column_text]<\/p>\n<ul>\n<li>\n<p class=\"p1\">\u00c1rea de trabajo: 1600 x 2500 mm<\/p>\n<\/li>\n<li>\n<p class=\"p1\">Servomotores<\/p>\n<\/li>\n<li>\n<p class=\"p1\">Gu\u00edas lineales de alta precisi\u00f3n<\/p>\n<\/li>\n<li>\n<p class=\"p1\">Sistema de transmisi\u00f3n industrial BeDi (Alemania)<\/p>\n<\/li>\n<li>\n<p class=\"p1\">Precisi\u00f3n de posicionamiento: 0,1 mm<\/p>\n<\/li>\n<li>\n<p class=\"p1\">Sistema de alimentaci\u00f3n autom\u00e1tico, con cinta de fieltro de 4 mm, de alta resistencia y fricci\u00f3n.<\/p>\n<\/li>\n<li>\n<p class=\"p1\">Sistema de alimentaci\u00f3n de bobinas<\/p>\n<\/li>\n<li>\n<p class=\"p1\">Mesa de vac\u00edo de aluminio con 4 zonas independientes y autom\u00e1ticas.<\/p>\n<\/li>\n<li>\n<p class=\"p1\">Bomba de vac\u00edo de canal lateral de 7,5 kw<\/p>\n<\/li>\n<li>\n<p class=\"p1\">Sistema de doble portaherramientas intercambiable<\/p>\n<\/li>\n<li>\n<p class=\"p1\">Herramienta de corte con cuchilla de arrastre<\/p>\n<\/li>\n<li>\n<p class=\"p1\">Herramienta de corte con cuchilla oscilante de alta frecuencia<\/p>\n<\/li>\n<li>\n<p class=\"p1\">Herramienta para marcar con bol\u00edgrafo<\/p>\n<\/li>\n<li>\n<p class=\"p1\">Sistema de registro con puntero l\u00e1ser y c\u00e1mara de alta precisi\u00f3n<\/p>\n<p class=\"p1\">\n<\/li>\n<li>\n<p class=\"p1\">Medidor de herramientas de alta precisi\u00f3n<\/p>\n<\/li>\n<li>\n<p class=\"p1\">Sistema de seguridad por infrarrojos y contacto.<\/p>\n<\/li>\n<li>\n<p class=\"p1\">Sistema de control y configuraci\u00f3n con PC incluido<\/p>\n<\/li>\n<\/ul>\n<p>[\/vc_column_text][\/vc_column_inner][\/vc_row_inner][vc_separator color=&#8221;custom&#8221; accent_color=&#8221;#dddddd&#8221; css=&#8221;.vc_custom_1453271595991{margin-bottom: 21px !important;}&#8221;][vc_row_inner css=&#8221;.vc_custom_1468940948903{margin-bottom: 33px !important;}&#8221;][vc_column_inner width=&#8221;1\/4&#8243; css=&#8221;.vc_custom_1453270747989{padding-right: 45px !important;}&#8221;][vc_custom_heading text=&#8221;Opcionais&#8221; font_container=&#8221;tag:h3|font_size:24px|text_align:right|color:%23222222|line_height:30px&#8221; use_theme_fonts=&#8221;yes&#8221;][\/vc_column_inner][vc_column_inner width=&#8221;3\/4&#8243; css=&#8221;.vc_custom_1453271259318{padding-top: 18px !important;}&#8221;][vc_column_text]<\/p>\n<ul>\n<li>\n<p class=\"p1\">Tercer portaherramientas<\/p>\n<\/li>\n<li>\n<p class=\"p1\">Herramienta KissCut<\/p>\n<\/li>\n<li>\n<p class=\"p1\">Herramienta cuchilla bisel (0\u00ba &#8211; 15\u00ba &#8211; 22,5\u00ba &#8211; 30\u00ba &#8211; 45\u00ba)<\/p>\n<\/li>\n<li>\n<p class=\"p1\">Herramienta de hendido (3 ruedas)<\/p>\n<\/li>\n<li>\n<p class=\"p1\">Herramienta de corte con disco<\/p>\n<\/li>\n<li>\n<p class=\"p1\">2 bombas de vac\u00edo de 2,2 kW &#8211; 230 V 50\/60 HZ<\/p>\n<\/li>\n<\/ul>\n<p>[\/vc_column_text][\/vc_column_inner][\/vc_row_inner][\/vc_column][vc_column width=&#8221;1\/4&#8243;][vc_tta_accordion shape=&#8221;square&#8221; active_section=&#8221;3&#8243; collapsible_all=&#8221;true&#8221;][vc_tta_section title=&#8221;Widlaser&#8221; tab_id=&#8221;1471959714325-c0f30685-b013e470-2ebc&#8221;][vc_wp_custommenu nav_menu=&#8221;52&#8243;][\/vc_tta_section][vc_tta_section title=&#8221;Widlaminator&#8221; tab_id=&#8221;1471959714465-24731e69-4285e470-2ebc&#8221;][vc_wp_custommenu nav_menu=&#8221;114&#8243;][\/vc_tta_section][vc_tta_section title=&#8221;Widcnc&#8221; tab_id=&#8221;1471959714544-25b421eb-a88be470-2ebc&#8221;][vc_wp_custommenu nav_menu=&#8221;115&#8243;][\/vc_tta_section][\/vc_tta_accordion][stm_sidebar sidebar=&#8221;619&#8243;][\/vc_column][\/vc_row]<\/p>\n<\/div>","protected":false},"excerpt":{"rendered":"<p>[vc_row css=&#8221;.vc_custom_1452687555475{margin-bottom: 100px !important;}&#8221;][vc_column offset=&#8221;vc_col-lg-9 vc_col-md-9&#8243;][vc_single_image image=&#8221;13242&#8243; img_size=&#8221;full&#8221;][vc_custom_heading source=&#8221;post_title&#8221; use_theme_fonts=&#8221;yes&#8221; subtitle=&#8221;Mesa de corte&#8221;][vc_column_text]La Widcnc K1600 es una m\u00e1quina de corte industrial de alta precisi\u00f3n, dise\u00f1ada para satisfacer las demandas de producci\u00f3n con eficiencia y fiabilidad. Desarrollada para optimizar los procesos de corte por l\u00e1ser en una amplia variedad de materiales, combina tecnolog\u00eda avanzada con un<\/p>\n","protected":false},"author":1,"featured_media":13242,"parent":0,"menu_order":0,"comment_status":"closed","ping_status":"closed","template":"","meta":{"inline_featured_image":false,"cybocfi_hide_featured_image":"","footnotes":""},"categories":[137],"tags":[],"class_list":["post-13239","page","type-page","status-publish","has-post-thumbnail","hentry","category-widcnc-es"],"yoast_head":"<!-- This site is optimized with the Yoast SEO plugin v26.5 - https:\/\/yoast.com\/wordpress\/plugins\/seo\/ -->\n<title>widinovations - widcnc R200<\/title>\n<meta name=\"robots\" content=\"index, follow, max-snippet:-1, max-image-preview:large, max-video-preview:-1\" \/>\n<link rel=\"canonical\" href=\"https:\/\/widinovations.pt\/es\/widcnc-k1600\/\" \/>\n<meta property=\"og:locale\" content=\"es_ES\" \/>\n<meta property=\"og:type\" content=\"article\" \/>\n<meta property=\"og:title\" content=\"widinovations - widcnc R200\" \/>\n<meta property=\"og:description\" content=\"[vc_row css=&#8221;.vc_custom_1452687555475{margin-bottom: 100px !important;}&#8221;][vc_column offset=&#8221;vc_col-lg-9 vc_col-md-9&#8243;][vc_single_image image=&#8221;13242&#8243; img_size=&#8221;full&#8221;][vc_custom_heading source=&#8221;post_title&#8221; use_theme_fonts=&#8221;yes&#8221; subtitle=&#8221;Mesa de corte&#8221;][vc_column_text]La Widcnc K1600 es una m\u00e1quina de corte industrial de alta precisi\u00f3n, dise\u00f1ada para satisfacer las demandas de producci\u00f3n con eficiencia y fiabilidad. Desarrollada para optimizar los procesos de corte por l\u00e1ser en una amplia variedad de materiales, combina tecnolog\u00eda avanzada con un\" \/>\n<meta property=\"og:url\" content=\"https:\/\/widinovations.pt\/es\/widcnc-k1600\/\" \/>\n<meta property=\"og:site_name\" content=\"widinovations\" \/>\n<meta property=\"article:publisher\" content=\"https:\/\/www.facebook.com\/widinovations\" \/>\n<meta property=\"article:modified_time\" content=\"2026-02-11T17:37:10+00:00\" \/>\n<meta property=\"og:image\" content=\"https:\/\/widinovations.pt\/wp-content\/uploads\/2025\/02\/Widcnc-K1600_02_net.png\" \/>\n\t<meta property=\"og:image:width\" content=\"1000\" \/>\n\t<meta property=\"og:image:height\" content=\"751\" \/>\n\t<meta property=\"og:image:type\" content=\"image\/png\" \/>\n<meta name=\"twitter:card\" content=\"summary_large_image\" \/>\n<meta name=\"twitter:label1\" content=\"Tiempo de lectura\" \/>\n\t<meta name=\"twitter:data1\" content=\"4 minutos\" \/>\n<script type=\"application\/ld+json\" class=\"yoast-schema-graph\">{\"@context\":\"https:\/\/schema.org\",\"@graph\":[{\"@type\":\"WebPage\",\"@id\":\"https:\/\/widinovations.pt\/es\/widcnc-k1600\/\",\"url\":\"https:\/\/widinovations.pt\/es\/widcnc-k1600\/\",\"name\":\"widinovations - widcnc R200\",\"isPartOf\":{\"@id\":\"https:\/\/widinovations.pt\/#website\"},\"primaryImageOfPage\":{\"@id\":\"https:\/\/widinovations.pt\/es\/widcnc-k1600\/#primaryimage\"},\"image\":{\"@id\":\"https:\/\/widinovations.pt\/es\/widcnc-k1600\/#primaryimage\"},\"thumbnailUrl\":\"https:\/\/widinovations.pt\/wp-content\/uploads\/2025\/02\/Widcnc-K1600_02_net.png\",\"datePublished\":\"2025-02-02T16:04:14+00:00\",\"dateModified\":\"2026-02-11T17:37:10+00:00\",\"breadcrumb\":{\"@id\":\"https:\/\/widinovations.pt\/es\/widcnc-k1600\/#breadcrumb\"},\"inLanguage\":\"es\",\"potentialAction\":[{\"@type\":\"ReadAction\",\"target\":[\"https:\/\/widinovations.pt\/es\/widcnc-k1600\/\"]}]},{\"@type\":\"ImageObject\",\"inLanguage\":\"es\",\"@id\":\"https:\/\/widinovations.pt\/es\/widcnc-k1600\/#primaryimage\",\"url\":\"https:\/\/widinovations.pt\/wp-content\/uploads\/2025\/02\/Widcnc-K1600_02_net.png\",\"contentUrl\":\"https:\/\/widinovations.pt\/wp-content\/uploads\/2025\/02\/Widcnc-K1600_02_net.png\",\"width\":1000,\"height\":751},{\"@type\":\"BreadcrumbList\",\"@id\":\"https:\/\/widinovations.pt\/es\/widcnc-k1600\/#breadcrumb\",\"itemListElement\":[{\"@type\":\"ListItem\",\"position\":1,\"name\":\"Home\",\"item\":\"https:\/\/widinovations.pt\/es\/\"},{\"@type\":\"ListItem\",\"position\":2,\"name\":\"Widcnc K1600\"}]},{\"@type\":\"WebSite\",\"@id\":\"https:\/\/widinovations.pt\/#website\",\"url\":\"https:\/\/widinovations.pt\/\",\"name\":\"widinovations\",\"description\":\"Equipamentos de Corte\/Grava\u00e7\u00e3o a Laser, Fresadoras e Laminadoras\/Encapsuladoras\",\"publisher\":{\"@id\":\"https:\/\/widinovations.pt\/#organization\"},\"potentialAction\":[{\"@type\":\"SearchAction\",\"target\":{\"@type\":\"EntryPoint\",\"urlTemplate\":\"https:\/\/widinovations.pt\/?s={search_term_string}\"},\"query-input\":{\"@type\":\"PropertyValueSpecification\",\"valueRequired\":true,\"valueName\":\"search_term_string\"}}],\"inLanguage\":\"es\"},{\"@type\":\"Organization\",\"@id\":\"https:\/\/widinovations.pt\/#organization\",\"name\":\"Widinovations\",\"url\":\"https:\/\/widinovations.pt\/\",\"logo\":{\"@type\":\"ImageObject\",\"inLanguage\":\"es\",\"@id\":\"https:\/\/widinovations.pt\/#\/schema\/logo\/image\/\",\"url\":\"https:\/\/widinovations.pt\/wp-content\/uploads\/2016\/10\/wid_logo.svg\",\"contentUrl\":\"https:\/\/widinovations.pt\/wp-content\/uploads\/2016\/10\/wid_logo.svg\",\"width\":1,\"height\":1,\"caption\":\"Widinovations\"},\"image\":{\"@id\":\"https:\/\/widinovations.pt\/#\/schema\/logo\/image\/\"},\"sameAs\":[\"https:\/\/www.facebook.com\/widinovations\",\"https:\/\/www.instagram.com\/widinovations\",\"https:\/\/www.linkedin.com\/company\/widinovations\",\"https:\/\/www.youtube.com\/widinovations\"]}]}<\/script>\n<!-- \/ Yoast SEO plugin. -->","yoast_head_json":{"title":"widinovations - widcnc R200","robots":{"index":"index","follow":"follow","max-snippet":"max-snippet:-1","max-image-preview":"max-image-preview:large","max-video-preview":"max-video-preview:-1"},"canonical":"https:\/\/widinovations.pt\/es\/widcnc-k1600\/","og_locale":"es_ES","og_type":"article","og_title":"widinovations - widcnc R200","og_description":"[vc_row css=&#8221;.vc_custom_1452687555475{margin-bottom: 100px !important;}&#8221;][vc_column offset=&#8221;vc_col-lg-9 vc_col-md-9&#8243;][vc_single_image image=&#8221;13242&#8243; img_size=&#8221;full&#8221;][vc_custom_heading source=&#8221;post_title&#8221; use_theme_fonts=&#8221;yes&#8221; subtitle=&#8221;Mesa de corte&#8221;][vc_column_text]La Widcnc K1600 es una m\u00e1quina de corte industrial de alta precisi\u00f3n, dise\u00f1ada para satisfacer las demandas de producci\u00f3n con eficiencia y fiabilidad. Desarrollada para optimizar los procesos de corte por l\u00e1ser en una amplia variedad de materiales, combina tecnolog\u00eda avanzada con un","og_url":"https:\/\/widinovations.pt\/es\/widcnc-k1600\/","og_site_name":"widinovations","article_publisher":"https:\/\/www.facebook.com\/widinovations","article_modified_time":"2026-02-11T17:37:10+00:00","og_image":[{"width":1000,"height":751,"url":"https:\/\/widinovations.pt\/wp-content\/uploads\/2025\/02\/Widcnc-K1600_02_net.png","type":"image\/png"}],"twitter_card":"summary_large_image","twitter_misc":{"Tiempo de lectura":"4 minutos"},"schema":{"@context":"https:\/\/schema.org","@graph":[{"@type":"WebPage","@id":"https:\/\/widinovations.pt\/es\/widcnc-k1600\/","url":"https:\/\/widinovations.pt\/es\/widcnc-k1600\/","name":"widinovations - widcnc R200","isPartOf":{"@id":"https:\/\/widinovations.pt\/#website"},"primaryImageOfPage":{"@id":"https:\/\/widinovations.pt\/es\/widcnc-k1600\/#primaryimage"},"image":{"@id":"https:\/\/widinovations.pt\/es\/widcnc-k1600\/#primaryimage"},"thumbnailUrl":"https:\/\/widinovations.pt\/wp-content\/uploads\/2025\/02\/Widcnc-K1600_02_net.png","datePublished":"2025-02-02T16:04:14+00:00","dateModified":"2026-02-11T17:37:10+00:00","breadcrumb":{"@id":"https:\/\/widinovations.pt\/es\/widcnc-k1600\/#breadcrumb"},"inLanguage":"es","potentialAction":[{"@type":"ReadAction","target":["https:\/\/widinovations.pt\/es\/widcnc-k1600\/"]}]},{"@type":"ImageObject","inLanguage":"es","@id":"https:\/\/widinovations.pt\/es\/widcnc-k1600\/#primaryimage","url":"https:\/\/widinovations.pt\/wp-content\/uploads\/2025\/02\/Widcnc-K1600_02_net.png","contentUrl":"https:\/\/widinovations.pt\/wp-content\/uploads\/2025\/02\/Widcnc-K1600_02_net.png","width":1000,"height":751},{"@type":"BreadcrumbList","@id":"https:\/\/widinovations.pt\/es\/widcnc-k1600\/#breadcrumb","itemListElement":[{"@type":"ListItem","position":1,"name":"Home","item":"https:\/\/widinovations.pt\/es\/"},{"@type":"ListItem","position":2,"name":"Widcnc K1600"}]},{"@type":"WebSite","@id":"https:\/\/widinovations.pt\/#website","url":"https:\/\/widinovations.pt\/","name":"widinovations","description":"Equipamentos de Corte\/Grava\u00e7\u00e3o a Laser, Fresadoras e Laminadoras\/Encapsuladoras","publisher":{"@id":"https:\/\/widinovations.pt\/#organization"},"potentialAction":[{"@type":"SearchAction","target":{"@type":"EntryPoint","urlTemplate":"https:\/\/widinovations.pt\/?s={search_term_string}"},"query-input":{"@type":"PropertyValueSpecification","valueRequired":true,"valueName":"search_term_string"}}],"inLanguage":"es"},{"@type":"Organization","@id":"https:\/\/widinovations.pt\/#organization","name":"Widinovations","url":"https:\/\/widinovations.pt\/","logo":{"@type":"ImageObject","inLanguage":"es","@id":"https:\/\/widinovations.pt\/#\/schema\/logo\/image\/","url":"https:\/\/widinovations.pt\/wp-content\/uploads\/2016\/10\/wid_logo.svg","contentUrl":"https:\/\/widinovations.pt\/wp-content\/uploads\/2016\/10\/wid_logo.svg","width":1,"height":1,"caption":"Widinovations"},"image":{"@id":"https:\/\/widinovations.pt\/#\/schema\/logo\/image\/"},"sameAs":["https:\/\/www.facebook.com\/widinovations","https:\/\/www.instagram.com\/widinovations","https:\/\/www.linkedin.com\/company\/widinovations","https:\/\/www.youtube.com\/widinovations"]}]}},"_links":{"self":[{"href":"https:\/\/widinovations.pt\/es\/wp-json\/wp\/v2\/pages\/13239","targetHints":{"allow":["GET"]}}],"collection":[{"href":"https:\/\/widinovations.pt\/es\/wp-json\/wp\/v2\/pages"}],"about":[{"href":"https:\/\/widinovations.pt\/es\/wp-json\/wp\/v2\/types\/page"}],"author":[{"embeddable":true,"href":"https:\/\/widinovations.pt\/es\/wp-json\/wp\/v2\/users\/1"}],"replies":[{"embeddable":true,"href":"https:\/\/widinovations.pt\/es\/wp-json\/wp\/v2\/comments?post=13239"}],"version-history":[{"count":4,"href":"https:\/\/widinovations.pt\/es\/wp-json\/wp\/v2\/pages\/13239\/revisions"}],"predecessor-version":[{"id":15486,"href":"https:\/\/widinovations.pt\/es\/wp-json\/wp\/v2\/pages\/13239\/revisions\/15486"}],"wp:featuredmedia":[{"embeddable":true,"href":"https:\/\/widinovations.pt\/es\/wp-json\/wp\/v2\/media\/13242"}],"wp:attachment":[{"href":"https:\/\/widinovations.pt\/es\/wp-json\/wp\/v2\/media?parent=13239"}],"wp:term":[{"taxonomy":"category","embeddable":true,"href":"https:\/\/widinovations.pt\/es\/wp-json\/wp\/v2\/categories?post=13239"},{"taxonomy":"post_tag","embeddable":true,"href":"https:\/\/widinovations.pt\/es\/wp-json\/wp\/v2\/tags?post=13239"}],"curies":[{"name":"wp","href":"https:\/\/api.w.org\/{rel}","templated":true}]}}