{"id":13180,"date":"2025-01-15T15:31:30","date_gmt":"2025-01-15T15:31:30","guid":{"rendered":"https:\/\/widinovations.pt\/?page_id=13180"},"modified":"2025-01-15T15:31:30","modified_gmt":"2025-01-15T15:31:30","slug":"widlaser-german-2000","status":"publish","type":"page","link":"https:\/\/widinovations.pt\/es\/equipos\/laser\/widlaser-german-2000\/","title":{"rendered":"Widlaser German 2000"},"content":{"rendered":"<div class=\"wpb-content-wrapper\"><p>[vc_row css=&#8221;.vc_custom_1452687555475{margin-bottom: 100px !important;}&#8221;][vc_column offset=&#8221;vc_col-lg-9 vc_col-md-9&#8243;][vc_single_image image=&#8221;13186&#8243; img_size=&#8221;full&#8221;][vc_custom_heading source=&#8221;post_title&#8221; use_theme_fonts=&#8221;yes&#8221; subtitle=&#8221;Corte&#8221;][vc_column_text]La <strong>Widlaser German 2000<\/strong> ha sido dise\u00f1ada para satisfacer las necesidades m\u00e1s exigentes del mercado en corte (principalmente de acr\u00edlicos, pero no exclusivamente) para proyectos con dimensiones de hasta 2\u00d73 metros y espesores de hasta 30 mm. Este equipo combina un alto rendimiento con una robustez excepcional, ofreciendo resultados extraordinarios incluso en los proyectos m\u00e1s desafiantes.<\/p>\n<p>Con una estructura s\u00f3lida y tecnolog\u00eda avanzada, la Widlaser German 2000 garantiza la m\u00e1xima precisi\u00f3n y eficiencia, convirti\u00e9ndose en la soluci\u00f3n ideal para quienes buscan ampliar sus capacidades en el corte de materiales m\u00e1s densos, asegurando adem\u00e1s una alta productividad sin comprometer la calidad. Ya sea para aplicaciones industriales o proyectos creativos a gran escala, la Widlaser German 2000 es la herramienta que eleva el nivel de sus trabajos.[\/vc_column_text][vc_column_text]<\/p>\n<blockquote><p><strong>Dimensiones (L x A x A):<\/strong> 3100 x 4670 x 1250 mm<br \/>\n<strong>Peso<\/strong><strong>:<\/strong> 1450 kg<br \/>\n<strong>Potencia:<\/strong> 4000W AC 240v 50\/60Hz<br \/>\n<strong>Tipo de l\u00e1ser:<\/strong> CO2 400W<\/p><\/blockquote>\n<p>[\/vc_column_text][vc_row_inner css=&#8221;.vc_custom_1455886085190{margin-bottom: 10px !important;}&#8221;][vc_column_inner width=&#8221;1\/2&#8243;][stm_icon_box hide_title_line=&#8221;hide_title_line&#8221; enable_hexagon=&#8221;enable&#8221; icon=&#8221;fas fa-magic&#8221; style=&#8221;icon_left&#8221; icon_size=&#8221;18&#8243; icon_width=&#8221;82&#8243; title=&#8221;Los l\u00e1seres con mejor reputaci\u00f3n del mercado&#8221;]Disponemos de un surtido completo de laser, pues tenemos acuerdo con los fabricantes mas conceptuados y con la mejor reputacion en el mercado.[\/stm_icon_box][\/vc_column_inner][vc_column_inner width=&#8221;1\/2&#8243;][stm_icon_box hide_title_line=&#8221;hide_title_line&#8221; enable_hexagon=&#8221;enable&#8221; icon=&#8221;fas fa-laptop&#8221; style=&#8221;icon_left&#8221; icon_size=&#8221;18&#8243; icon_width=&#8221;82&#8243; title=&#8221;Software muy facil de utilizar&#8221;]Software intuitivo con potentes herramientas, adecuado para principiantes y profesionales.<br \/>\n[\/stm_icon_box][\/vc_column_inner][\/vc_row_inner][vc_row_inner css=&#8221;.vc_custom_1455886051719{margin-bottom: 10px !important;}&#8221;][vc_column_inner width=&#8221;1\/2&#8243;][stm_icon_box hide_title_line=&#8221;hide_title_line&#8221; enable_hexagon=&#8221;enable&#8221; icon=&#8221;fas fa-cogs&#8221; style=&#8221;icon_left&#8221; icon_size=&#8221;18&#8243; icon_width=&#8221;82&#8243; title=&#8221;Infinitas Aplicaciones&#8221;]\u00a1El limite sera siempre tu imaginacion!<\/p>\n<p>Corte y grabado de distintos materiales atraves de un solo proceso. Enfoque automatico para optimizar la utilizacion del equipo.[\/stm_icon_box][\/vc_column_inner][vc_column_inner width=&#8221;1\/2&#8243;][stm_icon_box hide_title_line=&#8221;hide_title_line&#8221; enable_hexagon=&#8221;enable&#8221; icon=&#8221;far fa-gem&#8221; style=&#8221;icon_left&#8221; icon_size=&#8221;18&#8243; icon_width=&#8221;82&#8243; title=&#8221;Materiales de calidad comprobada&#8221;]Nuestros equipos estan construidos con materiales certificados y son reconicidos por su robustez, fiabilidad, design y precisi\u00f3n.[\/stm_icon_box][\/vc_column_inner][\/vc_row_inner][vc_separator color=&#8221;custom&#8221; accent_color=&#8221;#dddddd&#8221; css=&#8221;.vc_custom_1453271595991{margin-bottom: 21px !important;}&#8221;][vc_row_inner css=&#8221;.vc_custom_1453271763899{margin-bottom: 33px !important;}&#8221;][vc_column_inner width=&#8221;1\/4&#8243; css=&#8221;.vc_custom_1453272656287{padding-right: 45px !important;}&#8221;][vc_custom_heading text=&#8221;Galeria de fotos&#8221; font_container=&#8221;tag:h3|font_size:24px|text_align:right|color:%23222222|line_height:30px&#8221; use_theme_fonts=&#8221;yes&#8221;][\/vc_column_inner][vc_column_inner width=&#8221;3\/4&#8243; css=&#8221;.vc_custom_1453271259318{padding-top: 18px !important;}&#8221;][vc_images_carousel images=&#8221;13186,13189,13198,13192,13183&#8243; img_size=&#8221;full&#8221;][\/vc_column_inner][\/vc_row_inner][vc_separator color=&#8221;custom&#8221; accent_color=&#8221;#dddddd&#8221; css=&#8221;.vc_custom_1453271595991{margin-bottom: 21px !important;}&#8221;][vc_btn title=&#8221;Descarga del Folleto German 2000&#8243; style=&#8221;custom&#8221; custom_background=&#8221;#002e6d&#8221; custom_text=&#8221;#ffffff&#8221; align=&#8221;center&#8221; button_block=&#8221;true&#8221; link=&#8221;url:https%3A%2F%2Fwidinovations.pt%2Fwp-content%2Fuploads%2F2025%2F01%2FWidlaser_catalogue_A4_GERMAN2000_V6.1_ES-compactado.pdf|title:Descarga%20del%20Folleto%20German%202000|target:_blank&#8221;][vc_separator color=&#8221;custom&#8221; accent_color=&#8221;#dddddd&#8221; css=&#8221;.vc_custom_1453271595991{margin-bottom: 21px !important;}&#8221;][vc_row_inner css=&#8221;.vc_custom_1453271763899{margin-bottom: 33px !important;}&#8221;][vc_column_inner width=&#8221;1\/4&#8243; css=&#8221;.vc_custom_1453272656287{padding-right: 45px !important;}&#8221;][vc_custom_heading text=&#8221;Principales caracter\u00edsticas&#8221; font_container=&#8221;tag:h3|font_size:24px|text_align:right|color:%23222222|line_height:30px&#8221; use_theme_fonts=&#8221;yes&#8221;][\/vc_column_inner][vc_column_inner width=&#8221;3\/4&#8243; css=&#8221;.vc_custom_1453271259318{padding-top: 18px !important;}&#8221;][vc_column_text]<\/p>\n<ul>\n<li>\u00c1rea de trabajo m\u00e1xima: 2040 x 3050 mm<\/li>\n<li>Potencia l\u00e1ser: 400w (l\u00e1ser combinado)<\/li>\n<li>Precisi\u00f3n de posicionamiento X\/Y: 0.01mm\/m aprox.<\/li>\n<li>Servomotores y drivers japoneses Mitsubishi<\/li>\n<li>Movimiento: Ejes X\/Y\/Z con transmisi\u00f3n por husillo esf\u00e9rico antifricci\u00f3n de alta precisi\u00f3n y gu\u00edas lineales de elevada precisi\u00f3n<\/li>\n<li>C\u00e1mara CCD para corte de contornos<\/li>\n<li>Espesores aprox. (400w): Acr\u00edlico \u2264 40mm; Madera\/MDF \u2264 15mm; Contrachapado \u2264 20mm, etc.<\/li>\n<li>Estabilizador de tensi\u00f3n (400w): 10KVa<\/li>\n<li>Chasis industrial con tratamiento anticorrosi\u00f3n y antiestr\u00e9s, sometido a mecanizaci\u00f3n de precisi\u00f3n para el ensamblaje de los diversos componentes<\/li>\n<li>Tecnolog\u00eda de distancia constante en el recorrido del l\u00e1ser. Espejo y lentes el\u00e9ctricos con refrigeraci\u00f3n por aire \u2022 Extracci\u00f3n inferior (mesa) y superior (puente del equipo)<\/li>\n<li>Mesa: L\u00e1minas extra\u00edbles (panal de abeja como opcional)<\/li>\n<li>Unidad de refrigeraci\u00f3n industrial por agua<\/li>\n<li>Conexi\u00f3n el\u00e9ctrica: 220V 50Hz, \u00b1 5%<\/li>\n<li>Software incluido<\/li>\n<li>Ordenador incluido con Win10\/Win11<\/li>\n<\/ul>\n<p>[\/vc_column_text][\/vc_column_inner][\/vc_row_inner][vc_separator color=&#8221;custom&#8221; accent_color=&#8221;#dddddd&#8221; css=&#8221;.vc_custom_1468940927480{margin-bottom: 21px !important;}&#8221;][vc_row_inner css=&#8221;.vc_custom_1468940948903{margin-bottom: 33px !important;}&#8221;][vc_column_inner width=&#8221;1\/4&#8243; css=&#8221;.vc_custom_1453270747989{padding-right: 45px !important;}&#8221;][vc_custom_heading text=&#8221;Opcionales&#8221; font_container=&#8221;tag:h3|font_size:24px|text_align:right|color:%23222222|line_height:30px&#8221; use_theme_fonts=&#8221;yes&#8221;][\/vc_column_inner][vc_column_inner width=&#8221;3\/4&#8243; css=&#8221;.vc_custom_1453271259318{padding-top: 18px !important;}&#8221;][vc_column_text][\/vc_column_text][\/vc_column_inner][\/vc_row_inner][\/vc_column][vc_column width=&#8221;1\/4&#8243;][vc_tta_accordion shape=&#8221;square&#8221; active_section=&#8221;1&#8243; collapsible_all=&#8221;true&#8221;][vc_tta_section title=&#8221;Widlaser&#8221; tab_id=&#8221;1471959714325-c0f30685-b013&#8243;][vc_wp_custommenu nav_menu=&#8221;126&#8243;][\/vc_tta_section][vc_tta_section title=&#8221;Widlaminator&#8221; tab_id=&#8221;1471959714465-24731e69-4285&#8243;][vc_wp_custommenu nav_menu=&#8221;127&#8243;][\/vc_tta_section][vc_tta_section title=&#8221;Widcnc&#8221; tab_id=&#8221;1471959714544-25b421eb-a88b&#8221;][vc_wp_custommenu nav_menu=&#8221;128&#8243;][\/vc_tta_section][\/vc_tta_accordion][stm_sidebar sidebar=&#8221;1908&#8243;][\/vc_column][\/vc_row]<\/p>\n<\/div>","protected":false},"excerpt":{"rendered":"<p>[vc_row css=&#8221;.vc_custom_1452687555475{margin-bottom: 100px !important;}&#8221;][vc_column offset=&#8221;vc_col-lg-9 vc_col-md-9&#8243;][vc_single_image image=&#8221;13186&#8243; img_size=&#8221;full&#8221;][vc_custom_heading source=&#8221;post_title&#8221; use_theme_fonts=&#8221;yes&#8221; subtitle=&#8221;Corte&#8221;][vc_column_text]La Widlaser German 2000 ha sido dise\u00f1ada para satisfacer las necesidades m\u00e1s exigentes del mercado en corte (principalmente de acr\u00edlicos, pero no exclusivamente) para proyectos con dimensiones de hasta 2\u00d73 metros y espesores de hasta 30 mm. Este equipo combina un alto rendimiento con una<\/p>\n","protected":false},"author":1,"featured_media":13186,"parent":1911,"menu_order":0,"comment_status":"closed","ping_status":"closed","template":"","meta":{"inline_featured_image":false,"cybocfi_hide_featured_image":"","footnotes":""},"categories":[138],"tags":[],"class_list":["post-13180","page","type-page","status-publish","has-post-thumbnail","hentry","category-widlaser-es"],"yoast_head":"<!-- This site is optimized with the Yoast SEO plugin v26.5 - https:\/\/yoast.com\/wordpress\/plugins\/seo\/ -->\n<title>widinovations -widlaser S1000<\/title>\n<meta name=\"robots\" content=\"index, follow, max-snippet:-1, max-image-preview:large, max-video-preview:-1\" \/>\n<link rel=\"canonical\" href=\"https:\/\/widinovations.pt\/es\/equipos\/laser\/widlaser-german-2000\/\" \/>\n<meta property=\"og:locale\" content=\"es_ES\" \/>\n<meta property=\"og:type\" content=\"article\" \/>\n<meta property=\"og:title\" content=\"widinovations -widlaser S1000\" \/>\n<meta property=\"og:description\" content=\"[vc_row css=&#8221;.vc_custom_1452687555475{margin-bottom: 100px !important;}&#8221;][vc_column offset=&#8221;vc_col-lg-9 vc_col-md-9&#8243;][vc_single_image image=&#8221;13186&#8243; img_size=&#8221;full&#8221;][vc_custom_heading source=&#8221;post_title&#8221; use_theme_fonts=&#8221;yes&#8221; subtitle=&#8221;Corte&#8221;][vc_column_text]La Widlaser German 2000 ha sido dise\u00f1ada para satisfacer las necesidades m\u00e1s exigentes del mercado en corte (principalmente de acr\u00edlicos, pero no exclusivamente) para proyectos con dimensiones de hasta 2\u00d73 metros y espesores de hasta 30 mm. Este equipo combina un alto rendimiento con una\" \/>\n<meta property=\"og:url\" content=\"https:\/\/widinovations.pt\/es\/equipos\/laser\/widlaser-german-2000\/\" \/>\n<meta property=\"og:site_name\" content=\"widinovations\" \/>\n<meta property=\"article:publisher\" content=\"https:\/\/www.facebook.com\/widinovations\" \/>\n<meta property=\"og:image\" content=\"https:\/\/widinovations.pt\/wp-content\/uploads\/2025\/01\/Widlaser_German2000_05.jpg\" \/>\n\t<meta property=\"og:image:width\" content=\"1500\" \/>\n\t<meta property=\"og:image:height\" content=\"1010\" \/>\n\t<meta property=\"og:image:type\" content=\"image\/jpeg\" \/>\n<meta name=\"twitter:card\" content=\"summary_large_image\" \/>\n<meta name=\"twitter:label1\" content=\"Tiempo de lectura\" \/>\n\t<meta name=\"twitter:data1\" content=\"3 minutos\" \/>\n<script type=\"application\/ld+json\" class=\"yoast-schema-graph\">{\"@context\":\"https:\/\/schema.org\",\"@graph\":[{\"@type\":\"WebPage\",\"@id\":\"https:\/\/widinovations.pt\/es\/equipos\/laser\/widlaser-german-2000\/\",\"url\":\"https:\/\/widinovations.pt\/es\/equipos\/laser\/widlaser-german-2000\/\",\"name\":\"widinovations -widlaser S1000\",\"isPartOf\":{\"@id\":\"https:\/\/widinovations.pt\/#website\"},\"primaryImageOfPage\":{\"@id\":\"https:\/\/widinovations.pt\/es\/equipos\/laser\/widlaser-german-2000\/#primaryimage\"},\"image\":{\"@id\":\"https:\/\/widinovations.pt\/es\/equipos\/laser\/widlaser-german-2000\/#primaryimage\"},\"thumbnailUrl\":\"https:\/\/widinovations.pt\/wp-content\/uploads\/2025\/01\/Widlaser_German2000_05.jpg\",\"datePublished\":\"2025-01-15T15:31:30+00:00\",\"breadcrumb\":{\"@id\":\"https:\/\/widinovations.pt\/es\/equipos\/laser\/widlaser-german-2000\/#breadcrumb\"},\"inLanguage\":\"es\",\"potentialAction\":[{\"@type\":\"ReadAction\",\"target\":[\"https:\/\/widinovations.pt\/es\/equipos\/laser\/widlaser-german-2000\/\"]}]},{\"@type\":\"ImageObject\",\"inLanguage\":\"es\",\"@id\":\"https:\/\/widinovations.pt\/es\/equipos\/laser\/widlaser-german-2000\/#primaryimage\",\"url\":\"https:\/\/widinovations.pt\/wp-content\/uploads\/2025\/01\/Widlaser_German2000_05.jpg\",\"contentUrl\":\"https:\/\/widinovations.pt\/wp-content\/uploads\/2025\/01\/Widlaser_German2000_05.jpg\",\"width\":1500,\"height\":1010},{\"@type\":\"BreadcrumbList\",\"@id\":\"https:\/\/widinovations.pt\/es\/equipos\/laser\/widlaser-german-2000\/#breadcrumb\",\"itemListElement\":[{\"@type\":\"ListItem\",\"position\":1,\"name\":\"Home\",\"item\":\"https:\/\/widinovations.pt\/es\/\"},{\"@type\":\"ListItem\",\"position\":2,\"name\":\"Equipos\",\"item\":\"https:\/\/widinovations.pt\/es\/equipos\/\"},{\"@type\":\"ListItem\",\"position\":3,\"name\":\"Laser\",\"item\":\"https:\/\/widinovations.pt\/es\/equipos\/laser\/\"},{\"@type\":\"ListItem\",\"position\":4,\"name\":\"Widlaser German 2000\"}]},{\"@type\":\"WebSite\",\"@id\":\"https:\/\/widinovations.pt\/#website\",\"url\":\"https:\/\/widinovations.pt\/\",\"name\":\"widinovations\",\"description\":\"Equipamentos de Corte\/Grava\u00e7\u00e3o a Laser, Fresadoras e Laminadoras\/Encapsuladoras\",\"publisher\":{\"@id\":\"https:\/\/widinovations.pt\/#organization\"},\"potentialAction\":[{\"@type\":\"SearchAction\",\"target\":{\"@type\":\"EntryPoint\",\"urlTemplate\":\"https:\/\/widinovations.pt\/?s={search_term_string}\"},\"query-input\":{\"@type\":\"PropertyValueSpecification\",\"valueRequired\":true,\"valueName\":\"search_term_string\"}}],\"inLanguage\":\"es\"},{\"@type\":\"Organization\",\"@id\":\"https:\/\/widinovations.pt\/#organization\",\"name\":\"Widinovations\",\"url\":\"https:\/\/widinovations.pt\/\",\"logo\":{\"@type\":\"ImageObject\",\"inLanguage\":\"es\",\"@id\":\"https:\/\/widinovations.pt\/#\/schema\/logo\/image\/\",\"url\":\"https:\/\/widinovations.pt\/wp-content\/uploads\/2016\/10\/wid_logo.svg\",\"contentUrl\":\"https:\/\/widinovations.pt\/wp-content\/uploads\/2016\/10\/wid_logo.svg\",\"width\":1,\"height\":1,\"caption\":\"Widinovations\"},\"image\":{\"@id\":\"https:\/\/widinovations.pt\/#\/schema\/logo\/image\/\"},\"sameAs\":[\"https:\/\/www.facebook.com\/widinovations\",\"https:\/\/www.instagram.com\/widinovations\",\"https:\/\/www.linkedin.com\/company\/widinovations\",\"https:\/\/www.youtube.com\/widinovations\"]}]}<\/script>\n<!-- \/ Yoast SEO plugin. -->","yoast_head_json":{"title":"widinovations -widlaser S1000","robots":{"index":"index","follow":"follow","max-snippet":"max-snippet:-1","max-image-preview":"max-image-preview:large","max-video-preview":"max-video-preview:-1"},"canonical":"https:\/\/widinovations.pt\/es\/equipos\/laser\/widlaser-german-2000\/","og_locale":"es_ES","og_type":"article","og_title":"widinovations -widlaser S1000","og_description":"[vc_row css=&#8221;.vc_custom_1452687555475{margin-bottom: 100px !important;}&#8221;][vc_column offset=&#8221;vc_col-lg-9 vc_col-md-9&#8243;][vc_single_image image=&#8221;13186&#8243; img_size=&#8221;full&#8221;][vc_custom_heading source=&#8221;post_title&#8221; use_theme_fonts=&#8221;yes&#8221; subtitle=&#8221;Corte&#8221;][vc_column_text]La Widlaser German 2000 ha sido dise\u00f1ada para satisfacer las necesidades m\u00e1s exigentes del mercado en corte (principalmente de acr\u00edlicos, pero no exclusivamente) para proyectos con dimensiones de hasta 2\u00d73 metros y espesores de hasta 30 mm. Este equipo combina un alto rendimiento con una","og_url":"https:\/\/widinovations.pt\/es\/equipos\/laser\/widlaser-german-2000\/","og_site_name":"widinovations","article_publisher":"https:\/\/www.facebook.com\/widinovations","og_image":[{"width":1500,"height":1010,"url":"https:\/\/widinovations.pt\/wp-content\/uploads\/2025\/01\/Widlaser_German2000_05.jpg","type":"image\/jpeg"}],"twitter_card":"summary_large_image","twitter_misc":{"Tiempo de lectura":"3 minutos"},"schema":{"@context":"https:\/\/schema.org","@graph":[{"@type":"WebPage","@id":"https:\/\/widinovations.pt\/es\/equipos\/laser\/widlaser-german-2000\/","url":"https:\/\/widinovations.pt\/es\/equipos\/laser\/widlaser-german-2000\/","name":"widinovations -widlaser S1000","isPartOf":{"@id":"https:\/\/widinovations.pt\/#website"},"primaryImageOfPage":{"@id":"https:\/\/widinovations.pt\/es\/equipos\/laser\/widlaser-german-2000\/#primaryimage"},"image":{"@id":"https:\/\/widinovations.pt\/es\/equipos\/laser\/widlaser-german-2000\/#primaryimage"},"thumbnailUrl":"https:\/\/widinovations.pt\/wp-content\/uploads\/2025\/01\/Widlaser_German2000_05.jpg","datePublished":"2025-01-15T15:31:30+00:00","breadcrumb":{"@id":"https:\/\/widinovations.pt\/es\/equipos\/laser\/widlaser-german-2000\/#breadcrumb"},"inLanguage":"es","potentialAction":[{"@type":"ReadAction","target":["https:\/\/widinovations.pt\/es\/equipos\/laser\/widlaser-german-2000\/"]}]},{"@type":"ImageObject","inLanguage":"es","@id":"https:\/\/widinovations.pt\/es\/equipos\/laser\/widlaser-german-2000\/#primaryimage","url":"https:\/\/widinovations.pt\/wp-content\/uploads\/2025\/01\/Widlaser_German2000_05.jpg","contentUrl":"https:\/\/widinovations.pt\/wp-content\/uploads\/2025\/01\/Widlaser_German2000_05.jpg","width":1500,"height":1010},{"@type":"BreadcrumbList","@id":"https:\/\/widinovations.pt\/es\/equipos\/laser\/widlaser-german-2000\/#breadcrumb","itemListElement":[{"@type":"ListItem","position":1,"name":"Home","item":"https:\/\/widinovations.pt\/es\/"},{"@type":"ListItem","position":2,"name":"Equipos","item":"https:\/\/widinovations.pt\/es\/equipos\/"},{"@type":"ListItem","position":3,"name":"Laser","item":"https:\/\/widinovations.pt\/es\/equipos\/laser\/"},{"@type":"ListItem","position":4,"name":"Widlaser German 2000"}]},{"@type":"WebSite","@id":"https:\/\/widinovations.pt\/#website","url":"https:\/\/widinovations.pt\/","name":"widinovations","description":"Equipamentos de Corte\/Grava\u00e7\u00e3o a Laser, Fresadoras e Laminadoras\/Encapsuladoras","publisher":{"@id":"https:\/\/widinovations.pt\/#organization"},"potentialAction":[{"@type":"SearchAction","target":{"@type":"EntryPoint","urlTemplate":"https:\/\/widinovations.pt\/?s={search_term_string}"},"query-input":{"@type":"PropertyValueSpecification","valueRequired":true,"valueName":"search_term_string"}}],"inLanguage":"es"},{"@type":"Organization","@id":"https:\/\/widinovations.pt\/#organization","name":"Widinovations","url":"https:\/\/widinovations.pt\/","logo":{"@type":"ImageObject","inLanguage":"es","@id":"https:\/\/widinovations.pt\/#\/schema\/logo\/image\/","url":"https:\/\/widinovations.pt\/wp-content\/uploads\/2016\/10\/wid_logo.svg","contentUrl":"https:\/\/widinovations.pt\/wp-content\/uploads\/2016\/10\/wid_logo.svg","width":1,"height":1,"caption":"Widinovations"},"image":{"@id":"https:\/\/widinovations.pt\/#\/schema\/logo\/image\/"},"sameAs":["https:\/\/www.facebook.com\/widinovations","https:\/\/www.instagram.com\/widinovations","https:\/\/www.linkedin.com\/company\/widinovations","https:\/\/www.youtube.com\/widinovations"]}]}},"_links":{"self":[{"href":"https:\/\/widinovations.pt\/es\/wp-json\/wp\/v2\/pages\/13180","targetHints":{"allow":["GET"]}}],"collection":[{"href":"https:\/\/widinovations.pt\/es\/wp-json\/wp\/v2\/pages"}],"about":[{"href":"https:\/\/widinovations.pt\/es\/wp-json\/wp\/v2\/types\/page"}],"author":[{"embeddable":true,"href":"https:\/\/widinovations.pt\/es\/wp-json\/wp\/v2\/users\/1"}],"replies":[{"embeddable":true,"href":"https:\/\/widinovations.pt\/es\/wp-json\/wp\/v2\/comments?post=13180"}],"version-history":[{"count":2,"href":"https:\/\/widinovations.pt\/es\/wp-json\/wp\/v2\/pages\/13180\/revisions"}],"predecessor-version":[{"id":13212,"href":"https:\/\/widinovations.pt\/es\/wp-json\/wp\/v2\/pages\/13180\/revisions\/13212"}],"up":[{"embeddable":true,"href":"https:\/\/widinovations.pt\/es\/wp-json\/wp\/v2\/pages\/1911"}],"wp:featuredmedia":[{"embeddable":true,"href":"https:\/\/widinovations.pt\/es\/wp-json\/wp\/v2\/media\/13186"}],"wp:attachment":[{"href":"https:\/\/widinovations.pt\/es\/wp-json\/wp\/v2\/media?parent=13180"}],"wp:term":[{"taxonomy":"category","embeddable":true,"href":"https:\/\/widinovations.pt\/es\/wp-json\/wp\/v2\/categories?post=13180"},{"taxonomy":"post_tag","embeddable":true,"href":"https:\/\/widinovations.pt\/es\/wp-json\/wp\/v2\/tags?post=13180"}],"curies":[{"name":"wp","href":"https:\/\/api.w.org\/{rel}","templated":true}]}}