{"id":10696,"date":"2023-03-22T12:43:32","date_gmt":"2023-03-22T12:43:32","guid":{"rendered":"https:\/\/widinovations.pt\/?page_id=10696"},"modified":"2025-12-04T11:46:48","modified_gmt":"2025-12-04T11:46:48","slug":"widlaser-t1500","status":"publish","type":"page","link":"https:\/\/widinovations.pt\/es\/equipos\/laser\/widlaser-t1500\/","title":{"rendered":"Widlaser T1500"},"content":{"rendered":"<div class=\"wpb-content-wrapper\"><p>[vc_row css=&#8221;.vc_custom_1452687555475{margin-bottom: 100px !important;}&#8221;][vc_column offset=&#8221;vc_col-lg-9 vc_col-md-9&#8243;][vc_single_image image=&#8221;12144&#8243; img_size=&#8221;full&#8221;][vc_custom_heading source=&#8221;post_title&#8221; use_theme_fonts=&#8221;yes&#8221; subtitle=&#8221;Corte por l\u00e1ser para textiles&#8221;][vc_column_text]F\u00edsicamente compacta y robusta, la <strong>Widlaser T1500<\/strong> est\u00e1 equipada con la \u00faltima tecnolog\u00eda de <strong>corte l\u00e1ser textil<\/strong>. Con una capacidad de trabajo superior, asegura una<strong> velocidad de corte de hasta 500mm\/s<\/strong>, teniendo adem\u00e1s un excelente desempe\u00f1o en cuanto a acabados y detalles.<\/p>\n<p>El <strong>Widlaser T1500<\/strong> es por tanto una soluci\u00f3n industrial vers\u00e1til y asequible que garantiza filos de corte exactos, un corte sin contacto (y por tanto m\u00e1s limpio) y cualquier tipo de textil (lino, algod\u00f3n, seda, poli\u00e9ster, etc.).<\/p>\n<p><strong>Ahorros<\/strong><br \/>\nEsta tecnolog\u00eda permite la optimizaci\u00f3n del uso de materias primas, permitiendo una importante reducci\u00f3n de residuos.<\/p>\n<p><strong>Visi\u00f3n inteligente<\/strong><br \/>\nLa c\u00e1mara incorporada, Smart Vision, permite la ejecuci\u00f3n de trabajos de corte sin un archivo indexado. A trav\u00e9s de la lectura precisa del material dispuesto en la banda, el sistema env\u00eda informaci\u00f3n al operador que le permite dar instrucciones de corte autom\u00e1ticamente sin depender de un archivo de corte previamente preparado. Cabe destacar que todos los equipos con Smart Vision tambi\u00e9n funcionan en el registro que incluye el uso tradicional de limas de corte.[\/vc_column_text][vc_column_text]<\/p>\n<blockquote><p><strong>Dimensiones (L x A x A)<\/strong>: 2430 x 2100 x 2300 mm | Desenrollador: 2140 x 550 x 600 mm<br \/>\n<strong>Peso<\/strong>: Aprox. 1200 kg | Desenrollador: 250Kg<br \/>\n<strong>Potencia:<\/strong> 240VAC 50\/60Hz<br \/>\n<strong>Tipo de l\u00e1ser:<\/strong> Laser CO2<\/p><\/blockquote>\n<p>[\/vc_column_text][vc_row_inner css=&#8221;.vc_custom_1455886085190{margin-bottom: 10px !important;}&#8221;][vc_column_inner width=&#8221;1\/2&#8243;][stm_icon_box hide_title_line=&#8221;hide_title_line&#8221; enable_hexagon=&#8221;enable&#8221; icon=&#8221;fas fa-magic&#8221; style=&#8221;icon_left&#8221; icon_size=&#8221;18&#8243; icon_width=&#8221;82&#8243; title=&#8221;Los l\u00e1seres con mejor reputaci\u00f3n del mercado&#8221;]Disponemos de una gama completa de l\u00e1seres con acuerdos con las mejores marcas del mercado.[\/stm_icon_box][\/vc_column_inner][vc_column_inner width=&#8221;1\/2&#8243;][stm_icon_box hide_title_line=&#8221;hide_title_line&#8221; enable_hexagon=&#8221;enable&#8221; icon=&#8221;fas fa-laptop&#8221; style=&#8221;icon_left&#8221; icon_size=&#8221;18&#8243; icon_width=&#8221;82&#8243; title=&#8221;Software de f\u00e1cil utilizaci\u00f3n&#8221;]Software muy intuitivo con potentes herramientas, adecuado para principiantes y profesionales.[\/stm_icon_box][\/vc_column_inner][\/vc_row_inner][vc_row_inner css=&#8221;.vc_custom_1455886051719{margin-bottom: 10px !important;}&#8221;][vc_column_inner width=&#8221;1\/2&#8243;][stm_icon_box hide_title_line=&#8221;hide_title_line&#8221; enable_hexagon=&#8221;enable&#8221; icon=&#8221;fas fa-cogs&#8221; style=&#8221;icon_left&#8221; icon_size=&#8221;18&#8243; icon_width=&#8221;82&#8243; title=&#8221;Infinitas Aplicaciones&#8221;]\u00a1El limite sera siempre tu imaginacion!<\/p>\n<p>Corte y grabado de distintos materiales atraves de un solo proceso. Enfoque automatico para optimizar la utilizacion del equipo.[\/stm_icon_box][\/vc_column_inner][vc_column_inner width=&#8221;1\/2&#8243;][stm_icon_box hide_title_line=&#8221;hide_title_line&#8221; enable_hexagon=&#8221;enable&#8221; icon=&#8221;far fa-gem&#8221; style=&#8221;icon_left&#8221; icon_size=&#8221;18&#8243; icon_width=&#8221;82&#8243; title=&#8221;Materiales de calidad comprobada&#8221;]Nuestros equipos estan construidos con materiales certificados y son reconicidos por su robustez, fiabilidad, design y precisi\u00f3n.[\/stm_icon_box][\/vc_column_inner][\/vc_row_inner][vc_separator color=&#8221;custom&#8221; accent_color=&#8221;#dddddd&#8221; css=&#8221;.vc_custom_1453271595991{margin-bottom: 21px !important;}&#8221;][vc_row_inner css=&#8221;.vc_custom_1453271763899{margin-bottom: 33px !important;}&#8221;][vc_column_inner width=&#8221;1\/4&#8243; css=&#8221;.vc_custom_1453272656287{padding-right: 45px !important;}&#8221;][vc_custom_heading text=&#8221;Galeria de fotos&#8221; font_container=&#8221;tag:h3|font_size:24px|text_align:right|color:%23222222|line_height:30px&#8221; use_theme_fonts=&#8221;yes&#8221;][\/vc_column_inner][vc_column_inner width=&#8221;3\/4&#8243; css=&#8221;.vc_custom_1453271259318{padding-top: 18px !important;}&#8221;][vc_images_carousel images=&#8221;12138,12141,12144,12147,12150,12153,12156,12159,12162&#8243; img_size=&#8221;full&#8221;][\/vc_column_inner][\/vc_row_inner][vc_separator color=&#8221;custom&#8221; accent_color=&#8221;#dddddd&#8221; css=&#8221;.vc_custom_1453271595991{margin-bottom: 21px !important;}&#8221;][vc_btn title=&#8221;Descarga del Folleto T1500&#8243; style=&#8221;custom&#8221; custom_background=&#8221;#002e6d&#8221; custom_text=&#8221;#ffffff&#8221; align=&#8221;center&#8221; button_block=&#8221;true&#8221; link=&#8221;url:https%3A%2F%2Fwidinovations.pt%2Fwp-content%2Fuploads%2F2025%2F12%2FWidlaser_catalogue_A4_T1500_V6.1_ES-compressed.pdf|title:Descarga%20del%20Folleto%20T1500|target:_blank&#8221;][vc_separator color=&#8221;custom&#8221; accent_color=&#8221;#dddddd&#8221; css=&#8221;.vc_custom_1453271595991{margin-bottom: 21px !important;}&#8221;][vc_row_inner css=&#8221;.vc_custom_1453271763899{margin-bottom: 33px !important;}&#8221;][vc_column_inner width=&#8221;1\/4&#8243; css=&#8221;.vc_custom_1453272656287{padding-right: 45px !important;}&#8221;][vc_custom_heading text=&#8221;Principales caracter\u00edsticas&#8221; font_container=&#8221;tag:h3|font_size:24px|text_align:right|color:%23222222|line_height:30px&#8221; use_theme_fonts=&#8221;yes&#8221;][\/vc_column_inner][vc_column_inner width=&#8221;3\/4&#8243; css=&#8221;.vc_custom_1453271259318{padding-top: 18px !important;}&#8221;][vc_column_text]<\/p>\n<ul>\n<li>\u00c1rea de trabajo total: hasta 1800 x 1350 mm<\/li>\n<li>Escritorio con adquisici\u00f3n de im\u00e1genes DSLR: hasta 1800 x 1350 mm<\/li>\n<li>\u00c1rea de trabajo con correa y malla met\u00e1lica<\/li>\n<li>Dos ejes X y dos cabezales l\u00e1ser<\/li>\n<li>Dos tubos l\u00e1ser de CO2 de 130W a 150W<\/li>\n<li>Refrigeraci\u00f3n doble con enfriador industrial<\/li>\n<li>Velocidad de corte: 500 mm\/s<\/li>\n<li>Doble sistema de extracci\u00f3n incorporado<\/li>\n<li>Formato de archivo: Ai, Bmp, Plt, Dxf, Dst<\/li>\n<li>Potencia: &lt;3200W<\/li>\n<li>Sistema de transporte con alimentaci\u00f3n autom\u00e1tica<\/li>\n<li>Desenrollador autom\u00e1tico<\/li>\n<\/ul>\n<p>[\/vc_column_text][\/vc_column_inner][\/vc_row_inner][vc_separator color=&#8221;custom&#8221; accent_color=&#8221;#dddddd&#8221; css=&#8221;.vc_custom_1453271595991{margin-bottom: 21px !important;}&#8221;][vc_row_inner css=&#8221;.vc_custom_1453271763899{margin-bottom: 33px !important;}&#8221;][vc_column_inner width=&#8221;1\/4&#8243; css=&#8221;.vc_custom_1453272656287{padding-right: 45px !important;}&#8221;][vc_custom_heading text=&#8221;Opcionales&#8221; font_container=&#8221;tag:h3|font_size:24px|text_align:right|color:%23222222|line_height:30px&#8221; use_theme_fonts=&#8221;yes&#8221;][\/vc_column_inner][vc_column_inner width=&#8221;3\/4&#8243; css=&#8221;.vc_custom_1453271259318{padding-top: 18px !important;}&#8221;][vc_column_text]<\/p>\n<ul>\n<li>L\u00e1ser CO2 de 90W a 100W<\/li>\n<li>Armario de ordenador<\/li>\n<li>Ordenador<\/li>\n<li>Extensi\u00f3n de mesa para recogida frontal incorporada en el sistema transportador de alimentaci\u00f3n autom\u00e1tica con malla met\u00e1lica<\/li>\n<\/ul>\n<p>[\/vc_column_text][\/vc_column_inner][\/vc_row_inner][\/vc_column][vc_column width=&#8221;1\/4&#8243;][vc_tta_accordion shape=&#8221;square&#8221; active_section=&#8221;1&#8243; collapsible_all=&#8221;true&#8221;][vc_tta_section title=&#8221;Widlaser&#8221; tab_id=&#8221;1471959714325-c0f30685-b013&#8243;][vc_wp_custommenu nav_menu=&#8221;126&#8243;][\/vc_tta_section][vc_tta_section title=&#8221;Widlaminator&#8221; tab_id=&#8221;1471959714465-24731e69-4285&#8243;][vc_wp_custommenu nav_menu=&#8221;127&#8243;][\/vc_tta_section][vc_tta_section title=&#8221;Widcnc&#8221; tab_id=&#8221;1471959714544-25b421eb-a88b&#8221;][vc_wp_custommenu nav_menu=&#8221;128&#8243;][\/vc_tta_section][\/vc_tta_accordion][stm_sidebar sidebar=&#8221;1908&#8243;][\/vc_column][\/vc_row]<\/p>\n<\/div>","protected":false},"excerpt":{"rendered":"<p>[vc_row css=&#8221;.vc_custom_1452687555475{margin-bottom: 100px !important;}&#8221;][vc_column offset=&#8221;vc_col-lg-9 vc_col-md-9&#8243;][vc_single_image image=&#8221;12144&#8243; img_size=&#8221;full&#8221;][vc_custom_heading source=&#8221;post_title&#8221; use_theme_fonts=&#8221;yes&#8221; subtitle=&#8221;Corte por l\u00e1ser para textiles&#8221;][vc_column_text]F\u00edsicamente compacta y robusta, la Widlaser T1500 est\u00e1 equipada con la \u00faltima tecnolog\u00eda de corte l\u00e1ser textil. Con una capacidad de trabajo superior, asegura una velocidad de corte de hasta 500mm\/s, teniendo adem\u00e1s un excelente desempe\u00f1o en cuanto a acabados y<\/p>\n","protected":false},"author":1,"featured_media":12144,"parent":1911,"menu_order":0,"comment_status":"closed","ping_status":"closed","template":"","meta":{"inline_featured_image":false,"cybocfi_hide_featured_image":"","footnotes":""},"categories":[138],"tags":[],"class_list":["post-10696","page","type-page","status-publish","has-post-thumbnail","hentry","category-widlaser-es"],"yoast_head":"<!-- This site is optimized with the Yoast SEO plugin v26.5 - https:\/\/yoast.com\/wordpress\/plugins\/seo\/ -->\n<title>widinovations - widlaser C1000<\/title>\n<meta name=\"robots\" content=\"index, follow, max-snippet:-1, max-image-preview:large, max-video-preview:-1\" \/>\n<link rel=\"canonical\" href=\"https:\/\/widinovations.pt\/es\/equipos\/laser\/widlaser-t1500\/\" \/>\n<meta property=\"og:locale\" content=\"es_ES\" \/>\n<meta property=\"og:type\" content=\"article\" \/>\n<meta property=\"og:title\" content=\"widinovations - widlaser C1000\" \/>\n<meta property=\"og:description\" content=\"[vc_row css=&#8221;.vc_custom_1452687555475{margin-bottom: 100px !important;}&#8221;][vc_column offset=&#8221;vc_col-lg-9 vc_col-md-9&#8243;][vc_single_image image=&#8221;12144&#8243; img_size=&#8221;full&#8221;][vc_custom_heading source=&#8221;post_title&#8221; use_theme_fonts=&#8221;yes&#8221; subtitle=&#8221;Corte por l\u00e1ser para textiles&#8221;][vc_column_text]F\u00edsicamente compacta y robusta, la Widlaser T1500 est\u00e1 equipada con la \u00faltima tecnolog\u00eda de corte l\u00e1ser textil. Con una capacidad de trabajo superior, asegura una velocidad de corte de hasta 500mm\/s, teniendo adem\u00e1s un excelente desempe\u00f1o en cuanto a acabados y\" \/>\n<meta property=\"og:url\" content=\"https:\/\/widinovations.pt\/es\/equipos\/laser\/widlaser-t1500\/\" \/>\n<meta property=\"og:site_name\" content=\"widinovations\" \/>\n<meta property=\"article:publisher\" content=\"https:\/\/www.facebook.com\/widinovations\" \/>\n<meta property=\"article:modified_time\" content=\"2025-12-04T11:46:48+00:00\" \/>\n<meta property=\"og:image\" content=\"https:\/\/widinovations.pt\/wp-content\/uploads\/2023\/08\/IMG_2292-copiar-2.png\" \/>\n\t<meta property=\"og:image:width\" content=\"1000\" \/>\n\t<meta property=\"og:image:height\" content=\"774\" \/>\n\t<meta property=\"og:image:type\" content=\"image\/png\" \/>\n<meta name=\"twitter:card\" content=\"summary_large_image\" \/>\n<meta name=\"twitter:label1\" content=\"Tiempo de lectura\" \/>\n\t<meta name=\"twitter:data1\" content=\"3 minutos\" \/>\n<script type=\"application\/ld+json\" class=\"yoast-schema-graph\">{\"@context\":\"https:\/\/schema.org\",\"@graph\":[{\"@type\":\"WebPage\",\"@id\":\"https:\/\/widinovations.pt\/es\/equipos\/laser\/widlaser-t1500\/\",\"url\":\"https:\/\/widinovations.pt\/es\/equipos\/laser\/widlaser-t1500\/\",\"name\":\"widinovations - widlaser C1000\",\"isPartOf\":{\"@id\":\"https:\/\/widinovations.pt\/#website\"},\"primaryImageOfPage\":{\"@id\":\"https:\/\/widinovations.pt\/es\/equipos\/laser\/widlaser-t1500\/#primaryimage\"},\"image\":{\"@id\":\"https:\/\/widinovations.pt\/es\/equipos\/laser\/widlaser-t1500\/#primaryimage\"},\"thumbnailUrl\":\"https:\/\/widinovations.pt\/wp-content\/uploads\/2023\/08\/IMG_2292-copiar-2.png\",\"datePublished\":\"2023-03-22T12:43:32+00:00\",\"dateModified\":\"2025-12-04T11:46:48+00:00\",\"breadcrumb\":{\"@id\":\"https:\/\/widinovations.pt\/es\/equipos\/laser\/widlaser-t1500\/#breadcrumb\"},\"inLanguage\":\"es\",\"potentialAction\":[{\"@type\":\"ReadAction\",\"target\":[\"https:\/\/widinovations.pt\/es\/equipos\/laser\/widlaser-t1500\/\"]}]},{\"@type\":\"ImageObject\",\"inLanguage\":\"es\",\"@id\":\"https:\/\/widinovations.pt\/es\/equipos\/laser\/widlaser-t1500\/#primaryimage\",\"url\":\"https:\/\/widinovations.pt\/wp-content\/uploads\/2023\/08\/IMG_2292-copiar-2.png\",\"contentUrl\":\"https:\/\/widinovations.pt\/wp-content\/uploads\/2023\/08\/IMG_2292-copiar-2.png\",\"width\":1000,\"height\":774,\"caption\":\"Widlaser T1500\"},{\"@type\":\"BreadcrumbList\",\"@id\":\"https:\/\/widinovations.pt\/es\/equipos\/laser\/widlaser-t1500\/#breadcrumb\",\"itemListElement\":[{\"@type\":\"ListItem\",\"position\":1,\"name\":\"Home\",\"item\":\"https:\/\/widinovations.pt\/es\/\"},{\"@type\":\"ListItem\",\"position\":2,\"name\":\"Equipos\",\"item\":\"https:\/\/widinovations.pt\/es\/equipos\/\"},{\"@type\":\"ListItem\",\"position\":3,\"name\":\"Laser\",\"item\":\"https:\/\/widinovations.pt\/es\/equipos\/laser\/\"},{\"@type\":\"ListItem\",\"position\":4,\"name\":\"Widlaser T1500\"}]},{\"@type\":\"WebSite\",\"@id\":\"https:\/\/widinovations.pt\/#website\",\"url\":\"https:\/\/widinovations.pt\/\",\"name\":\"widinovations\",\"description\":\"Equipamentos de Corte\/Grava\u00e7\u00e3o a Laser, Fresadoras e Laminadoras\/Encapsuladoras\",\"publisher\":{\"@id\":\"https:\/\/widinovations.pt\/#organization\"},\"potentialAction\":[{\"@type\":\"SearchAction\",\"target\":{\"@type\":\"EntryPoint\",\"urlTemplate\":\"https:\/\/widinovations.pt\/?s={search_term_string}\"},\"query-input\":{\"@type\":\"PropertyValueSpecification\",\"valueRequired\":true,\"valueName\":\"search_term_string\"}}],\"inLanguage\":\"es\"},{\"@type\":\"Organization\",\"@id\":\"https:\/\/widinovations.pt\/#organization\",\"name\":\"Widinovations\",\"url\":\"https:\/\/widinovations.pt\/\",\"logo\":{\"@type\":\"ImageObject\",\"inLanguage\":\"es\",\"@id\":\"https:\/\/widinovations.pt\/#\/schema\/logo\/image\/\",\"url\":\"https:\/\/widinovations.pt\/wp-content\/uploads\/2016\/10\/wid_logo.svg\",\"contentUrl\":\"https:\/\/widinovations.pt\/wp-content\/uploads\/2016\/10\/wid_logo.svg\",\"width\":1,\"height\":1,\"caption\":\"Widinovations\"},\"image\":{\"@id\":\"https:\/\/widinovations.pt\/#\/schema\/logo\/image\/\"},\"sameAs\":[\"https:\/\/www.facebook.com\/widinovations\",\"https:\/\/www.instagram.com\/widinovations\",\"https:\/\/www.linkedin.com\/company\/widinovations\",\"https:\/\/www.youtube.com\/widinovations\"]}]}<\/script>\n<!-- \/ Yoast SEO plugin. -->","yoast_head_json":{"title":"widinovations - widlaser C1000","robots":{"index":"index","follow":"follow","max-snippet":"max-snippet:-1","max-image-preview":"max-image-preview:large","max-video-preview":"max-video-preview:-1"},"canonical":"https:\/\/widinovations.pt\/es\/equipos\/laser\/widlaser-t1500\/","og_locale":"es_ES","og_type":"article","og_title":"widinovations - widlaser C1000","og_description":"[vc_row css=&#8221;.vc_custom_1452687555475{margin-bottom: 100px !important;}&#8221;][vc_column offset=&#8221;vc_col-lg-9 vc_col-md-9&#8243;][vc_single_image image=&#8221;12144&#8243; img_size=&#8221;full&#8221;][vc_custom_heading source=&#8221;post_title&#8221; use_theme_fonts=&#8221;yes&#8221; subtitle=&#8221;Corte por l\u00e1ser para textiles&#8221;][vc_column_text]F\u00edsicamente compacta y robusta, la Widlaser T1500 est\u00e1 equipada con la \u00faltima tecnolog\u00eda de corte l\u00e1ser textil. Con una capacidad de trabajo superior, asegura una velocidad de corte de hasta 500mm\/s, teniendo adem\u00e1s un excelente desempe\u00f1o en cuanto a acabados y","og_url":"https:\/\/widinovations.pt\/es\/equipos\/laser\/widlaser-t1500\/","og_site_name":"widinovations","article_publisher":"https:\/\/www.facebook.com\/widinovations","article_modified_time":"2025-12-04T11:46:48+00:00","og_image":[{"width":1000,"height":774,"url":"https:\/\/widinovations.pt\/wp-content\/uploads\/2023\/08\/IMG_2292-copiar-2.png","type":"image\/png"}],"twitter_card":"summary_large_image","twitter_misc":{"Tiempo de lectura":"3 minutos"},"schema":{"@context":"https:\/\/schema.org","@graph":[{"@type":"WebPage","@id":"https:\/\/widinovations.pt\/es\/equipos\/laser\/widlaser-t1500\/","url":"https:\/\/widinovations.pt\/es\/equipos\/laser\/widlaser-t1500\/","name":"widinovations - widlaser C1000","isPartOf":{"@id":"https:\/\/widinovations.pt\/#website"},"primaryImageOfPage":{"@id":"https:\/\/widinovations.pt\/es\/equipos\/laser\/widlaser-t1500\/#primaryimage"},"image":{"@id":"https:\/\/widinovations.pt\/es\/equipos\/laser\/widlaser-t1500\/#primaryimage"},"thumbnailUrl":"https:\/\/widinovations.pt\/wp-content\/uploads\/2023\/08\/IMG_2292-copiar-2.png","datePublished":"2023-03-22T12:43:32+00:00","dateModified":"2025-12-04T11:46:48+00:00","breadcrumb":{"@id":"https:\/\/widinovations.pt\/es\/equipos\/laser\/widlaser-t1500\/#breadcrumb"},"inLanguage":"es","potentialAction":[{"@type":"ReadAction","target":["https:\/\/widinovations.pt\/es\/equipos\/laser\/widlaser-t1500\/"]}]},{"@type":"ImageObject","inLanguage":"es","@id":"https:\/\/widinovations.pt\/es\/equipos\/laser\/widlaser-t1500\/#primaryimage","url":"https:\/\/widinovations.pt\/wp-content\/uploads\/2023\/08\/IMG_2292-copiar-2.png","contentUrl":"https:\/\/widinovations.pt\/wp-content\/uploads\/2023\/08\/IMG_2292-copiar-2.png","width":1000,"height":774,"caption":"Widlaser T1500"},{"@type":"BreadcrumbList","@id":"https:\/\/widinovations.pt\/es\/equipos\/laser\/widlaser-t1500\/#breadcrumb","itemListElement":[{"@type":"ListItem","position":1,"name":"Home","item":"https:\/\/widinovations.pt\/es\/"},{"@type":"ListItem","position":2,"name":"Equipos","item":"https:\/\/widinovations.pt\/es\/equipos\/"},{"@type":"ListItem","position":3,"name":"Laser","item":"https:\/\/widinovations.pt\/es\/equipos\/laser\/"},{"@type":"ListItem","position":4,"name":"Widlaser T1500"}]},{"@type":"WebSite","@id":"https:\/\/widinovations.pt\/#website","url":"https:\/\/widinovations.pt\/","name":"widinovations","description":"Equipamentos de Corte\/Grava\u00e7\u00e3o a Laser, Fresadoras e Laminadoras\/Encapsuladoras","publisher":{"@id":"https:\/\/widinovations.pt\/#organization"},"potentialAction":[{"@type":"SearchAction","target":{"@type":"EntryPoint","urlTemplate":"https:\/\/widinovations.pt\/?s={search_term_string}"},"query-input":{"@type":"PropertyValueSpecification","valueRequired":true,"valueName":"search_term_string"}}],"inLanguage":"es"},{"@type":"Organization","@id":"https:\/\/widinovations.pt\/#organization","name":"Widinovations","url":"https:\/\/widinovations.pt\/","logo":{"@type":"ImageObject","inLanguage":"es","@id":"https:\/\/widinovations.pt\/#\/schema\/logo\/image\/","url":"https:\/\/widinovations.pt\/wp-content\/uploads\/2016\/10\/wid_logo.svg","contentUrl":"https:\/\/widinovations.pt\/wp-content\/uploads\/2016\/10\/wid_logo.svg","width":1,"height":1,"caption":"Widinovations"},"image":{"@id":"https:\/\/widinovations.pt\/#\/schema\/logo\/image\/"},"sameAs":["https:\/\/www.facebook.com\/widinovations","https:\/\/www.instagram.com\/widinovations","https:\/\/www.linkedin.com\/company\/widinovations","https:\/\/www.youtube.com\/widinovations"]}]}},"_links":{"self":[{"href":"https:\/\/widinovations.pt\/es\/wp-json\/wp\/v2\/pages\/10696","targetHints":{"allow":["GET"]}}],"collection":[{"href":"https:\/\/widinovations.pt\/es\/wp-json\/wp\/v2\/pages"}],"about":[{"href":"https:\/\/widinovations.pt\/es\/wp-json\/wp\/v2\/types\/page"}],"author":[{"embeddable":true,"href":"https:\/\/widinovations.pt\/es\/wp-json\/wp\/v2\/users\/1"}],"replies":[{"embeddable":true,"href":"https:\/\/widinovations.pt\/es\/wp-json\/wp\/v2\/comments?post=10696"}],"version-history":[{"count":13,"href":"https:\/\/widinovations.pt\/es\/wp-json\/wp\/v2\/pages\/10696\/revisions"}],"predecessor-version":[{"id":15096,"href":"https:\/\/widinovations.pt\/es\/wp-json\/wp\/v2\/pages\/10696\/revisions\/15096"}],"up":[{"embeddable":true,"href":"https:\/\/widinovations.pt\/es\/wp-json\/wp\/v2\/pages\/1911"}],"wp:featuredmedia":[{"embeddable":true,"href":"https:\/\/widinovations.pt\/es\/wp-json\/wp\/v2\/media\/12144"}],"wp:attachment":[{"href":"https:\/\/widinovations.pt\/es\/wp-json\/wp\/v2\/media?parent=10696"}],"wp:term":[{"taxonomy":"category","embeddable":true,"href":"https:\/\/widinovations.pt\/es\/wp-json\/wp\/v2\/categories?post=10696"},{"taxonomy":"post_tag","embeddable":true,"href":"https:\/\/widinovations.pt\/es\/wp-json\/wp\/v2\/tags?post=10696"}],"curies":[{"name":"wp","href":"https:\/\/api.w.org\/{rel}","templated":true}]}}